{"id":2473,"date":"2025-08-21T15:33:45","date_gmt":"2025-08-21T07:33:45","guid":{"rendered":"https:\/\/www.hongyitube.com\/?post_type=product&#038;p=2473"},"modified":"2025-09-17T10:42:15","modified_gmt":"2025-09-17T02:42:15","slug":"19mm-pe-pointed-small-mouth-tube-2-hongyi-plastic","status":"publish","type":"product","link":"https:\/\/www.hongyitube.com\/es\/product\/19mm-pe-pointed-small-mouth-tube-2-hongyi-plastic\/","title":{"rendered":"19mm PE punteado boca peque\u00f1a tubo-2 &#8211; pl\u00e1stico Hongyi"},"content":{"rendered":"<h2><strong>Caracter\u00edsticas<\/strong><\/h2>\n<ul>\n<li><b><\/b><strong><b>Dise\u00f1o del cuerpo del tubo<\/b><\/strong>.<\/li>\n<\/ul>\n<p>Para esta serie de tubos, optamos por un tubo transparente que ha sido recubierto con una capa de barniz brillante. Inicialmente, se us\u00f3 un proceso de estampado en caliente para transferir una l\u00e1mina met\u00e1lica de diferentes colores sobre la superficie del tubo.Despu\u00e9s de completarse el estampado en caliente, se aplic\u00f3 serigraf\u00eda para cubrir otros colores de tinta (texto y patrones). La tinta serigraf\u00eda puede cubrir con precisi\u00f3n \u00e1reas fuera de la capa de estampado en caliente o cubrir parcialmente la capa de estampado en caliente, permitiendo as\u00ed combinaciones de colores complejas. Despu\u00e9s de completarse la serigraf\u00eda, la tinta se sec\u00f3 a fondo y se endureci\u00f3 usando UV (para tinta UV) o calor (para tinta a base de disolvente).<\/p>\n<p><strong><b>\u00bfPor qu\u00e9 &#8220; estampado en caliente seguido de serigraf\u00eda&#8221;  \u00bfElegido? <\/b><\/strong><\/p>\n<p>Las ventajas principales de esta secuencia de proceso radican en su apariencia en capas, calidad t\u00e1ctil y fiabilidad.<\/p>\n<ul>\n<li><strong><b> Destacando la sensaci\u00f3n met\u00e1lica:<\/b><\/strong>La hoja de oro aplicada primero tiene un fuerte brillo met\u00e1lico y un efecto tridimensional que no tiene igual para cualquier tinta de color met\u00e1lico.<\/li>\n<li><strong><b>Fuerte cobertura:<\/b><\/strong>La serigraf\u00eda posterior puede utilizar tintas de color oscuro con alta opacidad (como negro o azul profundo) para cubrir la capa de hoja de oro, definiendo as\u00ed bordes claros del dise\u00f1o y el texto sin comprometer el efecto de hoja de oro.<\/li>\n<li><strong><b>Mayor durabilidad: <\/b><\/strong>Cuando la serigraf\u00eda es seguida por el laminado de oro, la alta temperatura (t\u00edpicamente por encima de 100 \u00b0C) y la alta presi\u00f3n durante el proceso de laminado de oro pueden hacer que la tinta ya impresa cambie de color, forme burbujas o se despeje.<\/li>\n<li><strong><b> Efecto visual de gama alta:<\/b><\/strong>Combina un brillo met\u00e1lico brillante con tintas de colores mate o brillante, creando un contraste sorprendente y una sensaci\u00f3n de calidad superior.<\/li>\n<\/ul>\n<p>&nbsp;<\/p>\n<h2><strong>Ventajas del producto<\/strong><\/h2>\n<p><strong><b>Sellado extremo:<\/b><\/strong><\/p>\n<p>El mecanismo de doble sellado proporciona el m\u00e1s alto nivel de protecci\u00f3n entre todas las opciones de envasado de tubos blandos, lo que lo hace ideal para proteger ingredientes altamente activos que son sensibles al aire y la humedad, como la vitamina C, el retinol y los p\u00e9ptidos.<\/p>\n<p><strong><b>Conservaci\u00f3n de los contenidos: <\/b><\/strong><\/p>\n<p>Efectivo para prevenir la oxidaci\u00f3n, el deterioro y el secado del producto, asegurando que la eficacia permanezca fresca desde la primera aplicaci\u00f3n hasta la \u00faltima.<\/p>\n<p><strong><b>Control preciso del uso:<\/b><\/strong><\/p>\n<p>La boquilla fina es ideal para controlar con precisi\u00f3n la salida de productos de alta concentraci\u00f3n y alto valor, evitando as\u00ed los residuos.<\/p>\n<p><strong><b>\u00a0Sentir la calidad de alta gama: <\/b><\/strong><\/p>\n<p>El meticuloso proceso de roscado de &#8220; Peque\u00f1o diente&#8221; es un testimonio de la artesan\u00eda involucrada en su creaci\u00f3n.<\/p>\n<p>El uso del sello interno da a los usuarios una sensaci\u00f3n de &#8220; nuevo, nunca abierto&#8221; tranquilidad y experiencia ritual, que es una pr\u00e1ctica com\u00fan entre las marcas de gama alta.<\/p>\n<p><strong><b>A prueba de fugas y resistente a golpes: \u00a0<\/b><\/strong><\/p>\n<p>Perfecto para viajar, reduciendo significativamente el riesgo de fugas debido a la compresi\u00f3n dentro de la bolsa.<\/p>\n<p>&nbsp;<\/p>\n<h2><strong>Escenarios de aplicaci\u00f3n del producto<\/strong><\/h2>\n<p>Utilizamos estampado de hoja de oro de diferentes colores en esta serie de tubos, que pueden dar forma a diferentes im\u00e1genes de marca y transmitir diferentes esencias del producto. Cada color dar\u00e1 a los usuarios una experiencia visual y psicol\u00f3gica completamente distinta!<\/p>\n<p>Por ejemplo, nuestro Classic Gold es lujoso, noble y cl\u00e1sico. Tiene una reflectividad extremadamente fuerte y es la m\u00e1s deslumbrante y llamativa. Destaca especialmente bien en tubos de color oscuro (como negro y azul profundo). Transmite una sensaci\u00f3n de lujo duradero y confiable. Top serie anti-envejecimiento, crema y loci\u00f3n de lujo, perfume cl\u00e1sico, set de regalo.<\/p>\n<p>Light \/ Champagne Gold: Elegante, refinado y moderno. M\u00e1s suave y menos llamativo que el oro cl\u00e1sico, con una sensaci\u00f3n c\u00e1lida y refinada. Gentile, elegante, sofisticado y lujoso. M\u00e1s joven y moderno que el oro, adecuado para marcas que quieren transmitir calidad de gama alta pero no&#8217; t quiere parecer demasiado anticuado. Esencia, crema de ojos, l\u00ednea de cuidado de la piel de gama media a alta, mujeres&#8217; s fragancia, marcas de nicho.<\/p>\n<p>Oro rosa: de moda, suave y rom\u00e1ntico. Combina el lujo del oro con la suavidad del rosa, lo que lo hace muy elegante y femenino. Dulce, rom\u00e1ntico, moderno y amable. Puede atraer al instante a clientes j\u00f3venes y transmitir calidez, accesibilidad y sentido del estilo. Productos de maquillaje (l\u00e1piz labial, blush), productos para el cuidado corporal, productos para el cuidado de la piel dirigidos al mercado joven, ediciones limitadas con temas festivos.<\/p>\n<p>Plata: elegante, moderno y futurista. Tiene un brillo fr\u00edo y met\u00e1lico que le da una apariencia muy limpia y agilizada. Puro, sencillo, de alta tecnolog\u00eda y moderno. A menudo se utiliza para enfatizar el &#8220; aspecto tecnol\u00f3gico,&#8221;  &#8220; f\u00f3rmula pura,&#8221; o &#8220; sensaci\u00f3n helada&#8221; de un producto. Serie de blanqueamiento, hombres&#8217; s cuidado de la piel, cosm\u00e9ticos medicinales (se centra en \u00e1cidos y reparaci\u00f3n), productos de limpieza.<\/p>\n<p>Oro Negro \/ Gunmetal: Misterioso, poderoso y extremo. Este es un color que es muy profundo, discreto, pero tambi\u00e9n incre\u00edblemente poderoso. Parece oscuro desde una distancia, pero tiene un sutil brillo met\u00e1lico cuando se ve de cerca. Misterioso, de gama alta, hardcore, eficaz. Transmite una sensaci\u00f3n de &#8220; lujo discreto&#8221; y &#8220; rendimiento poderoso,&#8221; lo que lo hace altamente sofisticado y atractivo. Esencia de primer nivel, ampolla, productos de reparaci\u00f3n nocturna, marcas de lujo de nicho, hombres&#8217; l\u00ednea de gama alta.<\/p>\n<p>Color y l\u00e1mina hologr\u00e1fica: deslumbrante, de moda y \u00fanica. Incluye l\u00e1minas de colores puros como rojo, azul y verde, as\u00ed como los impredecibles efectos hologr\u00e1ficos l\u00e1ser. Vibrante, creativo, juguet\u00f3n y vanguardista. Captura la atenci\u00f3n al instante y es perfecto para las marcas que buscan destacarse y alejarse de la norma. Marcas de maquillaje de moda, ediciones limitadas de vacaciones, dise\u00f1os colaborativos y marcas \u00fanicas adaptadas a la generaci\u00f3n Z.<\/p>\n<p>En primer lugar, es esencial aclarar qu\u00e9 tipo de personalidad de marca quieres transmitir a trav\u00e9s del embalaje: \u00bfes lujo cl\u00e1sico o tecnolog\u00eda moderna?  \u00bfEs un enfoque suave y femenino o un estilo de moda y vanguardista? Podemos proporcionarle muestras f\u00edsicas para evaluar cualquier desviaci\u00f3n de color: el color de la l\u00e1mina de oro puede mostrar efectos muy diferentes dependiendo de la fuente de luz y el material de base. Puede haber una discrepancia entre el color como se muestra en la tarjeta de color y el efecto impreso final en el tubo. Puede elegir y confirmar el efecto deseado en funci\u00f3n de la inspecci\u00f3n visual y la experiencia t\u00e1ctil.<\/p>\n<p>Tambi\u00e9n podemos ayudarlo a experimentar con diferentes combinaciones de t\u00e9cnicas.  \u00bfQu\u00e9 tal el estampado de la hoja de oro emparejado con el color posterior de serigraf\u00eda? Por ejemplo, &#8220; hoja de oro negro estampado color rojo brillante pantalla de seda&#8221; puede crear un efecto muy poderoso y misterioso. El costo de las diferentes t\u00e9cnicas tambi\u00e9n variar\u00e1, y podemos ayudarlo a considerar los costos y recomendar una t\u00e9cnica adecuada para su producto. En resumen, la elecci\u00f3n del procesamiento de tubos no se trata solo de &#8220; seleccionar una t\u00e9cnica&#8221;; Es una importante comunicaci\u00f3n visual entre la marca y el consumidor. Forma la primera impresi\u00f3n del producto y determina su atractivo en el estante.  \u00a1Este es el valor que Hongyi Plastic Industry puede crear!<\/p>","protected":false},"excerpt":{"rendered":"<p>Hongyi Plastic Pointed Small Mouth series Tube-2 5-10ml\/0.17-0.34fl.0z, el cuerpo del tubo en nuestra serie de empaquetado de tubos blandos est\u00e1 hecho de materiales PE y PP. La forma del diente de sellado ha sido dise\u00f1ada con un diente peque\u00f1o y una tapa interna m\u00e1s una tapa externa. Esta es una estructura espec\u00edfica de nuestra boquilla de tubo blando y su componente de sellado acompa\u00f1ante. Es un m\u00e9todo de envasado muy cl\u00e1sico y de alto est\u00e1ndar para productos cosm\u00e9ticos de cuidado localizado con tubos blandos. A trav\u00e9s de sus hilos finos y el tap\u00f3n el\u00e1stico incorporado, constituye conjuntamente el est\u00e1ndar de oro para proteger la calidad del producto. En comparaci\u00f3n con los hilos gruesos de un tubo blando regular, abierto, los hilos finos de &#8220; dientes peque\u00f1os&#8221; pueden tener m\u00e1s giros y requieren un ajuste preciso con una tapa que tambi\u00e9n tiene una fina rosca interna. Este dise\u00f1o hace que todo el conjunto de boca de tubo se vea m\u00e1s compacto, refinado y de gama alta. Si est\u00e1 desarrollando tales productos, elegir esta configuraci\u00f3n es una decisi\u00f3n muy sabia.<\/p>\n<p><strong><b>Aplicaciones recomendadas<\/b><\/strong><strong><b>\u00a0:<\/b><\/strong>Cremas oculares que requieren una aplicaci\u00f3n precisa y contienen ingredientes preciosos, l\u00edquidos esenciales concentrados y de alto precio, y ung\u00fcentos de grado m\u00e9dico que necesitan estar estrictamente sellados al aire.<\/p>","protected":false},"featured_media":2519,"comment_status":"closed","ping_status":"closed","template":"","meta":[],"product_brand":[],"product_cat":[15,32],"product_tag":[],"class_list":{"0":"post-2473","1":"product","2":"type-product","3":"status-publish","4":"has-post-thumbnail","6":"product_cat-artistic-design-plastic-tube","7":"product_cat-pointed-mouth-series","9":"first","10":"instock","11":"shipping-taxable","12":"product-type-simple"},"_links":{"self":[{"href":"https:\/\/www.hongyitube.com\/es\/wp-json\/wp\/v2\/product\/2473","targetHints":{"allow":["GET"]}}],"collection":[{"href":"https:\/\/www.hongyitube.com\/es\/wp-json\/wp\/v2\/product"}],"about":[{"href":"https:\/\/www.hongyitube.com\/es\/wp-json\/wp\/v2\/types\/product"}],"replies":[{"embeddable":true,"href":"https:\/\/www.hongyitube.com\/es\/wp-json\/wp\/v2\/comments?post=2473"}],"wp:featuredmedia":[{"embeddable":true,"href":"https:\/\/www.hongyitube.com\/es\/wp-json\/wp\/v2\/media\/2519"}],"wp:attachment":[{"href":"https:\/\/www.hongyitube.com\/es\/wp-json\/wp\/v2\/media?parent=2473"}],"wp:term":[{"taxonomy":"product_brand","embeddable":true,"href":"https:\/\/www.hongyitube.com\/es\/wp-json\/wp\/v2\/product_brand?post=2473"},{"taxonomy":"product_cat","embeddable":true,"href":"https:\/\/www.hongyitube.com\/es\/wp-json\/wp\/v2\/product_cat?post=2473"},{"taxonomy":"product_tag","embeddable":true,"href":"https:\/\/www.hongyitube.com\/es\/wp-json\/wp\/v2\/product_tag?post=2473"}],"curies":[{"name":"WP","href":"https:\/\/api.w.org\/{rel}","templated":true}]}}