{"id":2460,"date":"2025-08-21T15:24:35","date_gmt":"2025-08-21T07:24:35","guid":{"rendered":"https:\/\/www.hongyitube.com\/?post_type=product&#038;p=2460"},"modified":"2025-09-17T10:35:57","modified_gmt":"2025-09-17T02:35:57","slug":"50-customized-empty-packaging-for-high-end-cosmeti-hongyi-plastic","status":"publish","type":"product","link":"https:\/\/www.hongyitube.com\/es\/product\/50-customized-empty-packaging-for-high-end-cosmeti-hongyi-plastic\/","title":{"rendered":"50 embalaje vac\u00edo personalizado para cosm\u00e9ticos de gama alta &#8211; pl\u00e1stico Hongyi"},"content":{"rendered":"<h2><strong>Caracter\u00edsticas<\/strong><\/h2>\n<ul>\n<li><b><\/b><strong><b>Dise\u00f1o del cuerpo del tubo<\/b><\/strong>.<\/li>\n<\/ul>\n<p>El cuerpo del tubo de nuestro tubo blando ha sido sometido a un tratamiento especial, lo que da al cuerpo del tubo de pl\u00e1stico una sensaci\u00f3n sutil pliegada o texturizada similar a la del papel arrugado o terciopelo. El tacto es extremadamente delicado, suave y amigable con la piel, con un fuerte acabado mate. Tambi\u00e9n es totalmente resistente a las huellas digitales. En una superficie mate con texturas finas, el dise\u00f1o parece liso, brillante y ligeramente elevado. El contraste entre mate y brillante, y entre texturizado y liso, crea un efecto visualmente sorprendente y en capas.<\/p>\n<p>Para el proceso de impresi\u00f3n de texto de esta serie de tubos, hemos adoptado la serigraf\u00eda. Este m\u00e9todo produce texto claro y tridimensional con un fuerte impacto visual. Cuando los usuarios tocan las mangueras, pueden sentir el ligero saliente del texto en la superficie de la manguera, mejorando la experiencia interactiva entre el usuario y el producto. Adem\u00e1s, el texto impreso con serigraf\u00eda tiene una fuerte adhesi\u00f3n y est\u00e1 firmemente unido al material de nuestras mangueras de pl\u00e1stico, lo que lo hace resistente al pelado, ara\u00f1azos y abrasi\u00f3n. Dado que nuestras mangueras se utilizan como art\u00edculos cotidianos, los usuarios pueden manejarlas varias veces. Esto garantiza que el texto permanezca claro incluso despu\u00e9s de manejar repetidamente. En comparaci\u00f3n con otros procesos como el estampado de oro UV, la serigraf\u00eda es particularmente adecuada para la producci\u00f3n en masa, lo que puede ayudar a reducir los costos. Es uno de los m\u00e9todos de impresi\u00f3n preferidos para materiales de envasado cosm\u00e9tico.<\/p>\n<p>&nbsp;<\/p>\n<h2><strong>Ventajas del producto<\/strong><\/h2>\n<p><strong><b>Experiencia t\u00e1ctil extremadamente lujosa<\/b><\/strong><\/p>\n<p>El toque \u00fanico que viene con el &#8220; julienne&#8221; El proceso es el punto de venta m\u00e1s grande, lo que permite a los consumidores sentir una prima distintiva en el momento en que recogen el producto.<\/p>\n<p>V<strong><b>La jerarqu\u00eda isual es rica y de gama alta <\/b><\/strong><\/p>\n<p>La textura arrugada del mate contrasta fuertemente con el brillante patr\u00f3n de aceite, mostrando refinamiento de una manera discreta, lo que es muy llamativo.<\/p>\n<p><strong><b>\u00a0A prueba de huellas digitales, resistente a ara\u00f1azos<\/b><\/strong><\/p>\n<p>La textura especial de la superficie oculta muy bien las huellas de uso y siempre mantiene la limpieza y la novedad del envase.<\/p>\n<p><strong><b>Alto reconocimiento y punto de memoria<\/b><\/strong><\/p>\n<p>El proceso de Qualcomm es complejo, de alto costo, generalmente solo se utiliza para productos de l\u00ednea de gama alta, puede mejorar eficazmente la imagen de marca, hacer que el producto destaque en la competencia.<\/p>\n<p>&nbsp;<\/p>\n<h2><strong>Escenarios de aplicaci\u00f3n del producto<\/strong><\/h2>\n<p><strong><b>\u00a0M\u00e1scara para el cabello y productos para el cuidado del cabello de alta gama<\/b><\/strong><\/p>\n<p>Las m\u00e1scaras para el cabello t\u00edpicamente tienen una gran capacidad (150ml-200ml) y requieren un uso extenso. La sensaci\u00f3n lujosa de este envase se alinea perfectamente con el posicionamiento de la l\u00ednea de sal\u00f3n de gama alta, y la textura \u00fanica mejora significativamente el consumidor&#8217; sentido del cuidado ritual.<\/p>\n<ol start=\"2\">\n<li><strong><b> Productos de cuidado corporal de marca de lujo<\/b><\/strong><\/li>\n<\/ol>\n<p>Crema corporal, Esencia corporal, Crema de masaje corporal.<\/p>\n<p>El gran di\u00e1metro es perfecto para aplicar loci\u00f3n a grandes \u00e1reas del cuerpo. La experiencia t\u00e1ctil de masajear la loci\u00f3n en la piel complementa la experiencia del cuidado corporal, transformando el cuidado diario despu\u00e9s del ba\u00f1o en una indulgencia de lujo.<\/p>\n<ol start=\"3\">\n<li><strong><b> M\u00e1scara facial de alto rendimiento<\/b><\/strong><\/li>\n<\/ol>\n<p>M\u00e1scara para dormir de alta humedad, m\u00e1scara de limpieza de barro, m\u00e1scara refrescante para la piel.<\/p>\n<p>Este tipo de producto tiene una gran capacidad y t\u00edpicamente se posiciona como de gama alta. El embalaje t\u00e1ctil puede reforzar el producto&#8217; concepto de ser &#8220; altamente nutritivo&#8221; y &#8220; poderoso en sus efectos. &#8221;<\/p>\n<ol start=\"4\">\n<li><strong><b> Tratamientos de cuidado de manos premium<\/b><\/strong><\/li>\n<\/ol>\n<p>Crema de Manos (gran capacidad), Crema M\u00e1scara de Manos.<\/p>\n<p>Aunque se trata de un producto para el cuidado de las manos, el embalaje de alta gama en s\u00ed mismo se asemeja a un art\u00edculo de lujo, lo que lo hace adecuado como regalo o para los consumidores que buscan el m\u00e1ximo en calidad de vida.<\/p>\n<ol start=\"5\">\n<li><strong><b> Edici\u00f3n limitada y productos conmemorativos<\/b><\/strong><\/li>\n<\/ol>\n<p>La artesan\u00eda \u00fanica y la textura lo hacen perfecto para lanzar ediciones limitadas, cajas de regalo de vacaciones o productos que celebran una marca&#8217; s<!--StartFragment --><span class=\"cf0\">aniversario, por lo tanto<\/span><!--EndFragment --><strong><b>\u00a0<\/b><\/strong>Mejorar su colectividad y singularidad.<\/p>\n<p>&nbsp;<\/p>\n<h2><strong>Servicios personalizados<\/strong><\/h2>\n<p><strong><b>Fase 1: Consulta y comunicaci\u00f3n: Contacto inicial<\/b><\/strong><\/p>\n<p>&nbsp;<\/p>\n<p>\u2460 Recibir consulta y asignar al gerente de negocios para contactar<\/p>\n<p>\u2461 Hemos comprendido previamente los requisitos de la investigaci\u00f3n<\/p>\n<p>&nbsp;<\/p>\n<p><strong><b>Detalles comunicaci\u00f3n de la r<\/b><\/strong><strong><b>serie de sellos de arco ound<\/b><\/strong><strong><b>\u00a0<\/b><\/strong><strong><b>El T<\/b><\/strong><strong><b>UB<\/b><\/strong><strong><b>e<\/b><\/strong><\/p>\n<p>&nbsp;<\/p>\n<p>\u2460 Capacidad del tubo: \u00bfCu\u00e1ntos mililitros necesita llenar?<\/p>\n<p>\u2461 Tama\u00f1o del tubo: Di\u00e1metro del tubo<\/p>\n<p>\u2462 Longitud del tubo: la longitud de la manguera se determina seg\u00fan la capacidad y el di\u00e1metro del tubo.<\/p>\n<p>\u2463 Confirmaci\u00f3n de forma de cierre de cola.<\/p>\n<p>\u2464 Determinaci\u00f3n del contenido del producto: \u00bfPor ejemplo, si contiene componentes como aceites, \u00e1cidos o alcoholes?  \u00bfSon corrosivos o permeables? La determinaci\u00f3n del nivel de pH tambi\u00e9n juega un papel en la selecci\u00f3n de materiales de manguera. Estos factores determinan colectivamente si se requiere una capa de barrera durante la producci\u00f3n.<\/p>\n<p>\u2465  Mercado objetivo y confirmaci\u00f3n regulatoria:<\/p>\n<p>\u00bfD\u00f3nde se vende el producto?  \u00bfEst\u00e1 de acuerdo con las regulaciones locales?  \u00bfNecesita proporcionar prueba de cumplimiento con los materiales?<\/p>\n<p>\u2466 Confirme el color del cuerpo del tubo.<\/p>\n<p>Por ejemplo, \u00bfnecesita personalizar tubos de colores o tubos transparentes o tubos blancos?  \u00bfNecesitas tener efectos perlosos y as\u00ed sucesivamente? Confirme el aceite ligero: aceite brillante, helado, suave.<\/p>\n<p>\u2467 Proceso de impresi\u00f3n determinado:<\/p>\n<p>Si se requiere la impresi\u00f3n offset, \u00bfcu\u00e1ntos colores se requieren y qu\u00e9 parte del texto y el patr\u00f3n se requieren?<\/p>\n<p>Si se necesita serigraf\u00eda, \u00bfqu\u00e9 parte del texto y el patr\u00f3n se requieren para la serigraf\u00eda?<\/p>\n<p>Si necesita estampado en caliente, \u00bfqu\u00e9 parte del texto y el patr\u00f3n se requiere para estampado en caliente?<\/p>\n<p>Si se requiere el etiquetado, \u00bfcu\u00e1les son los requisitos de calidad para el papel objetivo?  \u00bfCu\u00e1les son los mejores?  \u00bfCu\u00e1les son los generales?<\/p>\n<p>O los procesos anteriores se pueden combinar juntos, especificando qu\u00e9 parte es qu\u00e9 proceso.<\/p>\n<p>\u2468 M\u00e9todo de sellado<\/p>\n<p>Cola de sellado: Esta manguera se caracteriza por un dise\u00f1o de cola irregular. Generalmente, esta manguera se selecciona como el sello de cola predeterminado. La cola de sellado generalmente tiene textura recta, forma irregular, arco, textura diagonal, etc. Cola de apertura de tapa de bloqueo: Confirme si la boca de la botella necesita ser fijada con foie de aluminio.<\/p>\n<p>\u2469 Determinaci\u00f3n de la manguera con tapa: \u00bfNecesita una tapa de tornillo o una tapa giratoria?  \u00bfEs necesario el posicionamiento? Determine el tama\u00f1o, tipo, color y proceso de fabricaci\u00f3n de la tapa. Tap\u00f3n para boca de botella de manguera: Este dise\u00f1o no requiere un tap\u00f3n para la boca de botella de manguera.<\/p>\n<p>\u246a Determinar el m\u00e9todo de envasado.<\/p>\n<p>\u246b Determinar el canal de entrega: mar, aire u otro?<\/p>\n<p>1.Comunique para determinar si se necesita el desarrollo del molde.<\/p>\n<p>2.Dependiendo de si el perfil de diente de manguera confirmado y el dise\u00f1o de sello de cola requieren el desarrollo adicional de moldes personalizados, la serie de dise\u00f1o de sello de cola en forma de dibujos animados en esta cadena es para el desarrollo de nuevos moldes<\/p>\n<p>3.De acuerdo con el plan anterior, se proporcionar\u00e1 una cotizaci\u00f3n detallada que incluye: cuota de apertura del molde, cuota de muestra, precio unitario del producto y cuota de transporte.<\/p>\n<p><strong><b>Fase 2: Dise\u00f1o y producci\u00f3n de muestras<\/b><\/strong><\/p>\n<p>Despu\u00e9s de que el seguimiento comercial confirme la intenci\u00f3n de cooperaci\u00f3n, entra en la etapa de convertir los requisitos en objetos f\u00edsicos.<\/p>\n<p>La marca paga el costo del molde que dise\u00f1amos y desarrollamos el molde de acuerdo con el tama\u00f1o confirmado del dise\u00f1o de la tuber\u00eda y la cola este paso generalmente toma 20-30 d\u00edas.<\/p>\n<p>Confirmaci\u00f3n del manuscrito de dise\u00f1o<\/p>\n<ol>\n<li>La marca proporciona el manuscrito de dise\u00f1o en AI o PDF, etc. Nuestros ingenieros comprobar\u00e1n si se cumplen el tama\u00f1o, el color, el tama\u00f1o, el proceso, la l\u00ednea de sangrado y otros requisitos del manuscrito de dise\u00f1o, y proporcionar\u00e1n sugerencias y ajustes para la modificaci\u00f3n.<\/li>\n<li>Si no, se proporcionar\u00e1 un conjunto de tubo de muestra y cubierta de muestra para que nuestro dise\u00f1ador haga referencia al dise\u00f1o<\/li>\n<li>Despu\u00e9s del desarrollo del molde de producci\u00f3n de muestras, organizaremos la producci\u00f3n y haremos muestras lo m\u00e1s cerca posible de la producci\u00f3n de lotes grandes de acuerdo con el manuscrito de dise\u00f1o confirmado para que la marca finalmente confirme todos los detalles.<\/li>\n<\/ol>\n<p>La marca necesita revisar estrictamente la muestra y volver a firmar el libro de muestras despu\u00e9s de la confirmaci\u00f3n. Utilizaremos este documento como est\u00e1ndar de aceptaci\u00f3n para la posterior producci\u00f3n de grandes mercanc\u00edas.<\/p>\n<p><strong><b>Fase 3: Producci\u00f3n en masa (producci\u00f3n y control de calidad)<\/b><\/strong>\u00a0<strong><b>Producci\u00f3n<\/b><\/strong>: Al recibir la orden oficial y el dep\u00f3sito de la marca, adquirimos materias primas e iniciamos la producci\u00f3n en masa. Durante la fabricaci\u00f3n, los inspectores de calidad realizan muestreos aleatorios para garantizar est\u00e1ndares de calidad consistentes en todos los procesos. Inspecci\u00f3n completa: Despu\u00e9s de la finalizaci\u00f3n de la producci\u00f3n, los inspectores realizan controles de calidad completos en los productos terminados y emiten un informe de inspecci\u00f3n de calidad.<\/p>\n<p><strong><b>\u00a0Fase 4: Env\u00edo y Embalaje de entrega:<\/b><\/strong>\u00a0Los productos est\u00e1n envasados seg\u00fan las especificaciones y etiquetados con marcas de env\u00edo. Pago de marca: Al recibir el pago final, organizamos el transporte log\u00edstico de acuerdo con el cronograma de entrega del contrato. Fase 5: Servicio posventa Abordamos los comentarios de los clientes y resolvemos posibles problemas relacionados con el servicio.<\/p>\n<p><strong><b>\u00a0<\/b><\/strong><\/p>\n<p>&nbsp;<\/p>\n<p>&nbsp;<\/p>","protected":false},"excerpt":{"rendered":"<p>Sellos de arco redondo de pl\u00e1stico Hongyi serie tubo 120-350ml \/ 4.06-11.84fl.0z, El extremo de nuestro tubo presenta una forma lisa y curva en lugar de un \u00e1ngulo recto.<\/p>\n<p>Aspecto elegante y suave, sensaci\u00f3n c\u00f3moda; movimiento m\u00e1s f\u00e1cil del material hacia la abertura del tubo cuando se aprete, reduciendo los residuos.<\/p>\n<p>Aplicaci\u00f3n recomendada: Edici\u00f3n limitada, caja de regalo de vacaciones o productos de aniversario de marca: m\u00e1scara para el cabello, crema corporal, esencia corporal, crema de masaje corporal, crema de manos (gran capacidad), crema de m\u00e1scara de manos.<\/p>","protected":false},"featured_media":2509,"comment_status":"closed","ping_status":"closed","template":"","meta":[],"product_brand":[],"product_cat":[30,15],"product_tag":[],"class_list":{"0":"post-2460","1":"product","2":"type-product","3":"status-publish","4":"has-post-thumbnail","6":"product_cat-arc-series","7":"product_cat-artistic-design-plastic-tube","9":"first","10":"instock","11":"shipping-taxable","12":"product-type-simple"},"_links":{"self":[{"href":"https:\/\/www.hongyitube.com\/es\/wp-json\/wp\/v2\/product\/2460","targetHints":{"allow":["GET"]}}],"collection":[{"href":"https:\/\/www.hongyitube.com\/es\/wp-json\/wp\/v2\/product"}],"about":[{"href":"https:\/\/www.hongyitube.com\/es\/wp-json\/wp\/v2\/types\/product"}],"replies":[{"embeddable":true,"href":"https:\/\/www.hongyitube.com\/es\/wp-json\/wp\/v2\/comments?post=2460"}],"wp:featuredmedia":[{"embeddable":true,"href":"https:\/\/www.hongyitube.com\/es\/wp-json\/wp\/v2\/media\/2509"}],"wp:attachment":[{"href":"https:\/\/www.hongyitube.com\/es\/wp-json\/wp\/v2\/media?parent=2460"}],"wp:term":[{"taxonomy":"product_brand","embeddable":true,"href":"https:\/\/www.hongyitube.com\/es\/wp-json\/wp\/v2\/product_brand?post=2460"},{"taxonomy":"product_cat","embeddable":true,"href":"https:\/\/www.hongyitube.com\/es\/wp-json\/wp\/v2\/product_cat?post=2460"},{"taxonomy":"product_tag","embeddable":true,"href":"https:\/\/www.hongyitube.com\/es\/wp-json\/wp\/v2\/product_tag?post=2460"}],"curies":[{"name":"WP","href":"https:\/\/api.w.org\/{rel}","templated":true}]}}