{"id":2456,"date":"2025-08-21T15:15:50","date_gmt":"2025-08-21T07:15:50","guid":{"rendered":"https:\/\/www.hongyitube.com\/?post_type=product&#038;p=2456"},"modified":"2025-09-17T10:34:24","modified_gmt":"2025-09-17T02:34:24","slug":"40-plastic-tube-packaging-for-empty-bottles-hongyi-plastic","status":"publish","type":"product","link":"https:\/\/www.hongyitube.com\/es\/product\/40-plastic-tube-packaging-for-empty-bottles-hongyi-plastic\/","title":{"rendered":"40 embalaje de tubo de pl\u00e1stico para botellas vac\u00edas &#8211; pl\u00e1stico Hongyi"},"content":{"rendered":"<h2><strong>Caracter\u00edsticas<\/strong><\/h2>\n<ul>\n<li><b><\/b><strong><b>Dise\u00f1o del cuerpo del tubo<\/b><\/strong>.<\/li>\n<\/ul>\n<p>Nuestra manguera de sellado curva de 40 mm de di\u00e1metro cuenta con serigraf\u00eda brillante con estampado de l\u00e1mina de oro. El logotipo de la marca est\u00e1 recubierto con una tinta brillante transl\u00facida que crea una textura tridimensional sutil, ofreciendo una calidad t\u00e1ctil premium. Cuando se ilumina, refleja un suave brillo, haciendo que el embalaje destaque en los estantes. Con una rentabilidad excepcional, esta botella de manguera es su mejor opci\u00f3n para elaborar detalles sofisticados y de aspecto premium!<\/p>\n<p>Nuestro otro producto cuenta con una manguera semi-transparente negra con grabado en relieve en l\u00e1mina de oro esculpida mate. La superficie del tubo especialmente tratada proporciona una textura suave y lisa con un acabado mate que resiste las huellas dactilares mientras exuda una elegancia sofisticada. A trav\u00e9s del calor y la presi\u00f3n aplicados a los tubos mate preformados, la l\u00e1mina de aluminio galvanizada (com\u00fanmente conocida como &#8220;l\u00e1mina de oro&#8221;) se graba en relieve en patrones o texto espec\u00edficos. Esto crea un sorprendente contraste entre el acabado mate discreto y los acentos met\u00e1licos brillantes, produciendo un lujo visual y t\u00e1ctil instant\u00e1neo que eleva el atractivo general a nuevas alturas!<\/p>\n<p>&nbsp;<\/p>\n<h2><strong>Ventajas del producto<\/strong><\/h2>\n<ol>\n<li><b><\/b><strong><b>Est\u00e1ndar oro, aplicaci\u00f3n vers\u00e1til<\/b><\/strong><\/li>\n<\/ol>\n<p>El di\u00e1metro del tubo de 40 mm es ampliamente reconocido como el &#8216; est\u00e1ndar universal&#8217; en el mercado. Desde cremas faciales hasta champ\u00fas, es posible encontrar el volumen y la longitud m\u00e1s adecuados para casi todos los productos, lo que lo hace altamente aceptado por el mercado.<\/p>\n<ol start=\"2\">\n<li><b><\/b><strong><b>Experiencia mejorada, elecci\u00f3n premium \u00a0<\/b><\/strong><\/li>\n<\/ol>\n<p>La curva redondeada al final del producto no solo tiene una apariencia suave y sofisticada, sino que tambi\u00e9n proporciona un agarre c\u00f3modo, lo que aumenta significativamente el usuario&#8217; sensaci\u00f3n de disfrute y la mejora de la marca&#8217; imagen como producto premium.<\/p>\n<ol start=\"3\">\n<li><b><\/b><strong><b>El equilibrio perfecto entre practicidad y est\u00e9tica<\/b><\/strong><\/li>\n<\/ol>\n<p>No solo garantiza la capacidad suficiente del producto para satisfacer las necesidades de uso diario, sino que tambi\u00e9n evita el aspecto barato de las tuber\u00edas de escape planas tradicionales a trav\u00e9s de su dise\u00f1o inteligente, lo que la convierte en una de las opciones m\u00e1s rentables disponibles.<\/p>\n<ol start=\"4\">\n<li><b><\/b><strong><b>Fuerte protecci\u00f3n, residuos reducidos \u00a0<\/b><\/strong><\/li>\n<\/ol>\n<p>Las excelentes propiedades de barrera y la compresibilidad permiten una mejor protecci\u00f3n del contenido, y pr\u00e1cticamente no hay manchas muertas durante el uso, lo que resulta en una tasa de utilizaci\u00f3n del producto de m\u00e1s del 95%. Esto mejora el sentido de valor para los clientes.<\/p>\n<p>&nbsp;<\/p>\n<h2><strong>Escenarios de aplicaci\u00f3n del producto<\/strong><\/h2>\n<p><strong><b>L\u00ednea de productos de gama alta de primer nivel<\/b><\/strong><\/p>\n<p>Crema facial de marca de lujo, esencia, crema de ojos; Productos de cuidado de la piel de alta gama, esencia antienvejecimiento, productos de cuidado del cabello de primera calidad.<\/p>\n<p><strong><b>Edici\u00f3n limitada festiva &amp; Versi\u00f3n conmemorativa <\/b><\/strong><\/p>\n<p>Se utiliza para crear envases especiales que resaltan su singularidad y coleccionabilidad.<\/p>\n<p><strong><b>Marca art\u00edculo ic\u00f3nico <\/b><\/strong><\/p>\n<p>El &#8220; producto estrella&#8221; o &#8220; producto ace&#8221; de la marca, que se refuerza por su embalaje para enfatizar su posici\u00f3n central.<\/p>\n<p><strong><b>Enfase en el concepto de &#8220; ingredientes de lujo <\/b><\/strong><\/p>\n<p>Productos que contienen oro, platino y extracciones vegetales raras, con estampado de hoja de oro para representar visualmente el valor de estos ingredientes.<strong><b>\u00a0\u00a0<\/b><\/strong><\/p>\n<p><strong><b>Identidad de marca mejorada<\/b><\/strong><\/p>\n<p>El uso de una serigraf\u00eda brillante en el logotipo de la marca en el tubo es la forma m\u00e1s eficaz de mostrar la marca.<\/p>\n<p>&nbsp;<\/p>\n<h2><strong>Servicios personalizados<\/strong><\/h2>\n<p><strong><b>Fase 1: Consulta y comunicaci\u00f3n Contacto inicial<\/b><\/strong><\/p>\n<p>&nbsp;<\/p>\n<p>\u2460 Recibir consulta y asignar al gerente de negocios para contactar.<\/p>\n<p>\u2461 Hemos entendido previamente los requisitos de la investigaci\u00f3n.<\/p>\n<p>&nbsp;<\/p>\n<p><strong><b>Detalles comunicaci\u00f3n de la r<\/b><\/strong><strong><b>serie de sellos de arco ound<\/b><\/strong><strong><b>\u00a0<\/b><\/strong><strong><b>El T<\/b><\/strong><strong><b>UB<\/b><\/strong><strong><b>e<\/b><\/strong><\/p>\n<p>&nbsp;<\/p>\n<p>\u2460 Capacidad del tubo: \u00bfCu\u00e1ntos mililitros necesita llenar?<\/p>\n<p>\u2461 Tama\u00f1o del tubo: Di\u00e1metro del tubo<\/p>\n<p>\u2462 Longitud del tubo: la longitud de la manguera se determina seg\u00fan la capacidad y el di\u00e1metro del tubo.<\/p>\n<p>\u2463 Confirmaci\u00f3n de la forma del cierre de cola<\/p>\n<p>\u2464 Determinaci\u00f3n del contenido del producto: \u00bfPor ejemplo, si contiene componentes como aceites, \u00e1cidos o alcoholes?  \u00bfSon corrosivos o permeables? La determinaci\u00f3n del nivel de pH tambi\u00e9n juega un papel en la selecci\u00f3n de materiales de manguera. Estos factores determinan colectivamente si se requiere una capa de barrera durante la producci\u00f3n.<\/p>\n<p>\u2465  Mercado objetivo y confirmaci\u00f3n regulatoria:<\/p>\n<p>\u00bfD\u00f3nde se vende el producto?  \u00bfEst\u00e1 de acuerdo con las regulaciones locales?  \u00bfNecesita proporcionar prueba de cumplimiento con los materiales?<\/p>\n<p>\u2466 Confirme el color del cuerpo del tubo<\/p>\n<p>Por ejemplo, \u00bfnecesita personalizar tubos de colores o tubos transparentes o tubos blancos?  \u00bfNecesitas tener efectos perlosos y as\u00ed sucesivamente? Confirme el aceite ligero: aceite brillante, helado, suave.<\/p>\n<p>\u2467 Proceso de impresi\u00f3n determinado:<\/p>\n<p>Si se requiere la impresi\u00f3n offset, \u00bfcu\u00e1ntos colores se requieren y qu\u00e9 parte del texto y el patr\u00f3n se requieren?<\/p>\n<p>Si se necesita serigraf\u00eda, \u00bfqu\u00e9 parte del texto y el patr\u00f3n se requieren para la serigraf\u00eda?<\/p>\n<p>Si necesita estampado en caliente, \u00bfqu\u00e9 parte del texto y el patr\u00f3n se requiere para estampado en caliente?<\/p>\n<p>Si se requiere el etiquetado, \u00bfcu\u00e1les son los requisitos de calidad para el papel objetivo?  \u00bfCu\u00e1les son los mejores?  \u00bfCu\u00e1les son los generales?<\/p>\n<p>O los procesos anteriores se pueden combinar juntos, especificando qu\u00e9 parte es qu\u00e9 proceso.<\/p>\n<p>\u2468 M\u00e9todo de sellado<\/p>\n<p>Cola de sellado: Esta manguera se caracteriza por un dise\u00f1o de cola irregular. Generalmente, esta manguera se selecciona como el sello de cola predeterminado. La cola de sellado generalmente tiene textura recta, forma irregular, arco, textura diagonal, etc. Cola de apertura de tapa de bloqueo: Confirme si la boca de la botella necesita ser fijada con foie de aluminio.<\/p>\n<p>\u2469 Determinaci\u00f3n de la manguera con tapa: \u00bfNecesita una tapa de tornillo o una tapa giratoria?  \u00bfEs necesario el posicionamiento? Determine el tama\u00f1o, tipo, color y proceso de fabricaci\u00f3n de la tapa. Tap\u00f3n para boca de botella de manguera: Este dise\u00f1o no requiere un tap\u00f3n para la boca de botella de manguera.<\/p>\n<p>\u246a Determinar el m\u00e9todo de envasado<\/p>\n<p>\u246b Determinar el canal de entrega: mar, aire u otro?<\/p>\n<p>1.Comunique para determinar si se necesita el desarrollo del molde.<\/p>\n<p>2.Dependiendo de si el perfil de diente de manguera confirmado y el dise\u00f1o de sello de cola requieren el desarrollo adicional de moldes personalizados, la serie de dise\u00f1o de sello de cola en forma de dibujos animados en esta cadena es para el desarrollo de nuevos moldes.<\/p>\n<p>3.De acuerdo con el plan anterior, se proporcionar\u00e1 una cotizaci\u00f3n detallada que incluye: cuota de apertura del molde, cuota de muestra, precio unitario del producto y cuota de transporte.<\/p>\n<p><strong><b>Fase 2: Dise\u00f1o y producci\u00f3n de muestras<\/b><\/strong><\/p>\n<p>Despu\u00e9s de que el seguimiento comercial confirme la intenci\u00f3n de cooperaci\u00f3n, entra en la etapa de convertir los requisitos en objetos f\u00edsicos.<\/p>\n<p>La marca paga el costo del molde que dise\u00f1amos y desarrollamos el molde de acuerdo con el tama\u00f1o confirmado del dise\u00f1o de la tuber\u00eda y la cola este paso generalmente toma 20-30 d\u00edas.<\/p>\n<p>1 Confirmaci\u00f3n del manuscrito del dise\u00f1o<\/p>\n<ol>\n<li>La marca proporciona el manuscrito de dise\u00f1o en AI o PDF, etc. Nuestros ingenieros comprobar\u00e1n si se cumplen el tama\u00f1o, el color, el tama\u00f1o, el proceso, la l\u00ednea de sangrado y otros requisitos del manuscrito de dise\u00f1o, y proporcionar\u00e1n sugerencias y ajustes para la modificaci\u00f3n.<\/li>\n<li>Si no, se proporcionar\u00e1 un conjunto de tubo de muestra y cubierta de muestra para que nuestro dise\u00f1ador haga referencia al dise\u00f1o.<\/li>\n<li>Despu\u00e9s del desarrollo del molde de producci\u00f3n de muestras, organizaremos la producci\u00f3n y haremos muestras lo m\u00e1s cerca posible de la producci\u00f3n de lotes grandes de acuerdo con el manuscrito de dise\u00f1o confirmado para que la marca finalmente confirme todos los detalles.<\/li>\n<\/ol>\n<p>La marca necesita revisar estrictamente la muestra y volver a firmar el libro de muestras despu\u00e9s de la confirmaci\u00f3n. Utilizaremos este documento como est\u00e1ndar de aceptaci\u00f3n para la posterior producci\u00f3n de grandes mercanc\u00edas.<\/p>\n<p><strong><b>Fase 3: Producci\u00f3n en masa (producci\u00f3n y control de calidad)<\/b><\/strong>\u00a0<strong><b>Producci\u00f3n<\/b><\/strong>: Al recibir la orden oficial y el dep\u00f3sito de la marca, adquirimos materias primas e iniciamos la producci\u00f3n en masa. Durante la fabricaci\u00f3n, los inspectores de calidad realizan muestreos aleatorios para garantizar est\u00e1ndares de calidad consistentes en todos los procesos. Inspecci\u00f3n completa: Despu\u00e9s de la finalizaci\u00f3n de la producci\u00f3n, los inspectores realizan controles de calidad completos en los productos terminados y emiten un informe de inspecci\u00f3n de calidad.<\/p>\n<p><strong><b>\u00a0Fase 4: Env\u00edo y Embalaje de entrega:<\/b><\/strong>\u00a0Los productos est\u00e1n envasados seg\u00fan las especificaciones y etiquetados con marcas de env\u00edo. Pago de marca: Al recibir el pago final, organizamos el transporte log\u00edstico de acuerdo con el cronograma de entrega del contrato. Fase 5: Servicio posventa Abordamos los comentarios de los clientes y resolvemos posibles problemas relacionados con el servicio.<\/p>","protected":false},"excerpt":{"rendered":"<p>Sellos de arco redondo de pl\u00e1stico Hongyi serie Tubo 70-100ml \/ 2.37-3.38fl.0z La cola es lisa y redonda, con una apariencia grande y elegante, sensaci\u00f3n c\u00f3moda en la mano, presi\u00f3n de compresi\u00f3n uniforme y puede maximizar el uso del producto para reducir los residuos.<\/p>\n<p>Aplicaciones recomendadas: Champ\u00fa, acondicionador, m\u00e1scara para el cabello, crema para el cuidado del cuero cabelludo, gel de ducha y loci\u00f3n corporal, m\u00e1scaras de barro de limpieza, m\u00e1scaras de sue\u00f1o hidratantes), m\u00e1scaras de pelado, loci\u00f3n protectora solar, bloqueo solar, hombres&#8217; s productos de cuidado de la piel, crema de erupci\u00f3n de pa\u00f1al, b\u00e1lsamo labial, crema de masaje, ung\u00fcentos t\u00f3picos.<\/p>","protected":false},"featured_media":2508,"comment_status":"closed","ping_status":"closed","template":"","meta":[],"product_brand":[],"product_cat":[30,15],"product_tag":[],"class_list":{"0":"post-2456","1":"product","2":"type-product","3":"status-publish","4":"has-post-thumbnail","6":"product_cat-arc-series","7":"product_cat-artistic-design-plastic-tube","9":"first","10":"instock","11":"shipping-taxable","12":"product-type-simple"},"_links":{"self":[{"href":"https:\/\/www.hongyitube.com\/es\/wp-json\/wp\/v2\/product\/2456","targetHints":{"allow":["GET"]}}],"collection":[{"href":"https:\/\/www.hongyitube.com\/es\/wp-json\/wp\/v2\/product"}],"about":[{"href":"https:\/\/www.hongyitube.com\/es\/wp-json\/wp\/v2\/types\/product"}],"replies":[{"embeddable":true,"href":"https:\/\/www.hongyitube.com\/es\/wp-json\/wp\/v2\/comments?post=2456"}],"wp:featuredmedia":[{"embeddable":true,"href":"https:\/\/www.hongyitube.com\/es\/wp-json\/wp\/v2\/media\/2508"}],"wp:attachment":[{"href":"https:\/\/www.hongyitube.com\/es\/wp-json\/wp\/v2\/media?parent=2456"}],"wp:term":[{"taxonomy":"product_brand","embeddable":true,"href":"https:\/\/www.hongyitube.com\/es\/wp-json\/wp\/v2\/product_brand?post=2456"},{"taxonomy":"product_cat","embeddable":true,"href":"https:\/\/www.hongyitube.com\/es\/wp-json\/wp\/v2\/product_cat?post=2456"},{"taxonomy":"product_tag","embeddable":true,"href":"https:\/\/www.hongyitube.com\/es\/wp-json\/wp\/v2\/product_tag?post=2456"}],"curies":[{"name":"WP","href":"https:\/\/api.w.org\/{rel}","templated":true}]}}