{"id":2357,"date":"2025-08-20T14:35:07","date_gmt":"2025-08-20T06:35:07","guid":{"rendered":"https:\/\/www.hongyitube.com\/?post_type=product&#038;p=2357"},"modified":"2025-09-17T10:13:51","modified_gmt":"2025-09-17T02:13:51","slug":"30-pe-round-arc-seals-series-plastic-tube-hongyi-plastic","status":"publish","type":"product","link":"https:\/\/www.hongyitube.com\/es\/product\/30-pe-round-arc-seals-series-plastic-tube-hongyi-plastic\/","title":{"rendered":"30 PE sellos de arco redondo serie tubo pl\u00e1stico &#8211; pl\u00e1stico Hongyi"},"content":{"rendered":"<h2><strong>Caracter\u00edsticas<\/strong><\/h2>\n<ul>\n<li><b><\/b><strong><b>Dise\u00f1o del cuerpo del tubo<\/b><\/strong>.<\/li>\n<\/ul>\n<p>Di\u00e1metro 30mm: Este es un tubo de calibre medio a ligeramente fino, lo que hace que sea f\u00e1cil controlar la cantidad extra\u00edda a la vez, y el producto&#8217; El tama\u00f1o es adecuado para la exportaci\u00f3n.<\/p>\n<p>Para la tuber\u00eda&#8217; calidad del material, nosotros&#8217; hemos implementado una construcci\u00f3n completa de pl\u00e1stico. El tratamiento superficial de la tuber\u00eda presenta un acabado beige claro. Este modelo adopta un dise\u00f1o de diente alto para la cabeza de inyecci\u00f3n, compatible con varias tapas de tornillo galvanizadas de diente alto, tapas de PP y tapas de tornillo acr\u00edlicas. La superficie impresa emplea un revestimiento de aceite brillante mate, mientras que la impresi\u00f3n de texto y patrones utiliza tecnolog\u00eda de serigraf\u00eda roja. La textura t\u00e1ctil mejora la experiencia del usuario a trav\u00e9s de una retroalimentaci\u00f3n t\u00e1ctil mejorada.<\/p>\n<p>&nbsp;<\/p>\n<h2><strong>Ventajas del producto<\/strong><\/h2>\n<ol>\n<li><b><\/b><strong><b>Preciso y Controlable \u00a0\u00a0\u00a0\u00a0\u00a0\u00a0\u00a0\u00a0\u00a0\u00a0\u00a0\u00a0\u00a0\u00a0\u00a0\u00a0\u00a0\u00a0\u00a0\u00a0\u00a0\u00a0\u00a0\u00a0\u00a0\u00a0\u00a0\u00a0\u00a0\u00a0\u00a0\u00a0\u00a0\u00a0\u00a0\u00a0\u00a0\u00a0\u00a0<\/b><\/strong><\/li>\n<\/ol>\n<p>Este tubo&#8217; El di\u00e1metro es perfectamente adecuado para su esencia o producto de crema para ojos, lo que permite a los consumidores dispensar con precisi\u00f3n cada vez que lo usan, asegur\u00e1ndose de que no se desperdicie ning\u00fan ingrediente precioso.<\/p>\n<ol start=\"2\">\n<li><b><\/b><strong><b>Experiencia de gama alta<\/b><\/strong><\/li>\n<\/ol>\n<p>El dise\u00f1o curvo extremo cuenta con l\u00edneas suaves y una sensaci\u00f3n c\u00f3moda, mejorando significativamente el producto&#8217; agarre y atractivo visual, lo que lo hace perfecto para las marcas dirigidas al mercado de gama media a alta.<\/p>\n<ol start=\"3\">\n<li><b><\/b><strong><b>Fuerte protecci\u00f3n<\/b><\/strong><\/li>\n<\/ol>\n<p>Las excelentes propiedades de sellado proporcionan una mejor protecci\u00f3n para el contenido, reduciendo la oxidaci\u00f3n y la contaminaci\u00f3n. Esto es particularmente adecuado para formulaciones que contienen ingredientes activos o aquellas con altos requisitos para sistemas de conservaci\u00f3n.<\/p>\n<p>&nbsp;<\/p>\n<h2><strong>Escenarios de aplicaci\u00f3n del producto<\/strong><\/h2>\n<p><strong>Ventajas de la marca del producto<\/strong><\/p>\n<ol>\n<li><strong><b> Productos de esencia de gama alta<\/b><\/strong><\/li>\n<\/ol>\n<p>Los productos de tipo esencia t\u00edpicamente tienen altas concentraciones de ingredientes activos y son caros por unidad. Los consumidores necesitan un control preciso sobre la cantidad utilizada (1-2 granos del tama\u00f1o de soja cada vez). La salida de di\u00e1metro de 30 calibres es adecuada para cumplir con este requisito y evita el desperdicio. La sensaci\u00f3n refinada del extremo redondeado y sellado tambi\u00e9n se alinea con el posicionamiento de gama alta de los productos esenciales.<\/p>\n<p><strong><b>Productos de cuidado 2.Eye<\/b><\/strong><\/p>\n<p>Crema para ojos, esencia para ojos, gel de m\u00e1scara para ojos.<\/p>\n<p>El \u00e1rea de los ojos es fr\u00e1gil, y solo se necesita una cantidad muy peque\u00f1a (solo el tama\u00f1o de un grano de arroz por uso). El di\u00e1metro fino del tubo evita eficazmente tomar demasiado, asegurando la higiene y el control de costos. El dise\u00f1o redondeado tiene una sensaci\u00f3n suave y se alinea con la naturaleza suave de los productos de cuidado ocular.<\/p>\n<ol start=\"3\">\n<li><strong><b> Productos de cuidado local<\/b><\/strong><\/li>\n<\/ol>\n<ul>\n<li>Productos: Gel de acn\u00e9, Esencia para aclarar manchas locales, Productos para el cuidado de grietas nasales, Crema para reparar cicatrices.<\/li>\n<li>Motivo: Estos productos se pueden aplicar en un \u00e1rea localizada y peque\u00f1a, y la boquilla de 30 mm permite dispensar con precisi\u00f3n la cantidad requerida, evitando la contaminaci\u00f3n de la piel circundante y reduciendo los residuos.<\/li>\n<\/ul>\n<ol start=\"4\">\n<li>Productos de alta viscosidad\/similares a pastas<\/li>\n<\/ol>\n<ul>\n<li>Productos: Esencia de Vitamina C de Alta Concentraci\u00f3n (f\u00f3rmula anhidra), M\u00e1scara para dormir, Primer de maquillaje, Crema protectora solar (en forma s\u00f3lida).<\/li>\n<\/ul>\n<p>&nbsp;<\/p>\n<h2><strong>Servicios personalizados<\/strong><\/h2>\n<p><strong><b>Fase 1: Consulta y comunicaci\u00f3n Contacto inicial<\/b><\/strong><\/p>\n<p>&nbsp;<\/p>\n<p>\u2460 Recibir consulta y asignar al gerente de negocios para contactar<\/p>\n<p>\u2461 Hemos comprendido previamente los requisitos de la investigaci\u00f3n<\/p>\n<p>&nbsp;<\/p>\n<p><strong><b>Detalles comunicaci\u00f3n de la r<\/b><\/strong><strong><b>serie de sellos de arco ound<\/b><\/strong><strong><b>\u00a0<\/b><\/strong><strong><b>El T<\/b><\/strong><strong><b>UB<\/b><\/strong><strong><b>e<\/b><\/strong><\/p>\n<p>&nbsp;<\/p>\n<p>\u2460 Capacidad del tubo: \u00bfCu\u00e1ntos mililitros necesita llenar?<\/p>\n<p>\u2461 Tama\u00f1o del tubo: Di\u00e1metro del tubo<\/p>\n<p>\u2462 Longitud del tubo: la longitud de la manguera se determina seg\u00fan la capacidad y el di\u00e1metro del tubo.<\/p>\n<p>\u2463 Confirmaci\u00f3n de forma de cierre de cola.<\/p>\n<p>\u2464 Determinaci\u00f3n del contenido del producto: \u00bfPor ejemplo, si contiene componentes como aceites, \u00e1cidos o alcoholes?  \u00bfSon corrosivos o permeables? La determinaci\u00f3n del nivel de pH tambi\u00e9n juega un papel en la selecci\u00f3n de materiales de manguera. Estos factores determinan colectivamente si se requiere una capa de barrera durante la producci\u00f3n.<\/p>\n<p>\u2465  Mercado objetivo y confirmaci\u00f3n regulatoria:<\/p>\n<p>\u00bfD\u00f3nde se vende el producto?  \u00bfEst\u00e1 de acuerdo con las regulaciones locales?  \u00bfNecesita proporcionar prueba de cumplimiento con los materiales?<\/p>\n<p>\u2466 Confirme el color del cuerpo del tubo<\/p>\n<p>Por ejemplo, \u00bfnecesita personalizar tubos de colores o tubos transparentes o tubos blancos?  \u00bfNecesitas tener efectos perlosos y as\u00ed sucesivamente? Confirme el aceite ligero: aceite brillante, helado, suave.<\/p>\n<p>\u2467 Proceso de impresi\u00f3n determinado:<\/p>\n<p>Si se requiere la impresi\u00f3n offset, \u00bfcu\u00e1ntos colores se requieren y qu\u00e9 parte del texto y el patr\u00f3n se requieren?<\/p>\n<p>Si se necesita serigraf\u00eda, \u00bfqu\u00e9 parte del texto y el patr\u00f3n se requieren para la serigraf\u00eda?<\/p>\n<p>Si necesita estampado en caliente, \u00bfqu\u00e9 parte del texto y el patr\u00f3n se requiere para estampado en caliente?<\/p>\n<p>Si se requiere el etiquetado, \u00bfcu\u00e1les son los requisitos de calidad para el papel objetivo?  \u00bfCu\u00e1les son los mejores?  \u00bfCu\u00e1les son los generales?<\/p>\n<p>O los procesos anteriores se pueden combinar juntos, especificando qu\u00e9 parte es qu\u00e9 proceso.<\/p>\n<p>\u2468 M\u00e9todo de sellado<\/p>\n<p>Cola de sellado: Esta manguera se caracteriza por un dise\u00f1o de cola irregular. Generalmente, esta manguera se selecciona como el sello de cola predeterminado. La cola de sellado generalmente tiene textura recta, forma irregular, arco, textura diagonal, etc. Cola de apertura de tapa de bloqueo: Confirme si la boca de la botella necesita ser fijada con foie de aluminio.<\/p>\n<p>\u2469 Determinaci\u00f3n de la manguera con tapa: \u00bfNecesita una tapa de tornillo o una tapa giratoria?  \u00bfEs necesario el posicionamiento? Determine el tama\u00f1o, tipo, color y proceso de fabricaci\u00f3n de la tapa. Tap\u00f3n para boca de botella de manguera: Este dise\u00f1o no requiere un tap\u00f3n para la boca de botella de manguera.<\/p>\n<p>\u246a Determinar el m\u00e9todo de envasado<\/p>\n<p>\u246b Determinar el canal de entrega: mar, aire u otro?<\/p>\n<ol>\n<li>Comunicarse para determinar si se necesita el desarrollo del moho.<\/li>\n<\/ol>\n<p>2.Dependiendo de si el perfil de diente de manguera confirmado y el dise\u00f1o de sello de cola requieren el desarrollo adicional de moldes personalizados, la serie de dise\u00f1o de sello de cola en forma de dibujos animados en esta cadena es para el desarrollo de nuevos moldes.<\/p>\n<p>3.De acuerdo con el plan anterior, se proporcionar\u00e1 una cotizaci\u00f3n detallada que incluye: cuota de apertura del molde, cuota de muestra, precio unitario del producto y cuota de transporte.<\/p>\n<p><strong><b>Fase 2: Dise\u00f1o y producci\u00f3n de muestras<\/b><\/strong><\/p>\n<p>Despu\u00e9s de que el seguimiento comercial confirme la intenci\u00f3n de cooperaci\u00f3n, entra en la etapa de convertir los requisitos en objetos f\u00edsicos.<\/p>\n<p>La marca paga el costo del molde que dise\u00f1amos y desarrollamos el molde de acuerdo con el tama\u00f1o confirmado del dise\u00f1o de la tuber\u00eda y la cola este paso generalmente toma 20-30 d\u00edas.<\/p>\n<p>1 Confirmaci\u00f3n del manuscrito del dise\u00f1o<\/p>\n<ol>\n<li>La marca proporciona el manuscrito de dise\u00f1o en AI o PDF, etc. Nuestros ingenieros comprobar\u00e1n si se cumplen el tama\u00f1o, el color, el tama\u00f1o, el proceso, la l\u00ednea de sangrado y otros requisitos del manuscrito de dise\u00f1o, y proporcionar\u00e1n sugerencias y ajustes para la modificaci\u00f3n.<\/li>\n<li>Si no, se proporcionar\u00e1 un conjunto de tubo de muestra y cubierta de muestra para que nuestro dise\u00f1ador haga referencia al dise\u00f1o.<\/li>\n<li>Despu\u00e9s del desarrollo del molde de producci\u00f3n de muestras, organizaremos la producci\u00f3n y haremos muestras lo m\u00e1s cerca posible de la producci\u00f3n de lotes grandes de acuerdo con el manuscrito de dise\u00f1o confirmado para que la marca finalmente confirme todos los detalles.<\/li>\n<\/ol>\n<p>La marca necesita revisar estrictamente la muestra y volver a firmar el libro de muestras despu\u00e9s de la confirmaci\u00f3n. Utilizaremos este documento como est\u00e1ndar de aceptaci\u00f3n para la posterior producci\u00f3n de grandes mercanc\u00edas.<\/p>\n<p><strong><b>Fase 3: Producci\u00f3n en masa (producci\u00f3n y control de calidad)<\/b><\/strong>\u00a0<strong><b>Producci\u00f3n<\/b><\/strong>: Al recibir la orden oficial y el dep\u00f3sito de la marca, adquirimos materias primas e iniciamos la producci\u00f3n en masa. Durante la fabricaci\u00f3n, los inspectores de calidad realizan muestreos aleatorios para garantizar est\u00e1ndares de calidad consistentes en todos los procesos. Inspecci\u00f3n completa: Despu\u00e9s de la finalizaci\u00f3n de la producci\u00f3n, los inspectores realizan controles de calidad completos en los productos terminados y emiten un informe de inspecci\u00f3n de calidad.<\/p>\n<p><strong><b>\u00a0Fase 4: Env\u00edo y Embalaje de entrega:<\/b><\/strong>\u00a0Los productos est\u00e1n envasados seg\u00fan las especificaciones y etiquetados con marcas de env\u00edo. Pago de marca: Al recibir el pago final, organizamos el transporte log\u00edstico de acuerdo con el cronograma de entrega del contrato. Fase 5: Servicio posventa Abordamos los comentarios de los clientes y resolvemos posibles problemas relacionados con el servicio.<\/p>\n<h2><\/h2>\n<p>&nbsp;<\/p>\n<p>&nbsp;<\/p>","protected":false},"excerpt":{"rendered":"<p>Sellos de arco redondo de pl\u00e1stico Hongyi serie tubo 30-40ml \/ 1.00-1.35fl.0z El extremo de la cola es liso y curvo, sin esquinas afiladas. Tiene una apariencia elegante y refinada, se siente c\u00f3modo al tacto y casi no tiene manchas muertas cuando se apriete hasta el final, lo que resulta en una alta utilizaci\u00f3n del producto.<\/p>\n<p>Aplicaciones recomendadas: productos de esencia de gama alta, productos de cuidado ocular, productos de cuidado local, m\u00e1scaras para dormir, crema protector solar y as\u00ed sucesivamente.<\/p>","protected":false},"featured_media":2504,"comment_status":"closed","ping_status":"closed","template":"","meta":[],"product_brand":[],"product_cat":[30,15],"product_tag":[],"class_list":{"0":"post-2357","1":"product","2":"type-product","3":"status-publish","4":"has-post-thumbnail","6":"product_cat-arc-series","7":"product_cat-artistic-design-plastic-tube","9":"first","10":"instock","11":"shipping-taxable","12":"product-type-simple"},"_links":{"self":[{"href":"https:\/\/www.hongyitube.com\/es\/wp-json\/wp\/v2\/product\/2357","targetHints":{"allow":["GET"]}}],"collection":[{"href":"https:\/\/www.hongyitube.com\/es\/wp-json\/wp\/v2\/product"}],"about":[{"href":"https:\/\/www.hongyitube.com\/es\/wp-json\/wp\/v2\/types\/product"}],"replies":[{"embeddable":true,"href":"https:\/\/www.hongyitube.com\/es\/wp-json\/wp\/v2\/comments?post=2357"}],"wp:featuredmedia":[{"embeddable":true,"href":"https:\/\/www.hongyitube.com\/es\/wp-json\/wp\/v2\/media\/2504"}],"wp:attachment":[{"href":"https:\/\/www.hongyitube.com\/es\/wp-json\/wp\/v2\/media?parent=2357"}],"wp:term":[{"taxonomy":"product_brand","embeddable":true,"href":"https:\/\/www.hongyitube.com\/es\/wp-json\/wp\/v2\/product_brand?post=2357"},{"taxonomy":"product_cat","embeddable":true,"href":"https:\/\/www.hongyitube.com\/es\/wp-json\/wp\/v2\/product_cat?post=2357"},{"taxonomy":"product_tag","embeddable":true,"href":"https:\/\/www.hongyitube.com\/es\/wp-json\/wp\/v2\/product_tag?post=2357"}],"curies":[{"name":"WP","href":"https:\/\/api.w.org\/{rel}","templated":true}]}}