{"id":2322,"date":"2025-07-11T18:20:45","date_gmt":"2025-07-11T10:20:45","guid":{"rendered":"https:\/\/www.hongyitube.com\/product\/%cf%8616-lip-care-soft-tube-packaging-bottle-lip-gloss-lip-oil-lip-gloss-lip-glaze-soft-tube-packaging-bottle-soft-tube-bottle-packaging-bottle-1-3\/"},"modified":"2026-01-14T11:14:08","modified_gmt":"2026-01-14T03:14:08","slug":"19-ceramic-massage-head-plastic-tube","status":"publish","type":"product","link":"https:\/\/www.hongyitube.com\/es\/product\/19-ceramic-massage-head-plastic-tube\/","title":{"rendered":"\u03a619 tubo pl\u00e1stico de cabeza de masaje de cer\u00e1mica &#8211; pl\u00e1stico Hongyi"},"content":{"rendered":"<p>Hongyi pl\u00e1stico \u03a619 cer\u00e1mica masaje cabeza tubo pl\u00e1stico, llenado Capacity3ml-15ml \/ 0.10-0.51fl.oz.<\/p>\n<p>&nbsp;<\/p>\n<p>Este tubo suave de cuidado labial de gama alta de 19 mm, que combina perfectamente el arte tradicional ruso con la tecnolog\u00eda moderna de belleza. Est\u00e1 disponible en cuerpos de tubo blanco y transparente, ambos con vibrantes y coloridos patrones de mu\u00f1eca nidada rusa, creados utilizando tecnolog\u00eda de serigraf\u00eda de alta definici\u00f3n. La innovadora combinaci\u00f3n de una punta de labio de cer\u00e1mica proporciona una experiencia de aplicaci\u00f3n fresca y suave, mientras que una tapa externa transparente garantiza la higiene. El dise\u00f1o abierto permite un llenado preciso de 15-20 ml, lo que lo convierte en un envase de calidad profesional para un producto labial que es a la vez una obra de arte y excepcional en t\u00e9rminos de experiencia de usuario.<\/p>\n<p>Material del cuerpo:<\/p>\n<ul>\n<li>Opci\u00f3n A: Material PE blanco (blanco de alta pureza)<\/li>\n<li>Opci\u00f3n B: Material PETG transparente (alta transparencia)<\/li>\n<li>Proceso de formaci\u00f3n: cuerpo de tubo redondo de 19 mm con control de volumen preciso<\/li>\n<li>Artesan\u00eda decorativa:<\/li>\n<li>Impresi\u00f3n offset de alta definici\u00f3n con dise\u00f1o de mu\u00f1eca anidada (impresi\u00f3n en color precisa y vibrante)<\/li>\n<li>Capa protectora UV brillante<\/li>\n<li>Sistema de cabeza de labio:<\/li>\n<li>Punta de labio especial de cer\u00e1mica<\/li>\n<li>Acabado superficial liso, excelente conductividad t\u00e9rmica<\/li>\n<li>Sistema de sellado:<\/li>\n<li>Cubierta exterior acr\u00edlica transparente<\/li>\n<li>Dise\u00f1o abierto (OFC)<\/li>\n<\/ul>\n<p><strong><b>Aplicaciones recomendadas:<\/b><\/strong><\/p>\n<ol>\n<li>Selecci\u00f3n de doble visi\u00f3n<\/li>\n<\/ol>\n<ul>\n<li>Tubo blanco: Destacar la vividez de la mu\u00f1eca&#8217; patr\u00f3n s<\/li>\n<li>Un tubo transparente: una representaci\u00f3n f\u00edsica del contenido<\/li>\n<\/ul>\n<ol start=\"2\">\n<li>Las ventajas de los labios de cer\u00e1mica<\/li>\n<\/ol>\n<ul>\n<li>El tacto fr\u00edo calma los labios<\/li>\n<li>Aplicar suavemente sin tirar<\/li>\n<li>F\u00e1cil de limpiar y sin residuos<\/li>\n<\/ul>\n<ol start=\"3\">\n<li>Dise\u00f1o de capacidad de precisi\u00f3n<\/li>\n<\/ol>\n<ul>\n<li>15-20ml Mejor capacidad de uso<\/li>\n<li>Dise\u00f1o de extremo abierto para garantizar la precisi\u00f3n del llenado<\/li>\n<\/ul>\n<ol start=\"4\">\n<li>Valor de la colecci\u00f3n de arte<\/li>\n<\/ol>\n<ul>\n<li>Elementos de la cultura tradicional de mu\u00f1ecas rusas<\/li>\n<li>Hermosos patrones son coleccionables<\/li>\n<\/ul>\n<h3><strong><b>\u00a0Atributos del producto\u00a0<\/b><\/strong><\/h3>\n<ol>\n<li>Selecci\u00f3n de doble visi\u00f3n<\/li>\n<\/ol>\n<ul>\n<li>Tubo blanco: Destacar la vividez de la mu\u00f1eca&#8217; patr\u00f3n s<\/li>\n<li>Un tubo transparente: una representaci\u00f3n f\u00edsica del contenido<\/li>\n<\/ul>\n<ol start=\"2\">\n<li>Las ventajas de los labios de cer\u00e1mica<\/li>\n<\/ol>\n<ul>\n<li>El tacto fr\u00edo calma los labios<\/li>\n<li>Aplicar suavemente sin tirar<\/li>\n<li>F\u00e1cil de limpiar y sin residuos<\/li>\n<\/ul>\n<ol start=\"3\">\n<li>Dise\u00f1o de capacidad de precisi\u00f3n<\/li>\n<\/ol>\n<ul>\n<li>15-20ml Mejor capacidad de uso<\/li>\n<li>Dise\u00f1o de extremo abierto para garantizar la precisi\u00f3n del llenado<\/li>\n<\/ul>\n<ol start=\"4\">\n<li>Valor de la colecci\u00f3n de arte<\/li>\n<\/ol>\n<ul>\n<li>Elementos de la cultura tradicional de mu\u00f1ecas rusas<\/li>\n<li>Hermosos patrones son coleccionables<\/li>\n<\/ul>","protected":false},"excerpt":{"rendered":"<ul>\n<li><b><\/b><strong><b>Dise\u00f1o del cuerpo del tubo<\/b><\/strong>.<\/li>\n<\/ul>\n<p>El concepto de dise\u00f1o del embalaje de manguera es integrar &#8220; arte tradicional&#8221; con &#8220; tecnolog\u00eda moderna. &#8221;<\/p>\n<ul>\n<li>Dise\u00f1o del patr\u00f3n:<\/li>\n<li>Patr\u00f3n de dise\u00f1o de estilo mu\u00f1eca de anido cl\u00e1sico<\/li>\n<li>Impresi\u00f3n multicolor de alta calidad<\/li>\n<li>Dise\u00f1o estructural:<\/li>\n<li>Punta de labios de cer\u00e1mica: dise\u00f1o en \u00e1ngulo de 45 grados<\/li>\n<li>Cubierta exterior transparente: dise\u00f1o de pantalla panor\u00e1mica<\/li>\n<li>Sistema de color:<\/li>\n<li>White Tube Version: Colores v\u00edvidos y brillantes en el dise\u00f1o<\/li>\n<li>Versi\u00f3n transparente: textura fresca, brillante y transparente<\/li>\n<\/ul>\n<p><strong>Ventajas del producto:<\/strong><\/p>\n<ol>\n<li>Mejora de la experiencia del usuario<\/li>\n<\/ol>\n<ul>\n<li>La cabeza de cer\u00e1mica proporciona una sensaci\u00f3n fresca refrescante, mejorando la comodidad general de uso.<\/li>\n<li>Aplicaci\u00f3n suave reduce la fricci\u00f3n en los labios<\/li>\n<\/ul>\n<ol start=\"2\">\n<li>Visualmente sorprendente<\/li>\n<\/ol>\n<ul>\n<li>El conjunto de mu\u00f1ecas anidadas presenta un dise\u00f1o \u00fanico y llamativo.<\/li>\n<li>Dos tipos de cuerpos de tubo est\u00e1n disponibles para satisfacer diversas necesidades.<\/li>\n<\/ul>\n<ol start=\"3\">\n<li>Rendimiento de higiene excepcional<\/li>\n<\/ol>\n<ul>\n<li>Cabeza de cer\u00e1mica, antibacteriana y f\u00e1cil de limpiar<\/li>\n<li>Cubierta exterior para la protecci\u00f3n contra el polvo y la contaminaci\u00f3n<\/li>\n<\/ul>\n<ol start=\"4\">\n<li>Valor mejorado del producto<\/li>\n<\/ol>\n<ul>\n<li>Embalaje artesanal eleva el producto&#8217; estado.<\/li>\n<li>El material cer\u00e1mico encarna una b\u00fasqueda de calidad.<\/li>\n<\/ul>\n<p><b><\/b><strong>Escenarios de aplicaci\u00f3n para el producto:<\/strong><\/p>\n<p>Marca de maquillaje: botella \/ recipiente \/ botella de empaquetado en miniatura de productos de labios especializados<\/p>\n<ul>\n<li>Edici\u00f3n limitada festiva: Navidad y A\u00f1o Nuevo Edici\u00f3n limitada de embalaje de cuidado de los labios Botella \/ contenedor \/ botella en miniatura<\/li>\n<li>Mercado de regalos: L\u00e1piz labial, embalaje de regalo cosm\u00e9tico, botella \/ botella de embalaje \/ botella de embalaje en miniatura<\/li>\n<\/ul>\n<p>Canal de gama alta: Contador de cosm\u00e9ticos, tienda boutique, botella de embalaje de cuidado labial \/ recipiente \/ botella en miniatura<\/p>","protected":false},"featured_media":2610,"comment_status":"closed","ping_status":"closed","template":"","meta":[],"product_brand":[],"product_cat":[33,27],"product_tag":[],"class_list":{"0":"post-2322","1":"product","2":"type-product","3":"status-publish","4":"has-post-thumbnail","6":"product_cat-lip-care","7":"product_cat-makeup-plastic-tube","9":"first","10":"instock","11":"shipping-taxable","12":"purchasable","13":"product-type-simple"},"_links":{"self":[{"href":"https:\/\/www.hongyitube.com\/es\/wp-json\/wp\/v2\/product\/2322","targetHints":{"allow":["GET"]}}],"collection":[{"href":"https:\/\/www.hongyitube.com\/es\/wp-json\/wp\/v2\/product"}],"about":[{"href":"https:\/\/www.hongyitube.com\/es\/wp-json\/wp\/v2\/types\/product"}],"replies":[{"embeddable":true,"href":"https:\/\/www.hongyitube.com\/es\/wp-json\/wp\/v2\/comments?post=2322"}],"wp:featuredmedia":[{"embeddable":true,"href":"https:\/\/www.hongyitube.com\/es\/wp-json\/wp\/v2\/media\/2610"}],"wp:attachment":[{"href":"https:\/\/www.hongyitube.com\/es\/wp-json\/wp\/v2\/media?parent=2322"}],"wp:term":[{"taxonomy":"product_brand","embeddable":true,"href":"https:\/\/www.hongyitube.com\/es\/wp-json\/wp\/v2\/product_brand?post=2322"},{"taxonomy":"product_cat","embeddable":true,"href":"https:\/\/www.hongyitube.com\/es\/wp-json\/wp\/v2\/product_cat?post=2322"},{"taxonomy":"product_tag","embeddable":true,"href":"https:\/\/www.hongyitube.com\/es\/wp-json\/wp\/v2\/product_tag?post=2322"}],"curies":[{"name":"WP","href":"https:\/\/api.w.org\/{rel}","templated":true}]}}