{"id":2254,"date":"2025-07-11T18:21:21","date_gmt":"2025-07-11T10:21:21","guid":{"rendered":"https:\/\/www.hongyitube.com\/product\/%cf%8650-pe-plastic-tube-refilling-bottle-skin-care-cosmetics-lotion-special-refilling-bottle-colored-transparent-skin-care-plastic-tube-1-2\/"},"modified":"2026-01-10T16:15:09","modified_gmt":"2026-01-10T08:15:09","slug":"50-pe-plastic-tube-refilling-bottle-skin-care-cosmetics-lotion-special-refilling-bottle-colored-transparent-skin-care-plastic-tube-2","status":"publish","type":"product","link":"https:\/\/www.hongyitube.com\/es\/product\/50-pe-plastic-tube-refilling-bottle-skin-care-cosmetics-lotion-special-refilling-bottle-colored-transparent-skin-care-plastic-tube-2\/","title":{"rendered":"50 PE tubo de pl\u00e1stico botella de relleno, cosm\u00e9ticos de cuidado de la piel loci\u00f3n especial botella de relleno, tubo de pl\u00e1stico de cuidado de la piel transparente de color-2"},"content":{"rendered":"<p>Descripci\u00f3n del producto de 50 mm de di\u00e1metro, 200 g \/ ml, patr\u00f3n floral \u00e9tnico retro PE material de envasado de tubo suave \/ recipiente \/ botella:<\/p>\n<p>Este producto es un tubo dispensador port\u00e1til inspirado en el esp\u00edritu bohemio de libertad y los pintorescos paisajes del Mediterr\u00e1neo. El cuerpo del tubo presenta patrones florales \u00e9tnicos retro vibrantes, con un sorprendente esquema de colores de turquesa y amarillo brillante, que evoca instant\u00e1neamente im\u00e1genes agradables de sol, playas y vacaciones. El tubo de 50 mm de di\u00e1metro viene con una tapa de tornillo de perfil bajo o cierre con capucha. Dise\u00f1ado con elegancia y ligereza en mente, est\u00e1 adaptado a los estilos de vida m\u00f3viles modernos. Soporta el llenado frontal y el sellado de paredes rectas, combinado con un mecanismo de bloqueo de pel\u00edcula adhesiva de extremo abierto, lo que garantiza un sellado seguro. Se puede presionar repetidamente sin deformarse, lo que lo convierte en una opci\u00f3n elegante y pr\u00e1ctica para dispensar varios fluidos.<\/p>\n<p>El material del di\u00e1metro de 50 mm, 200 g \/ ml, patr\u00f3n floral \u00e9tnico retro PE material de envasado de tubo suave \/ recipiente \/ botella:<\/p>\n<ul>\n<li>Cuerpo del tubo: Hecho de material de polietileno (PE) de alta calidad, es ligero, flexible y cumple con las normas de seguridad y protecci\u00f3n ambiental.<\/li>\n<li>Proceso de impresi\u00f3n: Utiliza tecnolog\u00eda avanzada de impresi\u00f3n offset de recubrimiento plano, lo que resulta en colores vibrantes y uniformes con un acabado mate, ofreciendo durabilidad y resistencia al desgaste.<\/li>\n<li>Cuerpo de la cubierta: Hecho de material de inyecci\u00f3n de PP de alta calidad, con varias opciones de color (como blanco marfil, naranja coral, azul navide\u00f1o) tanto para tapas de tornillo de perfil bajo como para tapas flip-top, con un excelente rendimiento de sellado.<\/li>\n<li>Sellado: Un proceso de sellado t\u00e9rmico robusto y texturizado garantiza que el producto permanezca libre de fugas. Un dise\u00f1o opcional de pel\u00edcula adhesiva de extremo abierto proporciona protecci\u00f3n de sellado secundaria para el contenido.<\/li>\n<\/ul>\n<p><strong><b>Aplicaciones recomendadas <\/b><\/strong>:<\/p>\n<p>Uso recomendado para este 50 mm de di\u00e1metro, 200 g \/ ml, patr\u00f3n floral \u00e9tnico retro PE material de envasado de tubo suave \/ recipiente \/ botella:<\/p>\n<p>La industria de belleza y cuidado de la piel:<\/p>\n<p>&nbsp;<\/p>\n<ul>\n<li>Se\u00f1ora: Empaquete protector solar, aceites corporales, jabones de ba\u00f1o o cremas vibrantes de pre-maquillaje, con dise\u00f1os tem\u00e1ticos de vacaciones que complementan perfectamente los escenarios de viajes de verano y cuidado de la piel en la playa.<\/li>\n<li>Versi\u00f3n masculina: Dise\u00f1ada para llevar gel de afeitar, loci\u00f3n refrescante o productos de protecci\u00f3n solar. Su dise\u00f1o vibrante rompe la monoton\u00eda y agrega una sensaci\u00f3n de vitalidad.<\/li>\n<li>Productos para ni\u00f1os: repelente de mosquitos envasado individualmente para ni\u00f1os, burbujas de ba\u00f1o suaves y dise\u00f1os coloridos que captan la atenci\u00f3n de los ni\u00f1os.<\/li>\n<\/ul>\n<p>&nbsp;<\/p>\n<p>Industria de pomadas farmac\u00e9uticas y mantenimiento de maquinaria:<\/p>\n<p>&nbsp;<\/p>\n<ul>\n<li>Envase peque\u00f1as dosis de gel analg\u00e9sico, ung\u00fcento de reparaci\u00f3n o lubricante para cadenas de bicicletas en colores distintos para facilitar la identificaci\u00f3n dentro de una caja de herramientas.<\/li>\n<\/ul>\n<p>&nbsp;<\/p>\n<p>La industria de pigmentos qu\u00edmicos industriales:<\/p>\n<p>&nbsp;<\/p>\n<ul>\n<li>Ideal para dispensar pigmentos artesanales, agentes de te\u00f1ido de cuero o adhesivos de reparaci\u00f3n a peque\u00f1a escala. El dise\u00f1o art\u00edstico del cuerpo del tubo ayuda a disminuir la dureza de los productos industriales, lo que lo hace m\u00e1s atractivo para los entusiastas de los art\u00edculos artesanales.<\/li>\n<\/ul>\n<h3><b>1.\u00a0 <\/b><strong><b>Atributos del producto\u00a0<\/b><\/strong><\/h3>\n<p>Caracter\u00edsticas del di\u00e1metro de 50 mm, 200 g \/ ml, patr\u00f3n floral \u00e9tnico retro PE material de envasado de tubo suave \/ recipiente \/ botella:<\/p>\n<ul>\n<li>Valor emocional visual: Los distintivos patrones \u00e9tnicos vintage no solo sirven como un recipiente, sino que tambi\u00e9n act\u00faan como accesorios elegantes que transmiten el estilo personal y las actitudes de estilo de vida.<\/li>\n<li>Portabilidad excepcional: su cuerpo compacto y dise\u00f1o ligero hacen que sea f\u00e1cil encajar en cualquier bolso o bolsillo.<\/li>\n<li>Duradero y duradero: El material PE asegura que el cuerpo del tubo pueda volver a su forma original despu\u00e9s de la compresi\u00f3n repetida, y no se deforme o rompa f\u00e1cilmente.<\/li>\n<li>Embalaje higi\u00e9nico: El proceso de llenado frontal evita la contaminaci\u00f3n, y la pel\u00edcula adhesiva y el dise\u00f1o de la tapa de bloqueo aseguran que el contenido restante permanezca limpio incluso despu\u00e9s de la apertura.<\/li>\n<li>Dise\u00f1o listo para usar: No se necesitan herramientas adicionales; simplemente abra la tapa y utilice. El mecanismo de compresi\u00f3n garantiza un control preciso y conveniente de la cantidad.<\/li>\n<\/ul>","protected":false},"excerpt":{"rendered":"<p><b><\/b><strong><b>Dise\u00f1o del cuerpo del tubo<\/b><\/strong>.<\/p>\n<p>El dise\u00f1o del cuerpo del tubo para el di\u00e1metro de 50 mm, 200 g \/ ml, patr\u00f3n floral \u00e9tnico retro PE material de envasado de tubo suave \/ recipiente \/ botella:<\/p>\n<ul>\n<li>El motivo central presenta flores de m\u00faltiples capas simplificadas en forma de anillo (como la manzanilla) adornadas con l\u00edneas de vid que fluyen, simbolizando la libertad y la vitalidad. Los tonos azul-verde evocan la tranquilidad del oc\u00e9ano, mientras que los manchas amarillas brillantes lo infunden con la energ\u00eda de la luz solar.<\/li>\n<li>Dise\u00f1o ingenioso: Empleando una composici\u00f3n asim\u00e9trica, el dise\u00f1o se centra en el lado del tubo, mientras que el otro lado se deja en gran parte en blanco. Este dise\u00f1o crea un fuerte impacto visual al tiempo que proporciona un espacio amplio, claro y profesional para elementos de marca, descripciones de ingredientes o etiquetas personalizadas.<\/li>\n<li>Fusi\u00f3n de textura: La textura de impresi\u00f3n mate se puede combinar con cuerpos de tubo mate o de alto brillo, mejorando tanto la experiencia t\u00e1ctil como el sentido general de sofisticaci\u00f3n.<\/li>\n<\/ul>\n<p>Las ventajas del di\u00e1metro de 50 mm, 200 g \/ ml, patr\u00f3n floral \u00e9tnico retro PE material de envasado de tubo blando \/ recipiente \/ botella:<\/p>\n<ul>\n<li>Dise\u00f1o impulsado emocionalmente para impulsar las compras: los envases altamente atractivos pueden evocar directamente la resonancia emocional y los deseos de compra en los consumidores, lo que lo hace particularmente eficaz para las pantallas de redes sociales y mejorar la visibilidad de la marca.<\/li>\n<li>Transiciones sin problemas a trav\u00e9s de diferentes entornos: desde el vestidor en el ba\u00f1o hasta la bolsa de playa de viaje, hasta el banco de trabajo o la caja de herramientas, su dise\u00f1o se puede integrar armoniosamente en varios entornos.<\/li>\n<li>Mejorar la imagen de la marca: Este dise\u00f1o transmite efectivamente los valores de la marca de estilo, optimismo y atenci\u00f3n a la est\u00e9tica de la vida, que son beneficiosos para los propietarios de la marca.<\/li>\n<li>Respectuoso con el medio ambiente y rentabilidad: se puede rellenar m\u00faltiples veces, lo que alienta a los consumidores a reducir los residuos de envases de un solo uso, lo que lo hace muy atractivo para los consumidores extranjeros que priorizan la sostenibilidad.<\/li>\n<li>La fusi\u00f3n de estilos \u00e9tnicos y elementos inspirados en las vacaciones ha ganado una amplia aceptaci\u00f3n y comentarios positivos en mercados como Europa, Am\u00e9rica del Norte, Australia, Nueva Zelanda y el sudeste asi\u00e1tico.<\/li>\n<\/ul>\n<p><strong><b>Escenarios en los que el di\u00e1metro de 50 mm, 200 g \/ ml, patr\u00f3n floral \u00e9tnico retro PE tubo blando material de envasado \/ recipiente \/ botella puede ser utilizado:<\/b><\/strong><\/p>\n<ul>\n<li>Vacaciones y Viajes: Un compa\u00f1ero perfecto para vacaciones en la isla, excursiones de acampamiento de fin de semana y vuelos de larga distancia, ideal para organizar todos los art\u00edculos de cuidado personal.<\/li>\n<li>Fitness y actividades al aire libre: Lleve geles calmantes despu\u00e9s del ejercicio, protector solar impermeable o cremas para aumentar la energ\u00eda.<\/li>\n<li>Viajes y desplazamientos diarios: Envase grandes botellas de productos para el cuidado de la piel y art\u00edculos para el cuidado personal en recipientes que cumplan con las regulaciones de aviaci\u00f3n, lo que los hace convenientes para viajes de negocios.<\/li>\n<li>Trabajo creativo y pasatiempos: Utilizado por artistas y artesanos para empaquetar pigmentos especializados, adhesivos decorativos y otros materiales.<\/li>\n<li>Mercado promocional y de regalos: su embalaje altamente distintivo lo convierte en una opci\u00f3n ideal para colaboraciones de promoci\u00f3n cruzada de marcas, cajas de regalos de edici\u00f3n limitada con temas de vacaciones o comodidades de hotel de gama alta.<\/li>\n<\/ul>","protected":false},"featured_media":4019,"comment_status":"closed","ping_status":"closed","template":"","meta":[],"product_brand":[],"product_cat":[29,49],"product_tag":[],"class_list":{"0":"post-2254","1":"product","2":"type-product","3":"status-publish","4":"has-post-thumbnail","6":"product_cat-skin-care-plastic-tube","7":"product_cat-50-pe-plastic-tube","9":"first","10":"instock","11":"shipping-taxable","12":"purchasable","13":"product-type-simple"},"_links":{"self":[{"href":"https:\/\/www.hongyitube.com\/es\/wp-json\/wp\/v2\/product\/2254","targetHints":{"allow":["GET"]}}],"collection":[{"href":"https:\/\/www.hongyitube.com\/es\/wp-json\/wp\/v2\/product"}],"about":[{"href":"https:\/\/www.hongyitube.com\/es\/wp-json\/wp\/v2\/types\/product"}],"replies":[{"embeddable":true,"href":"https:\/\/www.hongyitube.com\/es\/wp-json\/wp\/v2\/comments?post=2254"}],"wp:featuredmedia":[{"embeddable":true,"href":"https:\/\/www.hongyitube.com\/es\/wp-json\/wp\/v2\/media\/4019"}],"wp:attachment":[{"href":"https:\/\/www.hongyitube.com\/es\/wp-json\/wp\/v2\/media?parent=2254"}],"wp:term":[{"taxonomy":"product_brand","embeddable":true,"href":"https:\/\/www.hongyitube.com\/es\/wp-json\/wp\/v2\/product_brand?post=2254"},{"taxonomy":"product_cat","embeddable":true,"href":"https:\/\/www.hongyitube.com\/es\/wp-json\/wp\/v2\/product_cat?post=2254"},{"taxonomy":"product_tag","embeddable":true,"href":"https:\/\/www.hongyitube.com\/es\/wp-json\/wp\/v2\/product_tag?post=2254"}],"curies":[{"name":"WP","href":"https:\/\/api.w.org\/{rel}","templated":true}]}}