{"id":2200,"date":"2025-07-11T18:21:21","date_gmt":"2025-07-11T10:21:21","guid":{"rendered":"https:\/\/www.hongyitube.com\/product\/%cf%8640-pe-plastic-tube-refilling-bottle-skin-care-cosmetics-lotion-special-refilling-bottle-colored-transparent-skin-care-plastic-tube-1-3\/"},"modified":"2026-01-10T10:29:08","modified_gmt":"2026-01-10T02:29:08","slug":"40-pe-plastic-tube-refilling-bottle-skin-care-cosmetics-lotion-special-refilling-bottle-colored-transparent-skin-care-plastic-tube-3","status":"publish","type":"product","link":"https:\/\/www.hongyitube.com\/es\/product\/40-pe-plastic-tube-refilling-bottle-skin-care-cosmetics-lotion-special-refilling-bottle-colored-transparent-skin-care-plastic-tube-3\/","title":{"rendered":"40 PE tubo de pl\u00e1stico botella de repuesto, cosm\u00e9ticos de cuidado de la piel loci\u00f3n especial botella de repuesto, tubo de pl\u00e1stico de cuidado de la piel transparente de color-3"},"content":{"rendered":"<p>Hongyi pl\u00e1stico de 40 mm de di\u00e1metro, bloque de color multifuncional PE recipiente de envasado de tubo blando con una capacidad de 100 ml es un recipiente de envasado de tubo blando de PE multifuncional de 40 mm de di\u00e1metro con una filosof\u00eda de dise\u00f1o central centrada en \"funcionalismo minimalista y colores cargados emocionalmente\". Tiene una capacidad de 100 mililitros. El cuerpo del tubo cuenta con cuatro colores de base mate de alta saturaci\u00f3n: p\u00farpura, amarillo, rosa y naranja, ofreciendo una gama de opciones de color puras y emocionalmente expresivas. La caracter\u00edstica principal del dise\u00f1o es el 4&#215; Bloque de informaci\u00f3n funcional rectangular blanco de 7 cm impreso centralmente en ambos lados del cuerpo del tubo. Todo el texto clave est\u00e1 impreso con precisi\u00f3n en negro en este bloque de color, creando una \u201cinterfaz de informaci\u00f3n\u201d extremadamente clara y sin distracciones. La superficie general est\u00e1 recubierta con un acabado mate y texturizado, proporcionando una sensaci\u00f3n de alta calidad. El envase cuenta con una combinaci\u00f3n de bocas de tubo de alta calidad y varias tapas giratorias incoloras moldeadas por inyecci\u00f3n, lo que garantiza un excelente sellado y una apertura conveniente con una sola mano. Combinada con un acabado de sellado nervioso, esta soluci\u00f3n equilibra eficazmente la transmisi\u00f3n eficiente de informaci\u00f3n con una portabilidad fiable.<\/p>\n<p>El material del recipiente de envasado de tubo blando de bloque de color multifuncional de 40 mm de di\u00e1metro con una capacidad de 100 ml:<\/p>\n<ul>\n<li>Material primario: El material compuesto de PE mate altamente saturado y de alto brillo asegura que los cuatro colores base son vibrantes, uniformes y no transparentes, con una textura robusta.<\/li>\n<li>Procesos clave:<\/li>\n<li>Serigraf\u00eda de alta cobertura: los bloques de color rectangulares blancos y el texto negro impreso poseen una cobertura y durabilidad excepcionales, lo que garantiza que la informaci\u00f3n permanezca clara y legible con el tiempo.<\/li>\n<li>Revestimiento mate, mate y texturizado: proporciona una sensaci\u00f3n consistente y de gama alta, es resistente al deslizamiento y a las huellas digitales, y agrega un efecto visual suave al color.<\/li>\n<li>Estructura de dise\u00f1o: La combinaci\u00f3n de una abertura de tubo de diente alto y una tapa de diente corta ha optimizado la facilidad de operaci\u00f3n con una sola mano al tiempo que garantiza un sellado fiable. El dise\u00f1o flip-top es particularmente adecuado para escenarios de uso din\u00e1micos.<\/li>\n<\/ul>\n<p><strong><b>Aplicaciones recomendadas <\/b><\/strong>:<\/p>\n<p>Uso recomendado para este recipiente de envasado de tubo suave de bloque de color multifuncional de 40 mm de di\u00e1metro con una capacidad de 100 ml<\/p>\n<p>La industria de belleza y cuidado de la piel.<\/p>\n<ul>\n<li>El mercado femenino:<\/li>\n<li>Tono de piel rosa\/naranja: Adecuado para lociones b\u00e1sicas para el cuidado de la piel, limpiadores suaves y protecci\u00f3n solar diaria, transmitiendo una imagen c\u00e1lida, accesible y saludable.<\/li>\n<li>P\u00farpura: Adecuado para productos de ba\u00f1o calmantes y aliviantes del estr\u00e9s, spray \/ loci\u00f3n que induce el sue\u00f1o y art\u00edculos de cuidado personal con un enfoque en los conceptos de \"meditaci\u00f3n\" o \"espiritualidad\".<\/li>\n<li>Mercado masculino:<\/li>\n<li>Tono de piel amarillo\/naranja: Adecuado para envases llamativos para champ\u00fas de tama\u00f1o de viaje, lavados corporales con temas deportivos y cremas para el rostro con concepto de vitaminas. El amarillo representa vitalidad y energ\u00eda, mientras que el tono de piel naranja se asemeja a los tonos naturales de la piel, ambos f\u00e1cilmente aceptados por los hombres.<\/li>\n<li>El mercado infantil:<\/li>\n<li>Amarillo\/Rosa: Adecuado para desinfectantes de manos y lavados corporales suaves para ni\u00f1os. Los colores brillantes los hacen f\u00e1cilmente reconocibles y atractivos para los ni\u00f1os, mientras que los bloques de informaci\u00f3n blancos permiten a los padres leer r\u00e1pidamente informaci\u00f3n cr\u00edtica de seguridad.<\/li>\n<\/ul>\n<p>La industria de agentes de mantenimiento mec\u00e1nico para productos de ung\u00fcentos farmac\u00e9uticos.<\/p>\n<ul>\n<li>Mercado sistem\u00e1tico de cuidado personal y salud dom\u00e9stica: cremas de masaje con efectos variados (por ejemplo, p\u00farpura para la relajaci\u00f3n, amarillo para la vitalidad), ung\u00fcentos esenciales para el hogar, lociones m\u00e9dicas para el cuidado de la piel. Las diferentes funciones se pueden distinguir por el color, y los bloques de informaci\u00f3n blancos proporcionan una claridad y legibilidad impecables, lo que los hace ideales para escenarios que requieren una categorizaci\u00f3n y explicaciones claras.<\/li>\n<\/ul>\n<p>La industria de pigmentos qu\u00edmicos industriales.<\/p>\n<ul>\n<li>Gesti\u00f3n sistem\u00e1tica y el mercado educativo:<\/li>\n<li>Adhesivos mezclados a mano, pinturas de modelo y materiales de bricolaje envasados individualmente con diferentes viscosidades. Los productos o modelos se distinguen por el color (por ejemplo, p\u00farpura indica adhesivos de alta resistencia, amarillo indica adhesivos de secado r\u00e1pido).<\/li>\n<li>Materiales compartidos de escuelas o estudios, con etiquetas con c\u00f3digo de color para una f\u00e1cil gesti\u00f3n.<\/li>\n<\/ul>\n<h3><b>1. <\/b><strong><b>Atributos del producto<\/b><\/strong><\/h3>\n<p>Caracter\u00edsticas del recipiente de envasado de tubo blando de bloque de color multifuncional de 40 mm de di\u00e1metro con una capacidad de 100 ml:<\/p>\n<ul>\n<li>Claridad y legibilidad incomparables de la informaci\u00f3n: El dise\u00f1o de los bloques de informaci\u00f3n blancos ejemplifica el dise\u00f1o funcionalista. Esto garantiza que las instrucciones del producto se puedan leer r\u00e1pidamente y con precisi\u00f3n en diversas condiciones de iluminaci\u00f3n y fondos, reduciendo significativamente el riesgo de uso indebido, especialmente para productos con ingredientes complejos o aquellos que requieren advertencias de seguridad.<\/li>\n<li>Un sistema eficiente de codificaci\u00f3n de colores: el uso de cuatro colores distintos va m\u00e1s all\u00e1 de meras opciones est\u00e9ticas; puede servir como un sistema sencillo para categorizar, distinguir o insinuar las propiedades funcionales de los productos, mejorando as\u00ed tanto la eficiencia de gesti\u00f3n de las l\u00edneas de productos como la comodidad de elecci\u00f3n del consumidor.<\/li>\n<li>Practicidad y durabilidad excepcionales: la capacidad de 100 mililitros es ideal para viajes y uso diario. El acabado mate y texturizado es resistente a la suciedad y el desgaste, y el dise\u00f1o de perfil bajo del flip-top hace que sea f\u00e1cil operar con una mano en varios entornos, como en el ba\u00f1o, el gimnasio o al aire libre.<\/li>\n<li>Fuerte estilo modernista: El dise\u00f1o est\u00e1 fuertemente influenciado por los estilos de dise\u00f1o gr\u00e1fico Bauhaus y internacionalista suizo. Las formas est\u00e1n totalmente subordinadas a la funcionalidad, encarnando una est\u00e9tica moderna tranquila, segura y eficiente.<\/li>\n<\/ul>","protected":false},"excerpt":{"rendered":"<ul>\n<li><b><\/b><strong><b>Dise\u00f1o del cuerpo del tubo<\/b><\/strong>.<\/li>\n<\/ul>\n<p>El dise\u00f1o del cuerpo del tubo para el recipiente de envasado de tubo suave PE de bloque de color multifuncional de 40 mm de di\u00e1metro con una capacidad de 100 ml:<\/p>\n<ul>\n<li>Filosof\u00eda del dise\u00f1o: la revoluci\u00f3n en las jerarqu\u00edas de la informaci\u00f3n<\/li>\n<li>Los envases tradicionales a menudo presentan informaci\u00f3n impresa directamente sobre patrones intrincados o fondos oscuros, lo que dificulta su lectura. Este dise\u00f1o introduce una reestructuraci\u00f3n revolucionaria: en primer lugar, se establece un puro \u201c\u00e1rea de visualizaci\u00f3n de informaci\u00f3n\u201d (un cuadrado blanco) y toda la informaci\u00f3n se coloca dentro de \u00e9l. Esto es parecido a crear un rinc\u00f3n de lectura silencioso en un entorno ruidoso, dando prioridad visual absoluta a la informaci\u00f3n funcional.<\/li>\n<li>Los aspectos emocionales y funcionales del color:<\/li>\n<li>P\u00farpura: Creatividad, Calmador, Espiritual.<\/li>\n<li>Amarillo: Energ\u00eda, optimismo, precauci\u00f3n.<\/li>\n<li>Rosa: ternura, cuidado, dulzura.<\/li>\n<li>Tono de piel naranja: natural, saludable y accesible.<\/li>\n<li>El color se utiliza principalmente para transmitir emociones y facilitar el reconocimiento r\u00e1pido, seguido de consideraciones est\u00e9ticas.<\/li>\n<li>La expresi\u00f3n est\u00e9tica de \u201cracionalidad instrumental\u201d: todo el dise\u00f1o evita la ornamentaci\u00f3n. Su belleza proviene de una b\u00fasqueda inquebrantable de la funci\u00f3n central de \"comunicaci\u00f3n clara\", as\u00ed como el sentido inherente de la forma en el color, la forma y la textura. Se asemeja m\u00e1s a una interfaz de usuario o vaso de laboratorio meticulosamente dise\u00f1ado en lugar de un envase de producto de consumo tradicional.<\/li>\n<\/ul>\n<p>Las ventajas del recipiente de envasado de tubo blando de bloque de color multifuncional de 40 mm de di\u00e1metro con una capacidad de 100 ml:<\/p>\n<ul>\n<li>Construir una sensaci\u00f3n de confianza en la marca como \u201cextremadamente profesional y confiable\u201d: priorizar la legibilidad de la informaci\u00f3n para transmitir visualmente el fuerte compromiso de la marca con los derechos del conocimiento del consumidor y la seguridad, estableciendo as\u00ed r\u00e1pidamente una imagen de marca profesional, responsable y confiable.<\/li>\n<li>Sistematizar y modular la l\u00ednea de productos: la codificaci\u00f3n de colores y el dise\u00f1o unificado de tableros de informaci\u00f3n permiten a las marcas construir sin esfuerzo una familia de productos amplia pero organizada, reduciendo as\u00ed los costos cognitivos y de selecci\u00f3n de los consumidores.<\/li>\n<li>Amplia aplicabilidad al mercado y barreras de entrada extremadamente bajas: su funcionalidad excepcionalmente clara y su dise\u00f1o neutral y moderno le permiten trascender las diferencias culturales, de g\u00e9nero y de edad, haciendo que sea f\u00e1cilmente comprensible y aceptado por la base de consumidores m\u00e1s amplia posible.<\/li>\n<li>Mejorar el cumplimiento y el rendimiento de seguridad: para las industrias como los productos farmac\u00e9uticos y qu\u00edmicos, que est\u00e1n sujetas a regulaciones, este dise\u00f1o garantiza que la informaci\u00f3n obligatoria del etiquetado (ingredientes, advertencias, instrucciones de uso) se presente de una manera que cumpla plenamente con los requisitos regulatorios, mitigando as\u00ed los riesgos potenciales asociados con informaci\u00f3n poco clara.<\/li>\n<\/ul>\n<p><strong><b>Escenarios donde el <\/b><\/strong>40 mm de di\u00e1metro, bloque de color multifuncional PE recipiente de envasado de tubo suave con una capacidad de 100 ml<strong><b>\u00a0puede ser utilizado:<\/b><\/strong><\/p>\n<ul>\n<li>\u201cSistema de Gesti\u00f3n Eficiente\u201d en el Ba\u00f1o Familiar: Los diferentes art\u00edculos de cuidado personal para toda la familia se distinguen por el color (el jab\u00f3n de ba\u00f1o rosa de la madre, el champ\u00fa amarillo de pap\u00e1 y el desinfectante de manos naranja del ni\u00f1o). Las etiquetas blancas permiten a todos identificar r\u00e1pidamente sus art\u00edculos, lo que mejora la eficiencia general de la vida.<\/li>\n<li>\u201cEstaciones de acceso r\u00e1pido\u201d en los armarios del gimnasio: Despu\u00e9s del ejercicio, los consumidores pueden tomar r\u00e1pidamente el lavado corporal o la crema calmante deseada en funci\u00f3n de su color. El dise\u00f1o del flip-top hace que sea c\u00f3modo de usar incluso con las manos mojadas.<\/li>\n<li>\u201cConvenciones claras\u201d para apartamentos compartidos o dormitorios de estudiantes: detergente de lavander\u00eda compartido, materiales de limpieza, etc. Estos deben estar codificados en colores y claramente etiquetados para prevenir el uso indebido y reducir las disputas.<\/li>\n<li>\u201cAlmac\u00e9n codificado\u201d para materiales de estudio en la pared: los artistas o artesanos clasifican diferentes pegamentos y medios por color y los colgan en la pared. Las etiquetas blancas facilitan su identificaci\u00f3n, lo que optimiza los flujos de trabajo.<\/li>\n<li>Kit de primeros auxilios al aire libre o caja de medicamentos de viaje: Diferentes ung\u00fcentos est\u00e1n codificados por colores para indicar sus funciones (p\u00farpura para aliviar el dolor, amarillo para la desinfecci\u00f3n). Los bloques de informaci\u00f3n blancos garantizan un uso preciso en situaciones de emergencia, lo que lo hace seguro y fiable.<\/li>\n<\/ul>\n<p><i>\u00a0<\/i><\/p>","protected":false},"featured_media":3824,"comment_status":"closed","ping_status":"closed","template":"","meta":[],"product_brand":[],"product_cat":[29,47],"product_tag":[],"class_list":{"0":"post-2200","1":"product","2":"type-product","3":"status-publish","4":"has-post-thumbnail","6":"product_cat-skin-care-plastic-tube","7":"product_cat-40-pe-plastic-tube","9":"first","10":"instock","11":"shipping-taxable","12":"purchasable","13":"product-type-simple"},"_links":{"self":[{"href":"https:\/\/www.hongyitube.com\/es\/wp-json\/wp\/v2\/product\/2200","targetHints":{"allow":["GET"]}}],"collection":[{"href":"https:\/\/www.hongyitube.com\/es\/wp-json\/wp\/v2\/product"}],"about":[{"href":"https:\/\/www.hongyitube.com\/es\/wp-json\/wp\/v2\/types\/product"}],"replies":[{"embeddable":true,"href":"https:\/\/www.hongyitube.com\/es\/wp-json\/wp\/v2\/comments?post=2200"}],"wp:featuredmedia":[{"embeddable":true,"href":"https:\/\/www.hongyitube.com\/es\/wp-json\/wp\/v2\/media\/3824"}],"wp:attachment":[{"href":"https:\/\/www.hongyitube.com\/es\/wp-json\/wp\/v2\/media?parent=2200"}],"wp:term":[{"taxonomy":"product_brand","embeddable":true,"href":"https:\/\/www.hongyitube.com\/es\/wp-json\/wp\/v2\/product_brand?post=2200"},{"taxonomy":"product_cat","embeddable":true,"href":"https:\/\/www.hongyitube.com\/es\/wp-json\/wp\/v2\/product_cat?post=2200"},{"taxonomy":"product_tag","embeddable":true,"href":"https:\/\/www.hongyitube.com\/es\/wp-json\/wp\/v2\/product_tag?post=2200"}],"curies":[{"name":"WP","href":"https:\/\/api.w.org\/{rel}","templated":true}]}}