{"id":2190,"date":"2025-07-11T18:21:21","date_gmt":"2025-07-11T10:21:21","guid":{"rendered":"https:\/\/www.hongyitube.com\/product\/%cf%8640-pe-plastic-tube-refilling-bottle-skin-care-cosmetics-lotion-special-refilling-bottle-colored-transparent-skin-care-plastic-tube-1-2\/"},"modified":"2026-01-10T10:16:06","modified_gmt":"2026-01-10T02:16:06","slug":"40-pe-plastic-tube-refilling-bottle-skin-care-cosmetics-lotion-special-refilling-bottle-colored-transparent-skin-care-plastic-tube-2","status":"publish","type":"product","link":"https:\/\/www.hongyitube.com\/es\/product\/40-pe-plastic-tube-refilling-bottle-skin-care-cosmetics-lotion-special-refilling-bottle-colored-transparent-skin-care-plastic-tube-2\/","title":{"rendered":"40 PE tubo de pl\u00e1stico botella de repuesto, cosm\u00e9ticos de cuidado de la piel loci\u00f3n especial botella de repuesto, tubo de pl\u00e1stico de cuidado de la piel transparente de color-2"},"content":{"rendered":"<p>Hongyi Plastic de 40 mm de di\u00e1metro \"Dise\u00f1o de collage de patr\u00f3n geom\u00e9trico\" serie de envases y recipientes de distribuci\u00f3n de botellas blandas de 95-100 ml es una serie de 40 mm de di\u00e1metro de recipientes de envases de tubos blandos de PE de alta gama, centrados en la filosof\u00eda de dise\u00f1o de \"arte moderno y deconstrucci\u00f3n geom\u00e9trica\". La capacidad es de 95 mililitros. El cuerpo del tubo presenta un acabado sofisticado con textura mate. Ofrece tres dise\u00f1os de bloqueo de colores de vanguardia: geometr\u00eda rosa y blanca, geometr\u00eda p\u00farpura profunda \/ p\u00farpura clara y geometr\u00eda azul profundo \/ azul claro. El n\u00facleo del dise\u00f1o es un marco cuadrado blanco (o azul para la versi\u00f3n negra) centrado en el cuerpo del tubo, con l\u00edneas abstractas delineadas en l\u00e1mina dorada dentro del marco, creando un di\u00e1logo visual complejo pero ordenado con los patrones geom\u00e9tricos en el fondo (c\u00edrculos, semic\u00edrculos, l\u00edneas curvas). El envase cuenta con un dise\u00f1o de tapa de tornillo de perfil bajo que equilibra la integridad del sellado con una sensaci\u00f3n refinada, combinada con un proceso de sellado de grano recto. Es un envase port\u00e1til que encarna tanto el estilo art\u00edstico de vanguardia como una funcionalidad pr\u00e1ctica excepcional.<\/p>\n<p>El material y el proceso de fabricaci\u00f3n de la serie \"Geometric Pattern Collage Design\" de 40 mm de di\u00e1metro de 95-100 ml de envases de llenado y envasado de balas blandas:<\/p>\n<ul>\n<li>Material principal: material compuesto de PE mate de alta rigidez, que garantiza una textura uniforme y fina de chorro de arena, proporcionando una sensaci\u00f3n de gama alta y excelente agarre, durabilidad contra el desgaste.<\/li>\n<li>Procesos principales:<\/li>\n<li>Impresi\u00f3n offset geom\u00e9trica multicolor de alta precisi\u00f3n: permite patrones claros y mezclados de colores con fuertes contrastes de colores.<\/li>\n<li>Estampado parcial de hoja de oro: Estampado de hoja de oro de alta precisi\u00f3n aplicado a \u00e1reas de color designadas (dentro de las cajas) para mejorar la sofisticaci\u00f3n del dise\u00f1o y los detalles de lujo.<\/li>\n<li>Barniz de acabado mate: Cubre toda la superficie, proporcionando una textura uniforme y protegiendo el dise\u00f1o impreso.<\/li>\n<li>Estructura: La combinaci\u00f3n de dise\u00f1os de tapa alta y corta mejora la fiabilidad del sello. Con una capacidad de 95 ml, proporciona un amplio contenido mientras mantiene un equilibrio \u00f3ptimo para la portabilidad.<\/li>\n<\/ul>\n<p><strong><b>Aplicaciones recomendadas <\/b><\/strong>:<\/p>\n<p>Uso recomendado para esta serie \u201cGeometric Pattern Collage Design\u201d de botellas blandas de 95-100 ml de 40 mm de di\u00e1metro:<\/p>\n<p>La industria de belleza y cuidado de la piel.<\/p>\n<ul>\n<li>El mercado femenino:<\/li>\n<li>Versi\u00f3n Rosa y Blanco: Adecuado para cremas de manos, lavados corporales y exfoliantes faciales con un estilo animado, atractivo para las mujeres j\u00f3venes que valoran la moda y la dulzura.<\/li>\n<li>La Colecci\u00f3n P\u00farpura: Adecuada para aceites de ba\u00f1o enfocados en la relajaci\u00f3n y la meditaci\u00f3n, m\u00e1scaras de reparaci\u00f3n nocturna y cremas corporales perfumadas, atractivas para los consumidores que priorizan el valor emocional y el equilibrio interior.<\/li>\n<li>La Colecci\u00f3n Azul: Adecuado para productos de control de aceite, t\u00f3ners y protectores solares para hombres o individuos neutrales. Sus tonos tranquilos y dise\u00f1o racional lo hacen muy atractivo.<\/li>\n<li>Mercado masculino:<\/li>\n<li>Colecci\u00f3n Azul (N\u00facleo): Adecuado para kits de cuidado de la piel de gama alta para hombres, pomadas para el cabello y productos despu\u00e9s del afeitado. Su dise\u00f1o geom\u00e9trico complementa perfectamente la preferencia de los hombres modernos por la simplicidad, la racionalidad y el dise\u00f1o.<\/li>\n<li>Colecci\u00f3n Purple (nicho): Puede servir como una colaboraci\u00f3n de edici\u00f3n limitada con marcas de moda o asociaciones art\u00edsticas, atrayendo a un grupo espec\u00edfico de hombres con gustos particulares.<\/li>\n<li>Mercado infantil: No aplicable. Su estilo de arte abstracto no se alinea con la preferencia de los ni\u00f1os por representaciones realistas y altos niveles de saturaci\u00f3n.<\/li>\n<\/ul>\n<p>La industria de agentes de mantenimiento mec\u00e1nico para productos de ung\u00fcentos farmac\u00e9uticos.<\/p>\n<ul>\n<li>Marcas de cuidado personal y estilo de vida impulsadas por el dise\u00f1o: cremas de masaje colaboradas por dise\u00f1adores, geles de recuperaci\u00f3n deportiva de alta gama y productos de cuidado de la piel que enfatizan la formulaci\u00f3n cient\u00edfica. Las cualidades art\u00edsticas del envase elevan los productos funcionales a una expresi\u00f3n de una actitud de estilo de vida.<\/li>\n<\/ul>\n<p>La industria de pigmentos qu\u00edmicos industriales.<\/p>\n<ul>\n<li>La industria creativa y el mercado del dise\u00f1o de gama alta:<\/li>\n<li>Adhesivos aplicados a mano de calidad dise\u00f1adora, recubrimientos especializados para modelos arquitect\u00f3nicos y papeler\u00eda creativa.<\/li>\n<li>Como envase de edici\u00f3n limitada para pigmentos de artistas, su apariencia en s\u00ed es un derivado del arte contempor\u00e1neo.<\/li>\n<\/ul>\n<h3><b>1. <\/b><strong><b>Atributos del producto\u00a0<\/b><\/strong><\/h3>\n<p>Caracter\u00edsticas de la serie \u201cGeometric Pattern Collage Design\u201d de envases de botellas blandas de 95-100 ml de 40 mm de di\u00e1metro:<\/p>\n<ul>\n<li>Serie visual art\u00edstica pionera: Aplicando principios de dise\u00f1o deconstructivistas y est\u00e9tica de choque de colores al empaque, cada pieza se asemeja a una obra de arte moderna en miniatura port\u00e1til, exudando un aura de galer\u00eda.<\/li>\n<li>Complejo narrativo visual multicapa: Esta pieza combina creativamente tres elementos visuales \u2013 \u201cbase geom\u00e9trica de contraste de color\u201d, \u201cmarco cuadrado\u201d y \u201cl\u00edneas abstractas en relieve de oro\u201d \u2013 para crear profundidad que invita a la contemplaci\u00f3n e interpretaci\u00f3n.<\/li>\n<li>Fuertes elementos estil\u00edsticos e inclusividad de g\u00e9nero: Los tres esquemas de colores cubren meticulosamente un amplio espectro, que va desde femenino (rosa), neutral (p\u00farpura) hasta masculino (azul). Sin embargo, mantienen la integridad de la colecci\u00f3n a trav\u00e9s de un lenguaje de dise\u00f1o unificado.<\/li>\n<li>Excepcional sensaci\u00f3n y practicidad: el acabado mate y texturizado proporciona una experiencia t\u00e1ctil de primera clase, mientras que la capacidad de 95 mililitros y el dise\u00f1o robusto satisfacen tanto el uso dom\u00e9stico como las necesidades de viajes a largo plazo.<\/li>\n<li>Serie visual art\u00edstica pionera: Aplicando principios de dise\u00f1o deconstructivistas y est\u00e9tica de choque de colores al empaque, cada pieza se asemeja a una obra de arte moderna en miniatura port\u00e1til, exudando un aura de galer\u00eda.<\/li>\n<li>Complejo narrativo visual multicapa: Esta pieza combina creativamente tres elementos visuales \u2013 \u201cbase geom\u00e9trica de contraste de color\u201d, \u201cmarco cuadrado\u201d y \u201cl\u00edneas abstractas en relieve de oro\u201d \u2013 para crear profundidad que invita a la contemplaci\u00f3n e interpretaci\u00f3n.<\/li>\n<li>Fuertes elementos estil\u00edsticos e inclusividad de g\u00e9nero: Los tres esquemas de colores cubren meticulosamente un amplio espectro, que va desde femenino (rosa), neutral (p\u00farpura) hasta masculino (azul). Sin embargo, mantienen la integridad de la colecci\u00f3n a trav\u00e9s de un lenguaje de dise\u00f1o unificado.<\/li>\n<li>Excepcional sensaci\u00f3n y practicidad: el acabado mate y texturizado proporciona una experiencia t\u00e1ctil de primera clase, mientras que la capacidad de 95 mililitros y el dise\u00f1o robusto satisfacen tanto el uso dom\u00e9stico como las necesidades de viajes a largo plazo.<\/li>\n<\/ul>","protected":false},"excerpt":{"rendered":"<p><b><\/b><strong><b>Dise\u00f1o del cuerpo del tubo<\/b><\/strong>.<\/p>\n<p>El dise\u00f1o del cuerpo del tubo para la serie \u201cGeometric Pattern Collage Design\u201d de botellas blandas de 95-100 ml de di\u00e1metro de 40 mm:<\/p>\n<ul>\n<li>Inspiraci\u00f3n de dise\u00f1o y teor\u00eda est\u00e9tica:<\/li>\n<li>La inspiraci\u00f3n proviene de la escuela Bauhaus, el movimiento De Stijl en los Pa\u00edses Bajos y el arte abstracto contempor\u00e1neo, enfatizando las relaciones compositivas fundamentales entre forma, color y l\u00edneas, buscando racionalidad, orden y tensi\u00f3n visual.<\/li>\n<li>La filosof\u00eda de composici\u00f3n \u201cimagen dentro de una imagen\u201d: La introducci\u00f3n de marcos rectangulares blancos\/negros fue un golpe de genio en el dise\u00f1o. No es meramente decorativo; M\u00e1s bien, crea un \u201cmarco para la visualizaci\u00f3n\u201d, guiando a los consumidores a apreciar las l\u00edneas en relieve de oro dentro como parte de una obra de arte cohesiva junto a los patrones geom\u00e9tricos externos. Esto mejora en gran medida el sentido de ceremonia e intelectualismo en el dise\u00f1o.<\/li>\n<li>Psicolog\u00eda del color y planificaci\u00f3n de series:<\/li>\n<li>Blanco en polvo: Dulce, elegante, ligero; Asociado con \u201cvitalidad\u201d y \u201cdiversi\u00f3n\u201d.<\/li>\n<li>P\u00farpura Profunda\/P\u00farpura Luz: Misterioso, Creativo, Espiritual; asociado con la \u201ccalma\u201d y la \u201cexploraci\u00f3n interior\u201d.<\/li>\n<li>Azul profundo \/ Azul claro: Calmo, racional, confiable; relacionado con \u201ctecnolog\u00eda\u201d y \u201ceficiencia\u201d.<\/li>\n<li>S\u00edmbolos de formas geom\u00e9tricas: El uso de c\u00edrculos y l\u00edneas curvas suaviza el sentido general de racionalidad, simbolizando ciclos, integridad y armon\u00eda. Esto contrasta interesantemente con la sensaci\u00f3n \u201cestructural\u201d de los rect\u00e1ngulos.<\/li>\n<\/ul>\n<p>Las ventajas de la serie \u201cGeometric Pattern Collage Design\u201d de botellas blandas de 95-100 ml de 40 mm de di\u00e1metro:<\/p>\n<ul>\n<li>Establecer una identidad de marca de primer nivel centrada en el \u201cEmpoderamiento del Arte\u201d: Esta serie de empaques vincular\u00e1 directamente a la marca con el dise\u00f1o de gama alta y el arte contempor\u00e1neo, atrayendo a individuos exigentes y ricos que valoran la importancia cultural y est\u00e9tica.<\/li>\n<li>Crear un fuerte alcance y coleccionabilidad en las redes sociales: los dise\u00f1os con un alto reconocimiento y temas atractivos son altamente propensos a generar compromiso y compartir en plataformas como Instagram y Pinterest. Los dise\u00f1os basados en series pueden estimular el deseo de coleccionar y fomentar la compra de toda la colecci\u00f3n.<\/li>\n<li>Segmentaci\u00f3n precisa del cliente y cobertura del mercado: Los tres dise\u00f1os permiten a las marcas dirigirse a segmentos espec\u00edficos con diferentes g\u00e9neros y preferencias est\u00e9ticas simult\u00e1neamente dentro de la misma l\u00ednea de productos, ofreciendo estrategias de marketing flexibles.<\/li>\n<li>Crear un foso de dise\u00f1o que sea dif\u00edcil de replicar: los dise\u00f1os multicapa complejos y bien coordinados plantean exigencias extremadamente altas en los procesos de impresi\u00f3n y fabricaci\u00f3n, formando as\u00ed una barrera t\u00e9cnica que es costosa de replicar.<\/li>\n<\/ul>\n<p><strong><b>Escenarios en los que se pueden usar envases de botellas blandas de 95 a 100 ml de la serie \u201cGeometric Pattern Collage Design\u201d de 40 mm de di\u00e1metro:<\/b><\/strong><\/p>\n<ul>\n<li>Identifique \u201cart\u00edculos calientes\u201d para la tienda del museo: En las tiendas de recuerdos de museos de arte moderno como el MoMA, este envase de crema para manos o agente de limpieza podr\u00eda ser una \u201cpieza de arte \u00fatil\u201d que los visitantes estar\u00edan ansiosos por comprar.<\/li>\n<li>\u201cAccesorios de estilo\u201d para arquitectos o estudios de dise\u00f1o: Estos art\u00edculos se integran perfectamente en tales entornos de trabajo, convirti\u00e9ndose en objetos cotidianos que reflejan los gustos est\u00e9ticos profesionales del propietario.<\/li>\n<li>La \u201cexhibici\u00f3n de la firma\u201d de las tiendas conceptuales de boutique: En las boutiques curadas y enfocadas en el dise\u00f1o, su serie de exhibiciones puede crear una impresionante matriz visual, mejorando el ambiente general de la tienda.<\/li>\n<li>Un \u201cregalo pulido\u201d para los creativos: Sus cualidades art\u00edsticas lo hacen una excelente opci\u00f3n como regalo para amigos en campos como el dise\u00f1o, el arte, la m\u00fasica, y m\u00e1s.<\/li>\n<li>Kits de aseo de primera clase\/clase empresarial de aerol\u00edneas internacionales: Su dise\u00f1o distintivo puede servir como un aspecto memorable de los esfuerzos de la aerol\u00ednea para crear experiencias diferenciadas y de alta gama, aumentando as\u00ed el valor de las asociaciones de marca.<\/li>\n<\/ul>","protected":false},"featured_media":2192,"comment_status":"closed","ping_status":"closed","template":"","meta":[],"product_brand":[],"product_cat":[29,47],"product_tag":[],"class_list":{"0":"post-2190","1":"product","2":"type-product","3":"status-publish","4":"has-post-thumbnail","6":"product_cat-skin-care-plastic-tube","7":"product_cat-40-pe-plastic-tube","9":"first","10":"instock","11":"shipping-taxable","12":"purchasable","13":"product-type-simple"},"_links":{"self":[{"href":"https:\/\/www.hongyitube.com\/es\/wp-json\/wp\/v2\/product\/2190","targetHints":{"allow":["GET"]}}],"collection":[{"href":"https:\/\/www.hongyitube.com\/es\/wp-json\/wp\/v2\/product"}],"about":[{"href":"https:\/\/www.hongyitube.com\/es\/wp-json\/wp\/v2\/types\/product"}],"replies":[{"embeddable":true,"href":"https:\/\/www.hongyitube.com\/es\/wp-json\/wp\/v2\/comments?post=2190"}],"wp:featuredmedia":[{"embeddable":true,"href":"https:\/\/www.hongyitube.com\/es\/wp-json\/wp\/v2\/media\/2192"}],"wp:attachment":[{"href":"https:\/\/www.hongyitube.com\/es\/wp-json\/wp\/v2\/media?parent=2190"}],"wp:term":[{"taxonomy":"product_brand","embeddable":true,"href":"https:\/\/www.hongyitube.com\/es\/wp-json\/wp\/v2\/product_brand?post=2190"},{"taxonomy":"product_cat","embeddable":true,"href":"https:\/\/www.hongyitube.com\/es\/wp-json\/wp\/v2\/product_cat?post=2190"},{"taxonomy":"product_tag","embeddable":true,"href":"https:\/\/www.hongyitube.com\/es\/wp-json\/wp\/v2\/product_tag?post=2190"}],"curies":[{"name":"WP","href":"https:\/\/api.w.org\/{rel}","templated":true}]}}