{"id":2166,"date":"2025-07-11T18:21:21","date_gmt":"2025-07-11T10:21:21","guid":{"rendered":"https:\/\/www.hongyitube.com\/product\/%cf%8635-pe-plastic-tube-refilling-bottle-skin-care-cosmetics-lotion-special-refilling-bottle-colored-transparent-skin-care-plastic-tube-2-2\/"},"modified":"2026-01-09T20:33:44","modified_gmt":"2026-01-09T12:33:44","slug":"35-pe-plastic-tube-refilling-bottle-skin-care-cosmetics-lotion-special-refilling-bottle-colored-transparent-skin-care-plastic-tube-3","status":"publish","type":"product","link":"https:\/\/www.hongyitube.com\/es\/product\/35-pe-plastic-tube-refilling-bottle-skin-care-cosmetics-lotion-special-refilling-bottle-colored-transparent-skin-care-plastic-tube-3\/","title":{"rendered":"35 PE tubo de pl\u00e1stico botella de repuesto, cosm\u00e9ticos de cuidado de la piel loci\u00f3n especial botella de repuesto, tubo de pl\u00e1stico de cuidado de la piel transparente de color-3"},"content":{"rendered":"<p>Hongyi pl\u00e1stico 35mm de di\u00e1metro, tema \"huerto de verano\", tubo suave de 95 ml de PE.<\/p>\n<p>&nbsp;<\/p>\n<ol>\n<li>Descripci\u00f3n del tema \"Summer Orchard\" de 35mm de di\u00e1metro, tubo suave de 95 ml de PE:<\/li>\n<\/ol>\n<p>El tubo suave de PE de 95 ml con el tema \u201cSummer Orchard\u201d de 35mm de di\u00e1metro es un recipiente de envasado de tubo suave de PE de 35mm de di\u00e1metro centrado en la imagen de \u201cesencia natural de fruta y vitalidad vibrante\u201d. El dise\u00f1o incorpora colores en capas vibrantes y patrones dibujados a mano: la tercera parte del extremo de cola del tubo presenta una base naranja clara recubierta con bloques de color ondulado naranja profundo, que simbolizan la luz solar y el suelo. Otros c\u00edrculos amarillos de lim\u00f3n impresos a mano, flores y motivos naranja se aplican en la parte superior, dando la impresi\u00f3n de que las frutas est\u00e1n estallando. Las \u00e1reas en blanco restantes est\u00e1n llenas de azul rosa claro, creando un fondo refrescante del cielo. Todo el texto funcional est\u00e1 impreso en seda aqu\u00ed para garantizar la claridad. El envase cuenta con un dise\u00f1o de tapa de tornillo de alta calidad que se puede emparejar con tapas de tornillo hechas de materiales como amarillo soleado, verde de hoja, plata galvanizada o acr\u00edlico transparente, formando colectivamente una imagen completa de un huerto de verano.<\/p>\n<ol start=\"2\">\n<li>Material de 35mm de di\u00e1metro, tema \"huerto de verano\", tubo suave de 95 ml de PE.  :\u00b7 Material primario: polietileno de calidad alimentaria de alta pureza (PE). Su excepcional representaci\u00f3n de color y estabilidad aseguran que los colores permanezcan vibrantes y saturados incluso despu\u00e9s de haber aplicado m\u00faltiples capas de tinta, y que la tinta no se agrieta debido a la flexi\u00f3n del tubo durante un per\u00edodo prolongado.<\/li>\n<\/ol>\n<ul>\n<li>Proceso de impresi\u00f3n: Utiliza tinta ecol\u00f3gica a base de agua para la impresi\u00f3n. Empleando t\u00e9cnicas de registro precisas, tres capas de colores (naranja claro, naranja oscuro, amarillo lim\u00f3n) se superponen perfectamente con intrincados patrones dibujados a mano. Los bordes de los patrones son claros y la capa visual es rica.<\/li>\n<li>Seguridad: Plenamente conforme a las normas internacionales de seguridad como REACH en la Uni\u00f3n Europea y la FDA en los Estados Unidos. Todas las tintas y materiales han pasado pruebas de metales pesados y migraci\u00f3n de sustancias nocivas. Adecuado para productos que entran en contacto directo con la piel.<\/li>\n<\/ul>\n<p><strong><b>Aplicaciones recomendadas <\/b><\/strong>:<\/p>\n<p>El tubo suave de PE de 95 ml con el tema \u201cSummer Orchard\u201d de 35 mm de di\u00e1metro se recomienda para su uso en la industria de la belleza y el cuidado de la piel.<\/p>\n<ul>\n<li>Mercado Femenino: Vitamina C Brightening Essence, Gel de ducha de aceite esencial de flor de naranja, crema corporal exclusiva de verano. Los colores y patrones naranja se asocian directamente con conceptos como \u201cvitamina C\u201d, \u201cvitalidad\u201d y \u201cbrillo\u201d en el cuidado de la piel, lo que los hace muy atractivos.<\/li>\n<li>Mercado masculino: Limpiador refrescante de control de aceite, gel hidratante revitalizante despu\u00e9s del ejercicio. Elija un envase con una gorra torcida verde oscuro o gris para equilibrar la vitalidad del dise\u00f1o y atraer a los consumidores masculinos que priorizan ingredientes naturales y una experiencia de usuario refrescante.<\/li>\n<li>Mercado infantil: desinfectante de manos con aroma a fruta para ni\u00f1os, loci\u00f3n protectora solar suave. Los colores brillantes y los dise\u00f1os de frutas adorables aumentan en gran medida el inter\u00e9s de los ni\u00f1os en el uso de estos productos, mientras que un fondo rosa-azul claro transmite una sensaci\u00f3n de suavidad y seguridad.<\/li>\n<\/ul>\n<p>&nbsp;<\/p>\n<p>Industria de lubricantes para dispositivos m\u00e9dicos.<\/p>\n<ul>\n<li>Mercado de atenci\u00f3n m\u00e9dica al consumidor: cremas de masaje calmantes que contienen componentes de aceites esenciales de c\u00edtricos y geles de alivio del calor muscular para deportes. El mensaje del envase de \u201cextracci\u00f3n natural\u201d y \u201crevitalizaci\u00f3n energizante\u201d es particularmente adecuado para productos dirigidos al consumidor general para la rehabilitaci\u00f3n deportiva o la atenci\u00f3n diaria, rompiendo con el fr\u00edo y la sensaci\u00f3n cl\u00ednica de los dispositivos m\u00e9dicos tradicionales.<\/li>\n<\/ul>\n<p>La industria de pigmentos qu\u00edmicos industriales. Mercado Creativo y Educativo: Pinturas de pintura con dedos seguras para ni\u00f1os, aceites de especias hechos a mano, adhesivos creativos para papeler\u00eda. Sus dise\u00f1os visuales alegres y creativos pueden inspirar la creatividad de los usuarios, lo que los hace perfectos para su uso en hogares, escuelas y entornos educativos basados en el arte.<\/p>\n<h3>1.\u00a0 <strong><b>Atributos del producto<\/b><\/strong><\/h3>\n<p>Caracter\u00edsticas del tubo suave de PE de 95ml tem\u00e1tico \u201cSummer Orchard\u201d de 35mm de di\u00e1metro.<\/p>\n<p>&nbsp;<\/p>\n<ul>\n<li>Capas visuales \u00fanicas de \u201cnarrativa agr\u00edcola\u201d: A trav\u00e9s de tres capas de impresi\u00f3n offset con \u201cpatr\u00f3n de color de onda de color base\u201d, esta t\u00e9cnica crea una profundidad visual excepcional y una sensaci\u00f3n de narraci\u00f3n dibujada a mano, haciendo del embalaje una obra de arte en miniatura digna de admiraci\u00f3n.<\/li>\n<li>Combinaciones de colores que evocan emociones positivas: La combinaci\u00f3n de una paleta amarillo-naranja (vitalidad, alegr\u00eda, sol) con tonos rosa-azules claros (calma, limpieza, seguridad) puede estimular eficazmente los sentimientos de felicidad y calidez en la psicolog\u00eda del color.<\/li>\n<li>Efectos de visualizaci\u00f3n de estante excepcionales: El uso de combinaciones de colores de alta saturaci\u00f3n y alto contraste permite que el producto se destaque poderosamente en un entorno minorista, capturando al instante la atenci\u00f3n de los clientes desde una distancia.<\/li>\n<li>Dise\u00f1o f\u00edsico robusto y funcional: La tapa de tornillo de alta calidad ofrece excelentes propiedades de sellado y una sensaci\u00f3n duradera, con una capacidad de alrededor de 65 ml, lo que la hace adecuada tanto para el uso diario en el hogar como para las necesidades de viaje a corto y medio plazo.<\/li>\n<\/ul>\n<p>&nbsp;<\/p>","protected":false},"excerpt":{"rendered":"<p>&nbsp;<\/p>\n<ul>\n<li><strong><b>Dise\u00f1o del cuerpo del tubo<\/b><\/strong>.<\/li>\n<\/ul>\n<p>El dise\u00f1o del cuerpo del tubo para el tubo suave de 95 ml de PE tem\u00e1tico \u201cSummer Orchard\u201d de 35mm de di\u00e1metro: \u00b7 Color y patr\u00f3n Narratolog\u00eda:<\/p>\n<ul>\n<li>Paleta amarilla-naranja: Directamente asociada con los c\u00edtricos, firmemente vinculada en las mentes de los consumidores globales con \u201cvitaminas naturales\u201d, \u201cfresco\u201d, \u201cenerg\u00eda\u201d, \u201cplacer\u201d y \u201csalud\u201d. Los patrones dibujados a mano enfatizan a\u00fan m\u00e1s los valores emocionales de \u201cartesanal\u201d, \u201caut\u00e9ntico\u201d y \u201cnatural sin pretensi\u00f3n\u201d.<\/li>\n<li>Rosa-azul claro: Este color sirve como un tono de fondo complementario, proporcionando equilibrio y una sensaci\u00f3n de calma. Simboliza cielos claros y agua pura, evitando que el dise\u00f1o general se vuelva demasiado dulce y mejorando una experiencia visual fresca y limpia.<\/li>\n<li>La filosof\u00eda de composici\u00f3n del \u201chorizonte\u201d: Los bloques de color naranja profundo crean visualmente un \u201chorizonte\u201d din\u00e1mico, dividiendo naturalmente la imagen en \u201ctierra f\u00e9rtil\u201d (el \u00e1rea de patr\u00f3n naranja-amarillo) y \u201ccielo claro\u201d (el \u00e1rea de informaci\u00f3n rosa-azul). La composici\u00f3n es estable e imaginativa.<\/li>\n<li>Afinidad intercultural: Las im\u00e1genes como las frutas, el sol y las flores son s\u00edmbolos universalmente positivos que trascienden las fronteras geogr\u00e1ficas y culturales, capaces de despertar emociones positivas y resonancia entre los consumidores de diversos mercados.<\/li>\n<\/ul>\n<p><strong>Ventajas del producto:<\/strong><\/p>\n<p>Las ventajas del 35mm de di\u00e1metro, \u201cSummer Orchard\u201d tema, tubo suave de 95 ml de PE:\u00b7 Establecer una fuerte asociaci\u00f3n de marca con \u201cplacer natural\u201d: El dise\u00f1o visual del envase crea una respuesta condicionada instintiva a los beneficios del producto como \u201cextractos de frutas naturales\u201d y \u201crenovaci\u00f3n de vitalidad\u201d, reduciendo significativamente el costo de la educaci\u00f3n del mercado.<\/p>\n<ul>\n<li>Crear una experiencia de unboxing con alto valor emocional: Recibir o abrir tal producto, donde sus colores y patrones evocan directamente sentimientos de alegr\u00eda, supera el valor emocional del embalaje ordinario, aumentando significativamente la satisfacci\u00f3n del cliente y el deseo de compartir.<\/li>\n<li>Precisamente dirigido al mercado de estilos de vida saludables: se alinea perfectamente con la tendencia global de buscar ingredientes naturales, adoptando una perspectiva positiva y optimista, y centr\u00e1ndose en las peque\u00f1as alegr\u00edas de la vida cotidiana. Este envase es ideal para marcas de estilo de vida que buscan lanzar productos populares.<\/li>\n<li>Poseer los genes visuales necesarios para convertirse en un producto \u201ccelebridad de internet\u201d: su dise\u00f1o extremadamente fotog\u00e9nico le da una ventaja inherente para la difusi\u00f3n en plataformas sociales visuales como Instagram y Red Note, facilitando a los usuarios tomar fotos espont\u00e1neamente y compartirlas, generando as\u00ed tr\u00e1fico libre.<\/li>\n<\/ul>\n<p><b><\/b><strong><b>Escenarios de aplicaci\u00f3n para el producto:<\/b><\/strong><\/p>\n<p><strong><b>Escenarios donde 35mm de di\u00e1metro, \u201cSummer Orchard\u201d tema, tubo suave de 95 ml de PE. puede ser utilizado:<\/b><\/strong><\/p>\n<ul>\n<li>\u201cBooster de vitalidad matutina\u201d para el ba\u00f1o: Cuando los consumidores usan el limpiador facial o los productos de ba\u00f1o de este envase por la ma\u00f1ana, los visuales brillantes pueden aumentar efectivamente su estado de \u00e1nimo y prepararlos para un d\u00eda vibrante.<\/li>\n<li>\u201cAccentos c\u00e1lidos\u201d del fregadero de cocina: En los hogares europeos y americanos, el desinfectante de manos a menudo se coloca junto al fregadero de cocina. Este dise\u00f1o, que evoca el aroma de las frutas, se integra perfectamente en el entorno de la cocina, haciendo que el lavado de manos diario sea m\u00e1s agradable.<\/li>\n<li>\u201cProductos estrellas\u201d en los mercados de fin de semana o los mercados de agricultores: cuando las marcas de nicho que enfatizan los conceptos naturales y artesanales establecen puestos en los mercados de fin de semana, este envase puede destacarse r\u00e1pidamente de la multitud y atraer a los clientes que buscan la singularidad.<\/li>\n<li>\u201cApoyos de atm\u00f3sfera\u201d para estudios de yoga o spas de relajaci\u00f3n: En espacios que enfatizan la atm\u00f3sfera, su estilo visual natural y alegre puede mezclarse armoniosamente con el entorno y potenciar el sentido de \u201crevitalizaci\u00f3n\u201d que ofrece el espacio.<\/li>\n<li>\"Herramientas divertidas\" para las actividades de padres e hijos: Cuando padres e hijos usan este desinfectante de manos o pintura segura para ni\u00f1os juntos, las ilustraciones en el envase pueden servir como un tema para la interacci\u00f3n (\"\u00a1Veamos cu\u00e1ntas naranjas podemos encontrar!\"), agregando a la diversi\u00f3n.<\/li>\n<\/ul>","protected":false},"featured_media":3660,"comment_status":"closed","ping_status":"closed","template":"","meta":[],"product_brand":[],"product_cat":[29,46],"product_tag":[],"class_list":{"0":"post-2166","1":"product","2":"type-product","3":"status-publish","4":"has-post-thumbnail","6":"product_cat-skin-care-plastic-tube","7":"product_cat-35-pe-plastic-tube","9":"first","10":"instock","11":"shipping-taxable","12":"purchasable","13":"product-type-simple"},"_links":{"self":[{"href":"https:\/\/www.hongyitube.com\/es\/wp-json\/wp\/v2\/product\/2166","targetHints":{"allow":["GET"]}}],"collection":[{"href":"https:\/\/www.hongyitube.com\/es\/wp-json\/wp\/v2\/product"}],"about":[{"href":"https:\/\/www.hongyitube.com\/es\/wp-json\/wp\/v2\/types\/product"}],"replies":[{"embeddable":true,"href":"https:\/\/www.hongyitube.com\/es\/wp-json\/wp\/v2\/comments?post=2166"}],"wp:featuredmedia":[{"embeddable":true,"href":"https:\/\/www.hongyitube.com\/es\/wp-json\/wp\/v2\/media\/3660"}],"wp:attachment":[{"href":"https:\/\/www.hongyitube.com\/es\/wp-json\/wp\/v2\/media?parent=2166"}],"wp:term":[{"taxonomy":"product_brand","embeddable":true,"href":"https:\/\/www.hongyitube.com\/es\/wp-json\/wp\/v2\/product_brand?post=2166"},{"taxonomy":"product_cat","embeddable":true,"href":"https:\/\/www.hongyitube.com\/es\/wp-json\/wp\/v2\/product_cat?post=2166"},{"taxonomy":"product_tag","embeddable":true,"href":"https:\/\/www.hongyitube.com\/es\/wp-json\/wp\/v2\/product_tag?post=2166"}],"curies":[{"name":"WP","href":"https:\/\/api.w.org\/{rel}","templated":true}]}}