{"id":2157,"date":"2025-07-11T18:21:21","date_gmt":"2025-07-11T10:21:21","guid":{"rendered":"https:\/\/www.hongyitube.com\/product\/%cf%8635-pe-plastic-tube-refilling-bottle-skin-care-cosmetics-lotion-special-refilling-bottle-colored-transparent-skin-care-plastic-tube-1-2\/"},"modified":"2026-01-09T17:16:16","modified_gmt":"2026-01-09T09:16:16","slug":"35-pe-plastic-tube-refilling-bottle-skin-care-cosmetics-lotion-special-refilling-bottle-colored-transparent-skin-care-plastic-tube-2","status":"publish","type":"product","link":"https:\/\/www.hongyitube.com\/es\/product\/35-pe-plastic-tube-refilling-bottle-skin-care-cosmetics-lotion-special-refilling-bottle-colored-transparent-skin-care-plastic-tube-2\/","title":{"rendered":"35 PE tubo de pl\u00e1stico botella de repuesto, cosm\u00e9ticos de cuidado de la piel loci\u00f3n especial botella de repuesto, tubo de pl\u00e1stico de cuidado de la piel transparente de color-2"},"content":{"rendered":"<p>Hongyi Pl\u00e1stico 35mm de di\u00e1metro, blanco y rojo a cuadros, acabado mate, tubo flexible de PE.<\/p>\n<ol>\n<li>Descripci\u00f3n del di\u00e1metro de 35 mm, blanco y rojo a cuadros, acabado mate, tubo flexible de PE:<\/li>\n<\/ol>\n<p>El tubo de PE mate de punto rojo y blanco de 35mm de di\u00e1metro es un recipiente de envasado de tubos de PE de gama alta con un concepto central de 35mm de di\u00e1metro centrado en torno a \"Pop Art y est\u00e9tica moderna\". Tiene una capacidad de 65 mililitros. La caracter\u00edstica principal del dise\u00f1o es la vibrante y art\u00edstica colisi\u00f3n de puntos de dos colores: uno con una base mate roja, con puntos circulares blancos de diferentes tama\u00f1os impresos en ambos lados del tubo; la otra con una base mate blanca, con puntos circulares rojos impresos en ella. Este fuerte contraste de colores y patr\u00f3n repetitivo crean un estilo Pop Art visualmente llamativo. El envase cuenta con un dise\u00f1o de tapa de tornillo de alta calidad que se puede combinar con colores moldeados por inyecci\u00f3n (como negro puro, blanco brillante), colores galvanizados (plata cromada, oro champ\u00e1n) y tapas de tornillo acr\u00edlicas de alta transparencia, infundiendo arte moderno con texturas diversas y sofisticadas.<\/p>\n<ol start=\"2\">\n<li>Material de the35mm de di\u00e1metro, blanco y rojo a cuadros, acabado mate, tubo flexible PE:<\/li>\n<\/ol>\n<p>El material del tubo de PE mate de punto rojo y blanco de 35mm de di\u00e1metro. El material principal: material compuesto de PE mate de alta tenacidad. Mediante el uso de formulaciones especiales y t\u00e9cnicas de tratamiento superficial, este material logra un acabado mate uniforme, fino y resistente a los ara\u00f1azos, proporcionando un lienzo ideal para rojos altamente saturados y blancos puros.<\/p>\n<ul>\n<li>Proceso de impresi\u00f3n: Utilizando tinta ecol\u00f3gica con altas capacidades de adhesi\u00f3n y cobertura, asegurando que los puntos blancos aparezcan vibrantes y claros sobre un fondo rojo, y que los puntos rojos sobresalen prominentemente sobre un fondo blanco. El dise\u00f1o es duradero y resistente al desgaste, sin riesgo de pelarse.<\/li>\n<li>Seguridad: Cumple con las regulaciones que rigen los materiales de contacto con alimentos y productos farmac\u00e9uticos en los principales mercados globales. La tinta ha pasado las pruebas de migraci\u00f3n relevantes, garantizando la seguridad.<\/li>\n<\/ul>\n<p>&nbsp;<\/p>\n<p>&nbsp;<\/p>\n<p><strong><b>Aplicaciones recomendadas <\/b><\/strong>:<\/p>\n<p>Uso recomendado de the35mm de di\u00e1metro, blanco y rojo a cuadros, acabado mate, tubo flexible PE:<\/p>\n<p>La industria de belleza y cuidado de la piel.<\/p>\n<p>&nbsp;<\/p>\n<ul>\n<li>El mercado femenino: productos de maquillaje de moda (como hidratantes pre-maquillaje y l\u00edquidos destacadores), cremas de mano colaborativas de edici\u00f3n limitada y jabones de ba\u00f1o vibrantes. Los puntos rojos y blancos transmiten una imagen de moda, l\u00fadica y segura de las mujeres, especialmente atractiva para los millennials y los consumidores de la Gen Z.<\/li>\n<li>Mercado masculino: Gel de Despertar de Energ\u00eda Deportiva, Agua de Colaboraci\u00f3n de Marca de Moda, Gel de Ducha de Fragrancia. Elija la versi\u00f3n con base roja y puntos blancos emparejados con una gorra torcida oscura o met\u00e1lica para transmitir una persona masculina moderna audaz, en\u00e9rgica y poco convencional.<\/li>\n<li>Mercado infantil: Gel de ducha divertido para ni\u00f1os, l\u00edquido de ba\u00f1o de burbujas, crema protectora solar para ni\u00f1os. El patr\u00f3n de puntos de polka transmite intr\u00ednsecamente una sensaci\u00f3n de juguet\u00f3n y alegr\u00eda, lo que atrae efectivamente a los ni\u00f1os. La combinaci\u00f3n de colores rojo y blanco es brillante y seguro.<\/li>\n<\/ul>\n<p>&nbsp;<\/p>\n<p>Industria de lubricantes para dispositivos m\u00e9dicos.<\/p>\n<p>&nbsp;<\/p>\n<ul>\n<li>Mercados de atenci\u00f3n m\u00e9dica profesional y de consumo: gel de envoltura t\u00e9rmica de rehabilitaci\u00f3n deportiva, crema de masaje para aliviar el dolor muscular, lubricantes para el cuidado personal. El estilo Pop Art puede romperse con la fr\u00eda y formal atm\u00f3sfera del envasado tradicional de dispositivos m\u00e9dicos, impregnando los productos con conceptos modernos de salud de \u201crestauraci\u00f3n de vitalidad\u201d y \u201ccuidado positivo\u201d. Esto es adecuado para centros de fitness y rehabilitaci\u00f3n o marcas de dispositivos m\u00e9dicos de cuidado personal de alta gama dirigidas directamente a los consumidores (DTC).<\/li>\n<\/ul>\n<p>&nbsp;<\/p>\n<p>La industria de pigmentos qu\u00edmicos industriales.<\/p>\n<p>&nbsp;<\/p>\n<ul>\n<li>Mercado creativo y de dise\u00f1o: adhesivos aplicados a mano de dise\u00f1o, pinturas de modelado creativo y medios especializados para estudios de arte. Su embalaje \u00fanico y art\u00edstico lo convierte en un objeto de dise\u00f1o por s\u00ed mismo, atractivo para dise\u00f1adores, artistas y entusiastas de la artesan\u00eda e integrado sin problemas en entornos de trabajo creativos.<\/li>\n<\/ul>\n<h3>1. <strong><b>Atributos del producto<\/b><\/strong><\/h3>\n<p>Caracter\u00edsticas del tubo flexible mate de PE con puntos rojos y blancos de 35mm de di\u00e1metro.<\/p>\n<ul>\n<li>Marca visual altamente art\u00edstica: El estilo Pop Art lo distingue de innumerables opciones de embalaje minimalistas o lujosos, ofreciendo un alto potencial de reconocimiento y compromiso, lo que permite el r\u00e1pido establecimiento de una marca de moda y de vanguardia.<\/li>\n<li>La flexibilidad ofrecida por el sistema de doble color: Los dos dise\u00f1os con fondos rojos con puntos blancos y fondos blancos con puntos rojos proporcionan a la marca opciones para estrategias de color que se pueden aplicar a trav\u00e9s de diferentes l\u00edneas de productos o g\u00e9neros, manteniendo un lenguaje de dise\u00f1o unificado de estilo familiar.<\/li>\n<li>Textura t\u00e1ctil y visual superior: El acabado mate proporciona una sensaci\u00f3n suave y agarrable, evitando residuos de huellas digitales; Los colores de alta saturaci\u00f3n y la impresi\u00f3n precisa ofrecen una experiencia visual agradable.<\/li>\n<li>Excepcional durabilidad y practicidad: El dise\u00f1o de tornillo de alta calidad garantiza un sellado fiable, y su capacidad de 65 ml lo hace conveniente tanto para uso dom\u00e9stico como para viajes cortos.<\/li>\n<\/ul>","protected":false},"excerpt":{"rendered":"<p><b><\/b><strong><b>Dise\u00f1o del cuerpo del tubo<\/b><\/strong>.<\/p>\n<ul>\n<li>Psicolog\u00eda del color y el estilo:<\/li>\n<li>Puntos rojos y blancos: Estos son entre los s\u00edmbolos visuales m\u00e1s ic\u00f3nicos del Pop Art. El rojo representa energ\u00eda, pasi\u00f3n, confianza y acci\u00f3n; El blanco simboliza la pureza, la simplicidad y la modernidad. La interacci\u00f3n de estos dos colores crea un esp\u00edritu din\u00e1mico, optimista, de moda y poco convencional que resuena con los j\u00f3venes consumidores que valoran la individualidad y la autoexpresi\u00f3n.<\/li>\n<li>Asimetr\u00eda y composici\u00f3n din\u00e1mica: La disposici\u00f3n irregular de \u201cc\u00edrculos de diferentes tama\u00f1os\u201d rompe con la r\u00edgida simetr\u00eda, creando un ritmo visual din\u00e1mico y din\u00e1mico que aporta movimiento y vitalidad al envase.<\/li>\n<li>Cohesi\u00f3n estil\u00edstica incomparable: El dise\u00f1o integra a la perfecci\u00f3n elementos art\u00edsticos en todo, desde los patrones del cuerpo hasta las gorras intercambiables (como la elecci\u00f3n de blanco brillante o plata galvanizada), mejorando la sensaci\u00f3n moderna y vanguardista en general.<\/li>\n<\/ul>\n<p><strong>Ventajas del producto:<\/strong><\/p>\n<p>Las ventajas del di\u00e1metro de 35 mm, blanco y rojo a cuadros, acabado mate, tubo flexible de PE:<\/p>\n<ul>\n<li>Crear una personalidad de marca distinta y elementos memorables: En un mercado altamente competitivo, el embalaje art\u00edstico es una de las mejores formas de establecer un alto reconocimiento a bajo costo, lo que permite a la marca diferenciarse r\u00e1pidamente de las descripciones funcionales y capturar la mente de los consumidores.<\/li>\n<li>Profundamente atractivo para audiencias j\u00f3venes y de moda: El dise\u00f1o sirve efectivamente a los consumidores j\u00f3venes que valoran la autoexpresi\u00f3n, est\u00e1n entusiasmados con el compartir en las redes sociales y favorecen las colaboraciones entre marcas. Esto puede mejorar significativamente la visibilidad y el compromiso de la marca en las plataformas sociales.<\/li>\n<li>Lograr una alta prima por \u201cvalor emocional\u201d: Este envase vende m\u00e1s que solo las funcionalidades del producto; Representa un estilo de vida, una est\u00e9tica art\u00edstica y una identidad personal, proporcionando un fuerte apoyo para un mayor precio del producto y valor a\u00f1adido de la marca.<\/li>\n<li>Forte potencial para colaboraciones intersectoriales: El estilo Pop Art se presta excepcionalmente bien a colaboraciones con marcas de moda, artistas y propiedades intelectuales de moda. El embalaje en s\u00ed mismo puede servir como plataforma ideal para tales colaboraciones.<\/li>\n<\/ul>\n<p>&nbsp;<\/p>\n<p>&nbsp;<\/p>\n<p><b><\/b><strong>Ventajas del producto:<\/strong><\/p>\n<p><strong><b>Escenarios donde se pueden usar tubos flexibles de 35 mm de di\u00e1metro, blancos y rojos a cuadros, acabado mate, PE:<\/b><\/strong><\/p>\n<ul>\n<li>\u201cDecoraci\u00f3n de Ba\u00f1o\u201d por un Influencer de Moda: En los vitrines de los influencers de Instagram de los elementos esenciales del ba\u00f1o, este producto destaca por su atractivo dise\u00f1o y atractivo est\u00e9tico, convirti\u00e9ndolo en un punto focal en las fotos y un tema frecuente de consulta entre los seguidores.<\/li>\n<li>\u201cAccesorios modernos para el hogar\u201d para apartamentos urbanos: Los consumidores que valoran la est\u00e9tica en sus espacios de vida probablemente apreciar\u00e1n tener una manguera de dise\u00f1o tan elegante en su fregadero o estante del ba\u00f1o, que sirve como un art\u00edculo decorativo art\u00edstico que realza el espacio.<\/li>\n<li>Una \u201cInspiration Power Station\u201d para profesionales creativos: Use para mantener crema de manos o b\u00e1lsamo labial en el escritorio de un dise\u00f1ador o artista. Su dise\u00f1o vibrante proporciona un toque de relajaci\u00f3n visual e inspiraci\u00f3n en medio de una carga de trabajo ocupada.<\/li>\n<li>Fitness Enthusiasts' \"Energy Boost Kit\": Dentro de una bolsa de fitness, hay un gel deportivo y calmante envasado en puntos rojos y blancos. Los colores transmiten un mensaje psicol\u00f3gico de energ\u00eda y vitalidad.<\/li>\n<li>\u201cMomentos felices\u201d para los ba\u00f1os de padres e hijos: el juguet\u00f3n empaquetado de puntos de polka durante los ba\u00f1os de los ni\u00f1os puede hacer que esperen el tiempo de ba\u00f1o, convirtiendo el cuidado de rutina en una experiencia divertida.<\/li>\n<\/ul>","protected":false},"featured_media":3645,"comment_status":"closed","ping_status":"closed","template":"","meta":[],"product_brand":[],"product_cat":[29,46],"product_tag":[],"class_list":{"0":"post-2157","1":"product","2":"type-product","3":"status-publish","4":"has-post-thumbnail","6":"product_cat-skin-care-plastic-tube","7":"product_cat-35-pe-plastic-tube","9":"first","10":"instock","11":"shipping-taxable","12":"purchasable","13":"product-type-simple"},"_links":{"self":[{"href":"https:\/\/www.hongyitube.com\/es\/wp-json\/wp\/v2\/product\/2157","targetHints":{"allow":["GET"]}}],"collection":[{"href":"https:\/\/www.hongyitube.com\/es\/wp-json\/wp\/v2\/product"}],"about":[{"href":"https:\/\/www.hongyitube.com\/es\/wp-json\/wp\/v2\/types\/product"}],"replies":[{"embeddable":true,"href":"https:\/\/www.hongyitube.com\/es\/wp-json\/wp\/v2\/comments?post=2157"}],"wp:featuredmedia":[{"embeddable":true,"href":"https:\/\/www.hongyitube.com\/es\/wp-json\/wp\/v2\/media\/3645"}],"wp:attachment":[{"href":"https:\/\/www.hongyitube.com\/es\/wp-json\/wp\/v2\/media?parent=2157"}],"wp:term":[{"taxonomy":"product_brand","embeddable":true,"href":"https:\/\/www.hongyitube.com\/es\/wp-json\/wp\/v2\/product_brand?post=2157"},{"taxonomy":"product_cat","embeddable":true,"href":"https:\/\/www.hongyitube.com\/es\/wp-json\/wp\/v2\/product_cat?post=2157"},{"taxonomy":"product_tag","embeddable":true,"href":"https:\/\/www.hongyitube.com\/es\/wp-json\/wp\/v2\/product_tag?post=2157"}],"curies":[{"name":"WP","href":"https:\/\/api.w.org\/{rel}","templated":true}]}}