{"id":2149,"date":"2025-07-11T18:21:21","date_gmt":"2025-07-11T10:21:21","guid":{"rendered":"https:\/\/www.hongyitube.com\/product\/%cf%8630-pe-plastic-tube-refilling-bottle-skin-care-cosmetics-lotion-special-refilling-bottle-colored-transparent-skin-care-plastic-tube-6-2\/"},"modified":"2026-01-09T17:06:53","modified_gmt":"2026-01-09T09:06:53","slug":"35-pe-plastic-tube-refilling-bottle-skin-care-cosmetics-lotion-special-refilling-bottle-colored-transparent-skin-care-plastic-tube-1","status":"publish","type":"product","link":"https:\/\/www.hongyitube.com\/es\/product\/35-pe-plastic-tube-refilling-bottle-skin-care-cosmetics-lotion-special-refilling-bottle-colored-transparent-skin-care-plastic-tube-1\/","title":{"rendered":"35 PE tubo de pl\u00e1stico botella de repuesto, cosm\u00e9ticos de cuidado de la piel loci\u00f3n especial botella de repuesto, tubo de pl\u00e1stico de cuidado de la piel transparente de color-1"},"content":{"rendered":"<p>Hongyi Plastic 55-60ml \"Gold Label Premium\" tem\u00e1tico tubo suave de gama alta de 35 mm de di\u00e1metro.<\/p>\n<p>1.Descripci\u00f3n del tubo blando de 35 mm de di\u00e1metro de alta gama tem\u00e1tico \"Gold Label Premium\" de 55-60 ml.<\/p>\n<p>Nuestro tubo blando de gama alta de 55 ml con el tema \u201cGold Label Premium\u201d de 35 mm de di\u00e1metro es un recipiente de envasado de tubo blando de PE de gama alta con un di\u00e1metro de 35 mm, centrado en torno a los conceptos de \u201cest\u00e9tica dorada y la declaraci\u00f3n definitiva\u201d. Tiene una capacidad de 55 mililitros. El cuerpo del tubo est\u00e1 coloreado con un color maestro de oro perloso de alta saturaci\u00f3n, d\u00e1ndole un deslumbrante y lujoso brillo met\u00e1lico. La caracter\u00edstica principal del dise\u00f1o es un bloque negro de 1 * 2,8 cm impreso centralmente en la superficie frontal del tubo, con la palabra \"ORO\" intrincadamente en relieve dentro de este bloque, revelando inteligentemente el oro perloso subyacente, creando un sorprendente contraste visual y una declaraci\u00f3n de \"identidad dorada\". El envase cuenta con un dise\u00f1o de tapa de tornillo de alta calidad, compatible con colores moldeados por inyecci\u00f3n, colores galvanizados (como oro champa\u00f1a y gris platino) y tapas de tornillo acr\u00edlicas de alta transparencia, todo trabajando juntos para crear una gama de productos completa que va desde el brillo deslumbrante hasta el lujo discreto.<\/p>\n<ol start=\"2\">\n<li>Material de la \u201cGold Label Premium\u201d.<\/li>\n<\/ol>\n<p>&nbsp;<\/p>\n<ul>\n<li>Material primario: material compuesto PE especializado de alta resistencia y alto brillo. Se agregan masterbatch especial de oro perloso y agentes de refuerzo para lograr una textura met\u00e1lica y resistencia a la tracci\u00f3n que son dif\u00edciles de lograr con pl\u00e1sticos ordinarios, al tiempo que se garantiza una excelente flexibilidad y estabilidad qu\u00edmica. Esto evita que el tubo se deforme o se hunda debido al llenado del contenido.<\/li>\n<li>Seguridad: Cumple con los est\u00e1ndares globales para los materiales de contacto con alimentos y farmac\u00e9uticos establecidos por organizaciones como la FDA de los Estados Unidos y la UE 10\/2011, cumpliendo con los estrictos requisitos de entrada para productos de cuidado personal de alta gama y consumibles de equipos m\u00e9dicos especializados.<\/li>\n<li>Propiedades clave: Muestra una excelente resistencia a los ara\u00f1azos y a las condiciones clim\u00e1ticas, lo que garantiza que el oro perloso siga siendo vibrante y nuevo incluso durante el uso diario y el transporte, sin mostrar signos de desgaste o desvanecimiento.<\/li>\n<\/ul>\n<p>&nbsp;<\/p>\n<p><strong><b>Aplicaciones recomendadas <\/b><\/strong>:<\/p>\n<p>Uso recomendado del tubo suave de gama alta de 35 mm de di\u00e1metro con el tema \u201cGold Label Premium\u201d de 55 ml: Industria de belleza y cuidado de la piel.<\/p>\n<ul>\n<li>Mercado femenino: sueros antienvejecimiento de gama alta, m\u00e1scaras de reparaci\u00f3n nocturna, fragancias de edici\u00f3n limitada. El oro simboliza el lujo, la eficacia y la recompensa, aline\u00e1ndose perfectamente con el posicionamiento de las l\u00edneas anti-envejecimiento de gama alta o los productos de edici\u00f3n limitada de vacaciones, atendiendo al deseo de las mujeres de \u201cauto-recompensa\u201d.<\/li>\n<li>Male Market: The Prestige Edition incluye un hidratante post-tratamiento, un lujoso b\u00e1lsamo de fragancia para hombres y una esencia para el cuidado del cabello de gama alta. La tapa anodizada oscura (como el negro de pistola o el gris del espacio profundo) se empareja con un cuerpo de tubo de color oro, creando una imagen de un hombre compuesto, exitoso y consciente de la calidad.<\/li>\n<li>Mercado infantil: No aplicable. Los tonos dorados transmiten una sensaci\u00f3n de lujo, que no se alinea con la naturaleza inocente y l\u00fadica de los productos para ni\u00f1os.<\/li>\n<\/ul>\n<p>Industria de lubricantes para dispositivos m\u00e9dicos.<\/p>\n<ul>\n<li>Mercado de gama alta profesional: lubricantes de cuidado privado de gama alta, geles de reparaci\u00f3n especializados para procedimientos l\u00e1ser de la piel, ung\u00fcentos conductores avanzados para terapia de rehabilitaci\u00f3n. El embalaje de oro transmite fuertes se\u00f1ales de \u201ccalidad profesional\u201d, \u201cf\u00f3rmula de primer nivel\u201d y \u201ccuidado excepcional\u201d, atendiendo al mercado de atenci\u00f3n m\u00e9dica y cl\u00ednicas profesionales de alta gama que valora experiencias y calidad \u00f3ptimas.<\/li>\n<\/ul>\n<p>La industria de pigmentos qu\u00edmicos industriales.<\/p>\n<ul>\n<li>Mercados profesionales y de regalos de primer nivel: pintura de modelo de efecto de metal precioso (como oro, plata, cobre), limpiadores especializados \/ cremas de cuidado para el mantenimiento de art\u00edculos de lujo, aceites de mantenimiento de instrumentos de alta gama. El embalaje en s\u00ed mismo sugiere sutilmente que los productos contienen \u201cmateriales genuinos\u201d o pueden lograr \u201cresultados de primer nivel\u201d, atrayendo a actores profesionales, artistas y marcas de gama alta como productos complementarios.<\/li>\n<\/ul>","protected":false},"excerpt":{"rendered":"<p><b><\/b><strong><b>Dise\u00f1o del cuerpo del tubo<\/b><\/strong>.<\/p>\n<p>El dise\u00f1o del cuerpo del tubo suave de gama alta de 35 mm de di\u00e1metro tem\u00e1tico \u201cGold Label Premium\u201d de 55-60 ml:<\/p>\n<ul>\n<li>Psicolog\u00eda del color y los s\u00edmbolos:<\/li>\n<li>Pearl Gold: Este es el s\u00edmbolo definitivo del \u00e9xito, logro, inmortalidad, sabidur\u00eda y lujo. No tiene como objetivo la sutileza o la subestimaci\u00f3n; En su lugar, declara con confianza el posicionamiento de primer nivel del producto y su promesa excepcional.<\/li>\n<li>El logotipo en relieve \"GOLD\": Esto no es simplemente una palabra; es un poderoso s\u00edmbolo de marca y una insignia de calidad. Reforza la propuesta de valor del producto de una manera segura, directa e incluso algo presuntosa, atendiendo al deseo de los consumidores de mostrar su gusto y estatus al poseer un producto con la \u201cEtiqueta de Oro\u201d.<\/li>\n<li>Dise\u00f1o visual minimalista pero poderoso: El dise\u00f1o emplea una estrategia de \u201cencendido de enfoque\u201d. El \u00e1rea perforada negra central sirve como punto focal visual absoluto, relegando toda la otra informaci\u00f3n (nombres de productos, par\u00e1metros) a un estado secundario. Esto garantiza la transmisi\u00f3n sin trabas del manifiesto \u201cORO\u201d, caracterizado por un estilo fuerte y confiado.<\/li>\n<li>Percepci\u00f3n del material y el peso: La tapa de tornillo de alta calidad no solo ofrece un sello superior y durabilidad, sino que su tama\u00f1o m\u00e1s grande y roscas m\u00e1s profundas tambi\u00e9n proporcionan una sensaci\u00f3n m\u00e1s sustancial cuando se enroscan, reforzando f\u00edsicamente la percepci\u00f3n del usuario de \"peso\" y \"alta calidad\".<\/li>\n<\/ul>\n<p>&nbsp;<\/p>\n<p><strong>Ventajas del producto:<\/strong><\/p>\n<p>&nbsp;<\/p>\n<p>Las ventajas del tubo suave de gama alta de 35 mm de di\u00e1metro con el tema \u201cGold Label Premium\u201d de 55-60 ml:<\/p>\n<ul>\n<li>Establecer un posicionamiento indiscutible de marca de gama alta: Este envase sirve como \u201cmoneda dura\u201d y \u201cboleto de entrada\u201d para que el producto entre en el segmento de precios premium. Examina eficazmente los segmentos de clientes objetivo y admite primas de marca m\u00e1s altas.<\/li>\n<li>Crear un fuerte atractivo de coleccionabilidad y regalo: El color dorado y el logotipo \"GOLD\" lo hacen inherentemente adecuado para su uso como una edici\u00f3n limitada, edici\u00f3n aniversaria o regalo premium, impregnando con un fuerte sentido de ritualismo y coleccionabilidad, lo que puede estimular el deseo de los consumidores de comprar y dar como regalos.<\/li>\n<li>Unificar la experiencia \u201cexclusiva\u201d en varias industrias: Este envase puede proporcionar una experiencia de usuario \u201cexclusiva, de primer nivel y profesional\u201d consistente para productos que van desde el cuidado de la piel y dispositivos m\u00e9dicos de alta gama hasta productos industriales especializados, ayudando a las marcas a establecer una imagen de alta gama que se extiende a trav\u00e9s de diferentes categor\u00edas.<\/li>\n<li>Maximizar el alcance de las redes sociales: El dise\u00f1o sorprendente, sencillo y simb\u00f3lico lo hace muy valioso para \"mostrar\" y participar en plataformas como Instagram y TikTok, desencadenando f\u00e1cilmente el compartir generado por el usuario y convirti\u00e9ndose en una parte integral de la identidad de uno.<\/li>\n<\/ul>\n<p>&nbsp;<\/p>\n<p>&nbsp;<\/p>\n<ul>\n<li><b><\/b>Escenarios de aplicaci\u00f3n para el producto:<\/li>\n<\/ul>\n<p><strong><b>Escenarios en los que se puede usar el tubo suave ID de gama alta de 35 mm con el tema \u201cGold Label Premium\u201d de 55-60 ml:<\/b><\/strong><\/p>\n<ul>\n<li>La \u201cMedalla de Estaci\u00f3n de Maquillaje\u201d para individuos de \u00e9lite: En el ba\u00f1o o el vestidor de individuos exitosos, este tubo de oro no es solo un producto de cuidado de la piel; Sirve como un s\u00edmbolo tangible de logros personales y gusto refinado, junto con relojes de gama alta y plumas estil\u00edsticas.<\/li>\n<li>La \u201cculminaci\u00f3n del servicio\u201d para los salones de belleza de gama alta: En los lujosos spas de belleza o centros de bienestar, el uso de este producto exclusivo envasado en oro para proporcionar tratamientos a los hu\u00e9spedes mejora en gran medida el sentido de lujo y ceremonia, haciendo del producto una parte integral de la experiencia.<\/li>\n<li>\u201cLa herramienta definitiva\u201d para los estudios profesionales: La utilizaci\u00f3n de los productos de cuidado especializados incluidos en este paquete en tiendas de personalizaci\u00f3n automotriz de primer nivel, establecimientos de cuidado de cuero de lujo o estudios de modelos profesionales subraya el compromiso inquebrantable del estudio con la excelencia en herramientas y materiales, aumentando as\u00ed la confianza del cliente.<\/li>\n<li>Un \u201cregalo de recompensa\u201d para ocasiones especiales: como regalo para celebrar promociones, hitos de aniversario o festividades significativas, su envase dorado y el s\u00edmbolo \u201cORO\u201d hablan mucho, transmitiendo directamente el sentimiento de que \u201cmereces lo mejor\u201d.<\/li>\n<li>La \u201cse\u00f1alizaci\u00f3n de identidad\u201d de los viajes de negocios: el uso de productos de cuidado personal envasados en oro en los ba\u00f1os de los hoteles de cinco estrellas o las instalaciones de sal\u00f3n de primera clase se ha convertido en una manera sutil pero eficaz de se\u00f1alar su identidad personal y sofisticaci\u00f3n cultural.<\/li>\n<\/ul>","protected":false},"featured_media":3643,"comment_status":"closed","ping_status":"closed","template":"","meta":[],"product_brand":[],"product_cat":[29,46],"product_tag":[],"class_list":{"0":"post-2149","1":"product","2":"type-product","3":"status-publish","4":"has-post-thumbnail","6":"product_cat-skin-care-plastic-tube","7":"product_cat-35-pe-plastic-tube","9":"first","10":"instock","11":"shipping-taxable","12":"purchasable","13":"product-type-simple"},"_links":{"self":[{"href":"https:\/\/www.hongyitube.com\/es\/wp-json\/wp\/v2\/product\/2149","targetHints":{"allow":["GET"]}}],"collection":[{"href":"https:\/\/www.hongyitube.com\/es\/wp-json\/wp\/v2\/product"}],"about":[{"href":"https:\/\/www.hongyitube.com\/es\/wp-json\/wp\/v2\/types\/product"}],"replies":[{"embeddable":true,"href":"https:\/\/www.hongyitube.com\/es\/wp-json\/wp\/v2\/comments?post=2149"}],"wp:featuredmedia":[{"embeddable":true,"href":"https:\/\/www.hongyitube.com\/es\/wp-json\/wp\/v2\/media\/3643"}],"wp:attachment":[{"href":"https:\/\/www.hongyitube.com\/es\/wp-json\/wp\/v2\/media?parent=2149"}],"wp:term":[{"taxonomy":"product_brand","embeddable":true,"href":"https:\/\/www.hongyitube.com\/es\/wp-json\/wp\/v2\/product_brand?post=2149"},{"taxonomy":"product_cat","embeddable":true,"href":"https:\/\/www.hongyitube.com\/es\/wp-json\/wp\/v2\/product_cat?post=2149"},{"taxonomy":"product_tag","embeddable":true,"href":"https:\/\/www.hongyitube.com\/es\/wp-json\/wp\/v2\/product_tag?post=2149"}],"curies":[{"name":"WP","href":"https:\/\/api.w.org\/{rel}","templated":true}]}}