{"id":2134,"date":"2025-07-11T18:21:21","date_gmt":"2025-07-11T10:21:21","guid":{"rendered":"https:\/\/www.hongyitube.com\/product\/%cf%8630-pe-plastic-tube-refilling-bottle-skin-care-cosmetics-lotion-special-refilling-bottle-colored-transparent-skin-care-plastic-tube-3-2\/"},"modified":"2026-01-09T12:58:57","modified_gmt":"2026-01-09T04:58:57","slug":"30-pe-plastic-tube-refilling-bottle-skin-care-cosmetics-lotion-special-refilling-bottle-colored-transparent-skin-care-plastic-tube-5","status":"publish","type":"product","link":"https:\/\/www.hongyitube.com\/es\/product\/30-pe-plastic-tube-refilling-bottle-skin-care-cosmetics-lotion-special-refilling-bottle-colored-transparent-skin-care-plastic-tube-5\/","title":{"rendered":"30 PE tubo de pl\u00e1stico botella de relleno, cosm\u00e9ticos de cuidado de la piel loci\u00f3n especial botella de relleno, tubo de pl\u00e1stico de cuidado de la piel transparente de color-5"},"content":{"rendered":"<p>Hongyi Plastic\uff0c30-60ml 1.00 -2.00fl.oz 30-60g, capacidad de 30-60 ml, Vitality Natural Series, tubo blando de PE multicolor y de alta calidad.<\/p>\n<ol>\n<li>Descripci\u00f3n del producto<\/li>\n<\/ol>\n<p>&nbsp;<\/p>\n<p>Vitality Natural Collection, tubos blandos multicolores de alta calidad.<\/p>\n<p>Este tubo de PE, con una capacidad de 30-60 mililitros, cuenta con un cuerpo de tubo blanco que sirve como lienzo, utilizando hasta cinco colores de tecnolog\u00eda de impresi\u00f3n offset. Los principales bloques de color son rojo naranja y amarillo, creando un tono visual c\u00e1lido y en\u00e9rgico. El dise\u00f1o incorpora inteligentemente elementos naturales como melocotones rosados, hojas y flores amarillas en el frente, transmitiendo una sensaci\u00f3n de dulzura y vitalidad. El cuerpo del tubo cuenta con un dise\u00f1o \u00fanico de dientes altos, lo que le da una fuerte sensaci\u00f3n estructural y mejora su sofisticaci\u00f3n. La informaci\u00f3n del producto est\u00e1 claramente impresa en texto amarillo brillante en los bloques rojo-naranja, lo que garantiza que los par\u00e1metros clave son f\u00e1cilmente visibles. El \u00e1rea desde el hombro del tubo hasta el extremo mide 120 mm de longitud y se designa como la zona de envasado. Est\u00e1 equipado con dientes est\u00e1ndar de 6 mm, lo que permite el emparejamiento flexible con varios colores galvanizados, colores moldeados por inyecci\u00f3n, acabados mate \/ brillante y tapas de tornillo de dientes altos de forma personalizada, lo que permite altos niveles de personalizaci\u00f3n personalizada.<\/p>\n<p>&nbsp;<\/p>\n<ol start=\"2\">\n<li>Material del producto.<\/li>\n<\/ol>\n<p>&nbsp;<\/p>\n<ul>\n<li>Cuerpo: polietileno de alta calidad (PE). Este material cuenta con una excelente flexibilidad, resistencia a la compresi\u00f3n y estabilidad qu\u00edmica, lo que lo hace adecuado para alojar de forma segura una amplia gama de contenidos, desde emulsiones y geles hasta cremas y lociones. Garantiza la pureza de la calidad al mismo tiempo que se alinea con la tendencia hacia materiales ecol\u00f3gicos y reciclables.<\/li>\n<li>Cuerpo de tapa: Ofrece una gama incre\u00edblemente diversa de opciones, incluyendo varios colores galvanizados, colores moldeados por inyecci\u00f3n, acabados mate \/ brillante y tapas de tornillo de dientes altos de forma personalizada hechas de materiales como PP y ABS, atendiendo a diferentes identidades de marca y requisitos funcionales.<\/li>\n<\/ul>\n<p><strong><b>Aplicaciones recomendadas <\/b><\/strong>:<\/p>\n<p>Uso recomendado del producto.<\/p>\n<ul>\n<li>Una l\u00ednea de productos para el cuidado de la piel con ingredientes naturales de fruta (como extractos de melocot\u00f3n y c\u00edtricos).<\/li>\n<li>Maquillaje energ\u00e9tico y productos para el cuidado de la piel adaptados a las generaciones Z y Millennial (por ejemplo, cebador, m\u00e1scaras de colores).<\/li>\n<li>Productos de tama\u00f1o de viaje y promocional de tama\u00f1o de prueba, que est\u00e1n dise\u00f1ados para atraer a los consumidores con su apariencia atractiva, alent\u00e1ndolos a hacer su primera compra.<\/li>\n<li>Una gama de productos de cuidado infantil que hacen que el cuidado diario sea una experiencia agradable.<\/li>\n<li>Productos profesionales de estilo de sal\u00f3n o sueros para el cuidado de la piel.<\/li>\n<\/ul>","protected":false},"excerpt":{"rendered":"<p><b><\/b><strong><b>Dise\u00f1o del cuerpo del tubo<\/b><\/strong>.<\/p>\n<p>Dise\u00f1o de botella de producto \u00b7 Jerarqu\u00eda visual: Los bloques naranja y rojo brillantes crean el primer impacto visual, mientras que las delicadas flores de melocot\u00f3n rosa y amarillo agregan una segunda capa de sofisticaci\u00f3n y encanto, atrayendo a los consumidores a recogerla y examinarla de cerca.<\/p>\n<ul>\n<li>Integraci\u00f3n de funcionalidad y est\u00e9tica: La impresi\u00f3n de texto amarillo en bloques de color rojo naranja crea una experiencia de lectura de alto contraste, cumpliendo con los requisitos normativos para la claridad de la informaci\u00f3n, al tiempo que integra sin problemas el \u00e1rea de informaci\u00f3n en el dise\u00f1o general.<\/li>\n<li>Dise\u00f1o centrado en el hombre: El dise\u00f1o de alto perfil ofrece una mayor agarre y resistencia al deslizamiento, mientras que la longitud del envase de 120 mm garantiza la estabilidad en la producci\u00f3n y la fiabilidad del sellado.<\/li>\n<\/ul>\n<p><strong>Ventajas del producto:<\/strong><\/p>\n<ul>\n<li>Mujeres&#8217; s Colecci\u00f3n: melocotones rosa y flores tocan mujeres&#8217; emociones directamente. Los tonos c\u00e1lidos rojo naranja y amarillo transmiten pasi\u00f3n y vitalidad. Es muy adecuado para productos naturales de cuidado de la piel, extracto de vitamina C, crema activa y series de cuidado de las manos.<\/li>\n<li>Hombres&#8217; s: Al emparejarse con tapas de botella gris oscuro, negro mate o azul met\u00e1lico, puede equilibrar la dulzura de los melocotones y resaltar la energ\u00eda y el movimiento de naranja y amarillo. Es adecuado para hombres&#8217; Geles calmantes despu\u00e9s del ejercicio, limpiadores de control de aceite o ceras para el cabello.<\/li>\n<li>Ni\u00f1os: Colores brillantes y hermosos patrones de frutas y flores que atraen a los ni\u00f1os al instante. Combinado con una cubierta dental alta ex\u00f3tica en forma de melocot\u00f3n o flor, mejora en gran medida el producto&#8217; s agradabilidad y es adecuado para ni\u00f1os&#8217; champ\u00fa, protector solar o hidratante.<\/li>\n<li>Extensas aplicaciones intersectoriales:<\/li>\n<li>Belleza &amp; Cuidado de la piel: M\u00e1scaras faciales de fruta, protectores solares, soros ricos en vitaminas, b\u00e1lsamos corporales. Una imagen vibrante ayuda a difundirse en las redes sociales (por ejemplo, Instagram, TikTok).<\/li>\n<li>La industria farmac\u00e9utica: Se utiliza en cremas para el cuidado de caderas con ingredientes suaves, b\u00e1lsamos labiales y geles para aliviar las picaduras de mosquitos. Una apariencia amigable puede aliviar a los ni\u00f1os&#8217; s y padres&#8217; nerviosidad por las drogas.<\/li>\n<li>Industria industrial: Se puede utilizar para ensamblar pegamento de muestra, modelos espec\u00edficos de grasa o tintes. Los colores brillantes y los dise\u00f1os \u00fanicos facilitan la identificaci\u00f3n r\u00e1pida en el piso del taller y evitan el uso indebido.<\/li>\n<li>Consistente con las tendencias del consumo extranjero: Los consumidores en Europa y Estados Unidos prefieren envases que transmitan emociones positivas e inspiraci\u00f3n natural. La naturaleza soleada y abierta de este dise\u00f1o puede construir efectivamente una conexi\u00f3n emocional entre la marca y el consumidor.<\/li>\n<\/ul>\n<p>&nbsp;<\/p>\n<p>&nbsp;<\/p>\n<p><b><\/b><strong>Escenarios de aplicaci\u00f3n para el producto:<\/strong><\/p>\n<p>Esta manguera multicolor de dientes altos con melocotones rosados y flores amarillas en un tono de naranja y amarillo, tiene un dise\u00f1o vibrante que se adapta con precisi\u00f3n a los h\u00e1bitos del usuario y las necesidades emocionales de diferentes grupos de usuarios.<\/p>\n<p>&nbsp;<\/p>\n<ol>\n<li>La industria de la belleza y el cuidado de la piel<\/li>\n<\/ol>\n<p>&nbsp;<\/p>\n<ol>\n<li>Mujeres (adolescentes y adultos)<\/li>\n<\/ol>\n<p>&nbsp;<\/p>\n<ul>\n<li>Escenarios de uso:<\/li>\n<li>Rutina diaria en el vestidor: se utiliza como parte de una rutina diaria de cuidado de la piel para ponerse una crema de d\u00eda \/ noche o pre-crema de maquillaje. El embalaje vibrante inyecta energ\u00eda en el cuidado de la piel por la ma\u00f1ana, mientras que los elementos suaves de melocot\u00f3n agregan un ritual placentero al cuidado nocturno.<\/li>\n<li>Bolso acompa\u00f1ante de equipaje de mano: 30-60 ml capacidad perfecta para llevar contigo. Puedes usar cremas para manos o hidratantes en paquetes separados, listos para ser tomados en la oficina, en una cafeter\u00eda o en movimiento, y en un hermoso paquete que revele tu gusto personal.<\/li>\n<li>Experiencia refrescante en el ba\u00f1o: Como traje de viaje para un gel de ba\u00f1o o loci\u00f3n corporal, utilizado durante el ba\u00f1o, los elementos visuales de las flores de fruta complementan la fragancia fresca para mejorar la experiencia de ba\u00f1o.<\/li>\n<li>Adaptaci\u00f3n de la industria: ingredientes naturales productos de cuidado de la piel, loci\u00f3n corporal de fragancia, muestras port\u00e1tiles de cuidado de la piel.<\/li>\n<\/ul>\n<p>&nbsp;<\/p>\n<ol start=\"2\">\n<li>Hombres (j\u00f3venes y adultos)<\/li>\n<\/ol>\n<p>&nbsp;<\/p>\n<ul>\n<li>Escenarios de uso:<\/li>\n<li>Pack de cuidado del gimnasio: empareje con una tapa de botella brillante negra o azul oscuro para un gel calmante o crema de control de aceite despu\u00e9s del entrenamiento. Los dientes altos est\u00e1n dise\u00f1ados para que sea f\u00e1cil de sostener despu\u00e9s de sudar, y los colores llenos de energ\u00eda son adecuados para una escena deportiva.<\/li>\n<li>Viajes de negocios: Se utiliza como crema multifuncional para la piel (tanto para el rostro como para el cuidado posterior) o como soporte de viaje de cera, colocado en su equipaje de mano para satisfacer las necesidades esenciales de cuidado durante el viaje, lo que es sencillo y eficiente.<\/li>\n<li>Cuidado minimalista del ba\u00f1o: Para hombres&#8217; Los limpiadores especiales o champ\u00fas, los colores brillantes hacen que sea f\u00e1cil identificar r\u00e1pidamente en el ba\u00f1o de casa para evitar la confusi\u00f3n.<\/li>\n<li>Adaptaci\u00f3n de la industria: Hombres&#8217; s productos de cuidado de la piel y cuidado personal, geles de recuperaci\u00f3n deportiva, productos de cuidado multiusos.<\/li>\n<\/ul>\n<p>&nbsp;<\/p>\n<ol start=\"3\">\n<li>Ni\u00f1os&#8217; Pagos (ni\u00f1os y ni\u00f1os peque\u00f1os)<\/li>\n<\/ol>\n<p>&nbsp;<\/p>\n<ul>\n<li>Escenarios de uso:<\/li>\n<li>Ni\u00f1os&#8217; s gu\u00eda lavadero: par con una tapa de botella ex\u00f3tica en forma de melocot\u00f3n o flor para ni\u00f1os&#8217; s champ\u00fa o lavado corporal. Embalaje encantador puede alentar eficazmente a los ni\u00f1os a tomar el lavado de forma proactiva y feliz y evitar llorar.<\/li>\n<li>Actividades al aire libre para padres y ni\u00f1os: Como ni\u00f1os&#8217; protector solar o repelente de mosquitos, aplique con la ayuda de los padres cuando vaya al parque o a la playa. Una apariencia amigable puede aliviar a los ni\u00f1os&#8217; resistencia a los productos de cuidado de la piel.<\/li>\n<li>Jard\u00edn de infancia o guarder\u00eda: hidratante exclusivo para ni\u00f1os&#8217; nombres, f\u00e1cil de administrar en una forma encantadora y un sentimiento de afecto por el ni\u00f1o.<\/li>\n<li>Adaptaci\u00f3n de la industria: ni\u00f1os&#8217; s productos de lavado, productos suaves de protecci\u00f3n solar, equipo de protecci\u00f3n para padres y ni\u00f1os.<\/li>\n<\/ul>\n<p>&nbsp;<\/p>\n<ol>\n<li>Industria industrial<\/li>\n<\/ol>\n<p>&nbsp;<\/p>\n<ol>\n<li>Profesionales (ingenieros, t\u00e9cnicos)<\/li>\n<\/ol>\n<p>&nbsp;<\/p>\n<ul>\n<li>Escenarios de uso:<\/li>\n<li>Banco de trabajo de mantenimiento electr\u00f3nico: Contiene pomada de soldadura de precisi\u00f3n o pegamento conductor. Los bloques naranja y rojo brillantes y las etiquetas de texto personalizadas permiten la identificaci\u00f3n r\u00e1pida y precisa de muchos materiales similares, evitan el uso indebido y mejoran la productividad.<\/li>\n<li>Sitio de mantenimiento del equipo: utilizado para montar modelos espec\u00edficos de agentes de bloqueo de grasa o tornillo. El dise\u00f1o de dientes altos es f\u00e1cil de agarrar y apretar incluso cuando se usan guantes, y la resistencia qu\u00edmica del material PE garantiza la estabilidad del contenido.<\/li>\n<li>Gesti\u00f3n y etiquetado de muestras: Como envasado para muestras de tinte o adhesivo industriales, se pueden usar tapas o etiquetas de botellas de diferentes colores para distinguir entre diferentes formulaciones o lotes para una gesti\u00f3n eficiente de muestras.<\/li>\n<li>Adaptaci\u00f3n de la industria: Electr\u00f3nica-Qu\u00edmica, mantenimiento de m\u00e1quinas, investigaci\u00f3n y desarrollo de laboratorio.<\/li>\n<\/ul>\n<p>&nbsp;<\/p>\n<p>III. Industria de suministros escolares<\/p>\n<p>&nbsp;<\/p>\n<ol>\n<li>Ni\u00f1os y estudiantes en edad escolar<\/li>\n<\/ol>\n<p>&nbsp;<\/p>\n<ul>\n<li>Escenarios de uso:<\/li>\n<li>Herramientas creativas de clase de bellas artes: pegamento blanco o pintura de acuarela. Envasado animado y encantador que la papeler\u00eda ordinaria puede estimular a los ni\u00f1os peque\u00f1os&#8217; inter\u00e9s creativo, para que la clase de bellas artes se vuelva m\u00e1s interesante.<\/li>\n<li>Absorci\u00f3n de escritorio estudiantil: para gel s\u00f3lido o l\u00edquido de correcci\u00f3n. Un aspecto vibrante se puede integrar en un ambiente de aprendizaje colorido y convertirse en un punto destacado en una mochila y bolsa de pluma.<\/li>\n<li>Grupo extracurricular: Como divisi\u00f3n de arcilla creativa o materiales hechos a mano, distribuya en un evento de grupo. El embalaje lindo en s\u00ed mismo puede traer un buen humor.<\/li>\n<li>Adaptaci\u00f3n de la industria: ni\u00f1os&#8217; suministros de arte, materiales creativos hechos a mano, papeler\u00eda divertida para estudiantes.<\/li>\n<\/ul>\n<p>&nbsp;<\/p>\n<ol start=\"2\">\n<li>Estudiantes universitarios y trabajadores de oficina<\/li>\n<\/ol>\n<p>&nbsp;<\/p>\n<ul>\n<li>Escenarios de uso:<\/li>\n<li>Escuelas y estudios de dise\u00f1o: se utilizan para el recubrimiento especial de pegamento o pintura de modelos para montaje. El excelente reconocimiento le permite encontrar r\u00e1pidamente las herramientas que necesita en un banco de trabajo desordenado.<\/li>\n<li>Serie de papeler\u00eda de oficina: Como envase de pegamento de alta viscosidad, colocado en un escritorio, la sensaci\u00f3n de dise\u00f1o no es abrupta, sino que refleja el usuario&#8217; personalidad.<\/li>\n<li>Adaptaci\u00f3n de la industria: herramientas profesionales de fabricaci\u00f3n de modelos, suministros de oficina de dise\u00f1o.<\/li>\n<\/ul>","protected":false},"featured_media":3553,"comment_status":"closed","ping_status":"closed","template":"","meta":[],"product_brand":[],"product_cat":[29,45],"product_tag":[],"class_list":{"0":"post-2134","1":"product","2":"type-product","3":"status-publish","4":"has-post-thumbnail","6":"product_cat-skin-care-plastic-tube","7":"product_cat-30-pe-plastic-tube","9":"first","10":"instock","11":"shipping-taxable","12":"product-type-simple"},"_links":{"self":[{"href":"https:\/\/www.hongyitube.com\/es\/wp-json\/wp\/v2\/product\/2134","targetHints":{"allow":["GET"]}}],"collection":[{"href":"https:\/\/www.hongyitube.com\/es\/wp-json\/wp\/v2\/product"}],"about":[{"href":"https:\/\/www.hongyitube.com\/es\/wp-json\/wp\/v2\/types\/product"}],"replies":[{"embeddable":true,"href":"https:\/\/www.hongyitube.com\/es\/wp-json\/wp\/v2\/comments?post=2134"}],"wp:featuredmedia":[{"embeddable":true,"href":"https:\/\/www.hongyitube.com\/es\/wp-json\/wp\/v2\/media\/3553"}],"wp:attachment":[{"href":"https:\/\/www.hongyitube.com\/es\/wp-json\/wp\/v2\/media?parent=2134"}],"wp:term":[{"taxonomy":"product_brand","embeddable":true,"href":"https:\/\/www.hongyitube.com\/es\/wp-json\/wp\/v2\/product_brand?post=2134"},{"taxonomy":"product_cat","embeddable":true,"href":"https:\/\/www.hongyitube.com\/es\/wp-json\/wp\/v2\/product_cat?post=2134"},{"taxonomy":"product_tag","embeddable":true,"href":"https:\/\/www.hongyitube.com\/es\/wp-json\/wp\/v2\/product_tag?post=2134"}],"curies":[{"name":"WP","href":"https:\/\/api.w.org\/{rel}","templated":true}]}}