{"id":2127,"date":"2025-07-11T18:21:21","date_gmt":"2025-07-11T10:21:21","guid":{"rendered":"https:\/\/www.hongyitube.com\/product\/%cf%8630-pe-plastic-tube-refilling-bottle-skin-care-cosmetics-lotion-special-refilling-bottle-colored-transparent-skin-care-plastic-tube-1-3\/"},"modified":"2026-01-09T13:10:49","modified_gmt":"2026-01-09T05:10:49","slug":"30-pe-plastic-tube-refilling-bottle-skin-care-cosmetics-lotion-special-refilling-bottle-colored-transparent-skin-care-plastic-tube-4","status":"publish","type":"product","link":"https:\/\/www.hongyitube.com\/es\/product\/30-pe-plastic-tube-refilling-bottle-skin-care-cosmetics-lotion-special-refilling-bottle-colored-transparent-skin-care-plastic-tube-4\/","title":{"rendered":"30-50ml 1.00 -1.69fl.oz 30-50g, Embalaje semitransparente, multifuncional, individualizado en tubo suave de PE.  &#8211; pl\u00e1stico Hongyi"},"content":{"rendered":"<p>Hongyi Plastic\uff0c30-50ml 1.00 -1.69fl.oz 30-50g, envasado semitransparente, multifuncional e individualizado en tubo suave de PE.<\/p>\n<p>Este tubo dispensador individualizado de color rosa, semitransparente, multifuncional es un recipiente dispensador de tubo suave de PE dise\u00f1ado espec\u00edficamente para contenidos refinados de gama alta. Su est\u00e9tica visual \u00fanica, detalles centrados en el ser humano y versatilidad en varios escenarios est\u00e1n destinados a satisfacer los estrictos requisitos de los consumidores modernos en todo el mundo para el envasado de productos de belleza, cuidado personal y profesionales.<\/p>\n<p>&nbsp;<\/p>\n<p>&nbsp;<\/p>\n<ol>\n<li>Descripci\u00f3n del producto<\/li>\n<\/ol>\n<p>&nbsp;<\/p>\n<p>Este producto es un tubo flexible a base de PE de 30 mm de di\u00e1metro con una capacidad est\u00e1ndar de 30-60 mililitros. El cuerpo principal del tubo presenta un dise\u00f1o cristalino y de alta transparencia que combina inteligentemente elementos lujosos de piel perlosa rosa y oro rosa. Un sello de seguridad est\u00e1 situado en el extremo del tubo para garantizar la integridad del producto para su primer uso. Lo que m\u00e1s lo diferencia es su \u00e1rea en relieve rosa de piel perlada de 58 mm de largo, que cuenta con un logotipo de marca de oro rosa y un mensaje principal negro, que muestra el estilo de la marca. El \u00e1rea de conexi\u00f3n est\u00e1 enmarcada por dos rayas en relieve de oro rosa de 4 mm de ancho, creando una ventana de visualizaci\u00f3n transparente de 17 mm de ancho que permite una visi\u00f3n intuitiva de la textura y el color del contenido. La secci\u00f3n del hombro del tubo contin\u00faa con un relieve rosado de piel perlada, complementado por sorprendentes dise\u00f1os multicolores, lo que resulta en una apariencia general elegante y sofisticada que combina calidad de gama alta con funcionalidad pr\u00e1ctica.<\/p>\n<p>&nbsp;<\/p>\n<ol start=\"2\">\n<li>Material del producto.<\/li>\n<\/ol>\n<p>&nbsp;<\/p>\n<ul>\n<li>Cuerpo: Hecho de material de polietileno (PE) de alta calidad, que es una opci\u00f3n ideal para envasar sustancias como adhesivos en emulsi\u00f3n. El material PE posee una excelente flexibilidad, estabilidad qu\u00edmica y compatibilidad, protegiendo eficazmente el contenido y evitando reacciones con la pasta, garantizando la seguridad y la pureza del producto.<\/li>\n<li>Carcasas de tapa: Ofrece una amplia gama de opciones, incluyendo acabados galvanizados (como oro champa\u00f1a, plata platino), colores moldeados por inyecci\u00f3n (varios tonos s\u00f3lidos o transparentes) y tratamientos superficiales mate \/ brillante. Los dise\u00f1os de tapas presentan de forma prominente varias tapas de tornillo de alto perfil de forma irregular, lo que garantiza la estanqueidad al aire mientras mejora la sensaci\u00f3n de apertura y la est\u00e9tica general del dise\u00f1o.<\/li>\n<\/ul>\n<p><strong><b>Aplicaciones recomendadas <\/b><\/strong>:<\/p>\n<p>Este tubo de color rosa, semitransparente, multifuncional, recargable (30\/60 ml) es altamente recomendable.<\/p>\n<p>&nbsp;<\/p>\n<ul>\n<li>La industria de belleza y cuidado de la piel:<\/li>\n<li>Productos para mujer: esencia, hidratante pre-maquillaje, protector solar, crema de desvanecimiento localizada, crema de resaltamiento, crema facial de color.<\/li>\n<li>Productos masculinos: Gel de reparaci\u00f3n post afeitado, hidratante de control de aceite, crema BB.<\/li>\n<li>Ni\u00f1os: B\u00e1lsamo labial para ni\u00f1os, crema repelente de mosquitos, protector solar suave y crema de manos con dibujos animados.<\/li>\n<li>Industria farmac\u00e9utica: ung\u00fcentos t\u00f3picos (por ejemplo, cremas antiinflamatorias, geles para reparar cicatrices), agentes de acoplamiento m\u00e9dico, descongestionantes nasales, etc. Las ventanas transparentes facilitan la observaci\u00f3n de las propiedades de las ung\u00fcentos.<\/li>\n<li>Sectores industriales: Versiones de prueba a peque\u00f1a escala o profesionales de pasta de lubricaci\u00f3n de instrumentos de precisi\u00f3n, adhesivos de recubrimiento de pantalla para tel\u00e9fonos m\u00f3viles y pegamento de reparaci\u00f3n bricolaje. Embalaje altamente distintivo para evitar la confusi\u00f3n con art\u00edculos del hogar.<\/li>\n<\/ul>","protected":false},"excerpt":{"rendered":"<p><b><\/b><strong><b>Dise\u00f1o del cuerpo del tubo<\/b><\/strong>.<\/p>\n<p>Dise\u00f1o del tubo dispensador individualizado de color polvo, semitransparente, multifuncional (30\/60ml).<\/p>\n<ul>\n<li>Dimensiones: Longitud total de 115 mm (desde el hombro hasta el extremo del tubo). Dise\u00f1ado para una comodidad \u00f3ptima de las manos. Una abertura roscada de 6 mm de ancho asegura un ajuste seguro con la tapa del tubo y evita fugas.<\/li>\n<li>Colores y artesan\u00eda:<\/li>\n<li>\u00c1rea A (\u00c1rea de Identificaci\u00f3n Principal): base de tinta brillante de piel rosa de 58 mm, en relieve con una marca de oro rosa, tamizado con un eslogan principal negro.<\/li>\n<li>Zona B (\u00c1rea de ventana transparente): Una secci\u00f3n transparente de 17 mm de ancho, delimitada por rayas en relieve de oro de 4 mm en la parte superior y inferior. Un texto promocional negro est\u00e1 estampado en la parte delantera.<\/li>\n<li>Zona C (Zona de Informaci\u00f3n de Tapa de Tubo): Contin\u00faa con la impresi\u00f3n de tinta de color piel, con serigraf\u00eda de par\u00e1metros negros como capacidad y composici\u00f3n.  \u00b7 Dise\u00f1o de alta calidad: La tapa del tubo es resistente, con roscas claras que coinciden con la tapa de tornillo de alta calidad, lo que garantiza un excelente rendimiento de sellado incluso despu\u00e9s de m\u00faltiples aberturas y cierres.<\/li>\n<\/ul>\n<p><strong>Ventajas del producto:<\/strong><\/p>\n<p>Ventajas de este tubo reutilizable multiprop\u00f3sito transl\u00facido rosa<\/p>\n<ul>\n<li>Atraer clientes objetivo:<\/li>\n<li>Usuarias femeninas: El suave color de la piel, la sensaci\u00f3n de lujo ligero de oro rosa y los exquisitos detalles coinciden perfectamente con las preferencias est\u00e9ticas de los consumidores femeninos para empaques elegantes y lindos.<\/li>\n<li>Las l\u00edneas sencillas, los acentos met\u00e1licos y las ventanas transparentes funcionales tambi\u00e9n pueden atraer a los usuarios masculinos que buscan la simplicidad, la eficiencia y la calidad.<\/li>\n<li>Ni\u00f1os&#8217; usuarios: bloques de color brillante y cuerpo de tubo peque\u00f1o, muy adecuado para ni\u00f1os&#8217; productos de cuidado, pueden estimular a los ni\u00f1os&#8217; inter\u00e9s en el uso.<\/li>\n<li>Mejorar el valor de la marca: El uso de m\u00faltiples procesos complejos transmite intuitivamente la marca&#8217; s b\u00fasqueda de calidad y detalles, apoyando el posicionamiento de productos de gama alta.<\/li>\n<li>Facilitar las decisiones de compra: Las ventanas transparentes que muestran exactamente lo que obtienes pueden eliminar efectivamente la incertidumbre del consumidor sobre los contenidos, especialmente en las ventas en l\u00ednea.<\/li>\n<li>Aplicaci\u00f3n intersectorial: El dise\u00f1o es est\u00e9tico y profesional, conectando sin problemas a m\u00faltiples sectores industriales.<\/li>\n<\/ul>\n<p><b><\/b><strong>Escenarios de aplicaci\u00f3n para el producto:<\/strong><\/p>\n<p>Estuches de uso para este tubo suave de color rosa, semitransparente, multifuncional y recargable: Viajes diarios y retoques: Es compacto y port\u00e1til, se adapta f\u00e1cilmente a una bolsa de maquillaje o bolsillo, lo que hace que sea conveniente reaplicar protector solar o productos hidratantes en cualquier momento.<\/p>\n<ul>\n<li>Compatible con las regulaciones de las aerol\u00edneas para l\u00edquidos de equipaje de mano, lo que lo convierte en una opci\u00f3n ideal para contenedores de tama\u00f1o de viaje. Es elegante y menos probable que se filtre.<\/li>\n<li>Gimnasios y actividades al aire libre: Ideal para almacenar geles de recuperaci\u00f3n despu\u00e9s del ejercicio, protectores solares o b\u00e1lsamos labiales para satisfacer un estilo de vida activo.<\/li>\n<li>Banco de trabajo profesional: Un recipiente especializado para aplicaciones adhesivas utilizadas en trabajos de reparaci\u00f3n industrial o electr\u00f3nica, dise\u00f1ado para ser limpio y profesional.<\/li>\n<li>Regalos y promociones: Su sofisticado dise\u00f1o lo convierte en una opci\u00f3n ideal para art\u00edculos de regalo de gama alta o como plataforma para colaboraciones de marca.<\/li>\n<\/ul>","protected":false},"featured_media":3575,"comment_status":"closed","ping_status":"closed","template":"","meta":[],"product_brand":[],"product_cat":[29,45],"product_tag":[],"class_list":{"0":"post-2127","1":"product","2":"type-product","3":"status-publish","4":"has-post-thumbnail","6":"product_cat-skin-care-plastic-tube","7":"product_cat-30-pe-plastic-tube","9":"first","10":"instock","11":"shipping-taxable","12":"product-type-simple"},"_links":{"self":[{"href":"https:\/\/www.hongyitube.com\/es\/wp-json\/wp\/v2\/product\/2127","targetHints":{"allow":["GET"]}}],"collection":[{"href":"https:\/\/www.hongyitube.com\/es\/wp-json\/wp\/v2\/product"}],"about":[{"href":"https:\/\/www.hongyitube.com\/es\/wp-json\/wp\/v2\/types\/product"}],"replies":[{"embeddable":true,"href":"https:\/\/www.hongyitube.com\/es\/wp-json\/wp\/v2\/comments?post=2127"}],"wp:featuredmedia":[{"embeddable":true,"href":"https:\/\/www.hongyitube.com\/es\/wp-json\/wp\/v2\/media\/3575"}],"wp:attachment":[{"href":"https:\/\/www.hongyitube.com\/es\/wp-json\/wp\/v2\/media?parent=2127"}],"wp:term":[{"taxonomy":"product_brand","embeddable":true,"href":"https:\/\/www.hongyitube.com\/es\/wp-json\/wp\/v2\/product_brand?post=2127"},{"taxonomy":"product_cat","embeddable":true,"href":"https:\/\/www.hongyitube.com\/es\/wp-json\/wp\/v2\/product_cat?post=2127"},{"taxonomy":"product_tag","embeddable":true,"href":"https:\/\/www.hongyitube.com\/es\/wp-json\/wp\/v2\/product_tag?post=2127"}],"curies":[{"name":"WP","href":"https:\/\/api.w.org\/{rel}","templated":true}]}}