{"id":2119,"date":"2025-07-11T18:21:21","date_gmt":"2025-07-11T10:21:21","guid":{"rendered":"https:\/\/www.hongyitube.com\/product\/%cf%8630-pe-plastic-tube-refilling-bottle-skin-care-cosmetics-lotion-special-refilling-bottle-colored-transparent-skin-care-plastic-tube-1-2\/"},"modified":"2026-01-09T12:57:23","modified_gmt":"2026-01-09T04:57:23","slug":"30-pe-plastic-tube-refilling-bottle-skin-care-cosmetics-lotion-special-refilling-bottle-colored-transparent-skin-care-plastic-tube-3","status":"publish","type":"product","link":"https:\/\/www.hongyitube.com\/es\/product\/30-pe-plastic-tube-refilling-bottle-skin-care-cosmetics-lotion-special-refilling-bottle-colored-transparent-skin-care-plastic-tube-3\/","title":{"rendered":"30 PE tubo de pl\u00e1stico botella de repuesto, cosm\u00e9ticos de cuidado de la piel loci\u00f3n especial botella de repuesto, tubo de pl\u00e1stico de cuidado de la piel transparente de color-3"},"content":{"rendered":"<p>Hongyi Plastic25-30ml, 0.85 -1.00fl.oz, 25-30g, 30mm de di\u00e1metro, transparente, material de envasado de tubos flexibles de color gradiente PE.<\/p>\n<ol>\n<li>Descripci\u00f3n del producto Este tubo suave de PE transparente y gradiente de 30 mm de di\u00e1metro es un recipiente de envasado de tubos suaves de PE de gama alta con un concepto central de 30 mm de di\u00e1metro centrado en torno a \"est\u00e9tica clara y natural\". Tiene una capacidad de 25-30 ml. La esencia de su dise\u00f1o radica en la creativa \"fusi\u00f3n po\u00e9tica de transparencia y color\": el cuerpo del tubo est\u00e1 hecho de material altamente transparente, con una transici\u00f3n gradual desde el extremo del tubo a la secci\u00f3n media con un suave y suave gradiente de un solo color \"verde rosa claro\", similar a la sombreadura natural. Los extremos del gradiente est\u00e1n marcados con una raya en relieve de color \u201cverde rosa claro\u201d de 5 mm que sirve como un toque de acabado refinado y divisor visual. Por encima de la raya, hasta el hombro del tubo, hay un \u00e1rea pura y totalmente transparente, creando una estructura visual de tres partes transparente-color-gradiente-transparente. El patr\u00f3n central de la marca est\u00e1 grabado con plata l\u00e1ser en las secciones de gradiente, produciendo efectos din\u00e1micos y cambiantes con la refracci\u00f3n de la luz. Todo el texto funcional se imprime con un acabado negro con textura elevada para garantizar una alta visibilidad y tactilidad. El envase cuenta con un dise\u00f1o de tapa de tornillo de alta calidad, compatible con tapas de tornillo de acr\u00edlico moldeadas por inyecci\u00f3n, galvanizadas y de alta transparencia, lo que permite una gama de estilos desde claros hasta lujosos.<\/li>\n<\/ol>\n<p>&nbsp;<\/p>\n<ol start=\"2\">\n<li>Material del producto.<\/li>\n<\/ol>\n<p>&nbsp;<\/p>\n<ul>\n<li>Material primario: polietileno de baja densidad de grado m\u00e9dico altamente transparente (LDPE). Su excepcional pureza y transparencia sirven de base para lograr una apariencia transl\u00facida \u201ccristalina\u201d, al tiempo que poseen una excelente inercia qu\u00edmica.<\/li>\n<li>Seguridad: Cumple con las regulaciones m\u00e1s estrictas que rigen los materiales de contacto con alimentos y farmac\u00e9uticos en los mercados principales globales, incluyendo la FDA 21 CFR de los Estados Unidos, la UE EU 10\/2011 y las normas JHOSPA de Jap\u00f3n. Esto garantiza la compatibilidad con varios contenidos sensibles.<\/li>\n<li>Propiedades clave: Excelente flexibilidad (m\u00f3dulo de flexi\u00f3n &gt; 800%), baja tasa de migraci\u00f3n y resistencia al agrietamiento por estr\u00e9s ambiental, lo que lo hace perfecto para mostrar contenidos y requisitos de almacenamiento a largo plazo.<\/li>\n<\/ul>\n<p><strong><b>Aplicaciones recomendadas <\/b><\/strong>:<\/p>\n<p>Este tubo suave de PE transparente y gradiente de 30 mm de di\u00e1metro se recomienda para su uso en las industrias de belleza y cuidado de la piel.<\/p>\n<p>&nbsp;<\/p>\n<ul>\n<li>Mercado femenino: Esencia de reparaci\u00f3n calmante, gel hidratante de Aloe Vera, aceites naturales de extracto vegetal. El color rosa-verde claro transmite se\u00f1ales psicol\u00f3gicas de \"calma, pureza y tranquilidad\", lo que lo convierte en un ajuste ideal para productos enfocados en el cuidado de la piel sensible, la reparaci\u00f3n de da\u00f1os despu\u00e9s del sol y otros conceptos que enfatizan la suavidad natural.<\/li>\n<li>Mercado masculino: Gel t\u00f3ner que controla el aceite, crema calmante despu\u00e9s del afeitado con sabor a menta. Los colores frescos transmiten una sensaci\u00f3n de limpieza y frescura, evitando la impresi\u00f3n de pesadez asociada con los productos masculinos tradicionales y atractivos para los hombres m\u00e1s j\u00f3venes y aquellos que se preocupan por su apariencia.<\/li>\n<li>Mercado infantil: champ\u00fa y loci\u00f3n de ba\u00f1o sin fragancia para ni\u00f1os, gel repelente de insectos suave. Los colores suaves y la textura transparente hacen que sea f\u00e1cil para los padres ver lo que est\u00e1 dentro, mejorando en gran medida los sentimientos de seguridad y confianza.<\/li>\n<\/ul>\n<p>&nbsp;<\/p>\n<p>Industria de lubricantes para dispositivos m\u00e9dicos.<\/p>\n<p>&nbsp;<\/p>\n<ul>\n<li>Mercados especializados: agente de acoplamiento por ultrasonido soluble en agua, lubricante para endoscopio, gel de enfriamiento f\u00edsico. El cuerpo transparente del tubo permite a los profesionales de la salud observar directamente las caracter\u00edsticas del contenido y las cantidades restantes. El color rosa-verde claro transmite una sensaci\u00f3n de suavidad y baja sensibilidad, dando una impresi\u00f3n profesional. La tapa acr\u00edlica de alta transparencia mejora a\u00fan m\u00e1s la percepci\u00f3n visual de limpieza y esterilidad.<\/li>\n<\/ul>\n<p>&nbsp;<\/p>\n<p>La industria de pigmentos qu\u00edmicos industriales.<\/p>\n<p>&nbsp;<\/p>\n<ul>\n<li>Mercado creativo de gama alta: fragancias de jab\u00f3n\/vela hechas a mano de primera calidad, adhesivos especializados para art\u00edculos de regalo culturales y creativos, diluyentes de pintura de protecci\u00f3n de modelos. El embalaje transparente permite una representaci\u00f3n visual inmediata del color y la pureza del contenido. Los elegantes colores lo hacen destacar en las tiendas culturales y creativas, potenciando el sentido de refinamiento y valor del producto como \u201cmaterial creativo\u201d.<\/li>\n<\/ul>\n<h3>1.\u00a0 <strong><b>Atributos del producto\u00a0<\/b><\/strong><\/h3>\n<p>Esta manguera de PE de gradiente transparente de 30 tubos tiene:<\/p>\n<ul>\n<li>El innovador sistema de visi\u00f3n transparente: &#8220; base transparente gradiente claro dos veces transparente&#8221;  &#8220; s\u00e1ndwich&#8221; dise\u00f1o, creando un sentido tridimensional \u00fanico de permeabilidad y sentido avanzado puro, los contenidos se convierten en parte del dise\u00f1o.<\/li>\n<li>Fusi\u00f3n de procesos sensoriales de primera clase: la impresi\u00f3n en gradiente logra una respiraci\u00f3n natural del color; La impresi\u00f3n del mismo color de precisi\u00f3n establece l\u00edmites delicados; La plata l\u00e1ser altamente refinada crea un enfoque de marca din\u00e1mico; La impresi\u00f3n t\u00e1ctil mejora la experiencia de interacci\u00f3n de informaci\u00f3n.<\/li>\n<li>Sellado funcional superior: El dise\u00f1o de la tapa de tornillo de dientes altos proporciona un mayor \u00e1rea de mordedura del tornillo y puntos de aplicaci\u00f3n, lo que garantiza un rendimiento de sellado m\u00e1s fiable y una sensaci\u00f3n m\u00e1s c\u00f3moda y sofisticada al par abierto y apretado.<\/li>\n<li>Comunicaci\u00f3n de estante sin paralelo: El uso inteligente de la transparencia y el color permite a los productos transmitir el mensaje doble de &#8220; ingredientes puros&#8221;  and &#8220; dise\u00f1o \u00fanico&#8221; en el estante, y cuando se sienta como el arte.<\/li>\n<\/ul>\n<p>&nbsp;<\/p>","protected":false},"excerpt":{"rendered":"<p><b><\/b><strong><b>Dise\u00f1o del cuerpo del tubo<\/b><\/strong>.<\/p>\n<p>El dise\u00f1o del cuerpo del tubo para este tubo suave de PE transparente y gradiente de 30 mm de di\u00e1metro. Psicolog\u00eda del color y posicionamiento en el mercado:<\/p>\n<ul>\n<li>Rosa-verde claro: Este color representa la tendencia curativa actualmente favorecida por los mercados de consumo globales, particularmente por los millennials y la Gen Z. Combina las suaves cualidades del rosa con los aspectos naturales y seguros del verde, simbolizando la relajaci\u00f3n, el equilibrio, el rejuvenecimiento y la libertad de cargas. Resona ampliamente con los consumidores que priorizan el bienestar f\u00edsico y mental, as\u00ed como estilos de vida sostenibles.<\/li>\n<li>La filosof\u00eda del dise\u00f1o espacial \u201csentido de la respiraci\u00f3n\u201d:<\/li>\n<li>El dise\u00f1o deja intencionalmente un \u00e1rea grande de \"espacio de respiraci\u00f3n\" transparente por encima de las zonas de color. Esto no solo proporciona el contexto m\u00e1s claro y sin perturbaciones para la informaci\u00f3n textual requerida por las regulaciones, sino que tambi\u00e9n tiene un significado m\u00e1s profundo en la transmisi\u00f3n de una sofisticada filosof\u00eda de dise\u00f1o de \u201cdejar espacio\u201d y \u201cmodestia\u201d, que contrasta fuertemente con el empaquetado excesivo y se alinea con las preferencias est\u00e9ticas de los consumidores de gama alta.<\/li>\n<li>La interacci\u00f3n de materiales y luz: El cuerpo transparente del tubo, las tintas gradientes, los dise\u00f1os grabados con l\u00e1ser y las combinaciones con tapas de varios materiales crean una rica interacci\u00f3n de luz y sombra cuando se ven desde diferentes \u00e1ngulos, lo que hace que el envase sea muy atractivo y valioso para compartir.<\/li>\n<\/ul>\n<p><strong>Ventajas del producto:<\/strong><\/p>\n<p>Las ventajas de esta manguera de PE gradiente transparente de 30 di\u00e1metros \u00b7 Establecer &#8220; Tecnolog\u00eda pura&#8221; identidad de marca: Este dise\u00f1o es la expresi\u00f3n visual definitiva de &#8220; Belleza limpia,&#8221;  &#8220; Dispositivos m\u00e9dicos suaves, &#8221;  and &#8220; Fine Chemicals&#8221; conceptos, que pueden diferenciar instant\u00e1neamente la marca de competidores similares y establecer una imagen pionera de la industria.<\/p>\n<ul>\n<li>Logre la confianza m\u00e1xima con &#8220; visibilidad de ingredientes&#8221; El dise\u00f1o transparente permite a los consumidores ver directamente la sustancia, el color y la capacidad de los ingredientes, lo que es la prueba m\u00e1s directa y poderosa del compromiso de &#8220; transparencia del ingrediente,&#8221; Reducir las dudas sobre las decisiones de compra.<\/li>\n<li>Dar al contenido un segundo valor est\u00e9tico: el embalaje ya no es una cobertura, sino una complementaci\u00f3n y una mejora. El elegante fondo gradiente puede hacer que los contenidos (como aceite esencial dorado, gel azul) presenten un efecto visual m\u00e1s hermoso.<\/li>\n<li>Proporcionar una sensaci\u00f3n de ceremonia de apertura y cierre de nivel superior: La sensaci\u00f3n de par suave y estable que aporta la tapa de tornillo dental alta, combinada con la textura de la tapa acr\u00edlica o chapada, proporciona satisfacci\u00f3n desde el momento en que se abre la tapa, mejorando toda la sensaci\u00f3n de ceremonia de uso.<\/li>\n<li>Tener fuertes genes de redes sociales: los efectos visuales transparentes, frescos y orientados al dise\u00f1o son naturalmente adecuados para la difusi\u00f3n en plataformas visuales como Instagram y Xiaohongshu, lo que facilita a los usuarios compartir espont\u00e1neamente y formar &#8220; agua del grifo&#8221; tr\u00e1fico.<\/li>\n<li><b><\/b><strong><b>Escenarios de aplicaci\u00f3n para el producto:<\/b><\/strong><\/li>\n<\/ul>\n<p>Escenarios para usar este tubo suave transparente de PE de 30 mm de di\u00e1metro:<\/p>\n<p>\u201cEl Ritual de Sanaci\u00f3n\u201d para los meditadores urbanos: Cuando los consumidores aplican productos de cuidado de la piel por la ma\u00f1ana o antes de acostarse, pueden recoger este envase, que se siente como una brisa suave, y usar su esencia calmante. El embalaje en s\u00ed mismo ayuda a crear un ambiente tranquilo y relajante para el autocuidado.<\/p>\n<ul>\n<li>\u201cSuministros refrescantes\u201d en el Gimnasio\/Estudio de Yoga: Despu\u00e9s de hacer ejercicio, los consumidores sacan de sus bolsas de fitness los productos hidratantes o calmantes rosa-verde claro. El refrescante atractivo visual y la experiencia del usuario son altamente consistentes, trayendo al instante una sensaci\u00f3n de limpieza mental y relajaci\u00f3n.<\/li>\n<li>\u201cPaz de Mente Divulgaci\u00f3n\u201d por las cl\u00ednicas profesionales: En las cl\u00ednicas de dermatolog\u00eda o centros de control de salud, el embalaje totalmente transparente para agentes de acoplamiento o lubricantes permite a los pacientes ver claramente el estado del medio con el que pronto entrar\u00e1n en contacto, transmitiendo en silencio la importancia de la seguridad y la transparencia por parte de las instituciones profesionales.<\/li>\n<li>\u201cTesoros llamativos\u201d en los mercados creativos: En los mercados de artesan\u00eda de fin de semana o colectivos de dise\u00f1adores, este art\u00edculo, adornado con fragancias naturales o adhesivos especializados, destaca por su est\u00e9tica \u00fanica y transparente, capturando r\u00e1pidamente la atenci\u00f3n de los profesionales creativos.<\/li>\n<li>\u201cPaz visual\u201d para las familias con ni\u00f1os: Al comprar productos de cuidado para sus hijos, las madres est\u00e1n extremadamente preocupadas por los ingredientes y la seguridad. Este envase, que permite que el contenido sea \u201ctotalmente transparente\u201d, puede aliviar en gran medida la ansiedad y servir como un s\u00edmbolo de \u201cpaz mental\u201d en el que las madres pueden confiar.<\/li>\n<\/ul>\n<p>&nbsp;<\/p>","protected":false},"featured_media":2122,"comment_status":"closed","ping_status":"closed","template":"","meta":[],"product_brand":[],"product_cat":[29,45],"product_tag":[],"class_list":{"0":"post-2119","1":"product","2":"type-product","3":"status-publish","4":"has-post-thumbnail","6":"product_cat-skin-care-plastic-tube","7":"product_cat-30-pe-plastic-tube","9":"first","10":"instock","11":"shipping-taxable","12":"purchasable","13":"product-type-simple"},"_links":{"self":[{"href":"https:\/\/www.hongyitube.com\/es\/wp-json\/wp\/v2\/product\/2119","targetHints":{"allow":["GET"]}}],"collection":[{"href":"https:\/\/www.hongyitube.com\/es\/wp-json\/wp\/v2\/product"}],"about":[{"href":"https:\/\/www.hongyitube.com\/es\/wp-json\/wp\/v2\/types\/product"}],"replies":[{"embeddable":true,"href":"https:\/\/www.hongyitube.com\/es\/wp-json\/wp\/v2\/comments?post=2119"}],"wp:featuredmedia":[{"embeddable":true,"href":"https:\/\/www.hongyitube.com\/es\/wp-json\/wp\/v2\/media\/2122"}],"wp:attachment":[{"href":"https:\/\/www.hongyitube.com\/es\/wp-json\/wp\/v2\/media?parent=2119"}],"wp:term":[{"taxonomy":"product_brand","embeddable":true,"href":"https:\/\/www.hongyitube.com\/es\/wp-json\/wp\/v2\/product_brand?post=2119"},{"taxonomy":"product_cat","embeddable":true,"href":"https:\/\/www.hongyitube.com\/es\/wp-json\/wp\/v2\/product_cat?post=2119"},{"taxonomy":"product_tag","embeddable":true,"href":"https:\/\/www.hongyitube.com\/es\/wp-json\/wp\/v2\/product_tag?post=2119"}],"curies":[{"name":"WP","href":"https:\/\/api.w.org\/{rel}","templated":true}]}}