{"id":2103,"date":"2025-07-11T18:21:21","date_gmt":"2025-07-11T10:21:21","guid":{"rendered":"https:\/\/www.hongyitube.com\/product\/%cf%8619-pe-plastic-tube-refilling-bottle-skin-care-cosmetics-lotion-special-refilling-bottle-colored-transparent-skin-care-plastic-tube-5-3\/"},"modified":"2026-01-09T13:01:12","modified_gmt":"2026-01-09T05:01:12","slug":"30-pe-plastic-tube-refilling-bottle-skin-care-cosmetics-lotion-special-refilling-bottle-colored-transparent-skin-care-plastic-tube-1","status":"publish","type":"product","link":"https:\/\/www.hongyitube.com\/es\/product\/30-pe-plastic-tube-refilling-bottle-skin-care-cosmetics-lotion-special-refilling-bottle-colored-transparent-skin-care-plastic-tube-1\/","title":{"rendered":"30-50ml 1.00 -1.69fl.oz 30-50g, 30mm de di\u00e1metro, blanco, perloso, rosa \/ p\u00farpura gradiente PE tubo suave, a base de l\u00edquido, tipo emulsi\u00f3n, esencia cremosa, cuidado de la piel, limpiador facial, envase individual &#8211; pl\u00e1stico Hongyi"},"content":{"rendered":"<p>Hongyi Plastic30-50ml 1.00 -1.69fl.oz 30-50g, 30mm de di\u00e1metro, blanco, perloso, rosa \/ p\u00farpura gradiente PE tubo suave, a base de l\u00edquido, tipo de emulsi\u00f3n, esencia cremosa, cuidado de la piel, limpiador facial, envase individual.<\/p>\n<p>eres.<\/p>\n<ol>\n<li>Explicaci\u00f3n del producto El tubo suave Gradient Glitter Multipurpose 30\/50 mL (con estampado en caliente y tratamiento l\u00e1ser) es un tubo suave a base de PE con un di\u00e1metro de 30 mm, con capacidades est\u00e1ndar de 30 mL y 50 mL. La marca prominente se muestra utilizando una t\u00e9cnica de estampado en caliente de plata l\u00e1ser, que brilla con los cambios en la luz&#8217; \u00e1ngulo, lo que lo hace muy atractivo. La secci\u00f3n media del cuerpo del tubo presenta rayas radiales rosadas o p\u00farpuras, agregando profundidad y calidad t\u00e1ctil al dise\u00f1o. Todos los textos explicativos y par\u00e1metros se imprimen en tinta negra transparente, lo que garantiza que la informaci\u00f3n permanezca legible con el tiempo. Adem\u00e1s, un logotipo de marca especialmente dise\u00f1ado en oro de 60 mm de largo se coloca en la parte delantera del tubo, reforzando a\u00fan m\u00e1s la imagen de la marca. El tubo&#8217; S hombro al extremo est\u00e1 dise\u00f1ado con l\u00edneas rectas, facilitando el sellado f\u00e1cil, y viene con una rosca est\u00e1ndar de 6 mm para la compatibilidad con varias tapas de botellas creativas.<\/li>\n<\/ol>\n<p>&nbsp;<\/p>\n<ol start=\"2\">\n<li>Material del producto<\/li>\n<\/ol>\n<p>&nbsp;<\/p>\n<ul>\n<li>Tubo de cuerpo: polietileno de alta calidad (PE). Este material posee una excelente flexibilidad y resistencia a la compresi\u00f3n, lo que permite un f\u00e1cil control sobre la cantidad de pasta que se extruye. El material PE es qu\u00edmicamente estable y compatible con una amplia gama de formulaciones, incluyendo emulsiones, geles, cremas y m\u00e1s, asegurando que el contenido sea puro y seguro.<\/li>\n<li>Cuerpo de tapa: Se pueden utilizar varios tipos de tapas de botellas hechas de diferentes materiales (como PP, ABS, etc.) y procesos de fabricaci\u00f3n dependiendo de los requisitos espec\u00edficos.<\/li>\n<\/ul>\n<p>&nbsp;<\/p>\n<p><strong><b>Aplicaciones recomendadas <\/b><\/strong>:<\/p>\n<p>Nuestra manguera de perlas progresivas multiusos de 30 \/ 50 ml (con proceso de quema y l\u00e1ser) se recomienda para su uso<\/p>\n<p>&nbsp;<\/p>\n<ul>\n<li>Productos de cuidado de la piel de gama alta: como esencia anti-envejecimiento, crema de vitamina C, gel hidratante.<\/li>\n<li>Productos de cuidado dirigidos: como cremas para el acn\u00e9, geles para el cuidado de los ojos, b\u00e1lsamos labiales.<\/li>\n<li>Ropa de viaje &amp; Muestras: El aspecto exquisito lo hace un traje de viaje de gama alta o prueba promocional ideal.<\/li>\n<li>Productos de Salones Profesionales: Preparaciones t\u00f3picas profesionales utilizadas en geles para el cabello, cremas de estilizado o cl\u00ednicas de cuidado de la piel.<\/li>\n<li>Manual bricolaje y mercado de lucro: adecuado para nicho productos naturales de cuidado de la piel marca o crema artesanal.<\/li>\n<\/ul>\n<h3>1.\u00a0 <strong><b>Atributos del producto\u00a0<\/b><\/strong><\/h3>\n<p>Las caracter\u00edsticas de nuestro producto, un tubo suave perloso gradiente multiuso de 30\/50 mililitros (con estampado en caliente y t\u00e9cnicas de grabado l\u00e1ser) incluyen: &#8211; Dise\u00f1o altamente atractivo: La combinaci\u00f3n de un color base perloso con tonos de gradiente satisface a los consumidores&#8217; altas expectativas est\u00e9ticas.<\/p>\n<ul>\n<li>M\u00faltiples t\u00e9cnicas avanzadas: La combinaci\u00f3n de diversas t\u00e9cnicas decorativas como serigraf\u00eda, impresi\u00f3n offset y transferencia de calor (plata l\u00e1ser, estampado de hoja de oro) crea una rica profundidad visual y t\u00e1ctil, mostrando la meticulosa artesan\u00eda de la marca.<\/li>\n<li>Compatibilidad excepcional: Dise\u00f1ado espec\u00edficamente para productos como pastas, cremas y geles, garantizando una experiencia de dispensaci\u00f3n suave y libre de residuos.<\/li>\n<li>Flexibilidad de personalizaci\u00f3n robusta: Ofrece una variedad de opciones de gradiente de color y se puede emparejar con diferentes tipos de colores galvanizados, colores moldeados por inyecci\u00f3n, acabados mate, as\u00ed como tapas de tornillo de perfil bajo o tapas giratorias de forma personalizada, lo que permite posibilidades de personalizaci\u00f3n pr\u00e1cticamente ilimitadas.<\/li>\n<li>Durable y robusto: El dise\u00f1o del extremo del tubo de ranura recta garantiza un sello seguro y herm\u00e9tico, protegiendo eficazmente el contenido.<\/li>\n<\/ul>","protected":false},"excerpt":{"rendered":"<p><b><\/b><strong><b>Dise\u00f1o del cuerpo del tubo<\/b><\/strong>.<\/p>\n<p>30\/50 ml Dise\u00f1o del cuerpo del tubo suave del Gradiente Glitter multiprop\u00f3sito \u00b7 Enfoque visual: Gradiente Glitter tubo cuerpo l\u00e1ser plata Marca Central rayas decorativas en relieve; Juntos, crean una poderosa y armoniosa matriz visual que es altamente impactante en el estante.<\/p>\n<ul>\n<li>Informaci\u00f3n clara: El texto explicativo en ambos lados se imprime con tinta negra y duradera, lo que hace que la informaci\u00f3n funcional sea f\u00e1cilmente comprensible y de conformidad con los requisitos regulatorios de la industria.<\/li>\n<li>Dise\u00f1o amigable con el hombre: La abertura dental est\u00e1ndar de 6 mm es vers\u00e1til, y el extremo del tubo de pared recta facilita operaciones de sellado eficientes y selladas en l\u00edneas de producci\u00f3n automatizadas.<\/li>\n<\/ul>\n<p>Ventajas del producto:<\/p>\n<p>Ventajas del producto<\/p>\n<ul>\n<li>Mejorar el valor de la marca: La combinaci\u00f3n de artesan\u00eda avanzada y dise\u00f1o posiciona al instante el producto como &#8220; premium&#8221;  and &#8220; de moda,&#8221; permitiendo a la marca obtener un precio premium.<\/li>\n<li>Atraer a la base de clientes objetivo:<\/li>\n<li>Versi\u00f3n femenina (gradiente rosa): se alinea perfectamente con las cualidades rom\u00e1nticas, suaves y dulces caracter\u00edsticas del mercado femenino. Es ideal para productos de cuidado de la piel, cremas de manos, pociones de maquillaje y otros art\u00edculos similares.<\/li>\n<li>Versi\u00f3n masculina (gradiente p\u00farpura\/cubierta oscura): El gradiente p\u00farpura exuda misterio, sofisticaci\u00f3n e individualidad. Combinado con una cubierta negra mate o chapada en metal, puede crear una imagen de productos modernos y minimalistas para el cuidado de la piel o el cabello para hombres.<\/li>\n<li>Ni\u00f1o&#8217; versi\u00f3n s (tapa de forma inusual rosa\/p\u00farpura): La combinaci\u00f3n de colores brillantes con tapas de forma inusual y linda (como formas de oso o estrella) puede cautivar inmediatamente tanto a los ni\u00f1os como a los padres. Es adecuado para ni\u00f1os&#8217; s cremas para el rostro, lavados corporales, protector solar y otros productos.<\/li>\n<li>Aplicabilidad interdisciplinaria:<\/li>\n<li>Industria de belleza y cuidado de la piel: cremas faciales, imprimantes, m\u00e1scaras para dormir, cremas de cuidado localizadas y cremas para remover el maquillaje.<\/li>\n<li>Industria farmac\u00e9utica: ung\u00fcentos externos, cremas para quemaduras, geles anest\u00e9sicos locales, ung\u00fcentos antibacterianos.  (Es esencial asegurarse de que los materiales y el embalaje cumplan con las regulaciones de la farmacopea local.)<\/li>\n<li>Sectores industriales: Pasta de soldadura de precisi\u00f3n, lubricantes, adhesivos, recubrimientos de muestras. Los colores vibrantes y las apariencias profesionales ayudan a distinguir entre diferentes productos y modelos.<\/li>\n<li>Atendiendo a las preferencias de los consumidores extranjeros: Los consumidores en Europa y los Estados Unidos ponen un fuerte \u00e9nfasis en la naturaleza personalizada, la respetuosidad con el medio ambiente (el PE es reciclable) y la experiencia de desembozar los productos. Este dise\u00f1o tiene un fuerte impacto visual, y la textura de alta calidad mejora la experiencia general del usuario.<\/li>\n<\/ul>\n<p>&nbsp;<\/p>\n<ul>\n<li><b><\/b><strong><b>Escenarios de aplicaci\u00f3n para el producto:\u00a0<\/b><\/strong><\/li>\n<\/ul>\n<p>Se recomiendan los escenarios de uso para este tubo suave de color gradiente perloso blanco de PE de 30\/50 mililitros.  \u2022 Rutina diaria de cuidado de la piel: En la estaci\u00f3n de maquillaje o el ba\u00f1o, el dise\u00f1o elegante del tubo agrega un toque de belleza.<\/p>\n<ul>\n<li>Conveniente de llevar: el tama\u00f1o compacto y la tapa segura hacen que sea f\u00e1cil almacenar en bolsos de mano, bolsos de fitness o equipaje de viaje, lo que permite retoques f\u00e1ciles en cualquier momento.<\/li>\n<li>Estaciones de trabajo profesionales: En talleres o laboratorios de reparaci\u00f3n electr\u00f3nica, un dise\u00f1o claro ayuda a identificar r\u00e1pidamente y acceder con precisi\u00f3n a las pastas industriales.<\/li>\n<li>Regalos y conjuntos: El dise\u00f1o elegante lo hace una excelente opci\u00f3n para regalos de vacaciones, conjuntos de belleza o art\u00edculos promocionales corporativos.<\/li>\n<li>Display al por menor: Los colores \u00fanicos de gradiente y el acabado brillante pueden hacer que el producto se destaque en un entorno minorista competitivo, alentando a los clientes a recoger activamente el producto.<\/li>\n<\/ul>","protected":false},"featured_media":2110,"comment_status":"closed","ping_status":"closed","template":"","meta":[],"product_brand":[],"product_cat":[29,45],"product_tag":[],"class_list":{"0":"post-2103","1":"product","2":"type-product","3":"status-publish","4":"has-post-thumbnail","6":"product_cat-skin-care-plastic-tube","7":"product_cat-30-pe-plastic-tube","9":"first","10":"instock","11":"shipping-taxable","12":"purchasable","13":"product-type-simple"},"_links":{"self":[{"href":"https:\/\/www.hongyitube.com\/es\/wp-json\/wp\/v2\/product\/2103","targetHints":{"allow":["GET"]}}],"collection":[{"href":"https:\/\/www.hongyitube.com\/es\/wp-json\/wp\/v2\/product"}],"about":[{"href":"https:\/\/www.hongyitube.com\/es\/wp-json\/wp\/v2\/types\/product"}],"replies":[{"embeddable":true,"href":"https:\/\/www.hongyitube.com\/es\/wp-json\/wp\/v2\/comments?post=2103"}],"wp:featuredmedia":[{"embeddable":true,"href":"https:\/\/www.hongyitube.com\/es\/wp-json\/wp\/v2\/media\/2110"}],"wp:attachment":[{"href":"https:\/\/www.hongyitube.com\/es\/wp-json\/wp\/v2\/media?parent=2103"}],"wp:term":[{"taxonomy":"product_brand","embeddable":true,"href":"https:\/\/www.hongyitube.com\/es\/wp-json\/wp\/v2\/product_brand?post=2103"},{"taxonomy":"product_cat","embeddable":true,"href":"https:\/\/www.hongyitube.com\/es\/wp-json\/wp\/v2\/product_cat?post=2103"},{"taxonomy":"product_tag","embeddable":true,"href":"https:\/\/www.hongyitube.com\/es\/wp-json\/wp\/v2\/product_tag?post=2103"}],"curies":[{"name":"WP","href":"https:\/\/api.w.org\/{rel}","templated":true}]}}