{"id":2095,"date":"2025-07-11T18:21:21","date_gmt":"2025-07-11T10:21:21","guid":{"rendered":"https:\/\/www.hongyitube.com\/product\/%cf%8622-pe-plastic-tube-refilling-bottle-skin-care-cosmetics-lotion-special-refilling-bottle-colored-transparent-skin-care-plastic-tube-4-2\/"},"modified":"2026-01-08T18:40:10","modified_gmt":"2026-01-08T10:40:10","slug":"%cf%8625-pe-plastic-tube-refilling-bottle-skin-care-cosmetics-lotion-special-refilling-bottle-colored-transparent-skin-care-plastic-tube-1","status":"publish","type":"product","link":"https:\/\/www.hongyitube.com\/es\/product\/%cf%8625-pe-plastic-tube-refilling-bottle-skin-care-cosmetics-lotion-special-refilling-bottle-colored-transparent-skin-care-plastic-tube-1\/","title":{"rendered":"25 10ml-20ml 0.34-0.68fl.oz Gradual serie de colores de gradiente de materiales de envasado de tubo suave de pl\u00e1stico.  &#8211; pl\u00e1stico Hongyi"},"content":{"rendered":"<p>Hongyi Plastic\u03a625 10ml-20mlGradual serie de colores de gradiente de materiales de envasado de tubo blando de pl\u00e1stico.  &#8211; Pl\u00e1stico Hongyi.<\/p>\n<p>Nuestra soluci\u00f3n de envasado est\u00e1 dise\u00f1ada espec\u00edficamente para productos l\u00edquidos o cremas finas y de alta gama. El componente central es un tubo blando compuesto con un di\u00e1metro interior de 25 mm, una longitud sin tapa de 68 mm, y una capacidad que var\u00eda de 10 a 20 ml. Esta soluci\u00f3n es ideal para empaquetar productos de peque\u00f1a capacidad y alto valor. El cuerpo del tubo est\u00e1 hecho de un tubo base blanco, con un efecto cambiante de color logrado a trav\u00e9s de la serigraf\u00eda, con tonos puros de p\u00farpura, azul o rojo, lo que crea un atractivo visual elegante y moderno. El texto de la marca y la informaci\u00f3n b\u00e1sica se imprimen mediante serigraf\u00eda, garantizando claridad y durabilidad. La secci\u00f3n de patrones utiliza un papel gradiente en el mismo esquema de color para estampado en caliente, que se integra perfectamente con el color del cuerpo del tubo y agrega una textura lujosa. La abertura del tubo cuenta con un dise\u00f1o de diente peque\u00f1o, emparejado con un tap\u00f3n de punta blanca, facilitando un control preciso sobre la cantidad utilizada. Finalmente, el tubo se sella con una tapa moldeada por inyecci\u00f3n blanca, lo que resulta en un dise\u00f1o que es simple, armonioso y altamente funcional.<\/p>\n<p><strong><b>Aplicaciones recomendadas <\/b><\/strong>:<\/p>\n<p>Esta manguera de envasado se recomienda particularmente para su uso con los siguientes tipos de productos:<\/p>\n<p>&nbsp;<\/p>\n<ul>\n<li>El sector de belleza y cuidado personal: l\u00edquidos de esencia de gama alta, cremas pre-maquillaje, esencia antienvejecimiento localizada, corrector, m\u00e1scara, tinte de cejas, l\u00edquidos destacadores, aceites esenciales para el cuidado de la piel, y m\u00e1s.<\/li>\n<li>El campo de la atenci\u00f3n farmac\u00e9utica y sanitaria: geles aplicados localmente, ung\u00fcentos, cremas de reparaci\u00f3n de cicatrices, ung\u00fcentos nasales y otros productos similares.<\/li>\n<li>Industria qu\u00edmica fina: productos como adhesivos fuertes, lubricantes y pastas de pigmentos que requieren un control preciso sobre la cantidad utilizada.<\/li>\n<\/ul>\n<p>&nbsp;<\/p>\n<h3>1. <strong><b>Atributos del producto\u00a0<\/b><\/strong><\/h3>\n<ol>\n<li>Colores exquisitos y artesan\u00eda: El cuerpo de tubo blanco est\u00e1 emparejado con una impresi\u00f3n de tinta monocrom\u00e1tica en gradiente, lo que resulta en una transici\u00f3n de color natural con una textura de gama alta. El texto impreso es duradero, y los patrones en relieve mejoran el producto&#8217; calidad.<\/li>\n<li>Control de volumen preciso: El dise\u00f1o de volumen peque\u00f1o de 10-20 ml, combinado con la tapa interna puntiaguda, permite un uso preciso y medido, evitando desperdicios.<\/li>\n<li>Propiedades de sellado excepcionales: La combinaci\u00f3n del tap\u00f3n interior de punta puntiaguda y la tapa de tornillo proporciona protecci\u00f3n de doble sellado, evitando efectivamente fugas, secado o contaminaci\u00f3n del contenido.<\/li>\n<li>Experiencia de usuario personalizada: El dise\u00f1o de apertura de tubo peque\u00f1o garantiza una rotaci\u00f3n suave y un manejo c\u00f3modo; el dise\u00f1o de punta puntiaguda hace que sea f\u00e1cil aplicar el producto a \u00e1reas espec\u00edficas o regiones peque\u00f1as.<\/li>\n<li>Materiales seguros y fiables: Los tubos y tapones internos, as\u00ed como las tapas, est\u00e1n hechos de materiales que cumplen con las normas relevantes, garantizando la compatibilidad con el contenido y la seguridad e higiene.<\/li>\n<\/ol>","protected":false},"excerpt":{"rendered":"<p>&nbsp;<\/p>\n<ul>\n<li><b><\/b><strong><b>Dise\u00f1o del cuerpo del tubo<\/b><\/strong>.<\/li>\n<li>Color y gr\u00e1ficos: Adoptando la filosof\u00eda de dise\u00f1o de &#8220; menos es m\u00e1s. &#8221; El tubo de fondo blanco sirve como un lienzo puro, y el gradiente de un solo color agrega profundidad y sensaci\u00f3n din\u00e1mica, evitando la monoton\u00eda de los colores puros. Los patrones en relieve est\u00e1n en la misma paleta de colores que el fondo gradiente, creando sutiles variaciones de luminosidad y capas, exudando una sensaci\u00f3n de lujo discreto.<\/li>\n<li>Combinaci\u00f3n tecnol\u00f3gica: Este producto integra tres t\u00e9cnicas diferentes: impresi\u00f3n offset (para aplicaciones de color a gran escala), serigraf\u00eda (para informaci\u00f3n basada en texto) y estampado en caliente (para patrones decorativos). La impresi\u00f3n offset garantiza colores vibrantes y uniformes; serigraf\u00eda hace que el texto se destaque y es duradero; El estampado en caliente sirve como toque final, mejorando tanto el atractivo visual como la experiencia t\u00e1ctil del envase.<\/li>\n<li>Estructura: El cuerpo cil\u00edndrico est\u00e1ndar, con una longitud de 68 mm, lo hace compacto y elegante, facilitando la facilidad de manejo y transporte.<\/li>\n<\/ul>\n<p>Ventajas del producto:<\/p>\n<ol>\n<li>Fuerte atractivo visual: La combinaci\u00f3n de colores de gradiente y proceso de estampado en caliente hace que el producto sea altamente reconocible y de alta calidad en estantes o en p\u00e1ginas de comercio electr\u00f3nico, capturando efectivamente a los consumidores; atenci\u00f3n.<\/li>\n<li>Unidad de funci\u00f3n y forma: No solo tiene una apariencia exquisita, sino que el dise\u00f1o de la inserci\u00f3n puntiaguda y los dientes peque\u00f1os mejora significativamente la comodidad y la precisi\u00f3n del uso, mezclando sin problemas la est\u00e9tica con la practicidad.<\/li>\n<li>Mejorar la imagen de la marca: Los detalles meticulosos del embalaje transmiten la marca&#8217; la b\u00fasqueda de la calidad, que ayuda a dar forma a una imagen de marca profesional y de gama alta.<\/li>\n<li>Protecci\u00f3n del contenido: El producto cuenta con excelentes propiedades de sellado y barrera, que protegen eficazmente la pasta \/ l\u00edquido de la exposici\u00f3n a la luz, el aire y los contaminantes, garantizando as\u00ed la estabilidad y la frescura del producto.<\/li>\n<li>Excelente experiencia de usuario: Todo el proceso, desde abrir el recipiente para usarlo y luego cerrarlo, es suave, limpio y preciso, mejorando significativamente el consumidor&#8217; Satisfacci\u00f3n con el producto.<\/li>\n<\/ol>\n<ul>\n<li><b><\/b><strong><b>Escenarios de aplicaci\u00f3n para el producto.\uff1a\u00a0<\/b><\/strong><\/li>\n<li>Cuidado diario de la piel y rutinas de maquillaje: Los consumidores pueden aplicar con precisi\u00f3n la esencia o el hidratante pre-maquillaje durante su rutina diaria de cuidado de la piel; o al aplicar maquillaje, pueden usar la punta puntiaguda para aplicar corrector con precisi\u00f3n.<\/li>\n<li>Viajes y portabilidad: Su tama\u00f1o compacto se ajusta perfectamente a las regulaciones para el equipaje de mano de la aerol\u00ednea, lo que hace que sea f\u00e1cil almacenarlo en una bolsa de maquillaje, bolsillo o embrague, lo que permite convenientes retoques de maquillaje o rutinas de cuidado de la piel en movimiento.<\/li>\n<li>Salones profesionales y estaciones de trabajo: los estilistas del cabello pueden usarlo para mantener peque\u00f1as cantidades de gel o tinte para el estilo preciso; Los profesionales de belleza pueden usarlo para mantener productos de cuidado de la piel localizados.<\/li>\n<li>Conjunto de regalos y paquetes promocionales: El dise\u00f1o elegante los hace perfectos para su uso como regalos de vacaciones, recompensas de membres\u00eda o como muestras para mostrar l\u00edneas de productos de gama alta, mejorando as\u00ed la percepci\u00f3n general del valor de los regalos.<\/li>\n<\/ul>","protected":false},"featured_media":0,"comment_status":"closed","ping_status":"closed","template":"","meta":[],"product_brand":[],"product_cat":[29,44],"product_tag":[],"class_list":{"0":"post-2095","1":"product","2":"type-product","3":"status-publish","5":"product_cat-skin-care-plastic-tube","6":"product_cat-25-pe-plastic-tube","8":"first","9":"instock","10":"shipping-taxable","11":"purchasable","12":"product-type-simple"},"_links":{"self":[{"href":"https:\/\/www.hongyitube.com\/es\/wp-json\/wp\/v2\/product\/2095","targetHints":{"allow":["GET"]}}],"collection":[{"href":"https:\/\/www.hongyitube.com\/es\/wp-json\/wp\/v2\/product"}],"about":[{"href":"https:\/\/www.hongyitube.com\/es\/wp-json\/wp\/v2\/types\/product"}],"replies":[{"embeddable":true,"href":"https:\/\/www.hongyitube.com\/es\/wp-json\/wp\/v2\/comments?post=2095"}],"wp:attachment":[{"href":"https:\/\/www.hongyitube.com\/es\/wp-json\/wp\/v2\/media?parent=2095"}],"wp:term":[{"taxonomy":"product_brand","embeddable":true,"href":"https:\/\/www.hongyitube.com\/es\/wp-json\/wp\/v2\/product_brand?post=2095"},{"taxonomy":"product_cat","embeddable":true,"href":"https:\/\/www.hongyitube.com\/es\/wp-json\/wp\/v2\/product_cat?post=2095"},{"taxonomy":"product_tag","embeddable":true,"href":"https:\/\/www.hongyitube.com\/es\/wp-json\/wp\/v2\/product_tag?post=2095"}],"curies":[{"name":"WP","href":"https:\/\/api.w.org\/{rel}","templated":true}]}}