{"id":2074,"date":"2025-07-11T18:21:21","date_gmt":"2025-07-11T10:21:21","guid":{"rendered":"https:\/\/www.hongyitube.com\/product\/%cf%8619-pe-plastic-tube-refilling-bottle-skin-care-cosmetics-lotion-special-refilling-bottle-colored-transparent-skin-care-plastic-tube-5-2\/"},"modified":"2025-09-15T17:54:42","modified_gmt":"2025-09-15T09:54:42","slug":"22-pe-plastic-tube-refilling-bottle-skin-care-cosmetics-lotion-special-refilling-bottle-colored-transparent-skin-care-plastic-tube-2","status":"publish","type":"product","link":"https:\/\/www.hongyitube.com\/es\/product\/22-pe-plastic-tube-refilling-bottle-skin-care-cosmetics-lotion-special-refilling-bottle-colored-transparent-skin-care-plastic-tube-2\/","title":{"rendered":"22 PE tubo de pl\u00e1stico botella de relleno, cosm\u00e9ticos de cuidado de la piel loci\u00f3n especial botella de relleno, tubo de pl\u00e1stico de cuidado de la piel transparente de color-2"},"content":{"rendered":"<p>Caracter\u00edsticas y ventajas del producto:<\/p>\n<p>1. Ligero, port\u00e1til, reutilizable, suave y duradero.<\/p>\n<p>2. Sello herm\u00e9tico para la seguridad a prueba de fugas.<\/p>\n<p>3. Las tapas se pueden dise\u00f1ar con una variedad de patrones y colores, dejando ning\u00fan residuo despu\u00e9s del lavado.<\/p>\n<p>4. La extrusi\u00f3n lisa y controlada elimina los residuos.<\/p>\n<p>5. Tapa torneada o giratoria lista para usar para una operaci\u00f3n conveniente y f\u00e1cil llenado y reembalaje.<\/p>","protected":false},"excerpt":{"rendered":"<p>&nbsp;<\/p>\n<p>Botellas con tubo flexible para el cuidado de la piel y lociones cosm\u00e9ticas. Tubos de cuidado de la piel coloreados y transparentes. Tubos de silicona de gran capacidad para lociones, cremas, limpiadores faciales, cremas para ojos, cremas para manos y cremas para pies.<br \/>\nHerramienta de dispensaci\u00f3n de muestras cosm\u00e9ticas para viajes y viajes de negocios. Compatible con avi\u00f3n\/ferrocarril de alta velocidad. Art\u00edculos de aseo recargables de tama\u00f1o de viaje y conjuntos de cuidado de la piel.<br \/>\nEmbalaje flexible de tubo de PE de 10g \/ 10ml, 15g \/ 15ml, 20g \/ 20ml para dispensar y exprimir botellas.<\/p>","protected":false},"featured_media":2075,"comment_status":"closed","ping_status":"closed","template":"","meta":[],"product_brand":[],"product_cat":[29,43],"product_tag":[],"class_list":{"0":"post-2074","1":"product","2":"type-product","3":"status-publish","4":"has-post-thumbnail","6":"product_cat-skin-care-plastic-tube","7":"product_cat-22-pe-plastic-tube","9":"first","10":"instock","11":"shipping-taxable","12":"product-type-simple"},"_links":{"self":[{"href":"https:\/\/www.hongyitube.com\/es\/wp-json\/wp\/v2\/product\/2074","targetHints":{"allow":["GET"]}}],"collection":[{"href":"https:\/\/www.hongyitube.com\/es\/wp-json\/wp\/v2\/product"}],"about":[{"href":"https:\/\/www.hongyitube.com\/es\/wp-json\/wp\/v2\/types\/product"}],"replies":[{"embeddable":true,"href":"https:\/\/www.hongyitube.com\/es\/wp-json\/wp\/v2\/comments?post=2074"}],"wp:featuredmedia":[{"embeddable":true,"href":"https:\/\/www.hongyitube.com\/es\/wp-json\/wp\/v2\/media\/2075"}],"wp:attachment":[{"href":"https:\/\/www.hongyitube.com\/es\/wp-json\/wp\/v2\/media?parent=2074"}],"wp:term":[{"taxonomy":"product_brand","embeddable":true,"href":"https:\/\/www.hongyitube.com\/es\/wp-json\/wp\/v2\/product_brand?post=2074"},{"taxonomy":"product_cat","embeddable":true,"href":"https:\/\/www.hongyitube.com\/es\/wp-json\/wp\/v2\/product_cat?post=2074"},{"taxonomy":"product_tag","embeddable":true,"href":"https:\/\/www.hongyitube.com\/es\/wp-json\/wp\/v2\/product_tag?post=2074"}],"curies":[{"name":"WP","href":"https:\/\/api.w.org\/{rel}","templated":true}]}}