{"id":2069,"date":"2025-07-11T18:21:21","date_gmt":"2025-07-11T10:21:21","guid":{"rendered":"https:\/\/www.hongyitube.com\/product\/%cf%8619-pe-plastic-tube-refilling-bottle-skin-care-cosmetics-lotion-special-refilling-bottle-colored-transparent-skin-care-plastic-tube-3-3\/"},"modified":"2026-01-08T16:33:12","modified_gmt":"2026-01-08T08:33:12","slug":"19-pe-plastic-tube-refilling-bottle-skin-care-cosmetics-lotion-special-refilling-bottle-colored-transparent-skin-care-plastic-tube-5","status":"publish","type":"product","link":"https:\/\/www.hongyitube.com\/es\/product\/19-pe-plastic-tube-refilling-bottle-skin-care-cosmetics-lotion-special-refilling-bottle-colored-transparent-skin-care-plastic-tube-5\/","title":{"rendered":"\u03a619 10ml-15ml Semi-transparente cuidado de la piel de dientes finos, maquillaje y pl\u00e1stico cosm\u00e9tico botella de envasado de tubo blando \/ recipiente desechable - pl\u00e1stico Hongyi"},"content":{"rendered":"<ul>\n<li>HongyiPlastic\u03a619 10ml-15ml 0.34 -0.68fl.oz,Semi-transparente de dientes finos cuidado de la piel, maquillaje y pl\u00e1stico cosm\u00e9tico botella de envasado de tubo blando \/ recipiente desechable.<\/li>\n<li>Esta es una soluci\u00f3n de embalaje de gama alta dise\u00f1ada espec\u00edficamente para marcas que valoran tanto la elegancia como la diversi\u00f3n. No es solo un tubo de envasado; es una obra de arte en el usuario&#8217; S mano. Combinando perfectamente cuerpo de tubo semitransparente, acabado brillante, intrincados patrones de impresi\u00f3n cortados por l\u00e1ser y elegantes detalles rosa cereza, tiene como objetivo proporcionar una experiencia visual y t\u00e1ctil inolvidable para la belleza, el cuidado personal y los productos creativos culturales. El material del cuerpo del tubo seleccionado es un tubo de pl\u00e1stico de alta calidad con un di\u00e1metro est\u00e1ndar de 19 mm. El material es seguro, respetuoso con el medio ambiente, tiene buenas propiedades de barrera y puede proteger eficazmente el contenido de la contaminaci\u00f3n externa, extendiendo as\u00ed el producto; s vida \u00fatil. El cuerpo del tubo en s\u00ed mismo tiene un efecto semitransparente, lo que permite que el color de la crema se muestre sutilmente al tiempo que proporciona un excelente lienzo para los procesos de impresi\u00f3n posteriores.<\/li>\n<li>Tratamiento superficial avanzado: Todo el cuerpo del tubo de envasado de manguera se somete a un tratamiento de alto brillo, lo que resulta en una superficie lisa y espejosa que se siente sedosa y refinada. Esto no solo mejora la apariencia lujosa, sino que tambi\u00e9n mejora la durabilidad y la resistencia a los ara\u00f1azos del envase.<\/li>\n<li>Proceso de impresi\u00f3n del n\u00facleo &#8211; Intricada impresi\u00f3n offset en relieve: esta es la esencia de nuestro dise\u00f1o. Utilizando la tecnolog\u00eda de impresi\u00f3n offset en relieve de alta precisi\u00f3n, decenas de patrones en miniatura como coraz\u00f3n rosado de la flor de cerezo, estrella de cinco puntas, vaso de vino, regalo, globo, pastel peque\u00f1o, nota musical, lollipop, pa\u00f1uelo, ramo de flores, sol saliente y figuras se presentan en forma de &#8220; espacio blanco. &#8221; Estos patrones no son bloques de colores s\u00f3lidos, sino que est\u00e1n delineados por l\u00edneas finas, parecidas al exquisito encaje o arte de corte en papel. A trav\u00e9s de las perforaciones en los patrones, la textura semitransparente del tubo mismo es visible, creando una apariencia en capas y din\u00e1mica que es a la vez animada y encantadora.<\/li>\n<\/ul>\n<p><strong><b>Aplicaciones recomendadas <\/b><\/strong>:<\/p>\n<ul>\n<li>Aplicaciones del producto:<\/li>\n<li>Envases de embalaje para la industria de la belleza: Perfecto para productos de alta capacidad y alto valor como crema de manos, b\u00e1lsamo labial, crema de esencia localizada, corrector, crema facial de tama\u00f1o de viaje, etc.<\/li>\n<li>Botellas dispensadoras para el cuidado personal: adecuadas para formatos port\u00e1tiles como lociones hidratantes, lociones perfumadas, cremas funcionales y m\u00e1s.<\/li>\n<li>En el campo de los regalos culturales y creativos, este envase se puede utilizar para productos como botellas de dispensaci\u00f3n de pegamento creativo, recipientes de pigmentos especializados y crema perfumada, lo que lo hace altamente adecuado para prop\u00f3sitos de regalo.<\/li>\n<\/ul>\n<h3>1.\u00a0 <strong><b>Atributos del producto<\/b><\/strong><\/h3>\n<p>Extremadamente atractivo visualmente: El dise\u00f1o \u00fanico de patr\u00f3n perforado destaca en el estante, capturando al instante a los consumidores. atenci\u00f3n y estimular su deseo de comprar.<\/p>\n<ul>\n<li>Textura agradable: La superficie, con su acabado brillante y impresi\u00f3n intrincada, ofrece una experiencia de agarre y apriete c\u00f3moda y agradable.<\/li>\n<li>Sentimiento de calidad: La combinaci\u00f3n de material semitransparente y artesan\u00eda exquisita transmite silenciosamente la alta calidad del producto y la marca&#8217; Estilo refinado.<\/li>\n<\/ul>","protected":false},"excerpt":{"rendered":"<p>&nbsp;<\/p>\n<ul>\n<li><b><\/b><strong><b>Dise\u00f1o del cuerpo del tubo<\/b><\/strong>.<\/li>\n<\/ul>\n<ol>\n<li>Dise\u00f1o del patr\u00f3n:<\/li>\n<\/ol>\n<ul>\n<li>Rico en temas: Combinando elementos como el amor, las estrellas de cinco puntas y las copas de vino, entre m\u00e1s de diez elementos peque\u00f1os alegres y celebratorios, forma colectivamente un &#8220; retrato en miniatura de una vida maravillosa,&#8221; rico en significado y potencial de narraci\u00f3n.<\/li>\n<li>Tama\u00f1o en miniatura: Cada dise\u00f1o se presenta en un tama\u00f1o en miniatura, lo que permite una disposici\u00f3n y combinaci\u00f3n flexibles. Esto no solo hace que parezca animado y lindo, sino que tambi\u00e9n evita que parezca desordenado, lo que lo hace una alegr\u00eda de explorar.<\/li>\n<li>Tono rosa sakura: El esquema de color rosa sakura uniforme garantiza la armon\u00eda visual y la unidad, agregando un toque suave y rom\u00e1ntico con un fuerte atractivo est\u00e9tico femenino, lo que lo hace altamente eficaz en llegar al p\u00fablico objetivo.<\/li>\n<\/ul>\n<ol start=\"2\">\n<li>Dise\u00f1o de texto funcional:<\/li>\n<\/ol>\n<ul>\n<li>La informaci\u00f3n impresa clara y legible del producto se coloca en el \u00e1rea en blanco transparente del tubo. Este dise\u00f1o asegura que la informaci\u00f3n sea f\u00e1cilmente legible sin menoscabar el atractivo est\u00e9tico general del dise\u00f1o, logrando un equilibrio entre funcionalidad y est\u00e9tica.<\/li>\n<\/ul>\n<ol start=\"3\">\n<li>Proceso de sellado:<\/li>\n<\/ol>\n<ul>\n<li>Utiliza dise\u00f1o avanzado de sellado de cola de rosca fina. En comparaci\u00f3n con el dise\u00f1o tradicional de rosca ancha, el dise\u00f1o de rosca fina es m\u00e1s refinado y ofrece un mejor rendimiento de sellado. La l\u00ednea de sellado es suave y est\u00e9ticamente agradable, garantizando adem\u00e1s la seguridad y la higiene del producto y reflejando una meticulosa atenci\u00f3n al detalle.<\/li>\n<\/ul>\n<p>Ventajas del producto:<\/p>\n<ul>\n<li>Est\u00e9tica \u00fanica: La combinaci\u00f3n del cuerpo del tubo semitransparente, la superficie brillante y la intrincada impresi\u00f3n en relieve crea una profundidad visual y una belleza distintiva que es dif\u00edcil de replicar.<\/li>\n<li>Precisi\u00f3n en los detalles: desde el dise\u00f1o de la rejilla en miniatura, hasta el cierre de la tapa de dientes finos y la elecci\u00f3n de una tapa octagonal, cada detalle ha sido meticulosamente considerado para reflejar la calidad de gama alta.<\/li>\n<li>Fortes atributos de regalo: El dise\u00f1o general exuda una atm\u00f3sfera festiva y de regalo, con capacidades de compartir en redes sociales incorporadas, lo que lo hace perfecto para art\u00edculos promocionales, regalos o envases de productos colaborativos.<\/li>\n<li>Adaptabilidad flexible: Ofrece varias opciones de color para el cuerpo de la cubierta, y puede adaptarse f\u00e1cilmente a diferentes historias de marca y posicionamiento del producto cambiando la combinaci\u00f3n de los patrones perforados.<\/li>\n<li>Pr\u00e1ctico y fiable: El uso de materiales de alta calidad y el dise\u00f1o de sellado garantizan tanto la practicidad del embalaje como la protecci\u00f3n efectiva del contenido.<\/li>\n<li><b><\/b><strong><b>Escenarios de aplicaci\u00f3n para el producto:\u00a0<\/b><\/strong><\/li>\n<\/ul>\n<p>Productos festivos de edici\u00f3n limitada (por ejemplo, D\u00eda de San Valent\u00edn, Navidad, D\u00eda de la Madre)<\/p>\n<ul>\n<li>Celebraci\u00f3n del aniversario de la marca o producto de marca conjunta<\/li>\n<li>Productos de moda, belleza y cuidado personal adaptados al mercado femenino<\/li>\n<li>Art\u00edculos \u00fanicos vendidos en boutiques y tiendas de alta gama<\/li>\n<li>Se usa como un favor de boda o como parte de una caja de regalo VIP premium.<\/li>\n<\/ul>\n<p>Elegir este 19mm &#8220; Historia de la flor de cerezo&#8221; tubo suave no es solo la selecci\u00f3n de un envase; est\u00e1 seleccionando un &#8220; narraci\u00f3n embajador&#8221; que est\u00e1 lleno de sorpresas y puede mejorar su marca&#8217; imagen s.<\/p>","protected":false},"featured_media":2070,"comment_status":"closed","ping_status":"closed","template":"","meta":[],"product_brand":[],"product_cat":[29,42],"product_tag":[],"class_list":{"0":"post-2069","1":"product","2":"type-product","3":"status-publish","4":"has-post-thumbnail","6":"product_cat-skin-care-plastic-tube","7":"product_cat-19-pe-plastic-tube","9":"first","10":"instock","11":"shipping-taxable","12":"purchasable","13":"product-type-simple"},"_links":{"self":[{"href":"https:\/\/www.hongyitube.com\/es\/wp-json\/wp\/v2\/product\/2069","targetHints":{"allow":["GET"]}}],"collection":[{"href":"https:\/\/www.hongyitube.com\/es\/wp-json\/wp\/v2\/product"}],"about":[{"href":"https:\/\/www.hongyitube.com\/es\/wp-json\/wp\/v2\/types\/product"}],"replies":[{"embeddable":true,"href":"https:\/\/www.hongyitube.com\/es\/wp-json\/wp\/v2\/comments?post=2069"}],"wp:featuredmedia":[{"embeddable":true,"href":"https:\/\/www.hongyitube.com\/es\/wp-json\/wp\/v2\/media\/2070"}],"wp:attachment":[{"href":"https:\/\/www.hongyitube.com\/es\/wp-json\/wp\/v2\/media?parent=2069"}],"wp:term":[{"taxonomy":"product_brand","embeddable":true,"href":"https:\/\/www.hongyitube.com\/es\/wp-json\/wp\/v2\/product_brand?post=2069"},{"taxonomy":"product_cat","embeddable":true,"href":"https:\/\/www.hongyitube.com\/es\/wp-json\/wp\/v2\/product_cat?post=2069"},{"taxonomy":"product_tag","embeddable":true,"href":"https:\/\/www.hongyitube.com\/es\/wp-json\/wp\/v2\/product_tag?post=2069"}],"curies":[{"name":"WP","href":"https:\/\/api.w.org\/{rel}","templated":true}]}}