{"id":2063,"date":"2025-07-11T18:21:21","date_gmt":"2025-07-11T10:21:21","guid":{"rendered":"https:\/\/www.hongyitube.com\/product\/%cf%8619-pe-plastic-tube-refilling-bottle-skin-care-cosmetics-lotion-special-refilling-bottle-colored-transparent-skin-care-plastic-tube-3-2\/"},"modified":"2026-01-08T16:20:47","modified_gmt":"2026-01-08T08:20:47","slug":"19-pe-plastic-tube-refilling-bottle-skin-care-cosmetics-lotion-special-refilling-bottle-colored-transparent-skin-care-plastic-tube-4","status":"publish","type":"product","link":"https:\/\/www.hongyitube.com\/es\/product\/19-pe-plastic-tube-refilling-bottle-skin-care-cosmetics-lotion-special-refilling-bottle-colored-transparent-skin-care-plastic-tube-4\/","title":{"rendered":"\u03a619 3ml-10ml19 personalizado tubo de color cuidado de la piel cosm\u00e9ticos pl\u00e1stico suave tubo material de embalaje - pl\u00e1stico Hongyi"},"content":{"rendered":"<p>Hongyi Plastic\u03a619 3ml-10ml \/ 0.10-0.34fl.0z Custom Colored Tube Cuidado de la piel Cosm\u00e9ticos Plastic Soft Tube Packaging Materiall.<\/p>\n<p>Nuestro paquete de mangueras de 19 tubos de di\u00e1metro, dise\u00f1ado para cosm\u00e9ticos de alta gama para el cuidado de la piel, combina perfectamente la ingenier\u00eda de precisi\u00f3n con el dise\u00f1o est\u00e9tico. Desde la tecnolog\u00eda \u00fanica de sellado con dientes finos hasta la impresi\u00f3n en colores v\u00edvidos hasta tapas octagonales personalizadas que hacen eco del color del cuerpo, cada detalle est\u00e1 cuidadosamente dise\u00f1ado para crear un impresionante envase de producto para su marca desde el interior hacia afuera. El cuerpo del envase de manguera est\u00e1 hecho de pl\u00e1stico compuesto de alta calidad (como PE \/ PP) o material compuesto de pl\u00e1stico de aluminio, que tiene excelentes propiedades de barrera y puede prevenir eficazmente la intrusi\u00f3n de ox\u00edgeno, luz y humedad, y proteger la actividad y la frescura del contenido. Los materiales cumplen con las normas de seguridad alimentaria y farmac\u00e9utica y son suaves y no irritantes, garantizando la armon\u00eda con los ingredientes preciosos.<\/p>\n<ul>\n<li>Cubierta de tubo: El uso de pl\u00e1stico ABS o PP de alta calidad, textura dura, buena tenacidad, duradera. El dise\u00f1o octagonal de la cubierta garantiza un excelente agarre y par.<\/li>\n<li>Tinta de impresi\u00f3n: El uso de protecci\u00f3n ambiental, tinta de secado r\u00e1pido no t\u00f3xica, alto grado de saturaci\u00f3n, fuerte adhesi\u00f3n, asegure que el patr\u00f3n duradero brillante, no f\u00e1cil de usar en el transporte o uso.<\/li>\n<\/ul>\n<p><strong><b>Aplicaciones recomendadas <\/b><\/strong>:<\/p>\n<p>Este tipo de tubo es una opci\u00f3n de envasado ideal para varios productos de cuidado de la piel y cosm\u00e9ticos de alto valor y de peque\u00f1a capacidad, particularmente adecuados para las siguientes aplicaciones:<\/p>\n<p>&nbsp;<\/p>\n<ul>\n<li>Botella de envasado l\u00edquido de esencia \/ recipiente de envasado \/ botella dispensadora port\u00e1til: controla con precisi\u00f3n la cantidad utilizada cada vez para evitar el desperdicio.<\/li>\n<li>Botella de envasado de crema para ojos \/ recipiente de envasado \/ botella dispensadora port\u00e1til: higi\u00e9nica, f\u00e1cil de acceder y cumple con los altos est\u00e1ndares para productos de cuidado ocular.<\/li>\n<li>Embalaje de ung\u00fcento\/crema de cuidado local (por ejemplo, crema para acn\u00e9, crema para el tratamiento del acn\u00e9) botella\/recipiente\/botella dispensadora port\u00e1til: Uso dirigido, limpio e higi\u00e9nico.<\/li>\n<li>Botella\/contenedor\/mini botella port\u00e1til de embalaje de productos de tama\u00f1o de viaje: Compacto y port\u00e1til, perfecto para uso en movimiento.<\/li>\n<li>Embalaje de botellas\/envases\/mini botellas port\u00e1tiles para productos de cuidado de la piel de l\u00ednea profesional (l\u00ednea de sal\u00f3n): Embalaje \u00fanico mejora la imagen profesional.<\/li>\n<\/ul>\n<h3>1.\u00a0 <strong><b>Atributos del producto<\/b><\/strong><\/h3>\n<p>Destacar 1: di\u00e1metro de tubo fino de 19 mm, control preciso<\/p>\n<p>El dise\u00f1o de calibre peque\u00f1o de 19 tubos permite un control f\u00e1cil y preciso de las cantidades de extrusi\u00f3n, ya sean sueros delgados o cremas gruesas, permite &#8220; sub-entrega&#8221; nivel de gesti\u00f3n del uso, evita el desperdicio y es especialmente adecuado para productos s\u00e9ricos de alta actividad y alta concentraci\u00f3n.<\/p>\n<p>&nbsp;<\/p>\n<p>Puntos destacados 2: Innovador &#8220; dientes finos&#8221; sellado de cola, sellado m\u00e1ximo<\/p>\n<p>A diferencia de la tecnolog\u00eda tradicional de sellado de dientes gruesos, utilizamos una tecnolog\u00eda de sellador de dientes de aletas con dientes m\u00e1s gruesos y m\u00e1s precisos. Este dise\u00f1o ofrece dos ventajas:<\/p>\n<p>&nbsp;<\/p>\n<ul>\n<li>Sellado m\u00e1s fuerte: los puntos de sellado m\u00e1s densos reducen en gran medida el riesgo de fugas, proporcionando al producto la protecci\u00f3n definitiva contra el llenado y el agotamiento del consumidor.<\/li>\n<li>Mejor apariencia: Las l\u00edneas en el sello de cola son m\u00e1s delicadas y suaves, mejorando el refinamiento y la elegancia en general.<\/li>\n<\/ul>\n<p>&nbsp;<\/p>\n<p>Destacados 3: Impresi\u00f3n colorida HD, una fiesta visual<\/p>\n<p>&nbsp;<\/p>\n<ul>\n<li>Fuerte expresi\u00f3n de color: el uso de tecnolog\u00eda de impresi\u00f3n avanzada, puede lograr un alto grado de logotipo complejo, color gradiente y patrones finos. Ya sea un hermoso color arco iris o un color exclusivo de marca, se puede presentar perfectamente en el tubo para hacer que el producto destaque en los estantes.<\/li>\n<li>Grandes grados de libertad: efecto de impresi\u00f3n multicolor y multinivel, proporciona un amplio espacio creativo, ayuda a contar una historia \u00fanica.<\/li>\n<\/ul>\n<p>&nbsp;<\/p>\n<p>Destacados 4: Un sistema de color cubierta octagonal, un destacado<\/p>\n<p>&nbsp;<\/p>\n<ul>\n<li>Est\u00e9tica armoniosa: El color de la cubierta del tubo es consistente con el color principal del tubo o el sistema de color de impresi\u00f3n para formar un todo visual armonioso, demostrando la intenci\u00f3n cuidadosa de la marca.<\/li>\n<li>Un dise\u00f1o octagonal que combina funcionalidad y belleza:<\/li>\n<li>Resistente al deslizamiento y f\u00e1cil de abrir: La estructura octagonal proporciona una excelente fricci\u00f3n, lo que hace que sea f\u00e1cil girar con una mano resbaladiza, mejorando la experiencia del usuario.<\/li>\n<li>Antirodaje estable: Cuando se coloca en el comedor, no se vuelve al azar, lo que refleja el cuidado humano.<\/li>\n<li>Reconocimiento \u00fanico: La elegante forma octagonal rompe la convenci\u00f3n de tapas circulares, dando al producto puntos de memoria visual \u00fanicos y mejorando el reconocimiento de la marca.<\/li>\n<\/ul>\n<p>&nbsp;<\/p>\n<p>Punto destacado 5: Humanizar la experiencia general<\/p>\n<p>&nbsp;<\/p>\n<ul>\n<li>Tratamiento del puerto de la tuber\u00eda: El puerto de la tuber\u00eda es liso y suave para asegurarse de que el contenido se exprime sin problemas y sin residuos.<\/li>\n<li>Flexibilidad del cuerpo: El material es moderadamente flexible, f\u00e1cil de exprimir y f\u00e1cil de alcanzar de principio a fin, reduciendo los residuos.<\/li>\n<\/ul>","protected":false},"excerpt":{"rendered":"<p>&nbsp;<\/p>\n<ul>\n<li><b><\/b><strong><b>Dise\u00f1o del cuerpo del tubo<\/b><\/strong>.<\/li>\n<\/ul>\n<p>Nuestro envase de tubo \/ botella utiliza un cuerpo de tubo blanco puro como un lienzo, utilizando acabados sofisticados e impresi\u00f3n colorida para crear un envase que es a la vez moderno y art\u00edstico.<\/p>\n<p>&nbsp;<\/p>\n<ol>\n<li>Base: Tubo blanco de alto brillo &#8211; para una textura de perla<\/li>\n<\/ol>\n<p>&nbsp;<\/p>\n<ul>\n<li>Sustrato puro: elegimos el material opaco y de alto blanco como sustrato para el cuerpo del tubo. Este blanco puro es como un papel de pintura de alta calidad que refleja la luz lo m\u00e1s posible, proporcionando la plataforma de renderizaci\u00f3n m\u00e1s realista y brillante para la posterior impresi\u00f3n en color, asegurando cero desviaci\u00f3n del color del patr\u00f3n.<\/li>\n<li>Tratamiento de superficie brillante: El cuerpo tiene un proceso de tratamiento de superficie de alto brillo. Esto permite que el tubo blanco muestre un brillo brillante como la cer\u00e1mica o la perla, con un toque sedoso. La superficie brillante no solo mejora el lujo y la limpieza del envase, sino que tambi\u00e9n atrae la luz, haciendo del producto un foco visual natural en el estante.<\/li>\n<\/ul>\n<p>&nbsp;<\/p>\n<ol start=\"2\">\n<li>N\u00facleo visual: multicolores y hermosos patrones impresos en tubos blancos<\/li>\n<\/ol>\n<p>&nbsp;<\/p>\n<ul>\n<li>Proceso de impresi\u00f3n: fotocopia La fotocopia es conocida por su excelente precisi\u00f3n de impresi\u00f3n y expresi\u00f3n de color. Es especialmente adecuado para reproducir patrones complejos y delicados en tubos blancos lisos y brillantes.<\/li>\n<li>Realismo de color: Puede restaurar con precisi\u00f3n muchos patrones de color de sus dise\u00f1os, como rosa, amarillo, marr\u00f3n, azul, con transiciones de color suaves y niveles ricos.<\/li>\n<li>Patr\u00f3n fino: ya se trate de l\u00edneas delgadas, texto min\u00fasculo o detalles complejos del logotipo, el proceso de impresi\u00f3n offset se puede presentar claramente, sin borrosidad o florecimiento, mostrando la calidad de originalidad.<\/li>\n<li>Efectos de dise\u00f1o: fuerte impacto visual<\/li>\n<li>Belleza del contraste: patrones vibrantes y coloridos (rosa, amarillo, marr\u00f3n, azul) crean un fuerte contraste visual con tubos blancos puros e impecables de alto brillo. Esta colisi\u00f3n de &#8216; hermosa&#8217; y&#8217; minimalista&#8217; es elegante y sofisticado, perfectamente adaptado a la est\u00e9tica moderna.<\/li>\n<li>Enfoque: El chaleco blanco act\u00faa inteligentemente como un visual &#8220; blanqueamiento&#8221; que dirige toda la atenci\u00f3n a un patr\u00f3n multicolor cuidadosamente dise\u00f1ado que resalta la historia de la marca y el tema de dise\u00f1o.<\/li>\n<\/ul>\n<p>&nbsp;<\/p>\n<ol start=\"3\">\n<li>Detalles estructurales: Dise\u00f1o detallado de cierre de cola<\/li>\n<\/ol>\n<p>&nbsp;<\/p>\n<ul>\n<li>Tecnolog\u00eda destacada: Como se mencion\u00f3 anteriormente, se utiliza tecnolog\u00eda de sellado de dientes finos. Este dise\u00f1o es particularmente importante en este tubo blanco.<\/li>\n<li>Funci\u00f3n y belleza unificadas:<\/li>\n<li>Extremo sellado: Los dientes r\u00edgidos aseguran la estanqueidad del extremo de sellado, proporcionando una protecci\u00f3n de primera clase para el contenido.<\/li>\n<li>Cierre perfecto: La fina l\u00ednea de acabado complementa el tubo limpio blanco alto. El sello es liso y ordenado, evitando el &#8220; rugosidad&#8221; que un sello dental \u00e1spero tradicional podr\u00eda traer, asegurando una est\u00e9tica general desde el hombro hasta el extremo del tubo, reflejando el exquisito detalle que est\u00e1 en todas partes. Cierre de dientes finos de patr\u00f3n litogr\u00e1fico colorido tubo blanco de alto brillo \"La combinaci\u00f3n conjuntamente dio forma a la personalidad \u00fanica de esta bolsa:<\/li>\n<\/ul>\n<p>&nbsp;<\/p>\n<ul>\n<li>Simplicidad moderna: La base blanca pura y las l\u00edneas suaves del cuerpo establecen el tono para la simplicidad moderna.<\/li>\n<li>Bellas artes: Los coloridos patrones litogr\u00e1ficos son como galer\u00edas en miniatura en tubos, dando al producto un aire art\u00edstico y una temperatura emocional.<\/li>\n<li>La calidad brillante de la luz y el proceso de acabado fino comunican silenciosamente la alta calidad y fiabilidad del producto.<\/li>\n<\/ul>\n<p>&nbsp;<\/p>\n<p>Esta estrategia de dise\u00f1o es muy exitosa, y puede atraer a los consumidores en primer lugar a trav\u00e9s de los hermosos patrones, y ganar su afecto cuando se toca y se usa con la textura delicada, que es un dise\u00f1o de paquete sobresaliente que realmente logra &#8220; color y fuerza. &#8221;<\/p>\n<p>La combinaci\u00f3n de nuestro material de envasado\/botella de tubo blando con tubo blanco de alto brillo, patrones de impresi\u00f3n offset coloridos y sellado de dientes finos en el extremo, contribuye colectivamente al car\u00e1cter \u00fanico de este material de envasado:<\/p>\n<p>&nbsp;<\/p>\n<ul>\n<li>Minimalismo moderno: La base blanca pura y las l\u00edneas suaves del cuerpo del tubo establecen la esencia del minimalismo moderno.<\/li>\n<li>Bellas Artes: Los coloridos patrones de impresi\u00f3n offset son como una galer\u00eda en miniatura en el tubo, agregando un toque art\u00edstico y profundidad emocional al producto.<\/li>\n<li>De gama alta y confiable: El acabado brillante y el proceso de sellado meticuloso transmiten silenciosamente el producto; alta calidad y fiabilidad.<\/li>\n<\/ul>\n<p>&nbsp;<\/p>\n<p>Esta estrategia de dise\u00f1o ha sido extremadamente exitosa; logra atraer a los consumidores con sus deslumbrantes patrones en los primeros momentos, al mismo tiempo que gana su favor con su delicada textura cuando se toca y usa. Es un dise\u00f1o de embalaje sobresaliente que realmente encarna la combinaci\u00f3n de &#8220; apariencia y capacidad. &#8221;<\/p>\n<p><strong>Ventajas del producto:<\/strong><\/p>\n<p>&nbsp;<\/p>\n<p>\u00a1Por supuesto! Bas\u00e1ndonos en todas las caracter\u00edsticas que discutimos en detalle anteriormente, las ventajas del producto de este tubo blanco de 19 tubos de di\u00e1metro, alto brillo, adhesivo colorido, sello de dientes finos y tapas octagonales id\u00e9nticas se pueden resumir en tres dimensiones de propiedad de la marca, el consumidor y la competitividad del mercado.<\/p>\n<p>Visi\u00f3n general de las ventajas del producto<\/p>\n<p>&nbsp;<\/p>\n<ol>\n<li>Para las marcas: habilitar el valor de la marca y el marketing<\/li>\n<\/ol>\n<p>&nbsp;<\/p>\n<ol>\n<li>Impacto visual extremo para mejorar la imagen de la marca<\/li>\n<\/ol>\n<ul>\n<li>&#8220; Canvas avanzado&#8221; efecto: El tubo blanco de alta luz proporciona la m\u00e1xima sensaci\u00f3n de pureza y lujo, haciendo que la marca se vincule instant\u00e1neamente a la gama alta, profesional y seguro.<\/li>\n<li>Comunicaci\u00f3n visual perfecta: los patrones multicolores policrom\u00e1ticos pueden restaurar con precisi\u00f3n cada detalle del dise\u00f1o de la marca, y el poderoso impacto visual hace que el producto destaque tanto en canales en l\u00ednea como fuera de l\u00ednea, convirti\u00e9ndose en un silencioso &#8220; vendedor. &#8221;<\/li>\n<\/ul>\n<ol start=\"2\">\n<li>Fortalecer el reconocimiento de marca y crear s\u00edmbolos de memoria<\/li>\n<\/ol>\n<ul>\n<li>Un martillo visual \u00fanico: El fuerte contraste de un &#8220; Fondo blanco brillante m\u00faltiples patrones con patrones&#8221; crea un punto de memoria visual \u00fanico. Combinados con una elegante cubierta octagonal, juntos constituyen un s\u00faper s\u00edmbolo de marca que mejora en gran medida la identificaci\u00f3n de la marca.<\/li>\n<\/ul>\n<ol start=\"3\">\n<li>Excelente protecci\u00f3n del producto y mantenimiento de la reputaci\u00f3n de la marca<\/li>\n<\/ol>\n<ul>\n<li>Aseguramiento de calidad inherente: el cuerpo compuesto y la tecnolog\u00eda de sellado de dientes finos se combinan para crear una fuerte barrera, Aseg\u00farese de que los contenidos (especialmente los sueros y las cremas oculares con altos ingredientes activos) permanezcan estables y viables a lo largo del ciclo de vida, eliminen los cambios fundamentales de calidad causados por los materiales envasados y mantengan la credibilidad de la marca.<\/li>\n<\/ul>\n<ol start=\"4\">\n<li>Aumentar la capacidad premium del producto<\/li>\n<\/ol>\n<ul>\n<li>La excelente artesan\u00eda y la textura de alta calidad mejoran directamente el valor general y el precio percibido del producto, haciendo que los consumidores se sientan &#8220; buena relaci\u00f3n calidad-precio,&#8221; Proporcionar un fuerte apoyo a la estrategia de precios de la marca.<\/li>\n<\/ul>\n<p>&nbsp;<\/p>\n<ol>\n<li>Para los consumidores: optimizar la experiencia del usuario y la conexi\u00f3n emocional<\/li>\n<\/ol>\n<p>&nbsp;<\/p>\n<ol>\n<li>Una agradable experiencia de apertura y uso<\/li>\n<\/ol>\n<ul>\n<li>Disfrute sensorial: El tacto sedoso del cuerpo del tubo luminoso, la apertura antideslizante y f\u00e1cil de la tapa octagonal, y el control preciso de la cantidad de compresi\u00f3n, cada paso est\u00e1 lleno de textura, mejorando el ritual y el placer del cuidado de la piel.<\/li>\n<li>Dise\u00f1o humano: La tapa octagonal es anti-rodamiento, el di\u00e1metro del barril 19 se controla con precisi\u00f3n y el cuerpo del barril es flexible y f\u00e1cil de exprimir. Estos detalles demuestran el cuidado del consumidor en todos los sentidos.<\/li>\n<\/ul>\n<ol start=\"2\">\n<li>Crear confianza y seguridad<\/li>\n<\/ol>\n<ul>\n<li>Implicaciones de limpieza y seguridad: Las envolturas blancas transmiten naturalmente las implicaciones psicol\u00f3gicas de ser &#8220; puro, seguro y eficaz. &#8221; El riguroso proceso de sellado da a los consumidores una gran tranquilidad sobre la frescura y la higiene del producto.<\/li>\n<\/ul>\n<ol start=\"3\">\n<li>Satisfacci\u00f3n emocional y est\u00e9tica<\/li>\n<\/ol>\n<ul>\n<li>Arte en el comedor: el embalaje de alta calidad no es solo una herramienta, sino tambi\u00e9n un objeto decorativo, que satisface a los consumidores&#8217; necesidades est\u00e9ticas, estimulando el deseo de compartir y fomentando la comunicaci\u00f3n social.<\/li>\n<\/ul>\n<p>&nbsp;<\/p>\n<p>III. Para la competitividad del mercado: crear barreras a la diferenciaci\u00f3n<\/p>\n<p>&nbsp;<\/p>\n<ol>\n<li>Lograr una diferenciaci\u00f3n efectiva de las estanter\u00edas<\/li>\n<\/ol>\n<ul>\n<li>En un mont\u00f3n de estantes, este estilo de embalaje sencillo, brillante y colorido r\u00e1pidamente llama la atenci\u00f3n, logra un &#8220; segundo enfoque&#8221; y se distingue de la competencia homog\u00e9nea.<\/li>\n<\/ul>\n<ol start=\"2\">\n<li>Adaptarse a m\u00faltiples escenarios de marketing<\/li>\n<\/ol>\n<ul>\n<li>El proveedor de electricidad amigable: el tubo de alto brillo en la fotograf\u00eda del producto y el efecto reflectante del v\u00eddeo es bueno, es particularmente avanzado, puede mejorar efectivamente la tasa de clic y la tasa de conversi\u00f3n.<\/li>\n<li>Altos atributos de regalo: La hermosa apariencia lo hace perfecto para conjuntos de vacaciones, combinaciones de regalo y elevar el nivel general.<\/li>\n<\/ul>\n<ol start=\"3\">\n<li>Los detalles t\u00e9cnicos crean barreras de calidad<\/li>\n<\/ol>\n<ul>\n<li>Cuando es percibido por los consumidores o transmitido a trav\u00e9s de la marca, alta calidad &#8220; invisible pero tangible&#8221; detalles como &#8220; dientes finos y extremos&#8221; convertirse en poderosos testimonios de calidad, estableciendo una ventaja que los competidores no pueden imitar r\u00e1pidamente.<\/li>\n<\/ul>\n<p>En general, la ventaja de esta envoltura suave es un ciclo cerrado completo: se realiza a trav\u00e9s de una artesan\u00eda de primera clase (luz brillante, impresi\u00f3n adhesiva, sellado de dientes finos) y un dise\u00f1o \u00fanico (tubo blanco colorido, la tapa octagonal mejora directamente la &#8220;belleza&#8221; y &#8220;calidad&#8221; del producto, potenciando as\u00ed la marca (imagen, reconocimiento, premium), creando valor para los consumidores (experiencia, confianza, emoci\u00f3n), y en \u00faltima instancia traduci\u00e9ndose en una fuerte competitividad en el mercado (diferenciaci\u00f3n, adaptabilidad de marketing). No es solo un contenedor, sino un activo estrat\u00e9gico de marca.<\/p>\n<p><b><\/b><strong><b>Escenarios de aplicaci\u00f3n para el producto:\u00a0<\/b><\/strong><\/p>\n<p>Nuestras caracter\u00edsticas del producto de sellos de dientes finos, tapas cil\u00edndricas y materiales de envasado de mangueras se aplican muy claramente en \u00e1reas que tienen altos requisitos para el color del envasado, la textura del producto, la experiencia del usuario y el control preciso.  1. Determinaci\u00f3n por tipo de producto<\/p>\n<p>&nbsp;<\/p>\n<ol>\n<li>Seros de alta gama y productos de cuidado de la piel de alto rendimiento<\/li>\n<\/ol>\n<ul>\n<li>Escenarios: utilizados para empaquetar productos de alto valor como sueros antienvejecimiento, sueros de t\u00f3ner blanqueador y sueros de cuidado de la piel.<\/li>\n<li>Raz\u00f3n: di\u00e1metro de 19 mm perfecto para el control preciso, para asegurarse de que cada uso es la mejor dosis eficaz del ingrediente activo; La apariencia de gama alta se combina con el contenido de alto valor, mejorando el consumidor&#8217; Confianza en el producto&#8217; Eficacia S.<\/li>\n<\/ul>\n<ol start=\"2\">\n<li>Cremas de ojos de lujo &amp; Productos de cuidado t\u00f3pico<\/li>\n<\/ol>\n<ul>\n<li>Escenarios: Dise\u00f1ado para cremas para ojos, cremas para cuello, cremas para manchas t\u00f3picas, cremas para acn\u00e9, etc.<\/li>\n<li>Razones: El embalaje de tama\u00f1o peque\u00f1o es higi\u00e9nico y f\u00e1cil de llegar, y la tapa octagonal evita que el dise\u00f1o de rodado es perfecto para un vestidor o armario de ba\u00f1o; El envase fino env\u00eda una se\u00f1al de cuidado para la piel delicada.<\/li>\n<\/ul>\n<ol start=\"3\">\n<li>Professional Line (l\u00ednea de sal\u00f3n) y productos de ropa de sal\u00f3n de belleza<\/li>\n<\/ol>\n<ul>\n<li>Escena: Productos de cuidado de la piel personalizados para salones de belleza profesionales, clubes de SPA o salones de alta gama.<\/li>\n<li>Por qu\u00e9: Una apariencia profesional construye inmediatamente un cliente&#8217; Confianza en la profesionalidad de la organizaci\u00f3n; La combinaci\u00f3n de blanco brillante y colorido es a la vez profesional y compasivo.<\/li>\n<\/ul>\n<ol start=\"4\">\n<li>Ropa de viaje &amp; Conjunto de vacaciones<\/li>\n<\/ol>\n<ul>\n<li>Escenarios: Un traje de viaje que act\u00faa como un producto de una marca&#8217; estrella, o una parte integral de una caja de regalo de edici\u00f3n limitada de vacaciones.<\/li>\n<li>Por qu\u00e9: Peque\u00f1o, port\u00e1til y hermosamente dise\u00f1ado, incluso los tama\u00f1os peque\u00f1os mantienen una sensaci\u00f3n premium, mejorando el valor general de la caja de regalo y la experiencia de desembalado.<\/li>\n<\/ul>\n<p>&nbsp;<\/p>\n<ol>\n<li>Divisi\u00f3n por canal de ventas<\/li>\n<\/ol>\n<p>&nbsp;<\/p>\n<ol>\n<li>Plataformas de comercio electr\u00f3nico en l\u00ednea (como Tmall, JD.com, Xiaohong Book, Douyin)<\/li>\n<\/ol>\n<ul>\n<li>Escenarios: Imagen principal de la p\u00e1gina de detalles del producto, promoci\u00f3n de v\u00eddeo corto, entrega en vivo.<\/li>\n<li>Causa: Los tubos blancos de alto brillo reflejan bien bajo la luz, aparecen especialmente de alto nivel en im\u00e1genes y v\u00eddeos, y pueden efectivamente &#8220; coger la pantalla&#8221;; La tapa octagonal \u00fanica y la impresi\u00f3n colorida pueden ser el punto culminante de las presentaciones en la transmisi\u00f3n en vivo y promover la conversi\u00f3n.<\/li>\n<\/ul>\n<ol start=\"2\">\n<li>Ubicaciones minoristas de gama alta fuera de l\u00ednea<\/li>\n<\/ol>\n<ul>\n<li>Escena: mostradores de marca, tiendas de belleza (como Sephora), supermercados boutique de gama alta, tiendas comerciales.<\/li>\n<li>Por qu\u00e9: Bajo la luz, el cuerpo luminoso del tubo puede atraer al cliente&#8217; atenci\u00f3n, y su textura \u00fanica inspirar\u00e1 al cliente&#8217; d deseo de tocar, &#8220; tocar&#8221; Es una parte clave de las ventas offline.<\/li>\n<\/ul>\n<ol start=\"3\">\n<li>Regalos &amp; Canales exentos de impuestos<\/li>\n<\/ol>\n<ul>\n<li>Escenarios: Tiendas duty free del aeropuerto, boutiques del hotel, regalos corporativos personalizados.<\/li>\n<li>Por qu\u00e9: El propio embalaje tiene un fuerte &#8220; atributo de regalo,&#8221; y la apariencia refinada hace a la gente feliz de dar y aceptar, mejorando la marca&#8217; imagen entre los consumidores de gama alta.<\/li>\n<\/ul>\n<p>&nbsp;<\/p>\n<p>III. Dividir por estrategia de marketing de marca<\/p>\n<p>&nbsp;<\/p>\n<ol>\n<li>Nuevos lanzamientos y productos insignia<\/li>\n<\/ol>\n<ul>\n<li>Escenarios: Una marca lanza un nuevo producto estrat\u00e9gico o un producto insignia que posiciona la imagen de la marca.<\/li>\n<li>Por qu\u00e9: Este tipo de embalaje puede establecer r\u00e1pidamente la conciencia del mercado, transmitir la marca&#8217; Concepto central de &#8220; atenci\u00f3n al detalle y b\u00fasqueda de la calidad,&#8221; y crear un zumbido para el lanzamiento de nuevos productos.<\/li>\n<\/ul>\n<ol start=\"2\">\n<li>Actualizaci\u00f3n de marca y remodelaci\u00f3n de imagen<\/li>\n<\/ol>\n<ul>\n<li>Escenario: Cuando la marca quiere actualizar de Volkswagen a la gama media.<\/li>\n<li>Por qu\u00e9: Pasar a un envase texturizado es una de las formas m\u00e1s directas y efectivas de anunciar actualizaciones de marca al mercado y a los consumidores.<\/li>\n<\/ul>\n<ol start=\"3\">\n<li>Empresas conjuntas transfronterizas y fondos de cooperaci\u00f3n<\/li>\n<\/ol>\n<ul>\n<li>Escenarios: Lanzar un producto conjunto con un artista, dise\u00f1ador u otra marca.<\/li>\n<li>Raz\u00f3n: La impresi\u00f3n offset multicolor del tubo blanco proporciona grandes grados creativos de libertad, que pueden presentar perfectamente el patr\u00f3n art\u00edstico y el concepto de dise\u00f1o del partido conjunto, haciendo que los productos cooperativos sean m\u00e1s coleccionables.<\/li>\n<\/ul>","protected":false},"featured_media":2068,"comment_status":"closed","ping_status":"closed","template":"","meta":[],"product_brand":[],"product_cat":[29,42],"product_tag":[],"class_list":{"0":"post-2063","1":"product","2":"type-product","3":"status-publish","4":"has-post-thumbnail","6":"product_cat-skin-care-plastic-tube","7":"product_cat-19-pe-plastic-tube","9":"first","10":"instock","11":"shipping-taxable","12":"purchasable","13":"product-type-simple"},"_links":{"self":[{"href":"https:\/\/www.hongyitube.com\/es\/wp-json\/wp\/v2\/product\/2063","targetHints":{"allow":["GET"]}}],"collection":[{"href":"https:\/\/www.hongyitube.com\/es\/wp-json\/wp\/v2\/product"}],"about":[{"href":"https:\/\/www.hongyitube.com\/es\/wp-json\/wp\/v2\/types\/product"}],"replies":[{"embeddable":true,"href":"https:\/\/www.hongyitube.com\/es\/wp-json\/wp\/v2\/comments?post=2063"}],"wp:featuredmedia":[{"embeddable":true,"href":"https:\/\/www.hongyitube.com\/es\/wp-json\/wp\/v2\/media\/2068"}],"wp:attachment":[{"href":"https:\/\/www.hongyitube.com\/es\/wp-json\/wp\/v2\/media?parent=2063"}],"wp:term":[{"taxonomy":"product_brand","embeddable":true,"href":"https:\/\/www.hongyitube.com\/es\/wp-json\/wp\/v2\/product_brand?post=2063"},{"taxonomy":"product_cat","embeddable":true,"href":"https:\/\/www.hongyitube.com\/es\/wp-json\/wp\/v2\/product_cat?post=2063"},{"taxonomy":"product_tag","embeddable":true,"href":"https:\/\/www.hongyitube.com\/es\/wp-json\/wp\/v2\/product_tag?post=2063"}],"curies":[{"name":"WP","href":"https:\/\/api.w.org\/{rel}","templated":true}]}}