{"id":2056,"date":"2025-07-11T18:21:21","date_gmt":"2025-07-11T10:21:21","guid":{"rendered":"https:\/\/www.hongyitube.com\/product\/19pe-plastic-tube-for-ointments-medicines-spot-lightening-essences-lotions-isolation-blemish-balm-pointed-plastic-tube-packaging-bottles-1-2\/"},"modified":"2026-01-07T20:18:59","modified_gmt":"2026-01-07T12:18:59","slug":"19-pe-plastic-tube-refilling-bottle-skin-care-cosmetics-lotion-special-refilling-bottle-colored-transparent-skin-care-plastic-tube-3","status":"publish","type":"product","link":"https:\/\/www.hongyitube.com\/es\/product\/19-pe-plastic-tube-refilling-bottle-skin-care-cosmetics-lotion-special-refilling-bottle-colored-transparent-skin-care-plastic-tube-3\/","title":{"rendered":"19 PE tubo de pl\u00e1stico botella de repuesto, cosm\u00e9ticos de cuidado de la piel loci\u00f3n especial botella de repuesto, tubo de pl\u00e1stico de cuidado de la piel transparente de color-3"},"content":{"rendered":"<p>Hongyi Plastic\u03a619 3ml-10ml \/ 0.10-0.34fl.0z Pl\u00e1stico hecho a medida, de color, roscado fino, cuidado de la piel \/ cosm\u00e9tico, material de envasado de tubo suave.<\/p>\n<p>Nuestros productos est\u00e1n hechos de polietileno (PE) de alta calidad o compuesto de pel\u00edcula delgada de aluminio-pl\u00e1stico, con buena compatibilidad, flexibilidad y barrera, que pueden proteger eficazmente los contenidos del entorno externo (luz, aire), garantizar la estabilidad y frescura de la f\u00f3rmula.<\/p>\n<ul>\n<li>Carrocer\u00eda: Exclusiva carrocer\u00eda de colores personalizados. Abandonamos el tubo blanco tradicional y logramos cuatro colores s\u00f3lidos ex\u00f3ticos con un alto grado de textura a trav\u00e9s de una combinaci\u00f3n especial madre-grano y tecnolog\u00eda de cohesi\u00f3n. El tubo es uniformemente rico en color y irradia una textura c\u00e1lida desde el interior hacia afuera, en lugar de una simple impresi\u00f3n superficial.<\/li>\n<li>Dise\u00f1o de cubierta de tubo: cubiertas octagonales artesanalmente combinadas del mismo color. La tapa no es una parte gen\u00e9rica, sino m\u00e1s bien un dise\u00f1o octagonal de la familia de colores espec\u00edficamente adaptado al color del cuerpo. La estructura angular no solo mejora la sensaci\u00f3n de la mano cuando se torce y evita el deslizamiento, sino que tambi\u00e9n da al envase una belleza geom\u00e9trica y reconocimiento \u00fanicos, revelando el tono de la marca en detalle.<\/li>\n<li>Tecnolog\u00eda de sellado de extremo: Se utiliza un proceso avanzado de sellado de cola de diente fino (tornillo fino). El dise\u00f1o de dientes finos hace que la tapa y el cuerpo del tubo se mordan m\u00e1s apretados y suaves, y la apertura y la apertura se sienten extremadamente c\u00f3modas, y el sellado es mejor, evitando efectivamente la fuga y la contaminaci\u00f3n del producto. El m\u00e9todo de sellado de cola asegura que el relleno sea est\u00e9ril y preciso, y que el yeso se pueda usar completamente cuando se usa, reduciendo los residuos.<\/li>\n<li>Proceso de impresi\u00f3n: El texto y el logotipo se imprimen en pantalla. Las ventajas de este proceso son:<\/li>\n<li>Color brillante: La tinta cubre fuertemente y puede dar un efecto de texto claro y saturado en el tubo de color oscuro.<\/li>\n<li>Textura destacada: Las impresiones tienen una sensaci\u00f3n ligeramente abultada y son accesibles al tacto, mejorando la marca&#8217; puntos de memoria t\u00e1ctil.<\/li>\n<li>Alta durabilidad: La buena adhesi\u00f3n y resistencia a la abrasi\u00f3n aseguran que la informaci\u00f3n del producto sea siempre clara durante la circulaci\u00f3n y el uso.<\/li>\n<\/ul>\n<p><strong><b>Aplicaciones recomendadas <\/b><\/strong>:<\/p>\n<p>Este tipo de embalaje es particularmente adecuado para productos de las siguientes categor\u00edas:<\/p>\n<p>&nbsp;<\/p>\n<ul>\n<li>Productos de cuidado de la piel de alta gama&#8217; materiales de envasado \/ botellas desechables \/ envases de envasado: tales como crema de esencia, crema de ojos, crema de manchas aclaradoras localizadas, crema de reparaci\u00f3n y crema protectora solar.<\/li>\n<li>Materiales de envasado, botellas dispensadoras y envases de envasado para cosm\u00e9ticos profesionales: como hidratante pre-maquillaje, corrector de color, l\u00edquido de resaltado, l\u00edquido de fundaci\u00f3n de tama\u00f1o de viaje.<\/li>\n<li>Embalaje de productos de cuidado personal de alto valor \/ botellas desechables \/ envases de embalaje: como cremas de manos enfocadas en la eficacia, productos para el cuidado de los labios y geles para el cuidado de la piel localizados.<\/li>\n<\/ul>\n<h3>1.\u00a0 <strong><b>Atributos del producto\u00a0<\/b><\/strong><\/h3>\n<ol>\n<li>Visualmente sorprendente: El cuerpo de tubo de color s\u00f3lido hecho a medida emparejado con una tapa octagonal a juego crea un atractivo est\u00e9tico sin costuras que puede llamar la atenci\u00f3n de los consumidores en los estantes de la tienda al instante, transmitiendo la marca&#8217; Dedicaci\u00f3n inquebrantable al color y al detalle.<\/li>\n<li>Rendimiento de sellado excepcional: La doble garant\u00eda de &#8220; dise\u00f1o de rosca fina sellado de extremo de cola&#8221; proporciona un entorno de almacenamiento seguro para productos de cuidado de la piel con alto contenido de ingredientes activos, prolongando as\u00ed el per\u00edodo \u00f3ptimo de uso del producto.<\/li>\n<li>Lujosa experiencia t\u00e1ctil: La sensaci\u00f3n estable y s\u00f3lida de la tapa octagonal, la resistencia suave y ligera del mecanismo de apertura de dientes finos y la textura sutil del texto impreso en seda se combinan para crear una experiencia de usuario placentera y de gama alta.<\/li>\n<li>Expresi\u00f3n precisa de la marca: El proceso de serigraf\u00eda es ideal para mostrar una marca&#8217; s logotipo y nombre del producto principal, ya que la fuente es clara y n\u00edtida, reforzando la marca&#8217; imagen profesional.<\/li>\n<\/ol>\n<p>Material: PE PP<\/p>\n<p>Di\u00e1metro del tubo: 19 mm<\/p>\n<p>Longitud de la manguera: 83mm<\/p>\n<p>Altura de la inclusi\u00f3n: 84mm<\/p>\n<p>Capacidad del tubo: 3ml-10ml \/ 0.10-0.34fl.oz<\/p>\n<p>Di\u00e1metro del agujero del tubo: 5mm<\/p>\n<p>Peso aproximado del tubo: 2.0g, incluyendo la cubierta: 2.6g<\/p>\n<p>Peso de la tapa: 2.6gg<\/p>\n<p>Longitud de la cola: 28mm<\/p>\n<p>Tapa y tapa coordinadas: cuerpo de tubo hecho a medida con tapa octagonal de color a juego.<\/p>\n<p>Altura de la cubierta: 8.4mm<\/p>\n<p>Altura de la tapa: 8,5 mm, ancho: 18,5 mm<\/p>\n<p>Cuerpo del tubo: (el proceso de impresi\u00f3n se puede personalizar seg\u00fan sea necesario)<\/p>\n<p>Tiempo de entrega: 20 d\u00edas laborables<\/p>\n<p>Tiempo de muestra de preproducci\u00f3n: 10 d\u00edas<\/p>\n<p>Orden m\u00ednima: 10000PCS<\/p>\n<p>Condiciones de pago: TT<\/p>\n<p>Caracter\u00edstica: Personalizaci\u00f3n<\/p>\n<p>Muestra: en stock<\/p>\n<h3><b>2. <\/b><strong><b>Descripci\u00f3n detallada del producto<\/b><\/strong><\/h3>\n<p><b><\/b><strong><b>Dise\u00f1o del cuerpo del tubo<\/b><\/strong>.<\/p>\n<p>Esta serie de dise\u00f1os sigue la filosof\u00eda que &#8220; La simplicidad es lujo. &#8221;<\/p>\n<p>&nbsp;<\/p>\n<ul>\n<li>Gu\u00eda emocional basada en el color:<\/li>\n<li>Papata Dulce P\u00farpura: suave, rom\u00e1ntico y calmante, adecuado para productos dirigidos a la reparaci\u00f3n antial\u00e9rgica y la reparaci\u00f3n nocturna.<\/li>\n<li>Lago Azul: Fresco, tranquilo y confiable, adecuado para hidratar, calmante, hombres&#8217; cuidado de la piel, o productos refrescantes.<\/li>\n<li>Rosa: Dulce, vibrante y indulgente. Adecuado para blanquear, aclarar y productos de maquillaje.<\/li>\n<li>Rojo Retro: Apasionado, cl\u00e1sico y lujoso, adecuado para l\u00edneas de gama alta como productos antienvejecimiento y apriete.<\/li>\n<li>Integraci\u00f3n de forma y funci\u00f3n: El dise\u00f1o delgado del tubo de 19 mm facilita un control preciso sobre la cantidad utilizada por aplicaci\u00f3n, lo que lo hace particularmente adecuado para productos de esencia concentrados y de dosis peque\u00f1as. La tapa octagonal no solo sirve como elemento decorativo, sino que tambi\u00e9n mejora el agarre y la estabilidad.<\/li>\n<li>El arte del espacio negativo: Dado que el cuerpo del tubo de color ya es el punto focal visual, se recomienda que las marcas simplifiquen su dise\u00f1o, utilicen la serigraf\u00eda para resaltar la informaci\u00f3n b\u00e1sica y dejen amplio espacio para crear una sensaci\u00f3n de transpirabilidad y sofisticaci\u00f3n.<\/li>\n<\/ul>\n<p><strong>Ventajas del producto<\/strong><\/p>\n<ul>\n<li>Ventaja competitiva diferenciada: En un mercado donde los materiales de envasado son todos similares, los colores y formas personalizados son la forma m\u00e1s eficaz de establecer una identidad visual \u00fanica para una marca.<\/li>\n<li>Mejorar el posicionamiento premium del producto: la textura superior y la meticulosa artesan\u00eda permiten a los consumidores percibir intuitivamente el alto valor del producto, justificando as\u00ed un precio m\u00e1s alto.<\/li>\n<li>Soluci\u00f3n integral: Ofrecemos un servicio de personalizaci\u00f3n integral que cubre todo, desde el cuerpo y la tapa del tubo hasta el sellado e impresi\u00f3n, garantizando un estilo general altamente unificado y una calidad estable.<\/li>\n<li>Consideraciones ambientales: El envasado del tubo es m\u00e1s eficiente en el espacio, reduce las emisiones de carbono relacionadas con el transporte y el material mismo es reciclable (esto necesita confirmaci\u00f3n en funci\u00f3n del material espec\u00edfico), aline\u00e1ndose con las marcas modernas; Filosof\u00eda del desarrollo sostenible.<\/li>\n<\/ul>\n<p>&nbsp;<\/p>\n<ul>\n<li><b><\/b><strong>Escenarios de aplicaci\u00f3n para el producto<\/strong><\/li>\n<\/ul>\n<p>Boutique de gama alta y tienda de colecciones de belleza: Su impresionante apariencia puede servir como un punto destacado en los estantes de la pantalla.<\/p>\n<ul>\n<li>Ventas de comercio electr\u00f3nico en l\u00ednea: En transmisiones en vivo y p\u00e1ginas de detalle del producto, el empaquetado \u00fanico puede mejorar significativamente el &#8220; desembozar sorpresa&#8221; experiencia, fomentando el intercambio y una mayor difusi\u00f3n.<\/li>\n<li>Regalos y conjuntos festivos: La exquisita apariencia lo hace perfecto para regalar, y la inclusi\u00f3n de un embalaje de caja de regalo se suma a su prestigio.<\/li>\n<li>Viajes y portabilidad: El tubo compacto es f\u00e1cil de caber en una bolsa de maquillaje o equipaje de mano, lo que lo hace elegante y c\u00f3modo de usar.<\/li>\n<\/ul>","protected":false},"excerpt":{"rendered":"<p>&nbsp;<\/p>\n<p>Botellas con tubo flexible para el cuidado de la piel y lociones cosm\u00e9ticas. Tubos de cuidado de la piel coloreados y transparentes. Tubos de silicona de gran capacidad para lociones, cremas, limpiadores faciales, cremas para ojos, cremas para manos y cremas para pies.<br \/>\nHerramienta de dispensaci\u00f3n de muestras cosm\u00e9ticas para viajes y viajes de negocios, adecuada para aviones y trenes de alta velocidad.<br \/>\n10g\/10ml, 15g\/15ml, embalaje flexible de tubo de PE, botellas de compresi\u00f3n.<\/p>","protected":false},"featured_media":2061,"comment_status":"closed","ping_status":"closed","template":"","meta":[],"product_brand":[],"product_cat":[29,42],"product_tag":[],"class_list":{"0":"post-2056","1":"product","2":"type-product","3":"status-publish","4":"has-post-thumbnail","6":"product_cat-skin-care-plastic-tube","7":"product_cat-19-pe-plastic-tube","9":"first","10":"instock","11":"shipping-taxable","12":"purchasable","13":"product-type-simple"},"_links":{"self":[{"href":"https:\/\/www.hongyitube.com\/es\/wp-json\/wp\/v2\/product\/2056","targetHints":{"allow":["GET"]}}],"collection":[{"href":"https:\/\/www.hongyitube.com\/es\/wp-json\/wp\/v2\/product"}],"about":[{"href":"https:\/\/www.hongyitube.com\/es\/wp-json\/wp\/v2\/types\/product"}],"replies":[{"embeddable":true,"href":"https:\/\/www.hongyitube.com\/es\/wp-json\/wp\/v2\/comments?post=2056"}],"wp:featuredmedia":[{"embeddable":true,"href":"https:\/\/www.hongyitube.com\/es\/wp-json\/wp\/v2\/media\/2061"}],"wp:attachment":[{"href":"https:\/\/www.hongyitube.com\/es\/wp-json\/wp\/v2\/media?parent=2056"}],"wp:term":[{"taxonomy":"product_brand","embeddable":true,"href":"https:\/\/www.hongyitube.com\/es\/wp-json\/wp\/v2\/product_brand?post=2056"},{"taxonomy":"product_cat","embeddable":true,"href":"https:\/\/www.hongyitube.com\/es\/wp-json\/wp\/v2\/product_cat?post=2056"},{"taxonomy":"product_tag","embeddable":true,"href":"https:\/\/www.hongyitube.com\/es\/wp-json\/wp\/v2\/product_tag?post=2056"}],"curies":[{"name":"WP","href":"https:\/\/api.w.org\/{rel}","templated":true}]}}