{"id":2014,"date":"2025-07-11T18:20:45","date_gmt":"2025-07-11T10:20:45","guid":{"rendered":"https:\/\/www.hongyitube.com\/product\/%cf%8616-care-brush-plastic-tube-beauty-makeup-hose-packaging-bottle-hose-sub-bottle-3\/"},"modified":"2026-01-14T11:10:47","modified_gmt":"2026-01-14T03:10:47","slug":"16-lip-care-soft-tube-packaging-bottle-lip-gloss-lip-oil-lip-gloss-lip-glaze-soft-tube-packaging-bottle-soft-tube-bottle-packaging-bottle-1","status":"publish","type":"product","link":"https:\/\/www.hongyitube.com\/es\/product\/16-lip-care-soft-tube-packaging-bottle-lip-gloss-lip-oil-lip-gloss-lip-glaze-soft-tube-packaging-bottle-soft-tube-bottle-packaging-bottle-1\/","title":{"rendered":"\u03a616 tubo suave de cuidado de labios mate &#8211; pl\u00e1stico Hongyi"},"content":{"rendered":"<p>Hongyi pl\u00e1stico \u03a616 mate cuidado de labios tubo suave, llenando Capacity.3ml-10ml \/ 0.10-0.34fl.oz.<\/p>\n<p>Nuestro tubo suave fino de 16 mm, dise\u00f1ado espec\u00edficamente para el cuidado de los labios, cuenta con un innovador cuerpo de tubo de color beige con una boquilla de inyecci\u00f3n tridimensional. El cuerpo del tubo est\u00e1 adornado con un arco rosa y un &#8220; M&#8221; patr\u00f3n creado a trav\u00e9s de la tecnolog\u00eda de impresi\u00f3n offset de gama alta. Un estampado en caliente en forma de cruz mejora la elegancia del dise\u00f1o. El dise\u00f1o \u00fanico de la boca grande garantiza una distribuci\u00f3n suave de la crema, complementado por una tapa inclinada transparente y una tapa de borde recto que coincide con el color del cuerpo del tubo. Esta soluci\u00f3n de envasado proporciona una opci\u00f3n profesional y est\u00e9ticamente agradable para productos de cuidado labial.<\/p>\n<p>Material del cuerpo:<\/p>\n<ul>\n<li>Tubo de color beige PE (c\u00f3digo de color personalizado)<\/li>\n<li>Di\u00e1metro del tubo fino de 16 mm<\/li>\n<li>Dise\u00f1o de perfil dental de gran di\u00e1metro<\/li>\n<li>Artesan\u00eda decorativa:<\/li>\n<li>Pa\u00f1uelo rosa con estampado (efecto tridimensional)<\/li>\n<li>&#8220; Mi&#8221; patr\u00f3n de caracteres, impresi\u00f3n offset<\/li>\n<li>Gravado en forma de cruz (oro\/plata)<\/li>\n<li>Sistema de sellado:<\/li>\n<li>Tap\u00f3n inclinado transparente de grado alimentario<\/li>\n<li>Dise\u00f1ado para evitar el secado<\/li>\n<li>El sistema de cabeza de cubierta:<\/li>\n<li>Cuerpo de tubo de color beige con una tapa angular a juego<\/li>\n<\/ul>\n<p><strong><b>Aplicaciones recomendadas:<\/b><\/strong><\/p>\n<p>Enhancemento de labios Botella de embalaje de tubo suave \/ material de embalaje: Enhancemento de labios hidratante, cuidado de labios anti-arrugas<\/p>\n<ul>\n<li>Botella de embalaje de tubo suave de esmalte de labios\/l\u00e1piz de labios Material de embalaje: esmalte de labios de color, l\u00e1piz de labios hidratante<\/li>\n<li>Botella de embalaje del tubo suave del cuidado de los labios \/ material de embalaje: Exfoliador de labios, reparaci\u00f3n de labios<\/li>\n<li>Embalaje del tubo del b\u00e1lsamo de labios medicinal Botella\/Material: B\u00e1lsamo de labios de protecci\u00f3n solar, b\u00e1lsamo de labios de reparaci\u00f3n medicinal<\/li>\n<li>Regalo de gama alta: Kit de cuidado labial, botella de envasado de tubo \/ material<\/li>\n<\/ul>\n<h3><strong><b>\u00a0Atributos del producto\u00a0<\/b><\/strong><\/h3>\n<p>Dise\u00f1o profesional de labios<\/p>\n<ul>\n<li>Control preciso de la cantidad utilizando un di\u00e1metro de tubo fino de 16 mm<\/li>\n<li>Boca abierta para garantizar una extrusi\u00f3n suave de la pasta.<\/li>\n<\/ul>\n<ol start=\"2\">\n<li>Efectos visuales tridimensionales<\/li>\n<\/ol>\n<ul>\n<li>La corbata y el &#8220; M&#8221; El patr\u00f3n tiene una apariencia tridimensional.<\/li>\n<li>Transferencia de calor de punto cruzado para mejorar la finura<\/li>\n<\/ul>\n<ol start=\"3\">\n<li>Sistema de sellado sanitario<\/li>\n<\/ol>\n<ul>\n<li>Tap\u00f3n angular transparente para evitar el secado<\/li>\n<li>Perfectamente sellado con una tapa en \u00e1ngulo recto.<\/li>\n<\/ul>\n<ol start=\"4\">\n<li>Experiencia de usuario c\u00f3moda<\/li>\n<\/ol>\n<ul>\n<li>El cuerpo compacto lo hace f\u00e1cil de llevar.<\/li>\n<li>Dise\u00f1o de tap\u00f3n en \u00e1ngulo que se ajusta a la forma de los labios<\/li>\n<\/ul>","protected":false},"excerpt":{"rendered":"<p><b><\/b><strong><b>Dise\u00f1o del cuerpo del tubo<\/b><\/strong>.<\/p>\n<p>El concepto de dise\u00f1o de esta botella de envasado de tubo suave es una combinaci\u00f3n de &#8220; dulce y delicado&#8221;  and &#8220; cuidado profesional. &#8221;<\/p>\n<ul>\n<li>Sistema de color:<\/li>\n<li>Cuerpo de tubo beige: sensaci\u00f3n suave y de gama alta<\/li>\n<li>Corbata rosa: estilo dulce y juvenil<\/li>\n<li>Dise\u00f1o del patr\u00f3n:<\/li>\n<li>Corbata: Rom\u00e1ntica y elegante<\/li>\n<li>Patr\u00f3n en forma de mi: Cl\u00e1sico y de moda<\/li>\n<li>Bordado de punto cruzado: un toque de elegancia<\/li>\n<li>Dise\u00f1o estructural:<\/li>\n<li>Dientes de grano grande: descarga suave y eficiente del material<\/li>\n<li>Dise\u00f1o de tapa rectangular: Moderno y minimalista<\/li>\n<\/ul>\n<p><strong>Ventajas del producto:<\/strong><\/p>\n<ol>\n<li>Altamente especializado<\/li>\n<\/ol>\n<ul>\n<li>Dise\u00f1ado espec\u00edficamente para empaquetar productos de cuidado labial<\/li>\n<li>Control preciso de la cantidad utilizada<\/li>\n<\/ul>\n<ol start=\"2\">\n<li>Excelente atractivo visual<\/li>\n<\/ol>\n<ul>\n<li>Los patrones tridimensionales mejoran la sensaci\u00f3n de calidad<\/li>\n<li>El estilo dulce atrae al p\u00fablico objetivo.<\/li>\n<\/ul>\n<ol start=\"3\">\n<li>Este tipo de embalaje de manguera ofrece una gran experiencia de usuario.<\/li>\n<\/ol>\n<ul>\n<li>Flujo suave y sin esfuerzo<\/li>\n<li>El sellado higi\u00e9nico garantiza la frescura.<\/li>\n<\/ul>\n<ol start=\"4\">\n<li>Este tipo de embalaje de manguera tiene un alto reconocimiento de marca.<\/li>\n<\/ol>\n<ul>\n<li>Dise\u00f1o de patr\u00f3n \u00fanico<\/li>\n<li>Cuerpo de tubo beige hecho a medida<\/li>\n<li><b><\/b><strong>Escenarios de aplicaci\u00f3n para el producto:<\/strong><\/li>\n<\/ul>\n<p>Embalaje de marca de belleza \/ botella \/ recipiente port\u00e1til: Serie de cuidado labial<\/p>\n<ul>\n<li>Embalaje\/botella\/recipiente port\u00e1til de marca de cosm\u00e9ticos farmac\u00e9uticos: producto de b\u00e1lsamo labial medicinal<\/li>\n<li>Mercado de regalos: Caja festiva conjunto de materiales de embalaje \/ botellas de embalaje \/ contenedores port\u00e1tiles<\/li>\n<li>Comercio electr\u00f3nico transfronterizo: materiales de envasado\/botellas\/envases port\u00e1tiles para cosm\u00e9ticos de estilo japon\u00e9s y coreano<\/li>\n<li>Canal Premium: Materiales de embalaje\/botellas\/envases port\u00e1tiles de la tienda de colecci\u00f3n de cosm\u00e9ticos<\/li>\n<\/ul>","protected":false},"featured_media":2029,"comment_status":"closed","ping_status":"closed","template":"","meta":[],"product_brand":[],"product_cat":[33,27],"product_tag":[],"class_list":{"0":"post-2014","1":"product","2":"type-product","3":"status-publish","4":"has-post-thumbnail","6":"product_cat-lip-care","7":"product_cat-makeup-plastic-tube","9":"first","10":"instock","11":"shipping-taxable","12":"purchasable","13":"product-type-simple"},"_links":{"self":[{"href":"https:\/\/www.hongyitube.com\/es\/wp-json\/wp\/v2\/product\/2014","targetHints":{"allow":["GET"]}}],"collection":[{"href":"https:\/\/www.hongyitube.com\/es\/wp-json\/wp\/v2\/product"}],"about":[{"href":"https:\/\/www.hongyitube.com\/es\/wp-json\/wp\/v2\/types\/product"}],"replies":[{"embeddable":true,"href":"https:\/\/www.hongyitube.com\/es\/wp-json\/wp\/v2\/comments?post=2014"}],"wp:featuredmedia":[{"embeddable":true,"href":"https:\/\/www.hongyitube.com\/es\/wp-json\/wp\/v2\/media\/2029"}],"wp:attachment":[{"href":"https:\/\/www.hongyitube.com\/es\/wp-json\/wp\/v2\/media?parent=2014"}],"wp:term":[{"taxonomy":"product_brand","embeddable":true,"href":"https:\/\/www.hongyitube.com\/es\/wp-json\/wp\/v2\/product_brand?post=2014"},{"taxonomy":"product_cat","embeddable":true,"href":"https:\/\/www.hongyitube.com\/es\/wp-json\/wp\/v2\/product_cat?post=2014"},{"taxonomy":"product_tag","embeddable":true,"href":"https:\/\/www.hongyitube.com\/es\/wp-json\/wp\/v2\/product_tag?post=2014"}],"curies":[{"name":"WP","href":"https:\/\/api.w.org\/{rel}","templated":true}]}}