{"id":2003,"date":"2025-07-11T18:20:45","date_gmt":"2025-07-11T10:20:45","guid":{"rendered":"https:\/\/www.hongyitube.com\/product\/%cf%8616-care-brush-plastic-tube-beauty-makeup-hose-packaging-bottle-hose-sub-bottle-2\/"},"modified":"2026-01-13T17:23:23","modified_gmt":"2026-01-13T09:23:23","slug":"30-square-plastic-tubepe-plastic-tube-skin-care-makeup-cosmetics-plastic-tube-packaging-bottles","status":"publish","type":"product","link":"https:\/\/www.hongyitube.com\/es\/product\/30-square-plastic-tubepe-plastic-tube-skin-care-makeup-cosmetics-plastic-tube-packaging-bottles\/","title":{"rendered":"30 tubo de pl\u00e1stico cuadrado, tubo de pl\u00e1stico PE, cuidado de la piel, maquillaje, cosm\u00e9ticos, botellas de envasado de tubo de pl\u00e1stico"},"content":{"rendered":"<p>Hongyi Plastic\u03a630 tubo plano cuadrado tubo de pl\u00e1stico, llenado Capacidad 30-45ml \/ 1.0-1.52fl.0z.<\/p>\n<p>Nuestra botella de envasado de tubo plano de forma cuadrada de 30mm de gama alta, que rompe con la convenci\u00f3n y fusiona la est\u00e9tica geom\u00e9trica con la tecnolog\u00eda futurista, cuenta con una base blanca pura con cuatro patrones avanzados de gradiente de un solo color: azul, p\u00farpura rosa, verde azul y amarillo puesta del sol. Cuando se ve desde diferentes \u00e1ngulos, crea un efecto visual similar al movimiento de la luz y la sombra. El embalaje est\u00e1 mejorado con estampado en caliente de plata l\u00e1ser, que refleja colores vibrantes cuando se ven desde varios \u00e1ngulos. De manera innovadora, cuenta con una tapa acr\u00edlica galvanizada de oro o plata o varias tapas dise\u00f1adas a medida, combinadas con una tecnolog\u00eda de sellado de cola, proporcionando una soluci\u00f3n de envasado \u00fanica para productos de cuidado de la piel de alta gama que van de 30 a 45 ml. No es solo un contenedor. es una pieza de arte moderno que se destaca en un vestidor.<\/p>\n<p>Cuerpo del tubo: Hecho de material (polietileno), que exhibe excelentes propiedades de moldeo que permiten una estructura cuadrada manteniendo la estabilidad y seguridad de los contenidos en el interior.<\/p>\n<ul>\n<li>Forma: Un tubo rectangular y plano con l\u00edneas limpias, que proporciona un agarre c\u00f3modo y sorprende tanto la belleza arquitect\u00f3nica como el car\u00e1cter distintivo cuando se muestra.<\/li>\n<li>Proceso de color: impresi\u00f3n en gradiente de un solo color de gama alta (azul \/ rosa-p\u00farpura \/ azul-verde \/ amarillo de puesta del sol). Las transiciones de color son naturales, similares al efecto halo de los cuerpos celestes, agregando una profunda profundidad visual al tubo. cuerpo.<\/li>\n<li>Proceso de logotipo\/patr\u00f3n: Estampado en caliente con plata grabada con l\u00e1ser, creando un efecto din\u00e1mico y vibrante en diferentes condiciones de iluminaci\u00f3n. Esto contrasta fuertemente con el fondo sencillo y de color gradiente, lo que lo hace extremadamente lujoso.<\/li>\n<li>Mejora del texto: serigraf\u00eda para garantizar que la informaci\u00f3n del producto sea clara y duradera.<\/li>\n<li>Cubierta de cabeza:<\/li>\n<li>Destacado: Tapa de pato acr\u00edlico con chapado de oro o plata, que ofrece una sensaci\u00f3n de peso y un brillo espejo que es inigualable en t\u00e9rminos de calidad.<\/li>\n<li>Opciones: Cubiertas personalizables en diversas formas (como cubiertas cuadradas, cubiertas de corte diamante, etc.) para lograr un dise\u00f1o general unificado y elevado.<\/li>\n<li>Extremo de cola: el dise\u00f1o del extremo de sellado (CRB) garantiza la fiabilidad del sellado para tubos en forma cuadrada, proporcionando la preservaci\u00f3n m\u00e1xima para contenidos de alta actividad con un volumen de 30-45 ml.<\/li>\n<\/ul>\n<p><strong><b>\u00a0<\/b><\/strong><strong><b>Aplicaciones recomendadas:<\/b><\/strong><\/p>\n<p>Nuestra serie de envases de mangueras est\u00e1 dise\u00f1ada con formas \u00fanicas, alta capacidad y textura de primer nivel, espec\u00edficamente para dise\u00f1os de productos de nivel insignia.<\/p>\n<p>&nbsp;<\/p>\n<ul>\n<li>Botella dispensadora de envasado de tubo de la serie de esencia de lujo: esencia antiarrugas de primer nivel, esencia de reparaci\u00f3n exquisita, aceite esencial de gama alta.<\/li>\n<li>Emulsi\u00f3n\/crema hidratante de alto rendimiento, envase de tubo suave, botellas dispensadoras individuales: crema de esencia rica y nutritiva, crema facial revitalizante de lujo.<\/li>\n<li>Productos de l\u00ednea de teatro profesional: envasado de tubos suaves, envasado de botellas para l\u00edneas de spa de gama alta o tratamientos especializados de sal\u00f3n de belleza.<\/li>\n<li>Botella de envasado de tubo blando \/ botella dividida: Un producto de colecci\u00f3n de edici\u00f3n limitada creado en asociaci\u00f3n con un dise\u00f1ador o artista de renombre.<\/li>\n<li>Botellas de envasado de tubo suave para hombres de gama alta&#8217; Cuidado de la piel: La forma del tubo cuadrado y el dise\u00f1o minimalista son muy favorecidos por los hombres de gama alta; marcas de cuidado de la piel.<\/li>\n<\/ul>\n<h3><strong><b>Atributos del producto\u00a0<\/b><\/strong><\/h3>\n<ol>\n<li><strong><b> La forma geom\u00e9trica innovadora de este envase de tubo: <\/b><\/strong>El tubo rectangular y plano cambia completamente los dise\u00f1os tradicionales de tubos redondos, estableciendo un nuevo est\u00e1ndar para la est\u00e9tica del embalaje y encarnando el esp\u00edritu pionero de la marca&#8217; la disposici\u00f3n a asumir riesgos.<\/li>\n<li><strong><b> Este envase de tubo suave combina la est\u00e9tica de la luz y la sombra fluyentes: <\/b><\/strong>La combinaci\u00f3n de un gradiente monocrom\u00e1tico y estampado en caliente de plata l\u00e1ser crea un efecto visual din\u00e1mico que cambia con la luz. No solo es funcional, sino tambi\u00e9n una obra de arte cuando se coloca sobre una mesa.<\/li>\n<li><strong><b> El material de cubierta del envase de la manguera es de primera clase y proporciona una gran experiencia t\u00e1ctil:<\/b><\/strong>El peso pesado y la sensaci\u00f3n fresca de la cubierta chapada en acr\u00edlico hacen que cada apertura y cierre sea una experiencia lujosa, mucho superior a las cubiertas de pl\u00e1stico ordinarias.<\/li>\n<li><strong><b> Preservaci\u00f3n y estabilidad m\u00e1ximas:<\/b><\/strong>El dise\u00f1o de sellado garantiza la estanqueidad absoluta del cuerpo del tubo cuadrado, protegiendo perfectamente la eficacia y la frescura de los ingredientes de alta concentraci\u00f3n y alta actividad.<\/li>\n<li><strong><b> Efecto de visualizaci\u00f3n excepcional:<\/b><\/strong>La forma geom\u00e9trica \u00fanica le permite atraer la atenci\u00f3n desde todas las direcciones del estante, convirti\u00e9ndolo en el punto focal visual absoluto en la encimera.<\/li>\n<\/ol>","protected":false},"excerpt":{"rendered":"<p><b><\/b><strong><b>Dise\u00f1o del cuerpo del tubo<\/b><\/strong>.<\/p>\n<p>Concepto de dise\u00f1o: Este envase de tubo suave integra la sensaci\u00f3n arquitect\u00f3nica de &#8220; geometr\u00eda minimalista&#8221; y la est\u00e9tica tecnol\u00f3gica de &#8220; Luz del futuro. &#8221; Expresa el profundo lujo a trav\u00e9s de las l\u00edneas m\u00e1s sencillas y los efectos de luz y sombra m\u00e1s variados.<\/p>\n<ul>\n<li>Sistema de color del embalaje de la manguera:<\/li>\n<li>Gradiente Azul: Incarna tecnolog\u00eda, reparaci\u00f3n, atemporalidad y serenidad.<\/li>\n<li>Gradiente suave de lavanda: encarna sue\u00f1o, opulencia, renacimiento y atractivo femenino.<\/li>\n<li>Gradiente azul-verde: encarna el equilibrio, la purificaci\u00f3n, la revitalizaci\u00f3n y la vitalidad.<\/li>\n<li>Sunset Yellow Gradient: Incarna el empoderamiento, el brillo, la calidez y el lujoso encanto de la luz dorada.<\/li>\n<li>Atenci\u00f3n al detalle: un testimonio de la artesan\u00eda<\/li>\n<li>Dise\u00f1o sin costuras: Se recomienda utilizar una tapa cromada o dorada, ya que su brillante brillo complementa el relieve de plata l\u00e1ser.<\/li>\n<li>El envasado de la manguera soporta la personalizaci\u00f3n: Es posible personalizar un dise\u00f1o \u00fanico de tapa, como una tapa cuadrada que coincida con la forma del cuerpo de la manguera, para encarnar plenamente la est\u00e9tica geom\u00e9trica.<\/li>\n<\/ul>\n<p><strong>Ventajas del producto:<\/strong><\/p>\n<p>Nuestro envase de tubo blando es la declaraci\u00f3n definitiva de la fuerza y la est\u00e9tica de la marca, elevando al instante el producto a un nivel de lujo y creando una brecha sustancial con respecto a la competencia.<\/p>\n<p>El dise\u00f1o cuadrado innovador y la textura de gama alta de nuestro envase de tubos lo convierten en un tema de marketing poderoso en s\u00ed mismo, que no requiere promoci\u00f3n excesiva. El producto ya es el foco, haciendo que sea f\u00e1cilmente notable para los medios y los l\u00edderes de opini\u00f3n clave (KOLs).<\/p>\n<p>Nuestro embalaje de tubo suave puede elevar significativamente la clase y el atractivo de una marca&#8217; s mostrador.<\/p>\n<p>Nuestro envase de tubo suave proporciona una experiencia de primera calidad en todo el proceso que supera al propio producto, tanto en t\u00e9rminos de atractivo visual como de sensaci\u00f3n t\u00e1ctil. Esto mejora significativamente a los clientes&#8217; sentido de valor y lealtad hacia la marca.<\/p>\n<p>Nuestros envases de tubos suaves ofrecen amplias opciones de personalizaci\u00f3n, desde transiciones de color graduales hasta formas \u00fanicas de tapa, lo que permite a las marcas crear productos verdaderamente distintivos e ic\u00f3nicos.<\/p>\n<p><b><\/b><strong>Escenarios de aplicaci\u00f3n para el producto:<\/strong><\/p>\n<p>Marca de cuidado de la piel de lujo: La botella de envasado utilizada para los productos de colecci\u00f3n de primera categor\u00eda Black Gold Series, Platinum Series o edici\u00f3n limitada de la marca.<\/p>\n<ul>\n<li>Embalajes\/botellas de marca de dise\u00f1o de gama alta: marcas de cuidado de la piel o fragancias que enfatizan el dise\u00f1o y los elementos art\u00edsticos.<\/li>\n<li>Embalaje de botellas para los hombres de gama alta&#8217; s mercado de cuidado de la piel: El dise\u00f1o afilado y minimalista de la botella de tubo rectangular se alinea perfectamente con el tono de los hombres de gama alta&#8217; productos skinceare.<\/li>\n<li>Canales libres de impuestos y botellas de embalaje de hoteles de lujo: En Dubai&#8217; Tiendas libres de impuestos, tiendas libres de impuestos del aeropuerto y spas de hoteles de cinco estrellas, la apariencia de estas botellas coincide perfectamente con el entorno de consumo.<\/li>\n<li>Presentaci\u00f3n de premios: altamente competitivo y adecuado para presentaciones a premios globales de dise\u00f1o de envases como los Pentawards y Dieline Awards.<\/li>\n<\/ul>\n<p>Esta serie de botellas de envasado de tubo suave cuadrado y plano es m\u00e1s que solo un envasado; Es un s\u00edmbolo de identidad de marca, una demostraci\u00f3n de destreza de dise\u00f1o y la experiencia de lujo definitiva que buscan los consumidores. Est\u00e1 dise\u00f1ado para servir como el arma definitiva para las marcas de primer nivel para conquistar el mercado y convertirse en una presencia que no puede ser ignorada.<\/p>","protected":false},"featured_media":4287,"comment_status":"closed","ping_status":"closed","template":"","meta":[],"product_brand":[],"product_cat":[34,27],"product_tag":[],"class_list":{"0":"post-2003","1":"product","2":"type-product","3":"status-publish","4":"has-post-thumbnail","6":"product_cat-facial-treatment","7":"product_cat-makeup-plastic-tube","9":"first","10":"instock","11":"shipping-taxable","12":"purchasable","13":"product-type-simple"},"_links":{"self":[{"href":"https:\/\/www.hongyitube.com\/es\/wp-json\/wp\/v2\/product\/2003","targetHints":{"allow":["GET"]}}],"collection":[{"href":"https:\/\/www.hongyitube.com\/es\/wp-json\/wp\/v2\/product"}],"about":[{"href":"https:\/\/www.hongyitube.com\/es\/wp-json\/wp\/v2\/types\/product"}],"replies":[{"embeddable":true,"href":"https:\/\/www.hongyitube.com\/es\/wp-json\/wp\/v2\/comments?post=2003"}],"wp:featuredmedia":[{"embeddable":true,"href":"https:\/\/www.hongyitube.com\/es\/wp-json\/wp\/v2\/media\/4287"}],"wp:attachment":[{"href":"https:\/\/www.hongyitube.com\/es\/wp-json\/wp\/v2\/media?parent=2003"}],"wp:term":[{"taxonomy":"product_brand","embeddable":true,"href":"https:\/\/www.hongyitube.com\/es\/wp-json\/wp\/v2\/product_brand?post=2003"},{"taxonomy":"product_cat","embeddable":true,"href":"https:\/\/www.hongyitube.com\/es\/wp-json\/wp\/v2\/product_cat?post=2003"},{"taxonomy":"product_tag","embeddable":true,"href":"https:\/\/www.hongyitube.com\/es\/wp-json\/wp\/v2\/product_tag?post=2003"}],"curies":[{"name":"WP","href":"https:\/\/api.w.org\/{rel}","templated":true}]}}