{"id":2002,"date":"2025-07-11T18:20:45","date_gmt":"2025-07-11T10:20:45","guid":{"rendered":"https:\/\/www.hongyitube.com\/product\/%cf%8619-silicone-head-design-plastic-tube-bottle-pe-packaging-bottle-2\/"},"modified":"2026-01-13T17:03:51","modified_gmt":"2026-01-13T09:03:51","slug":"16-care-brush-plastic-tube-beauty-makeup-hose-packaging-bottle-hose-sub-bottle","status":"publish","type":"product","link":"https:\/\/www.hongyitube.com\/es\/product\/16-care-brush-plastic-tube-beauty-makeup-hose-packaging-bottle-hose-sub-bottle\/","title":{"rendered":"Tubo de pl\u00e1stico de cepillo de cuidado de 16, manguera de maquillaje de belleza botella de envasado de manguera sub-botella"},"content":{"rendered":"<p>Hongyi Plastic\u03a616 cepillo de cuidado tubo de pl\u00e1stico &#8211; Pl\u00e1stico Hongyi, capacidad de llenado 3g \/ 3ml -15g \/ 15ml 0.10 -0.51fl.oz<\/p>\n<p>The &#8220; Aurora peque\u00f1a botella de color&#8221; Mini Essence Soft Tube es un tubo suave circular ultrafino de 16 mm que se centra en la est\u00e9tica extrema y el cuidado preciso. El cuerpo del tubo est\u00e1 hecho de material blanco puro, con un gradiente de cuatro transiciones monocrom\u00e1ticas so\u00f1adoras: azul, p\u00farpura rosa, verde azul y amarillo puesta del sol. Esto crea un efecto visual puro y de gama alta como la aurora. El logotipo de la marca se destaca a trav\u00e9s de la serigraf\u00eda y las t\u00e9cnicas de estampado en caliente, mostrando exquisitos detalles. Est\u00e1 emparejado con una cabeza de cepillo de nylon blanco y una tapa redonda plateada. El dise\u00f1o de sellado final asegura la eficacia vibrante de la esencia de capacidad ultra peque\u00f1a de 3-10 ml. Es una soluci\u00f3n de envasado refinada a medida para marcas de gama alta.<\/p>\n<p><strong><b>Cuerpo del tubo: <\/b><\/strong>Material blanco de PE (polietileno) de una sola capa. El color base puro asegura que los colores de gradiente se presenten de la manera m\u00e1s pura y vibrante posible. El material PE es qu\u00edmicamente estable y seguro de usar.<\/p>\n<ul>\n<li><strong><b>Manguera<\/b><\/strong><b><\/b><strong><b>proceso de color de botella:<\/b><\/strong>\u00a0Impresi\u00f3n en gradiente monocolor en azul\/rosa-p\u00farpura\/azul-verde\/amarillo puesta del sol, con una transici\u00f3n que se asemeja a la difusi\u00f3n natural, impregnada de un sentido de fantas\u00eda y belleza minimalista moderna.<\/li>\n<li>Proceso de logotipo\/patr\u00f3n de botella de manguera: estampado en caliente (se recomienda estampado en caliente de plata o blanco). Este proceso resalta el logotipo de la marca en un color gradiente, d\u00e1ndole una apariencia de gama alta y exquisita.<\/li>\n<li><strong><b> Procesamiento de texto de botella de tubo: <\/b><\/strong>serigraf\u00eda para garantizar que el texto de explicaci\u00f3n del producto sea claro y duradero.<\/li>\n<li>Tapa de botella de manguera con cepillo:<\/li>\n<\/ul>\n<p>El cepillo de nylon blanco tiene cerdas finas y suaves, excelente elasticidad, una sensaci\u00f3n c\u00f3moda y no irrita a la piel delicada.<\/p>\n<ul>\n<li><strong><b> La cubierta exterior es la caracter\u00edstica principal:<\/b><\/strong>una cubierta de cabeza redonda plateada que exuda un fuerte sentido de metal y tecnolog\u00eda futurista, creando un sorprendente contraste con el esquema de colores de gradiente simple.<\/li>\n<li><strong><b> Opci\u00f3n de tapa externa de botella de envasado de cart\u00edlago blando: <\/b><\/strong>tapa de cabeza redonda moldeada (disponible en el mismo color que el gradiente o blanco).<\/li>\n<li><strong><b> Extremo de cola de botella de embalaje de cart\u00edlago blando: <\/b><\/strong>El dise\u00f1o de sellado (CRB) proporciona propiedades de sellado de primera clase, protegiendo perfectamente contenidos de alta actividad y alto valor que van de 3 a 10 ml, evitando la oxidaci\u00f3n y las fugas.<\/li>\n<\/ul>\n<p><strong><b>\u00a0<\/b><\/strong><strong><b>Aplicaciones recomendadas:<\/b><\/strong><\/p>\n<p>Nuestra botella dispensadora de envasado de tubo blando, dise\u00f1ada espec\u00edficamente para productos de cuidado de esencia concentrada de primer nivel y localizados de alta eficiencia, cuenta con una capacidad extremadamente peque\u00f1a, propiedades de sellado superiores y una cabeza de cepillo de aplicaci\u00f3n precisa:<\/p>\n<ul>\n<li><strong><b> Botella dispensadora de envasado de tubo blando de esencia concentrada de primer nivel: <\/b><\/strong>Ampolla de alta concentraci\u00f3n de vitamina C, esencia de retinol, esencia de p\u00e9ptidos y esencia de la base de la piel.<\/li>\n<li><strong><b>Botella dispensadora dividida del embalaje del tubo suave del cuidado local preciso:<\/b><\/strong>Esencia de ojos, l\u00edquido de crecimiento de pesta\u00f1as, esencia de manchas de acn\u00e9 local, esencia de eliminaci\u00f3n del acn\u00e9, esencia de alisado de arrugas.<\/li>\n<li><strong><b> Botella dispensadora de envasado de tubo l\u00edquido original activo de alta eficiencia:<\/b><\/strong>esencia exfoliante a base de \u00e1cido, aceites esenciales, gel de reparaci\u00f3n de cicatrices.<\/li>\n<li><strong><b>Embalaje suave del tubo del paquete de la experiencia lujosa Botella dividida:<\/b><\/strong>Versi\u00f3n del tama\u00f1o de viaje de una l\u00ednea de productos de primer nivel o un paquete de experiencia por primera vez.<\/li>\n<\/ul>\n<p>&nbsp;<\/p>\n<h3>1.\u00a0 <strong><b>Atributos del producto\u00a0<\/b><\/strong><\/h3>\n<ol>\n<li>Nuestra l\u00ednea de envases de mangueras est\u00e1 dise\u00f1ada con una est\u00e9tica minimalista pero lujosa: el dise\u00f1o de gradiente de un solo color evita la complejidad, permitiendo que los mismos colores hablen, creando un efecto visual puro, de gama alta y misterioso que exuda una sensaci\u00f3n moderna, minimalista y opulenta.<\/li>\n<li>Esta serie de envases de tubos ofrece una preservaci\u00f3n inigualable: el sellado del extremo de cola proporciona un rendimiento de sellado \u00f3ptimo, asegurando que cada ingrediente activo precioso permanece en su estado m\u00e1s vibrante desde el momento en que sale de la f\u00e1brica hasta el momento en que se utiliza, maximizando as\u00ed su eficacia.<\/li>\n<li>Los cabezales de cepillo incluidos en esta serie de envases de tubos pueden proporcionar una aplicaci\u00f3n profesional y precisa: El cabezal de cepillo de nylon blanco puede recoger y aplicarse con precisi\u00f3n en la zona objetivo, ofreciendo tanto higiene como comodidad, lo que lo hace especialmente adecuado para \u00e1reas delicadas como alrededor de los ojos y los labios.<\/li>\n<li>Los detalles del material de envasado de la manguera destacan la calidad: El uso del proceso de estampado en caliente y una cubierta exterior plateada demuestra la excepcional calidad artesanal del producto y la marca&#8217; la m\u00e1xima persecuci\u00f3n.<\/li>\n<li>Nuestra l\u00ednea de embalaje de mangueras es compacta y port\u00e1til: con un di\u00e1metro de tubo ultrafino de 16 mm y capacidades que van de 3 a 10 ml, es peque\u00f1a y elegante, lo que hace que sea f\u00e1cil de llevar y aplicar cuando sea necesario.<\/li>\n<\/ol>","protected":false},"excerpt":{"rendered":"<p>&nbsp;<\/p>\n<ul>\n<li><b><\/b><strong><b>Dise\u00f1o del cuerpo del tubo<\/b><\/strong>.<\/li>\n<\/ul>\n<p>El concepto de dise\u00f1o de la serie de componentes de envasado de mangueras, incluyendo las botellas de envasado individuales, es mezclar las inspiraciones de &#8220; simplicidad moderna&#8221;  and &#8220; Aurora natural. &#8221; A trav\u00e9s de la transici\u00f3n gradual de un solo color, transmite una filosof\u00eda de pureza, enfoque y eficiencia en los productos.<\/p>\n<ul>\n<li>Color y impacto emocional de los materiales de envasado de mangueras:<\/li>\n<li>Gradiente azul: transmite calma, curaci\u00f3n, tecnolog\u00eda y confiabilidad.<\/li>\n<li>Gradiente suave de lavanda: transmite una sensaci\u00f3n de fantas\u00eda, relajaci\u00f3n, antienvejecimiento y lujo.<\/li>\n<li>Gradiente azul-verde: transmite una sensaci\u00f3n de frescura, equilibrio, revitalizaci\u00f3n y calma.<\/li>\n<li>Gradiente Amarillo de la puesta del sol: Transmite calor, potenciaci\u00f3n, resplandor y una sensaci\u00f3n de vitalidad.<\/li>\n<li>Capas detalladas del embalaje de la manguera: El dise\u00f1o consiste en tres capas: la capa base (cambiando gradualmente los colores), la capa media (informaci\u00f3n estampada) y la capa superior (logotipo estampado). Las capas son ricas y llenas de detalles.<\/li>\n<li>Combinaci\u00f3n de cabeza de cubierta de envasado de tubo suave: La cubierta redonda de plata galvanizada es el toque final del dise\u00f1o general. Su sensaci\u00f3n fr\u00eda y futurista contrasta hermosamente con los colores c\u00e1lidos y gradientes, por lo que es altamente recomendable.<\/li>\n<\/ul>\n<p>Ventajas del producto: puede incluir el alcance de la aplicaci\u00f3n del producto, control de dosis, uso conveniente, ligero y duradero, amplia gama de aplicaciones, etc., por ejemplo<\/p>\n<p>Definir la l\u00ednea de gama alta de la marca: Este envase de tubo suave es un modelo de est\u00e9tica de lujo moderna y se utiliza para definir el pin\u00e1culo, la l\u00ednea de productos m\u00e1s concentrada para la marca, potenciando directamente el sentido general de sofisticaci\u00f3n asociado con la marca.<\/p>\n<ul>\n<li>El dise\u00f1o minimalista y sofisticado de nuestro envase de tubos hace que parezca una obra de arte cuando se exhibe, atrayendo a los consumidores que valoran tanto la calidad como la est\u00e9tica.<\/li>\n<li>Comunicaci\u00f3n de componentes profundos: El dise\u00f1o minimalista y &#8220; estilo de laboratorio&#8221; la apariencia de nuestro envasado de tubo enfatizar naturalmente el enfoque en la eficacia de los componentes, resonando con los consumidores que son &#8220; Entusiastas de componentes. &#8221;<\/li>\n<li>Mejorada experiencia de desencajado: Desde el momento en que se abre el envase, el producto puede proporcionar una sensaci\u00f3n de placer similar a la de un art\u00edculo de lujo, lo que aumenta significativamente a los usuarios. sentido de valor y lealtad hacia la marca.<\/li>\n<li>Mina de oro de contenido de marketing: La apariencia de alto atractivo tiene inherentemente capacidades de compartir en redes sociales, proporcionando un flujo constante de material de alta calidad para crear contenido en las plataformas de redes sociales de la marca.<\/li>\n<\/ul>\n<p>&nbsp;<\/p>\n<ul>\n<li><b><\/b><strong><b>Escenarios de aplicaci\u00f3n del producto: se puede enumerar el alcance de la aplicaci\u00f3n del producto por puntos, como:<\/b><\/strong><\/li>\n<\/ul>\n<p>Embalaje de la marca de cuidado de la piel de lujo: tubo suave \/ botella &#8211; utilizado para el envasado y la distribuci\u00f3n de la serie de ampollas concentradas premium o l\u00edneas de productos de gama alta.<\/p>\n<ul>\n<li>Marca de cuidado de la piel de tecnolog\u00eda: enfatiza ingredientes patentados, antecedentes de laboratorio y adiciones de alta concentraci\u00f3n. El embalaje moderno se alinea perfectamente con la marca&#8217; imagen s.<\/li>\n<li>Embalaje y botellas dispensadoras de alta gama en grandes almacenes y canales libres de impuestos: Estas se venden en canales de alta gama como Sephora, y su apariencia coincide perfectamente con el nivel del canal.<\/li>\n<li>Embalaje para el producto galardonado con premios de belleza: Este tipo de embalaje es altamente competitivo y adecuado para competir en premios de dise\u00f1o e innovaci\u00f3n dentro de la industria.<\/li>\n<li>Botella de tubo de empaquetado de colaboraci\u00f3n entre artistas y celebridades: Como veh\u00edculo para colaboraciones entre industrias, su atractivo art\u00edstico y singularidad satisfacen las necesidades de ambas partes involucradas en la asociaci\u00f3n.<\/li>\n<\/ul>\n<p>&nbsp;<\/p>\n<p>Resumen: Este &#8220; Aurora peque\u00f1a botella de color&#8221; mini essence soft tube es la culminaci\u00f3n de la est\u00e9tica moderna del cuidado de la piel y la tecnolog\u00eda de envasado de vanguardia. Transmite lujo a trav\u00e9s de la simplicidad del color y emplea la m\u00e1s meticulosa artesan\u00eda para proteger los ingredientes activos, con el objetivo de proporcionar a los consumidores m\u00e1s exigentes una experiencia de primer nivel, tanto visualmente como en t\u00e9rminos de eficacia. Es el arma definitiva para la marca para entrar en el mercado de gama alta.<\/p>","protected":false},"featured_media":2009,"comment_status":"closed","ping_status":"closed","template":"","meta":[],"product_brand":[],"product_cat":[35,27],"product_tag":[],"class_list":{"0":"post-2002","1":"product","2":"type-product","3":"status-publish","4":"has-post-thumbnail","6":"product_cat-eyebrow-care","7":"product_cat-makeup-plastic-tube","9":"first","10":"instock","11":"shipping-taxable","12":"purchasable","13":"product-type-simple"},"_links":{"self":[{"href":"https:\/\/www.hongyitube.com\/es\/wp-json\/wp\/v2\/product\/2002","targetHints":{"allow":["GET"]}}],"collection":[{"href":"https:\/\/www.hongyitube.com\/es\/wp-json\/wp\/v2\/product"}],"about":[{"href":"https:\/\/www.hongyitube.com\/es\/wp-json\/wp\/v2\/types\/product"}],"replies":[{"embeddable":true,"href":"https:\/\/www.hongyitube.com\/es\/wp-json\/wp\/v2\/comments?post=2002"}],"wp:featuredmedia":[{"embeddable":true,"href":"https:\/\/www.hongyitube.com\/es\/wp-json\/wp\/v2\/media\/2009"}],"wp:attachment":[{"href":"https:\/\/www.hongyitube.com\/es\/wp-json\/wp\/v2\/media?parent=2002"}],"wp:term":[{"taxonomy":"product_brand","embeddable":true,"href":"https:\/\/www.hongyitube.com\/es\/wp-json\/wp\/v2\/product_brand?post=2002"},{"taxonomy":"product_cat","embeddable":true,"href":"https:\/\/www.hongyitube.com\/es\/wp-json\/wp\/v2\/product_cat?post=2002"},{"taxonomy":"product_tag","embeddable":true,"href":"https:\/\/www.hongyitube.com\/es\/wp-json\/wp\/v2\/product_tag?post=2002"}],"curies":[{"name":"WP","href":"https:\/\/api.w.org\/{rel}","templated":true}]}}