{"id":1988,"date":"2025-07-11T18:20:45","date_gmt":"2025-07-11T10:20:45","guid":{"rendered":"https:\/\/www.hongyitube.com\/product\/%cf%8619-ball-massage-head-plastic-tube-refill-bottle-skin-care-lotion-special-refill-bottle-skin-care-plastic-tube-3\/"},"modified":"2026-01-13T16:57:24","modified_gmt":"2026-01-13T08:57:24","slug":"19-silicone-head-design-plastic-tube-bottle-pe-packaging-bottle","status":"publish","type":"product","link":"https:\/\/www.hongyitube.com\/es\/product\/19-silicone-head-design-plastic-tube-bottle-pe-packaging-bottle\/","title":{"rendered":"El tubo de ajuste r\u00e1pido de pl\u00e1stico Hongyi \u03a619 se empareja con varias cubiertas de cabeza de cepillo de silicona, llenando la capacidad 3g \/ 3ml -15g \/ 15ml 0.10 -0.51fl.oz"},"content":{"rendered":"<ul>\n<li>HongyiPlastic\u03a619 tubo de ajuste r\u00e1pido se empareja con varias cubiertas de cabeza de cepillo de silicona, llenando la capacidad 3g \/ 3ml -15g \/ 15ml 0.10 -0.51fl.oz<\/li>\n<li>Se trata de un envase flexible en forma de tubo de 19 mm meticulosamente dise\u00f1ado, especialmente dise\u00f1ado para complementar una variedad de cabezales de cepillo reemplazables. El cuerpo del tubo est\u00e1 hecho de un material compuesto PE PP, que combina flexibilidad y durabilidad. Las especificaciones est\u00e1ndar son un di\u00e1metro de 19mm y una longitud de 97mm, con un rango de capacidad de 3ml a 15ml, atendiendo a diferentes necesidades de volumen. El cuerpo del tubo presenta un colorido patr\u00f3n de mu\u00f1eca de anido ruso, que es rico en car\u00e1cter nacional y se imprime utilizando una t\u00e9cnica de impresi\u00f3n offset, lo que resulta en colores vibrantes y completos. La caracter\u00edstica principal es la innovadora estructura dental snap-on, que permite una f\u00e1cil compatibilidad con una gama de cabezales de cepillo especializados con varias funciones, lo que permite al producto servir a m\u00faltiples prop\u00f3sitos con un solo tubo.<\/li>\n<\/ul>\n<p>&nbsp;<\/p>\n<p><strong><b>Aplicaciones recomendadas<\/b><\/strong><strong><b>\u00a0<\/b><\/strong><\/p>\n<p>Este producto es una opci\u00f3n ideal para los usuarios que priorizan un cuidado eficiente, preciso y experiencias personalizadas. Se recomienda especialmente para:<\/p>\n<p>&nbsp;<\/p>\n<ul>\n<li>Bloggers de belleza e influencers de moda: Se usan para compartir looks creativos de maquillaje y mostrar t\u00e9cnicas de aplicaci\u00f3n precisas.<\/li>\n<li>Maquillador profesional: Ofrece servicios de maquillaje higi\u00e9nico y profesional para \u00e1reas espec\u00edficas del rostro, adaptados a diferentes modelos o clientes, ya sea en un entorno de estudio o durante sesiones al aire libre.<\/li>\n<li>Consumidores sofisticados diarios: Adecuado para usuarios que necesitan un control preciso sobre la cantidad utilizada, como aquellos que lo usan para ocultaci\u00f3n localizada, aplicaci\u00f3n puntual de sueros o aplicaci\u00f3n de productos como tratamientos de cuidado labial.<\/li>\n<\/ul>\n<p><strong><b>\u00a0<\/b><\/strong><\/p>\n<p>Atributos del producto<\/p>\n<ol>\n<li>Sistema modular de cabezal de cepillo: El innovador dise\u00f1o snap-in permite una conmutaci\u00f3n sin problemas entre cabezales de cepillo 1 a 3 y otras extensiones, atendiendo a las necesidades de aplicaci\u00f3n de productos de diversas texturas.<\/li>\n<li>Control de volumen preciso: El dise\u00f1o de la salida de peque\u00f1o di\u00e1metro (5 mm), combinado con la acci\u00f3n de compresi\u00f3n de la manguera, permite un control preciso sobre la cantidad utilizada cada vez, evitando as\u00ed el desperdicio.<\/li>\n<li>Dise\u00f1o ligero y port\u00e1til: El peso total es de aproximadamente 2,5 gramos, lo que lo hace f\u00e1cil de llevar y perfecto para su inclusi\u00f3n en una bolsa de maquillaje personal o kit de viaje.<\/li>\n<li>Apariencia personalizable: El patr\u00f3n \u00fanico de conjunto dentro de un conjunto combinado con el proceso de serigraf\u00eda hace que el producto&#8217; apariencia viva e interesante. Adem\u00e1s, las soluciones de impresi\u00f3n se pueden personalizar flexiblemente seg\u00fan la marca&#8217; requisitos, mejorando as\u00ed el reconocimiento de la marca.<\/li>\n<li>Calidad superior del material: La combinaci\u00f3n de materiales PE y PP asegura el tubo suave; Excelente estabilidad qu\u00edmica y flexibilidad f\u00edsica, por lo que es compatible con una amplia gama de contenidos.<\/li>\n<\/ol>","protected":false},"excerpt":{"rendered":"<p><b><\/b><strong><b>Dise\u00f1o del cuerpo del tubo<\/b><\/strong>.<\/p>\n<p>Nuestro material de envasado de tubo suave presenta un dise\u00f1o delgado con un di\u00e1metro est\u00e1ndar de tubo de 19 mm y una longitud de 97 mm. Es c\u00f3modo de sostener y permite un manejo \u00e1gil. El cuerpo del tubo se somete a un riguroso control del grosor de la pared durante el moldeo por inyecci\u00f3n, asegurando que no se deforme o rompa f\u00e1cilmente bajo compresi\u00f3n frecuente mientras mantiene un nivel apropiado de resistencia al rebote.<\/p>\n<ul>\n<li>Caracter\u00edstica clave del dise\u00f1o: El dise\u00f1o central cuenta con un mecanismo de encaje en lugar de una tapa en espiral tradicional. Este dise\u00f1o asegura tanto la estanqueidad de la conexi\u00f3n entre la cabeza del cepillo y el cuerpo como la facilidad de reemplazo, donde el usuario puede simplemente ajustarlo y torcerlo. \u00b7 Material: Las partes que entran en contacto directo con el usuario&#8217; Por lo general, la boca se fabrica de un tipo m\u00e1s duro de pl\u00e1stico de ingenier\u00eda, como PP o ABS, para garantizar la durabilidad y la estabilidad a largo plazo del mecanismo de encaje.<\/li>\n<li>Mecanismo de sellado: Un anillo de sellado o labio de sellado en miniatura est\u00e1 integrado dentro del mecanismo de encaje. Cuando la cabeza del cepillo se encaja en su lugar, crea un espacio herm\u00e9tico y bien sellado que aisla eficazmente el aire y protege el contenido. actividad.<\/li>\n<li>Experiencia del usuario: El \u00e1ngulo cuidadosamente dise\u00f1ado y la fuerza del mecanismo de cierre logran un equilibrio \u00f3ptimo de &#8220; facilidad de bloqueo y desbloqueo, &#8221; permitiendo a los usuarios realizar estas acciones sin esfuerzo.<\/li>\n<li>Dise\u00f1o visual: La combinaci\u00f3n de &#8220; Tubo de color&#8221; y el patr\u00f3n de serigraf\u00eda inspirado en &#8220; Ruso colorido Matryoshka mu\u00f1ecas&#8221; crea una apariencia distinta y visualmente llamativa en los estantes. El proceso de serigraf\u00eda garantiza tanto el detalle fino como la durabilidad del dise\u00f1o.  \u00b7 Potencial para la impresi\u00f3n personalizada: El &#8220; Rusia Matryoshka&#8221; El patr\u00f3n es solo un ejemplo. La marca puede emprender una personalizaci\u00f3n visual integral basada en el producto&#8217; posicionamiento.<\/li>\n<\/ul>\n<p>&nbsp;<\/p>\n<p><strong>Ventajas del producto:<\/strong><\/p>\n<ol>\n<li>Reimaginar la experiencia del consumidor: transforma lo tradicional &#8220; uso pasivo&#8221; en &#8220; interacci\u00f3n activa y compromiso l\u00fadico,&#8221; Mejorar significativamente la interacci\u00f3n entre los usuarios y los productos, impulsando as\u00ed el disfrute y los aspectos rituales del proceso de uso.<\/li>\n<li>Construir un foso de marca: Este innovador formato de envasado sirve como un poderoso diferenciador. Una vez que los consumidores compran el sistema de cabezal de cepillo, crea un &#8220; efecto de bloqueo, &#8221; hacerles m\u00e1s propensos a preferir productos de la misma marca o aquellos que son compatibles con el sistema, estableciendo as\u00ed una fuerte lealtad del usuario.<\/li>\n<li>Exploraci\u00f3n de nuevas fuentes de ingresos: La marca puede vender de forma independiente cepillos de reemplazo, cepillos de edici\u00f3n limitada (como colores tem\u00e1ticos de vacaciones o colaboraciones con artistas) o kits de viaje que incluyen un tubo vac\u00edo emparejado con varios cepillos, creando as\u00ed centros de ganancias adicionales m\u00e1s all\u00e1 de las principales ofertas de productos.<\/li>\n<li>Promover pr\u00e1cticas sostenibles: A diferencia de &#8220; uso \u00fanico&#8221; embalaje, el sistema&#8217; La base del tubo se puede reutilizar. Los consumidores solo necesitan comprar n\u00facleos de repuesto (si la marca los ofrece) y reemplazar los cabezales de cepillo, lo que se alinea con la tendencia actual del consumidor hacia la sostenibilidad ambiental y la reducci\u00f3n de los residuos pl\u00e1sticos. Este enfoque ayuda a la marca a proyectar una imagen responsable.<\/li>\n<\/ol>\n<p><b><\/b><strong>Escenarios de aplicaci\u00f3n para el producto:<\/strong><\/p>\n<ul>\n<li>Rutina de cuidado r\u00e1pido de la piel por la ma\u00f1ana: Aplique una esencia de control de aceite usando el aplicador de punto n\u00famero 4 en los lados de la nariz, luego aplique crema ocular con la cabeza de masaje n\u00famero 1 y realice un masaje ocular de un minuto de duraci\u00f3n.<\/li>\n<li>Aplicaci\u00f3n perfecta de la fundaci\u00f3n: Use la punta del cepillo tipo gel N\u00ba 2 para llenar con precisi\u00f3n las \u00e1reas alrededor de los lacrimos y las l\u00edneas de marioneta, y luego use la punta del cepillo de cerdas suaves N\u00ba 3 para mezclar suavemente los bordes, asegurando una integraci\u00f3n sin costuras con la fundaci\u00f3n.<\/li>\n<li>Reparaci\u00f3n intensiva por la noche: Aplique el gel de tratamiento del acn\u00e9 con precisi\u00f3n a las \u00e1reas con acn\u00e9 y use la punta del aplicador n\u00famero 2 para cubrir ligeramente las \u00e1reas afectadas con una capa delgada de suero de tratamiento de puntos.<\/li>\n<li>Maquillaje de fiesta creativa: Use la punta n\u00famero 2 para aplicar pigmentos de pintura corporal y crear dise\u00f1os o l\u00edneas intrincadas en la cara; Use la punta n\u00famero 3 para aplicar pegamento brillante y agregar chispas a \u00e1reas espec\u00edficas.<\/li>\n<li>Viajes de negocios: Un tubo suave que contiene crema hidratante diaria emparejado con un aplicador n\u00famero 2 para el cuidado de rutina, y otro tubo suave que contiene una esencia de primeros auxilios emparejado con un aplicador n\u00famero 4 para abordar problemas repentinos de la piel. Este sistema ligero cubre perfectamente todas las necesidades.<\/li>\n<\/ul>","protected":false},"featured_media":4270,"comment_status":"closed","ping_status":"closed","template":"","meta":[],"product_brand":[],"product_cat":[28,37],"product_tag":[],"class_list":{"0":"post-1988","1":"product","2":"type-product","3":"status-publish","4":"has-post-thumbnail","6":"product_cat-functional-plastic-tube","7":"product_cat-silicone-head-cover-plastic-tube","9":"first","10":"instock","11":"shipping-taxable","12":"purchasable","13":"product-type-simple"},"_links":{"self":[{"href":"https:\/\/www.hongyitube.com\/es\/wp-json\/wp\/v2\/product\/1988","targetHints":{"allow":["GET"]}}],"collection":[{"href":"https:\/\/www.hongyitube.com\/es\/wp-json\/wp\/v2\/product"}],"about":[{"href":"https:\/\/www.hongyitube.com\/es\/wp-json\/wp\/v2\/types\/product"}],"replies":[{"embeddable":true,"href":"https:\/\/www.hongyitube.com\/es\/wp-json\/wp\/v2\/comments?post=1988"}],"wp:featuredmedia":[{"embeddable":true,"href":"https:\/\/www.hongyitube.com\/es\/wp-json\/wp\/v2\/media\/4270"}],"wp:attachment":[{"href":"https:\/\/www.hongyitube.com\/es\/wp-json\/wp\/v2\/media?parent=1988"}],"wp:term":[{"taxonomy":"product_brand","embeddable":true,"href":"https:\/\/www.hongyitube.com\/es\/wp-json\/wp\/v2\/product_brand?post=1988"},{"taxonomy":"product_cat","embeddable":true,"href":"https:\/\/www.hongyitube.com\/es\/wp-json\/wp\/v2\/product_cat?post=1988"},{"taxonomy":"product_tag","embeddable":true,"href":"https:\/\/www.hongyitube.com\/es\/wp-json\/wp\/v2\/product_tag?post=1988"}],"curies":[{"name":"WP","href":"https:\/\/api.w.org\/{rel}","templated":true}]}}