{"id":1978,"date":"2025-07-11T18:20:45","date_gmt":"2025-07-11T10:20:45","guid":{"rendered":"https:\/\/www.hongyitube.com\/product\/%cf%8619-water-drop-head-design-plastic-tube-pe-plastic-tube-bottle-packaging-material-sub-bottle-3\/"},"modified":"2026-01-13T16:43:21","modified_gmt":"2026-01-13T08:43:21","slug":"%cf%8619-pump-head-plastic-tubetoiletries-raw-materials-and-semi-finished-product-packaging-bottles-1","status":"publish","type":"product","link":"https:\/\/www.hongyitube.com\/es\/product\/%cf%8619-pump-head-plastic-tubetoiletries-raw-materials-and-semi-finished-product-packaging-bottles-1\/","title":{"rendered":"\u03a619 tubo de pl\u00e1stico de cabeza de bomba, art\u00edculos de aseo, materias primas y botellas de envasado de productos semiacabados-1"},"content":{"rendered":"<p>Boquilla de bomba transparente de pl\u00e1stico \u03a619Hongyi, tubo redondo, llenado Capacidad 10-20ml \/ 0.34-0.68fl.oz<\/p>\n<p>Este tubo de cabeza de bomba redonda transparente de 19 mm cuenta con un cuerpo de tubo de alta transparencia, emparejado con una cabeza de bomba de pato blanco y una cubierta externa transparente. El dise\u00f1o es simple y cient\u00edfico, mostrando perfectamente la textura y la pureza de los contenidos. El dise\u00f1o de sellado del extremo de cola garantiza un llenado estable, con un rango de capacidad de 10-20ml. Es una opci\u00f3n de envasado ideal para productos que contienen ingredientes de alta actividad como esencias y soluciones originales. El tubo de bomba redondo transparente de 19 mm, con su cuerpo de tubo de alta transparencia y cabeza de bomba de pato blanco emparejado con una cubierta externa transparente, utiliza un lenguaje de dise\u00f1o simple y cient\u00edfico para mostrar perfectamente la textura y la pureza de los contenidos, asegurando un llenado estable con un rango de capacidad de 10 a 20 ml. El cuerpo del tubo est\u00e1 hecho de material PE (polietileno) de una sola capa, que ofrece una alta transparencia, lo que permite a los consumidores ver claramente el color, la textura y la cantidad restante del contenido. El material PE es qu\u00edmicamente estable y tiene buena compatibilidad con la mayor\u00eda de los ingredientes cosm\u00e9ticos, lo que lo hace seguro y no t\u00f3xico. La cubierta externa est\u00e1 hecha de material PP o PS transparente, lo que protege eficazmente la cabeza de la bomba de la contaminaci\u00f3n por polvo y el prensado accidental al tiempo que mantiene la transparencia est\u00e9tica general del producto.<\/p>\n<ul>\n<li>Sistema de sellado: El anillo de sellado incorporado y el proceso de sellado de cola aseguran que el producto no se fugue durante el transporte y el almacenamiento, y el contenido se mantiene aislado del aire para mantener sus propiedades activas.<\/li>\n<li>Cabeza de bomba: Cabeza de pato blanco hecha de material PP. El dise\u00f1o del bico de pato facilita el control preciso de la cantidad, garantizando la higiene y reduciendo el riesgo de contaminaci\u00f3n. La combinaci\u00f3n de cuerpo de tubo blanco y transparente mejora la apariencia, haciendo que parezca puro y profesional.<\/li>\n<\/ul>\n<p><strong><b>Aplicaciones recomendadas<\/b><\/strong><strong><b>\u00a0:<\/b><\/strong><\/p>\n<ul>\n<li>Cuidado efectivo de la piel: sueros, aceites esenciales, botellas, fundaciones, aceites, sueros oculares.<\/li>\n<li>Cuidado t\u00f3pico: suero aclarador de manchas, t\u00f3ner para el acn\u00e9, crema antiarrugas t\u00f3pica, crema de reparaci\u00f3n de cicatrices.<\/li>\n<li>Mantenimiento profesional: suero del cuero cabelludo, l\u00edquido de crecimiento del cabello, l\u00edquido de crecimiento de pesta\u00f1as.<\/li>\n<\/ul>\n<p>Alta concentraci\u00f3n: esencia de vitamina C, esencia de retinol, etc.<\/p>\n<h3>1. <strong><b>Atributos del producto\u00a0<\/b><\/strong><\/h3>\n<p><strong><b>Los ingredientes son visibles, los efectos son tangibles:<\/b><\/strong><\/p>\n<p>El cuerpo del tubo totalmente transparente permite a los usuarios ver claramente el contenido, lo que les permite evaluar el producto. textura y cantidad restante sin tener que abrir el tubo. Esto fomenta la confianza del consumidor al establecer la autenticidad de los ingredientes y la pureza del producto.<\/p>\n<p><strong><b>\u00a0Dosificaci\u00f3n precisa para prevenir residuos: <\/b><\/strong><\/p>\n<p>La cabeza de bomba blanca entrega una dosis fija con cada prensa (el n\u00famero de ml se puede personalizar seg\u00fan las necesidades). Esto ayuda a los usuarios a controlar la cantidad utilizada cada vez, garantizando resultados \u00f3ptimos y evitando el desperdicio debido al uso excesivo.<\/p>\n<p><strong><b>Preservaci\u00f3n sellada para mantener la actividad:<\/b><\/strong><\/p>\n<p><strong><b>\u00a0<\/b><\/strong>El sellado del extremo de cola combinado con el sellado interno del sistema de cabezal de bomba proporciona una doble protecci\u00f3n, evitando efectivamente la entrada de aire y la fuga de contenidos, maximizando as\u00ed la frescura y la eficacia de los ingredientes altamente activos.<\/p>\n<p><strong><b>Utilice de forma higi\u00e9nica y evite la contaminaci\u00f3n: <\/b><\/strong><\/p>\n<p>El sistema de cabezal de bomba impide el contacto directo entre el contenido y el usuario&#8217; dedos, evitando as\u00ed la contaminaci\u00f3n del producto durante el uso repetido y garantizando una mayor higiene y seguridad.<\/p>\n<p><strong><b>Operaci\u00f3n c\u00f3moda y experiencia elegante: <\/b><\/strong><\/p>\n<p>Prensado con un solo clic para un f\u00e1cil acceso, un proceso sin problemas y una experiencia de usuario mucho mejor en comparaci\u00f3n con los m\u00e9todos de envasado tradicionales que requieren exprimir o recoger. Tiene una sensaci\u00f3n m\u00e1s moderna y de lujo.<\/p>","protected":false},"excerpt":{"rendered":"<p><b><\/b><strong><b>Dise\u00f1o del cuerpo del tubo<\/b><\/strong>.<\/p>\n<p>El dise\u00f1o del cuerpo del tubo en este material de envasado de tubo suave se inspira en el estilo de &#8220; instrumentos cient\u00edficos. &#8221; Todo el tubo es transparente, con una cabeza de bomba blanca que destaca la marca&#8217; imagen de profesionalidad, pureza y eficiencia. El dise\u00f1o sencillo proporciona un amplio espacio para la informaci\u00f3n de etiquetado, lo que hace que sea f\u00e1cil marcar los ingredientes y beneficios. La estructura de tres piezas, que consiste en una cabeza de bomba blanca, una cubierta externa transparente y el cuerpo del tubo, separa claramente las funciones y tiene una disposici\u00f3n l\u00f3gica. El cuerpo del tubo puede ser serigrafado, etiquetado o impreso con m\u00faltiples colores. Puede personalizarlo seg\u00fan sus necesidades.<\/p>\n<p><strong>Ventajas del producto: <\/strong><\/p>\n<ul>\n<li><strong><b> Establecer confianza en los ingredientes: <\/b><\/strong><\/li>\n<\/ul>\n<p>La transparencia es el mayor punto de venta, ya que transmite directamente el mensaje de &#8220; ingredientes genuinos y de alta calidad,&#8221; que es particularmente adecuado para las marcas que se centran en el cuidado de la piel basado en ingredientes (&#8220;entusiastas de ingredientes&#8221;).<\/p>\n<ul>\n<li><strong><b> Mejorar la eficacia del producto:<\/b><\/strong><\/li>\n<\/ul>\n<p><strong><b>\u00a0<\/b><\/strong>Mediante la cuantificaci\u00f3n precisa y la protecci\u00f3n sellada, aseg\u00farese de que los usuarios est\u00e9n usando el producto con el m\u00e1s alto nivel de actividad, lo que facilita lograr los resultados deseados y, por lo tanto, mejorar el producto; su reputaci\u00f3n.<\/p>\n<ul>\n<li><strong><b> Mejorar la imagen profesional: <\/b><\/strong><\/li>\n<\/ul>\n<p>El lenguaje de dise\u00f1o simple y cient\u00edfico hace que sea f\u00e1cil establecer una imagen de marca profesional, fiable y de alta tecnolog\u00eda, que es altamente compatible con el estilo de laboratorio y el tono de las marcas de cosm\u00e9ticos farmac\u00e9uticos.<\/p>\n<ul>\n<li><strong><b> Experiencia de usuario optimizada:<\/b><\/strong><\/li>\n<\/ul>\n<p><strong><b>\u00a0<\/b><\/strong>Un proceso de uso higi\u00e9nico, conveniente y controlable ha aumentado significativamente la satisfacci\u00f3n y la lealtad del cliente.<\/p>\n<ul>\n<li><strong><b> Reduce la contaminaci\u00f3n secundaria:<\/b><\/strong><\/li>\n<\/ul>\n<p>El m\u00e9todo de uso sin contacto es particularmente adecuado para productos de alta gama sin conservantes o formulaciones de bajo contenido conservante.<\/p>\n<p>&nbsp;<\/p>\n<ul>\n<li><b><\/b><strong><b>Escenarios de aplicaci\u00f3n para el producto: <\/b><\/strong><\/li>\n<li><strong><b> Marca de cuidado de la piel enfocada en ingredientes:<\/b><\/strong><\/li>\n<\/ul>\n<p><strong><b>\u00a0<\/b><\/strong>Productos que son conocidos por su alta concentraci\u00f3n y alta actividad de ingredientes activos, o productos que est\u00e1n hechos a partir de extractos puros y naturales.<\/p>\n<ul>\n<li><strong><b> Marcas de cosm\u00e9ticos farmac\u00e9uticos y de laboratorio:<\/b><\/strong><\/li>\n<\/ul>\n<p>Marcas que enfatizan su experiencia profesional, cient\u00edfica y rigurosa.<\/p>\n<ul>\n<li><strong><b> L\u00ednea Essence de gama alta: <\/b><\/strong><\/li>\n<\/ul>\n<p>Se utiliza para la serie de productos de esencia de gama media a alta bajo la marca, para elevar el producto&#8217; estado.<\/p>\n<ul>\n<li><strong><b> Tama\u00f1o de viaje y tama\u00f1o de muestra:<\/b><\/strong><\/li>\n<\/ul>\n<p>Con una capacidad precisa y excelentes propiedades de sellado, estos formatos son perfectos para su uso como versiones de tama\u00f1o de viaje o de prueba de productos premium, mejorando as\u00ed la experiencia del usuario.<\/p>\n<ul>\n<li>Conjunto de regalo: Apariencia elegante y sofisticada, adecuada para su inclusi\u00f3n en cajas de regalo de vacaciones o paquetes promocionales.<\/li>\n<\/ul>","protected":false},"featured_media":4267,"comment_status":"closed","ping_status":"closed","template":"","meta":[],"product_brand":[],"product_cat":[28,36],"product_tag":[],"class_list":{"0":"post-1978","1":"product","2":"type-product","3":"status-publish","4":"has-post-thumbnail","6":"product_cat-functional-plastic-tube","7":"product_cat-pump-head-plastic-tube","9":"first","10":"instock","11":"shipping-taxable","12":"purchasable","13":"product-type-simple"},"_links":{"self":[{"href":"https:\/\/www.hongyitube.com\/es\/wp-json\/wp\/v2\/product\/1978","targetHints":{"allow":["GET"]}}],"collection":[{"href":"https:\/\/www.hongyitube.com\/es\/wp-json\/wp\/v2\/product"}],"about":[{"href":"https:\/\/www.hongyitube.com\/es\/wp-json\/wp\/v2\/types\/product"}],"replies":[{"embeddable":true,"href":"https:\/\/www.hongyitube.com\/es\/wp-json\/wp\/v2\/comments?post=1978"}],"wp:featuredmedia":[{"embeddable":true,"href":"https:\/\/www.hongyitube.com\/es\/wp-json\/wp\/v2\/media\/4267"}],"wp:attachment":[{"href":"https:\/\/www.hongyitube.com\/es\/wp-json\/wp\/v2\/media?parent=1978"}],"wp:term":[{"taxonomy":"product_brand","embeddable":true,"href":"https:\/\/www.hongyitube.com\/es\/wp-json\/wp\/v2\/product_brand?post=1978"},{"taxonomy":"product_cat","embeddable":true,"href":"https:\/\/www.hongyitube.com\/es\/wp-json\/wp\/v2\/product_cat?post=1978"},{"taxonomy":"product_tag","embeddable":true,"href":"https:\/\/www.hongyitube.com\/es\/wp-json\/wp\/v2\/product_tag?post=1978"}],"curies":[{"name":"WP","href":"https:\/\/api.w.org\/{rel}","templated":true}]}}