{"id":1968,"date":"2025-07-11T18:20:45","date_gmt":"2025-07-11T10:20:45","guid":{"rendered":"https:\/\/www.hongyitube.com\/product\/%cf%8619-ball-massage-head-plastic-tube-refill-bottle-skin-care-lotion-special-refill-bottle-skin-care-plastic-tube-2\/"},"modified":"2026-01-13T14:37:36","modified_gmt":"2026-01-13T06:37:36","slug":"19-brush-head-design-plastic-tube-bottle-nail-polish-teeth-whitening-liquid-foundation-concealer-primer-lip-gloss-etc","status":"publish","type":"product","link":"https:\/\/www.hongyitube.com\/es\/product\/19-brush-head-design-plastic-tube-bottle-nail-polish-teeth-whitening-liquid-foundation-concealer-primer-lip-gloss-etc\/","title":{"rendered":"19 cabeza de cepillo dise\u00f1o botella de tubo de pl\u00e1stico, esmalte de u\u00f1as, l\u00edquido blanqueador de dientes, fundaci\u00f3n, correccionador, brillo labial, etc."},"content":{"rendered":"<p>Hongyi pl\u00e1stico \u03a619 cabeza de cepillo dise\u00f1o botella de tubo de pl\u00e1stico, llenado de capacidad 3g \/ 3ml -15g \/ 15ml 0.10 -0.51fl.oz.<\/p>\n<p>Nuestro embalaje de tubo blando est\u00e1 hecho de material PE (polietileno) de una sola capa. Este material tiene una excelente flexibilidad, estabilidad qu\u00edmica y seguridad, y es compatible con el contenido, sin riesgo de reacci\u00f3n. Protege efectivamente la calidad de la crema. Adem\u00e1s, el material PE es ecol\u00f3gico y reciclable, aline\u00e1ndose con la tendencia de consumo verde del mercado moderno. La cabeza del tubo cuenta con un cepillo de nylon blanco y suave de alta calidad con cerdas finas y densamente empaquetadas, excelente elasticidad, sensaci\u00f3n c\u00f3moda y no irrita la piel. Se combina con una tapa transparente de PP o PS que muestra claramente el dise\u00f1o exquisito de la cabeza del cepillo y el cuerpo del tubo. Esto no solo sirve para mantener la higiene del cepillo, sino que tambi\u00e9n mejora la calidad est\u00e9tica general del producto.<\/p>\n<p>&nbsp;<\/p>\n<p><strong><b>Aplicaciones recomendadas<\/b><\/strong><strong><b>\u00a0:<\/b><\/strong><\/p>\n<ul>\n<li>Sector de belleza: M\u00e1scara para pesta\u00f1as, imprimante para pesta\u00f1as, gel de cejas, eyeliner l\u00edquido, corrector de puntos, esencia labial y m\u00e1s.<\/li>\n<li>Segmento de cuidado de la piel: l\u00edquido esencial, crema de acn\u00e9 localizada, gel de lucha contra el acn\u00e9, crema de ojos, aceite de nutrici\u00f3n de u\u00f1as y m\u00e1s;<\/li>\n<li>Cuidado personal: crema de trasero para beb\u00e9s, ung\u00fcento localizado, pintura hecha a mano y m\u00e1s.<\/li>\n<\/ul>\n<h3>1. <strong><b>Atributos del producto\u00a0<\/b><\/strong><\/h3>\n<ol>\n<li><b><\/b><strong><b>Apariencia exquisita: \u00a0<\/b><\/strong><\/li>\n<\/ol>\n<p>El patr\u00f3n de mu\u00f1ecas rusas coloridas adopta tecnolog\u00eda de impresi\u00f3n offset, con alto grado de saturaci\u00f3n, patr\u00f3n claro y delicado, lleno de sentido art\u00edstico y sabor ex\u00f3tico, alto impacto visual, puede atraer a los clientes por primera vez.<\/p>\n<ol start=\"2\">\n<li><b><\/b><strong><b>Control preciso:<\/b><\/strong><\/li>\n<\/ol>\n<p>Di\u00e1metro de 19 mm con envasado de extremo abierto, conveniente para el llenado preciso de capacidad de 3-15 ml durante la producci\u00f3n, y los usuarios pueden controlar f\u00e1cilmente la cantidad de cada vez para evitar el desperdicio.<\/p>\n<ol start=\"3\">\n<li><b><\/b><strong><b>Experiencia excepcional: \u00a0<\/b><\/strong><\/li>\n<\/ol>\n<p>El cepillo blanco est\u00e1 dise\u00f1ado para sumergirse suavemente en la pasta, lo que permite una experiencia de aplicaci\u00f3n sin costuras, fina y sin ara\u00f1azos, especialmente para \u00e1reas sensibles y delicadas como los ojos y los labios.<\/p>\n<ol start=\"4\">\n<li><b><\/b><strong><b>Protecci\u00f3n higi\u00e9nica: \u00a0<\/b><\/strong><\/li>\n<\/ol>\n<p>La cubierta transparente puede prevenir eficazmente el polvo y la contaminaci\u00f3n, mantener la cabeza del cepillo limpia, garantizar la higiene y la seguridad del producto y prolongar la vida \u00fatil.<\/p>\n<ol start=\"5\">\n<li>Aseguramiento de calidad: cuerpo de tubo de PE de capa \u00fanica tiene un buen sellado, puede bloquear eficazmente el aire, prevenir el contenido de oxidaci\u00f3n o deterioro.<\/li>\n<\/ol>","protected":false},"excerpt":{"rendered":"<p>&nbsp;<\/p>\n<ul>\n<li><b><\/b><strong><b>Dise\u00f1o del cuerpo del tubo<\/b><\/strong>.<\/li>\n<li><strong><b> Tema: <\/b><\/strong>El patr\u00f3n de mu\u00f1ecas de anido rusas transmite un tono de marca vintage, lindo, misterioso y \u00e9tnicamente distintivo. Tiene fuertes elementos narrativos y puede evocar f\u00e1cilmente una resonancia emocional y un deseo de recogerla.<\/li>\n<li><strong><b> T\u00e9cnica: <\/b><\/strong>El uso de la tecnolog\u00eda de impresi\u00f3n offset da como resultado un dise\u00f1o que es altamente resistente al desgaste, asegurando que no se desprende durante el uso regular y mantiene su hermosa apariencia con el tiempo.<\/li>\n<li><strong><b> Esquema de colores:<\/b><\/strong>El cuerpo de tubo blanco sirve como un lienzo, lo que permite que los patrones de color vibrantes y animados de las mu\u00f1ecas anidadas se destaquen de manera prominente. El efecto visual general es limpio, brillante y sofisticado.<\/li>\n<li><strong><b> Estructura: <\/b><\/strong>Un tres-pi<\/li>\n<li><b>B<\/b>ese dise\u00f1o que consiste en &#8220; cabeza de cepillo de manguera cubierta transparente, &#8221; con divisiones funcionales claras y un proceso de uso intuitivo.<\/li>\n<\/ul>\n<p><strong>Ventajas del producto:<\/strong><\/p>\n<ul>\n<li><strong><b> Herramienta de marketing muy atractiva: <\/b><\/strong>El dise\u00f1o \u00fanico del patr\u00f3n lo hace destacar en el estante, aumentando as\u00ed el valor percibido del producto. El dise\u00f1o art\u00edstico del envase puede impulsar significativamente el producto&#8217; valor percibido, haciendo que la marca parezca m\u00e1s \u00fanica y sincera, lo que puede apoyar una estrategia de precios m\u00e1s premium.<\/li>\n<li><strong><b> La experiencia del usuario es primordial:<\/b><\/strong>La practicidad de la cabeza de cepillo combinada con el atractivo est\u00e9tico del cuerpo del tubo satisface tanto las necesidades funcionales como los deseos emocionales y est\u00e9ticos, mejorando significativamente la buena voluntad del usuario y la lealtad a la marca.<\/li>\n<li><strong><b> Adaptabilidad flexible: <\/b><\/strong>Con un rango de capacidad de 3-15 ml y un dise\u00f1o abierto, se puede adaptar f\u00e1cilmente a varias l\u00edneas de productos como productos de tama\u00f1o completo, productos de tama\u00f1o de viaje o tama\u00f1os de muestra.<\/li>\n<li><strong><b>Calidad confiable: <\/b><\/strong>Fabricado con materiales seguros y respetuosos con el medio ambiente, con procesos de fabricaci\u00f3n bien establecidos, garantizando tanto la funcionalidad b\u00e1sica como la seguridad del producto.<\/li>\n<li><strong>Escenarios de aplicaci\u00f3n para el producto:\u00a0<\/strong><\/li>\n<li><b> <\/b><strong><b>rand Productos:<\/b><\/strong><\/li>\n<li>Adecuado para marcas de belleza y cuidado de la piel que buscan crear colecciones que encarnen tendencias culturales chinas, estilos ex\u00f3ticos y colaboraciones art\u00edsticas cruzadas.<\/li>\n<\/ul>\n<ul>\n<li><strong><b> Mercado de regalos: <\/b><\/strong>La exquisita apariencia lo hace perfecto para su uso como regalos de vacaciones, regalos promocionales o recompensas de membres\u00eda, agregando un elemento de sorpresa.<\/li>\n<li><strong><b> Viajes al por menor:<\/b><\/strong>El embalaje de peque\u00f1a capacidad es perfecto para fines de viaje, y el dise\u00f1o \u00fanico puede atraer a los turistas para comprarlo como recuerdo.<\/li>\n<li><strong><b>Tiendas boutique y tiendas curadas:<\/b><\/strong>Los productos con un envase art\u00edstico y orientado al dise\u00f1o son m\u00e1s propensos a ser aceptados por este tipo de canales que priorizan el estilo y el atractivo est\u00e9tico.<\/li>\n<\/ul>","protected":false},"featured_media":1971,"comment_status":"closed","ping_status":"closed","template":"","meta":[],"product_brand":[],"product_cat":[40,28],"product_tag":[],"class_list":{"0":"post-1968","1":"product","2":"type-product","3":"status-publish","4":"has-post-thumbnail","6":"product_cat-brush-head-plastic-tube","7":"product_cat-functional-plastic-tube","9":"first","10":"instock","11":"shipping-taxable","12":"purchasable","13":"product-type-simple"},"_links":{"self":[{"href":"https:\/\/www.hongyitube.com\/es\/wp-json\/wp\/v2\/product\/1968","targetHints":{"allow":["GET"]}}],"collection":[{"href":"https:\/\/www.hongyitube.com\/es\/wp-json\/wp\/v2\/product"}],"about":[{"href":"https:\/\/www.hongyitube.com\/es\/wp-json\/wp\/v2\/types\/product"}],"replies":[{"embeddable":true,"href":"https:\/\/www.hongyitube.com\/es\/wp-json\/wp\/v2\/comments?post=1968"}],"wp:featuredmedia":[{"embeddable":true,"href":"https:\/\/www.hongyitube.com\/es\/wp-json\/wp\/v2\/media\/1971"}],"wp:attachment":[{"href":"https:\/\/www.hongyitube.com\/es\/wp-json\/wp\/v2\/media?parent=1968"}],"wp:term":[{"taxonomy":"product_brand","embeddable":true,"href":"https:\/\/www.hongyitube.com\/es\/wp-json\/wp\/v2\/product_brand?post=1968"},{"taxonomy":"product_cat","embeddable":true,"href":"https:\/\/www.hongyitube.com\/es\/wp-json\/wp\/v2\/product_cat?post=1968"},{"taxonomy":"product_tag","embeddable":true,"href":"https:\/\/www.hongyitube.com\/es\/wp-json\/wp\/v2\/product_tag?post=1968"}],"curies":[{"name":"WP","href":"https:\/\/api.w.org\/{rel}","templated":true}]}}