{"id":1962,"date":"2025-07-11T18:20:45","date_gmt":"2025-07-11T10:20:45","guid":{"rendered":"https:\/\/www.hongyitube.com\/product\/%cf%8619-water-drop-head-design-plastic-tube-pe-plastic-tube-bottle-packaging-material-sub-bottle-2\/"},"modified":"2026-01-13T13:46:38","modified_gmt":"2026-01-13T05:46:38","slug":"%cf%8619-ball-massage-head-plastic-tube-refill-bottle-skin-care-lotion-special-refill-bottle-skin-care-plastic-tube","status":"publish","type":"product","link":"https:\/\/www.hongyitube.com\/es\/product\/%cf%8619-ball-massage-head-plastic-tube-refill-bottle-skin-care-lotion-special-refill-bottle-skin-care-plastic-tube\/","title":{"rendered":"\u03a619 cabeza de masaje de bola botella de recarga de tubo de pl\u00e1stico, botella de recarga especial de loci\u00f3n para el cuidado de la piel, tubo de pl\u00e1stico para el cuidado de la piel"},"content":{"rendered":"<p>Hongyi pl\u00e1stico \u03a619 bola masaje cabeza tubo de pl\u00e1stico, llenando la capacidad 3g \/ 3ml -15g \/ 15ml 0.10 -0.51fl.oz.<\/p>\n<p>Este tubo est\u00e1 hecho de polietileno de alta densidad (HDPE) o polipropileno (PP), ambos materiales fuertes con excelentes propiedades de barrera y estabilidad qu\u00edmica, protegiendo efectivamente el contenido dentro.<\/p>\n<p>Equipado con una cabeza de masaje de metal de aleaci\u00f3n de zinc \/ acero inoxidable, tiene una excelente conductividad t\u00e9rmica, se siente fresco al tacto y es resistente y duradero.<\/p>\n<p>Acompa\u00f1ado por una cubierta exterior transparente de alta precisi\u00f3n hecha de material PP o ABS, el perfil de diente de engranaje dise\u00f1ado encaja perfectamente con la cubierta exterior transparente.<\/p>\n<ul>\n<li>Sistema de sellado: sellado interno el\u00e1stico incorporado (ya sea integrado con la cabeza de masaje o separado), asegurando un sello herm\u00e9tico.<\/li>\n<\/ul>\n<p><strong><b>Aplicaciones recomendadas<\/b><\/strong><strong><b>\u00a0:<\/b><\/strong><\/p>\n<p>Esta serie de tubos flexibles multifuncionales de dise\u00f1o \u00fanico es una opci\u00f3n ideal para los siguientes campos<\/p>\n<p>&nbsp;<\/p>\n<ul>\n<li><strong><b> Cuidado de ojos y labios de gama alta <\/b><\/strong><\/li>\n<\/ul>\n<p>crema ocular, esencia ocular, gel de masaje ocular, b\u00e1lsamo labial.<\/p>\n<ul>\n<li><strong><b> Productos de cuidado local <\/b><\/strong><\/li>\n<\/ul>\n<p>Esencia anti-arrugas, crema para el cuello, gel de reparaci\u00f3n del acn\u00e9, esencia aclarante localizada.<\/p>\n<ul>\n<li><strong><b> Productos Dermocosm\u00e9ticos <\/b><\/strong><\/li>\n<\/ul>\n<p><strong><b>\u00a0<\/b><\/strong>gel calmante, pomada para mejorar la circulaci\u00f3n sangu\u00ednea, crema de masaje para dolores musculares.<\/p>\n<ul>\n<li><strong><b> Serum Esencia <\/b><\/strong><\/li>\n<\/ul>\n<p><strong><b>\u00a0<\/b><\/strong>Esencia de alta concentraci\u00f3n que, cuando se combina con el masaje, mejora la absorci\u00f3n.<\/p>\n<h3>1.\u00a0 <strong><b>Atributos del producto\u00a0<\/b><\/strong><\/h3>\n<ol>\n<li><strong><b> Experiencia de masaje innovadora<\/b><\/strong><\/li>\n<\/ol>\n<ul>\n<li>Cabeza de masaje de metal: Hecho de aleaci\u00f3n de zinc o acero inoxidable, esta cabeza proporciona una sensaci\u00f3n de enfriamiento instant\u00e1neo al entrar en contacto con la piel. Alivia eficazmente la fatiga ocular y facial, ayuda a apretar los poros y reduce la hinchaz\u00f3n. El dise\u00f1o en forma de bola de la cabeza de masaje es suave y fluido, ofreciendo una experiencia de masaje agradable.<\/li>\n<li>Mejora la absorci\u00f3n: Masajear la cara mientras se aplica el producto puede mejorar la microcirculaci\u00f3n, permitiendo que los nutrientes penetren y se absorben de manera m\u00e1s eficiente, lo que resulta en un mayor beneficio que la suma de sus partes individuales.<\/li>\n<\/ul>\n<ol start=\"2\">\n<li><strong><b> Sistema de embalaje de precisi\u00f3n<\/b><\/strong><\/li>\n<\/ol>\n<ul>\n<li>Sellado de extremo abierto: El extremo del tubo se sella mediante prensado t\u00e9rmico, proporcionando una garant\u00eda de sellado definitiva para asegurar que los contenidos, que son altamente activos, propensos a la oxidaci\u00f3n y susceptibles a secarse, permanezcan frescos, eficaces y est\u00e9riles durante el almacenamiento.<\/li>\n<li>Perfil especial de diente de engranaje: El cuerpo y la tapa del tubo presentan un dise\u00f1o \u00fanico de perfil de diente de precisi\u00f3n similar a un engranaje, lo que garantiza un ajuste ajustado y una experiencia de rotaci\u00f3n t\u00e1ctil suave. La capacidad de sellado es significativamente superior a los perfiles dentales est\u00e1ndar, evitando efectivamente la evaporaci\u00f3n del l\u00edquido.<\/li>\n<\/ul>\n<ol start=\"3\">\n<li><strong><b> Dise\u00f1o art\u00edstico<\/b><\/strong><\/li>\n<\/ol>\n<ul>\n<li>Patrones de tema ruso: El cuerpo del tubo presenta motivos de estilo ruso hermosamente impresos (como mu\u00f1ecas dentro de mu\u00f1ecas, patrones arquitect\u00f3nicos, etc.). Los colores son vibrantes y exudan una atm\u00f3sfera art\u00edstica ex\u00f3tica, haciendo del embalaje un art\u00edculo de colecci\u00f3n.<\/li>\n<li>Impresi\u00f3n duradera: La informaci\u00f3n del texto se imprime utilizando tecnolog\u00eda de serigraf\u00eda, garantizando claridad, durabilidad y el texto no se desvanecer\u00e1 con el tiempo.<\/li>\n<\/ul>","protected":false},"excerpt":{"rendered":"<p>&nbsp;<\/p>\n<ul>\n<li><b><\/b><strong><b>Dise\u00f1o del cuerpo del tubo<\/b><\/strong>.<\/li>\n<li><strong><b> Estructura orientada a la funci\u00f3n<\/b><\/strong><b><\/b><\/li>\n<\/ul>\n<p>El di\u00e1metro del tubo de 19 mm es el tama\u00f1o ideal para productos de cuidado de la piel localizados, proporcionando un agarre c\u00f3modo y permitiendo un control preciso sobre la cantidad utilizada. La estructura general consiste en un &#8220; tubo blando de extremo abierto integrado cabeza de masaje de metal, &#8221; Resultando en una alta integraci\u00f3n funcional.<\/p>\n<ul>\n<li><strong><b> Impacto del Arte Visual<\/b><\/strong><b><\/b><\/li>\n<\/ul>\n<p>La combinaci\u00f3n de patrones art\u00edsticos rusos, ricos en encanto \u00e9tnico, con componentes met\u00e1licos modernos y elegantes crea un efecto visual sorprendente que es a la vez retro y elegante, haciendo que sea altamente reconocible como marca.<\/p>\n<p><strong>Ventajas del producto:<\/strong><\/p>\n<ul>\n<li><strong><b> Experiencia de usuario definitiva<\/b><\/strong><\/li>\n<\/ul>\n<p>La sensaci\u00f3n refrescante y el efecto de masaje proporcionado por la cabeza de masaje met\u00e1lica mejoran en gran medida el sentido de ritual y placer asociado con el cuidado de la piel, convirti\u00e9ndolo en un punto de diferenciaci\u00f3n significativo para el producto.<\/p>\n<ul>\n<li><strong><b> Amplificaci\u00f3n del efecto<\/b><\/strong><\/li>\n<\/ul>\n<p>La funci\u00f3n de masaje no es solo un truco; Realmente mejora la absorci\u00f3n y alivia la hinchaz\u00f3n, haciendo que el producto&#8217; Los efectos son m\u00e1s visibles y conducen a una retroalimentaci\u00f3n m\u00e1s positiva del consumidor.<\/p>\n<ul>\n<li><strong><b> Garant\u00eda de frescura absoluta<\/b><\/strong><\/li>\n<\/ul>\n<p>El sellado abierto asegura que el producto permanece en un estado completamente est\u00e9ril y sellado hasta que se utiliza por primera vez, lo que lo hace particularmente adecuado para productos con estrictos requisitos de conservaci\u00f3n, como aquellos sin aditivos o ingredientes de alta actividad.<\/p>\n<p><b>Escenarios de aplicaci\u00f3n para el producto:<\/b><\/p>\n<ul>\n<li><strong><b> Producto estrella de la marca de belleza<\/b><\/strong><\/li>\n<\/ul>\n<p>Como producto principal para el cuidado ocular o localizado, cuenta con una experiencia de masaje \u00fanica como su punto de venta principal.<\/p>\n<ul>\n<li><strong><b> Gel acompa\u00f1ante de instrumento de belleza<\/b><\/strong><b><\/b><\/li>\n<\/ul>\n<p>Este gel est\u00e1 dise\u00f1ado espec\u00edficamente para ser utilizado junto con instrumentos de belleza, y la cabeza de masaje puede ayudar en el proceso de absorci\u00f3n.<\/p>\n<ul>\n<li><strong><b> Marca farmac\u00e9utica de cuidado de la piel y salud<\/b><\/strong><b><\/b><\/li>\n<\/ul>\n<p>Un producto de crema de masaje dise\u00f1ado para aliviar la fatiga y promover la circulaci\u00f3n sangu\u00ednea. La funci\u00f3n de masaje est\u00e1 perfectamente alineada con el producto&#8217; Beneficios S.<\/p>\n<ul>\n<li><strong><b> Edici\u00f3n Limitada Festiva y Mercado de Regalos <\/b><\/strong><\/li>\n<\/ul>\n<p>El embalaje con un toque distintamente ruso lo hace perfecto para su uso como una caja de regalo de edici\u00f3n limitada para ocasiones especiales como Navidad y A\u00f1o Nuevo. Cuenta tanto con atractivo art\u00edstico como con practicidad.<\/p>\n<ul>\n<li>Kit de viaje de gama alta: su tama\u00f1o compacto y caracter\u00edsticas integradas lo convierten en una excelente opci\u00f3n para kits de viaje.<\/li>\n<\/ul>","protected":false},"featured_media":1967,"comment_status":"closed","ping_status":"closed","template":"","meta":[],"product_brand":[],"product_cat":[38,28],"product_tag":[],"class_list":{"0":"post-1962","1":"product","2":"type-product","3":"status-publish","4":"has-post-thumbnail","6":"product_cat-ball-massage-head-plastic-tube","7":"product_cat-functional-plastic-tube","9":"first","10":"instock","11":"shipping-taxable","12":"purchasable","13":"product-type-simple"},"_links":{"self":[{"href":"https:\/\/www.hongyitube.com\/es\/wp-json\/wp\/v2\/product\/1962","targetHints":{"allow":["GET"]}}],"collection":[{"href":"https:\/\/www.hongyitube.com\/es\/wp-json\/wp\/v2\/product"}],"about":[{"href":"https:\/\/www.hongyitube.com\/es\/wp-json\/wp\/v2\/types\/product"}],"replies":[{"embeddable":true,"href":"https:\/\/www.hongyitube.com\/es\/wp-json\/wp\/v2\/comments?post=1962"}],"wp:featuredmedia":[{"embeddable":true,"href":"https:\/\/www.hongyitube.com\/es\/wp-json\/wp\/v2\/media\/1967"}],"wp:attachment":[{"href":"https:\/\/www.hongyitube.com\/es\/wp-json\/wp\/v2\/media?parent=1962"}],"wp:term":[{"taxonomy":"product_brand","embeddable":true,"href":"https:\/\/www.hongyitube.com\/es\/wp-json\/wp\/v2\/product_brand?post=1962"},{"taxonomy":"product_cat","embeddable":true,"href":"https:\/\/www.hongyitube.com\/es\/wp-json\/wp\/v2\/product_cat?post=1962"},{"taxonomy":"product_tag","embeddable":true,"href":"https:\/\/www.hongyitube.com\/es\/wp-json\/wp\/v2\/product_tag?post=1962"}],"curies":[{"name":"WP","href":"https:\/\/api.w.org\/{rel}","templated":true}]}}