{"id":1201,"date":"2025-07-11T18:22:27","date_gmt":"2025-07-11T10:22:27","guid":{"rendered":"https:\/\/www.hongyitube.com\/?post_type=product&#038;p=1201"},"modified":"2025-09-17T10:09:08","modified_gmt":"2025-09-17T02:09:08","slug":"35-pe-plastic-tubeanimal-shape-design-series-plastic-tube-hongyi-plastic","status":"publish","type":"product","link":"https:\/\/www.hongyitube.com\/es\/product\/35-pe-plastic-tubeanimal-shape-design-series-plastic-tube-hongyi-plastic\/","title":{"rendered":"35 PE tubo de pl\u00e1stico, tubo de pl\u00e1stico de la serie de dise\u00f1o de forma animal &#8211; pl\u00e1stico Hongyi"},"content":{"rendered":"<h2><strong>Caracter\u00edsticas<\/strong><\/h2>\n<ul>\n<li><b><\/b><strong><b>Dise\u00f1o del cuerpo del tubo<\/b><\/strong><\/li>\n<\/ul>\n<p>El tubo de pl\u00e1stico Hongyi est\u00e1 dise\u00f1ado con una forma de dibujos animados encantadora El color es brillante y v\u00edvido, la imagen es realista, la forma es exquisita y encantadora, la expresi\u00f3n animal es animada y flexible.<\/p>\n<ul>\n<li><b><\/b><strong><b>Opciones de material<\/b><\/strong><\/li>\n<li>El tubo de pl\u00e1stico Hongyi es adecuado para lociones, cremas, loci\u00f3n de ba\u00f1o, crema de aceite de fruta diversa, todo tipo de crema de manos hidratante.<\/li>\n<li><strong><b>Estilos de gorra<\/b><\/strong><\/li>\n<\/ul>\n<p>Se empareja con una tapa octagonal de diente alto del mismo color que el tubo.<\/p>\n<p><strong><b>Decoraci\u00f3n &amp; Personalizaci\u00f3n<\/b><\/strong><\/p>\n<p><strong><b>Impresi\u00f3n offset multicolor (impresi\u00f3n personalizada bajo demanda)<\/b><\/strong><\/p>\n<ul>\n<li><strong><b>Estructura de barrera<\/b><\/strong><\/li>\n<\/ul>\n<p>Construcci\u00f3n de una o varias capas para proteger diferentes formulaciones.<\/p>\n<p>Ideal para productos para el cuidado de la piel, el cabello y el sol.<\/p>\n<ul>\n<li><b><\/b><strong><b>Personalizaci\u00f3n del producto<\/b><\/strong><\/li>\n<\/ul>\n<p>Opciones flexibles en color, capacidad (30ml-80ml) y gr\u00e1ficos.<\/p>\n<p>&nbsp;<\/p>\n<h2><strong>Ventajas del producto<\/strong><\/h2>\n<ul>\n<li><b><\/b><strong><b>Aplicaci\u00f3n precisa<\/b><\/strong><\/li>\n<\/ul>\n<p>El tubo cosm\u00e9tico de pl\u00e1stico Hongyi hace que sea simple para el dise\u00f1o compacto y port\u00e1til con construcci\u00f3n reciclable. El cierre flexible garantiza la seguridad a prueba de fugas. Diversos patrones de tapa de botella para un estilo vers\u00e1til. No quedan residuos despu\u00e9s del uso. La compresi\u00f3n suave controla el flujo sin residuos. Operaci\u00f3n f\u00e1cil de usar con facilidades de llenado y porcionamiento.<\/p>\n<ul>\n<li><b><\/b><strong><b>Control de dosificaci\u00f3n<\/b><\/strong><\/li>\n<\/ul>\n<p><strong><b>Aplicaci\u00f3n precisa, control de cantidad y sin residuos<\/b><\/strong><\/p>\n<ul>\n<li><b><\/b><strong><b>Uso conveniente<\/b><\/strong><\/li>\n<\/ul>\n<p><strong><b>Drop-and-go, uso m\u00f3vil<\/b><\/strong><\/p>\n<p><strong><b>Ligero &amp; Durable<\/b><\/strong><\/p>\n<p>Lavable y libre de residuos.<\/p>\n<ul>\n<li><b><\/b><strong><b>Versatile para m\u00faltiples categor\u00edas<\/b><\/strong><\/li>\n<li>Adecuado para ni\u00f1os&#8217; s crema hidratante, agua hidratante, loci\u00f3n seca, grieta y pelado, botella de recarga, botella de manguera port\u00e1til&#8230;<\/li>\n<\/ul>\n<p>&nbsp;<\/p>\n<h2><strong>Escenarios de aplicaci\u00f3n del producto<\/strong><\/h2>\n<p><strong><b>Protectores de brazos<\/b><\/strong><\/p>\n<p><strong><b>La boquilla peque\u00f1a se puede aplicar directamente a las \u00e1reas rojas e hinchadas del beb\u00e9; s cuerpo, \u00e1reas secas, evitar el contacto con las manos grandes, mantener limpios y higi\u00e9nicos protectores solares<\/b><\/strong><\/p>\n<p><strong><b>Crema hidratante para beb\u00e9s y ni\u00f1os.<\/b><\/strong><\/p>\n<p>El dise\u00f1o de la manguera se ve lindo y es adecuado para beb\u00e9s, ni\u00f1os y ni\u00f1os&#8217; s hidratante y gel de ba\u00f1o botella de llenado de tubo suave. Puede atraer la atenci\u00f3n de los beb\u00e9s y reducir la falta de voluntad psicol\u00f3gica de cooperar con el tubo transparente, para alentarlos a usarlo activamente.<\/p>\n<p><strong><b>Botellas de pasta medicada<\/b><\/strong><\/p>\n<p>Esta manguera de dise\u00f1o tambi\u00e9n es adecuada para ung\u00fcento de eczema espec\u00edfico para beb\u00e9s, ung\u00fcento de erupci\u00f3n del pa\u00f1al y otras botellas de embalaje de ung\u00fcento medicinal funcional para el llenado de botellas port\u00e1tiles.<\/p>\n<p>&nbsp;<\/p>\n<h2><strong>Ventajas de la marca del producto<\/strong><\/h2>\n<ul>\n<li><b><\/b><strong><b>Personalizaci\u00f3n disponible bajo petici\u00f3n<\/b><\/strong><\/li>\n<\/ul>\n<p>Los tubos se pueden personalizar con impresi\u00f3n, colores, tapas o incluso acabados especiales. Hongyi Plastic puede ponerse al d\u00eda con sus necesidades espec\u00edficas de tubos cosm\u00e9ticos.<\/p>\n<ul>\n<li><b><\/b><strong><b>Ventas directas de f\u00e1brica<\/b><\/strong><\/li>\n<\/ul>\n<p>Hongyi Plastic es un fabricante de tubos cosm\u00e9ticos. Trabajar directamente con el fabricante significa que no hay marcas intermediarias. La comunicaci\u00f3n tambi\u00e9n es m\u00e1s r\u00e1pida: podemos proporcionar r\u00e1pidamente comentarios sobre muestras y ajustes de obras de arte.<\/p>\n<ul>\n<li><b><\/b><strong><b>Cantidad de orden m\u00ednima flexible<\/b><\/strong><\/li>\n<\/ul>\n<p>El pedido inicial es generalmente de alrededor de 5.000-10.000 piezas, lo que es adecuado para nuevas empresas o l\u00edneas de productos de nicho. Las tiradas m\u00e1s peque\u00f1as permiten a las marcas probar nuevas f\u00f3rmulas sin estar bloqueadas en vol\u00famenes enormes.<\/p>\n<ul>\n<li><b><\/b><strong><b>Tiempo de producci\u00f3n r\u00e1pido<\/b><\/strong><\/li>\n<\/ul>\n<p>Para ejecuciones de gran volumen, el tiempo de entrega es de aproximadamente 7-10 d\u00edas.<\/p>\n<p>&nbsp;<\/p>\n<h2><strong>Servicios personalizados<\/strong><\/h2>\n<p><strong>Fase 1: Consulta y comunicaci\u00f3n Contacto inicial<\/strong><\/p>\n<p>\u2460 Recibir consulta y asignar al gerente de negocios para contactar.<\/p>\n<p>\u2461 Hemos entendido previamente los requisitos de la investigaci\u00f3n.<\/p>\n<p><strong>Detalles de la comunicaci\u00f3n<\/strong><\/p>\n<p>\u2460 Capacidad del tubo: \u00bfCu\u00e1ntos mililitros necesita llenar?<\/p>\n<p>\u2461 Tama\u00f1o: lo grande que se necesita.<\/p>\n<p>\u2462 Longitud de la manguera: la longitud de la manguera se determina seg\u00fan la capacidad y el di\u00e1metro de la manguera.<\/p>\n<p>\u2463 Determinaci\u00f3n del tipo de diente de manguera: el tipo de diente de manguera generalmente tiene dientes grandes, dientes finos, dientes altos, dientes bajos, varilla interna, dientes de cabeza de bomba y as\u00ed sucesivamente.<\/p>\n<p>\u2464 Determinaci\u00f3n del contenido del producto: Por ejemplo, si&#8217;  \u00bfEs una crema, emulsi\u00f3n o esencia de gel?  \u00bfLa f\u00f3rmula contiene componentes como aceites, \u00e1cidos o alcoholes?  \u00bfSon corrosivos o permeables? La determinaci\u00f3n del nivel de pH tambi\u00e9n juega un papel en la selecci\u00f3n de materiales de manguera. Estos factores determinan colectivamente si se requiere una capa de barrera durante la producci\u00f3n.<\/p>\n<p>\u2465 Mercado objetivo y confirmaci\u00f3n regulatoria:<\/p>\n<p>\u00bfD\u00f3nde se vende el producto?  \u00bfEst\u00e1 de acuerdo con las regulaciones locales?  \u00bfNecesita proporcionar prueba de cumplimiento con los materiales?<\/p>\n<p>\u2466 Cu\u00e1l de los tubos:<\/p>\n<p>Por ejemplo, \u00bfnecesita personalizar tubos de colores o tubos transparentes o tubos blancos?  \u00bfNecesitas tener efectos perlosos y as\u00ed sucesivamente? Confirme el aceite ligero: aceite brillante, helado, suave.<\/p>\n<p>\u2467 Proceso de impresi\u00f3n determinado:<\/p>\n<p>Si se requiere la impresi\u00f3n offset, \u00bfcu\u00e1ntos colores se requieren y qu\u00e9 parte del texto y el patr\u00f3n se requieren?<\/p>\n<p>Si se necesita serigraf\u00eda, \u00bfqu\u00e9 parte del texto y el patr\u00f3n se requieren para la serigraf\u00eda?<\/p>\n<p>Si necesita estampado en caliente, \u00bfqu\u00e9 parte del texto y el patr\u00f3n se requiere para estampado en caliente?<\/p>\n<p>Si se requiere el etiquetado, \u00bfcu\u00e1les son los requisitos de calidad para el papel objetivo?  \u00bfCu\u00e1les son los mejores?  \u00bfCu\u00e1les son los generales?<\/p>\n<p>O los procesos anteriores se pueden combinar juntos, especificando qu\u00e9 parte es qu\u00e9 proceso.<\/p>\n<p>\u2468 M\u00e9todo de sellado:<\/p>\n<p>Cola de sellado: Esta manguera se caracteriza por un dise\u00f1o de cola irregular. Generalmente, esta manguera se selecciona como el sello de cola predeterminado. La cola de sellado generalmente tiene textura recta, forma irregular, arco, textura diagonal, etc. Cola de apertura de tapa de bloqueo: Confirme si la boca de la botella necesita ser fijada con foie de aluminio.<\/p>\n<p>\u2469 Determinaci\u00f3n de la manguera con tapa: \u00bfNecesita una tapa de tornillo o una tapa flip?  \u00bfEs necesario el posicionamiento? Determine el tama\u00f1o, tipo, color y proceso de fabricaci\u00f3n de la tapa. Tap\u00f3n para boca de botella de manguera: Este dise\u00f1o no requiere un tap\u00f3n para la boca de botella de manguera.<\/p>\n<p>\u246a Determinar el m\u00e9todo de envasado.<\/p>\n<p>\u246b Determinar el canal de entrega: mar, aire u otro?<\/p>\n<ol>\n<li>Comunicarse para determinar si se necesita el desarrollo del moho.<\/li>\n<\/ol>\n<p>2.Dependiendo de si el perfil de diente de manguera confirmado y el dise\u00f1o de sello de cola requieren el desarrollo adicional de moldes personalizados, la serie de dise\u00f1o de sello de cola en forma de dibujos animados en esta cadena es para el desarrollo de nuevos moldes.<\/p>\n<p>3.De acuerdo con el plan anterior, se proporcionar\u00e1 una cotizaci\u00f3n detallada que incluye: cuota de apertura del molde, cuota de muestra, precio unitario del producto y cuota de transporte.<\/p>\n<p><strong><b>Fase 2: Dise\u00f1o y producci\u00f3n de muestras<\/b><\/strong><\/p>\n<p>Despu\u00e9s de que el seguimiento comercial confirme la intenci\u00f3n de cooperaci\u00f3n, entra en la etapa de convertir los requisitos en objetos f\u00edsicos.<\/p>\n<p>La marca paga el costo del molde que dise\u00f1amos y desarrollamos el molde de acuerdo con el tama\u00f1o confirmado del dise\u00f1o de la tuber\u00eda y la cola este paso generalmente toma 20-30 d\u00edas.<\/p>\n<p>1 Confirmaci\u00f3n del manuscrito del dise\u00f1o<\/p>\n<ol>\n<li>La marca proporciona el manuscrito de dise\u00f1o en AI o PDF, etc. Nuestros ingenieros comprobar\u00e1n si se cumplen el tama\u00f1o, el color, el tama\u00f1o, el proceso, la l\u00ednea de sangrado y otros requisitos del manuscrito de dise\u00f1o, y proporcionar\u00e1n sugerencias y ajustes para la modificaci\u00f3n.<\/li>\n<li>Si no, se proporcionar\u00e1 un conjunto de tubo de muestra y cubierta de muestra para que nuestro dise\u00f1ador haga referencia al dise\u00f1o.<\/li>\n<li>Despu\u00e9s del desarrollo del molde de producci\u00f3n de muestras, organizaremos la producci\u00f3n y haremos muestras lo m\u00e1s cerca posible de la producci\u00f3n de lotes grandes de acuerdo con el manuscrito de dise\u00f1o confirmado para que la marca finalmente confirme todos los detalles.<\/li>\n<\/ol>\n<p>La marca necesita revisar estrictamente la muestra y volver a firmar el libro de muestras despu\u00e9s de la confirmaci\u00f3n. Utilizaremos este documento como est\u00e1ndar de aceptaci\u00f3n para la posterior producci\u00f3n de grandes mercanc\u00edas.<\/p>\n<p><strong><b>Fase 3: Producci\u00f3n en masa (producci\u00f3n y control de calidad)<\/b><\/strong>\u00a0<strong><b>Producci\u00f3n<\/b><\/strong>: Al recibir la orden oficial y el dep\u00f3sito de la marca, adquirimos materias primas e iniciamos la producci\u00f3n en masa. Durante la fabricaci\u00f3n, los inspectores de calidad realizan muestreos aleatorios para garantizar est\u00e1ndares de calidad consistentes en todos los procesos. Inspecci\u00f3n completa: Despu\u00e9s de la finalizaci\u00f3n de la producci\u00f3n, los inspectores realizan controles de calidad completos en los productos terminados y emiten un informe de inspecci\u00f3n de calidad.<\/p>\n<p><strong><b>\u00a0Fase 4: Env\u00edo y Embalaje de entrega:<\/b><\/strong>\u00a0Los productos est\u00e1n envasados seg\u00fan las especificaciones y etiquetados con marcas de env\u00edo. Pago de marca: Al recibir el pago final, organizamos el transporte log\u00edstico de acuerdo con el cronograma de entrega del contrato. Fase 5: Servicio posventa Abordamos los comentarios de los clientes y resolvemos posibles problemas relacionados con el servicio.<\/p>","protected":false},"excerpt":{"rendered":"<p>Pl\u00e1stico Hongyi 35 35&#8211; 55ml\/1.18-1.86fl.oz Dise\u00f1o de forma animal de dibujos animados Serie de tubo de pl\u00e1stico Aplicaciones recomendadas: Crema de manos hidratante para mujeres, fragancia, cuatro estaciones, hidratante, hidratante, hermoso, blanqueador, anti-secado y grietas, botella port\u00e1til, crema de manos juvenil para ni\u00f1os y beb\u00e9s oto\u00f1o e invierno hidratante, hidratante, no grasoso, prevenir la piel seca y agrietada, botella peque\u00f1a especial.<\/p>","protected":false},"featured_media":1933,"comment_status":"closed","ping_status":"closed","template":"","meta":[],"product_brand":[],"product_cat":[31,15],"product_tag":[],"class_list":{"0":"post-1201","1":"product","2":"type-product","3":"status-publish","4":"has-post-thumbnail","6":"product_cat-animal-shape-design-series","7":"product_cat-artistic-design-plastic-tube","9":"first","10":"instock","11":"shipping-taxable","12":"product-type-simple"},"_links":{"self":[{"href":"https:\/\/www.hongyitube.com\/es\/wp-json\/wp\/v2\/product\/1201","targetHints":{"allow":["GET"]}}],"collection":[{"href":"https:\/\/www.hongyitube.com\/es\/wp-json\/wp\/v2\/product"}],"about":[{"href":"https:\/\/www.hongyitube.com\/es\/wp-json\/wp\/v2\/types\/product"}],"replies":[{"embeddable":true,"href":"https:\/\/www.hongyitube.com\/es\/wp-json\/wp\/v2\/comments?post=1201"}],"wp:featuredmedia":[{"embeddable":true,"href":"https:\/\/www.hongyitube.com\/es\/wp-json\/wp\/v2\/media\/1933"}],"wp:attachment":[{"href":"https:\/\/www.hongyitube.com\/es\/wp-json\/wp\/v2\/media?parent=1201"}],"wp:term":[{"taxonomy":"product_brand","embeddable":true,"href":"https:\/\/www.hongyitube.com\/es\/wp-json\/wp\/v2\/product_brand?post=1201"},{"taxonomy":"product_cat","embeddable":true,"href":"https:\/\/www.hongyitube.com\/es\/wp-json\/wp\/v2\/product_cat?post=1201"},{"taxonomy":"product_tag","embeddable":true,"href":"https:\/\/www.hongyitube.com\/es\/wp-json\/wp\/v2\/product_tag?post=1201"}],"curies":[{"name":"WP","href":"https:\/\/api.w.org\/{rel}","templated":true}]}}