{"id":1200,"date":"2025-07-11T18:21:58","date_gmt":"2025-07-11T10:21:58","guid":{"rendered":"https:\/\/www.hongyitube.com\/?post_type=product&#038;p=1200"},"modified":"2025-09-17T10:11:34","modified_gmt":"2025-09-17T02:11:34","slug":"19-pe-plastic-tuberound-arc-seals-series-plastic-tube-hongyi-plastic","status":"publish","type":"product","link":"https:\/\/www.hongyitube.com\/es\/product\/19-pe-plastic-tuberound-arc-seals-series-plastic-tube-hongyi-plastic\/","title":{"rendered":"19 tubo de pl\u00e1stico PE, sellos de arco redondo serie tubo de pl\u00e1stico &#8211; pl\u00e1stico Hongyi"},"content":{"rendered":"<h2><strong>Caracter\u00edsticas<\/strong><\/h2>\n<ul>\n<li><b><\/b><strong><b>Dise\u00f1o del cuerpo del tubo<\/b><\/strong>.<\/li>\n<\/ul>\n<p>El dise\u00f1o especial de nuestra manguera es que la cola se forma por prensa en caliente o soldadura por ultrasonidos para formar un arco de sellado liso, redondeado, sin plegado, sin esquina muerta. El dise\u00f1o sencillo y liso de la manguera tiene ventajas significativas en funci\u00f3n y protecci\u00f3n.<\/p>\n<ul>\n<li><b><\/b><strong><b>Opciones de material<\/b><\/strong><\/li>\n<\/ul>\n<p>Sellos de arco redondo de pl\u00e1stico Hongyi seriesTube con un dise\u00f1o de boca ancha y un enchufe interior, es adecuado para el cuidado de los labios y la aplicaci\u00f3n de maquillaje. Botella de embalaje de satisfacci\u00f3n.<\/p>\n<ul>\n<li><b><\/b><strong><b>Estilos de gorra<\/b><\/strong><\/li>\n<\/ul>\n<p>Se pueden usar varios colores transparentes de colores y colores galvanizados oro\/plata. Las tapas de \u00e1ngulo recto deben usarse con tapones internos, y varias tapas redondas de colores deben usarse con tapones internos de cabeza redonda.<\/p>\n<ul>\n<li><b><\/b><strong><b>Decoraci\u00f3n &amp; Personalizaci\u00f3n<\/b><\/strong><\/li>\n<\/ul>\n<p>Impresi\u00f3n offset negra semitransparente serigraf\u00eda con letras blancas.<\/p>\n<p>&nbsp;<\/p>\n<ul>\n<li><b><\/b><strong><b>Estructura de barrera<\/b><\/strong><\/li>\n<\/ul>\n<p><strong><b>Tubo de pl\u00e1stico (PE, PP) &amp; tubo compuesto de m\u00faltiples capas: el rendimiento de barrera deseado se puede lograr combinando diferentes capas de material (como la capa de l\u00e1mina de aluminio), que es m\u00e1s barata que el tubo de aluminio, y el dise\u00f1o es m\u00e1s flexible (puede ser opaco de pl\u00e1stico completo, transparente, perloso y otros efectos).<\/b><\/strong><\/p>\n<ul>\n<li><b><\/b><strong><b>Personalizaci\u00f3n del producto<\/b><\/strong><\/li>\n<\/ul>\n<p>Opciones flexibles en color, capacidad (10ml-15ml) y gr\u00e1ficos.<\/p>\n<p>&nbsp;<\/p>\n<h2><strong>Ventajas del producto<\/strong><\/h2>\n<ol>\n<li><b><\/b><strong><b>Rendimiento de sellado excepcional<\/b><\/strong><\/li>\n<\/ol>\n<p>La cola curva sin costuras est\u00e1 sellada t\u00e9rmicamente para crear un sello completo, evitando efectivamente que el aire, la humedad, los microorganismos y los contaminantes entren en el tubo. Esto es crucial para mantener la frescura del producto, garantizar la eficacia de los ingredientes activos, prevenir la oxidaci\u00f3n y el crecimiento bacteriano y prolongar significativamente la vida \u00fatil.<\/p>\n<ol start=\"2\">\n<li><b><\/b><strong><b>Protecci\u00f3n mejorada<\/b><\/strong><\/li>\n<\/ol>\n<p>El dise\u00f1o de la cola redondeada elimina pliegues y esquinas muertas, lo que lo hace menos propenso a la acumulaci\u00f3n de suciedad y m\u00e1s f\u00e1cil de limpiar. A diferencia de los dise\u00f1os tradicionales de tubos hendidos (por ejemplo, cola plana o de pescado), esta innovaci\u00f3n evita los riesgos de fugas y grietas durante los procesos de plegado o laminado, lo que lo hace particularmente adecuado para productos viscosos o granulares.<\/p>\n<p>Proporcionar una buena protecci\u00f3n f\u00edsica para reducir el riesgo de da\u00f1os durante el transporte y el almacenamiento.<\/p>\n<ol start=\"3\">\n<li><b><\/b><strong><b>Alta tasa de utilizaci\u00f3n del contenido<\/b><\/strong><\/li>\n<\/ol>\n<p>La pared lisa de la tuber\u00eda y la cola sin costuras permiten la extrusi\u00f3n casi completa del contenido, reduciendo en gran medida los residuos.  4. Aspecto est\u00e9tico y limpio: La cola lisa y redondeada presenta un aspecto sencillo, moderno y de gama alta que cumple con los requisitos est\u00e9ticos de los envases cosm\u00e9ticos. La superficie de impresi\u00f3n plana garantiza un excelente efecto de visualizaci\u00f3n de patrones y texto.<\/p>\n<p>Durante el uso, a medida que el contenido disminuye, la cola se puede enrollar suavemente para mantener una apariencia ordenada.<\/p>\n<ol start=\"4\">\n<li><b><\/b><strong><b>Alta eficiencia de producci\u00f3n &amp; rentabilidad<\/b><\/strong><\/li>\n<\/ol>\n<p>La l\u00ednea de producci\u00f3n automatizada madura es r\u00e1pida en el llenado y el sellado, lo que es adecuado para la producci\u00f3n a gran escala.<\/p>\n<p>Aunque el proceso de sellado es un poco m\u00e1s complicado que el tubo sin costuras, tiene una buena rentabilidad en combinaci\u00f3n con sus ventajas de excelente protecci\u00f3n, reducci\u00f3n de residuos y reducci\u00f3n de la tasa de defectos.<\/p>\n<ol start=\"5\">\n<li><b><\/b><strong><b>Buen rendimiento de barrera (dependiendo del material)<\/b><\/strong><\/li>\n<\/ol>\n<p>El costo del tubo de pl\u00e1stico es menor que el del tubo de aluminio, y el dise\u00f1o es m\u00e1s flexible (se puede hacer opaco, transparente, perloso y otros efectos).<\/p>\n<ol start=\"6\">\n<li><b><\/b><strong><b>B\u00e1lsamo labial<\/b><\/strong><\/li>\n<\/ol>\n<p>Evite la fricci\u00f3n secundaria en los labios para una experiencia lujosa.<\/p>\n<p><strong><b>7.360 \u00b0 de ajuste<\/b><\/strong><\/p>\n<p>El dise\u00f1o ergon\u00f3mico es altamente compatible, y el enchufe interior especial ayuda a absorber.<\/p>\n<p>&nbsp;<\/p>\n<h2><strong>Escenarios de aplicaci\u00f3n del producto<\/strong><\/h2>\n<p><strong><b>Botella de envasado de tubo de cuidado labial<\/b><\/strong><\/p>\n<p>La cola redondeada con la boca grande y el tap\u00f3n de la cabeza redonda o el tap\u00f3n inclinadoLa esencia de los labios es adecuada para la crema depiladora de los labios, el dispositivo de depilaci\u00f3n de los labios, las mujeres&#8217; s aceite labial exclusivo, eliminador de maquillaje labial, crema de reparaci\u00f3n labial, protector solar labial, imprimante labial, tratamiento de oscurecimiento labial, hidratante labial, producto de aclaramiento labial, exfoliador labial<\/p>\n<p><strong><b>Material de embalaje de manguera de maquillaje para labios<\/b><\/strong><\/p>\n<p>Nuestra manguera de dise\u00f1o de cola curva se puede usar con un inserto de cabeza redonda o tap\u00f3n diagonal transparente para separar los contenidos de maquillaje labial como l\u00e1piz labial, l\u00e1piz labial de color, brillo labial, b\u00e1lsamo labial, color labial, etc.<\/p>\n<p>&nbsp;<\/p>\n<h2><strong>Ventajas de la marca del producto<\/strong><\/h2>\n<ul>\n<li><b><\/b><strong><b>Personalizaci\u00f3n disponible bajo petici\u00f3n<\/b><\/strong><\/li>\n<\/ul>\n<p>Los tubos se pueden personalizar con impresi\u00f3n, colores, tapas o incluso acabados especiales. Hongyi Plastic puede ponerse al d\u00eda con sus necesidades espec\u00edficas de tubos cosm\u00e9ticos.<\/p>\n<ul>\n<li><b><\/b><strong><b>Ventas directas de f\u00e1brica<\/b><\/strong><\/li>\n<\/ul>\n<p>Hongyi Plastic es un fabricante de tubos cosm\u00e9ticos. Trabajar directamente con el fabricante significa que no hay marcas intermediarias. La comunicaci\u00f3n tambi\u00e9n es m\u00e1s r\u00e1pida: podemos proporcionar r\u00e1pidamente comentarios sobre muestras y ajustes de obras de arte.<\/p>\n<ul>\n<li><b><\/b><strong><b>Cantidad de orden m\u00ednima flexible<\/b><\/strong><\/li>\n<\/ul>\n<p>El pedido inicial es generalmente de alrededor de 5.000-10.000 piezas, lo que es adecuado para nuevas empresas o l\u00edneas de productos de nicho. Las tiradas m\u00e1s peque\u00f1as permiten a las marcas probar nuevas f\u00f3rmulas sin estar bloqueadas en vol\u00famenes enormes.<\/p>\n<ul>\n<li><b><\/b><strong><b>Tiempo de producci\u00f3n r\u00e1pido<\/b><\/strong><\/li>\n<\/ul>\n<p>Para ejecuciones de gran volumen, el tiempo de entrega es de aproximadamente 7-10 d\u00edas.<\/p>\n<h2><\/h2>\n<h2><strong>Servicios personalizados<\/strong><\/h2>\n<p><strong><b>Fase 1: Consulta y comunicaci\u00f3n Contacto inicial<\/b><\/strong><\/p>\n<p>&nbsp;<\/p>\n<p>\u2460 Recibir la consulta y asignar al gerente de negocios para contactar,<\/p>\n<p>\u2461 Hemos entendido previamente los requisitos de la investigaci\u00f3n.<\/p>\n<p>&nbsp;<\/p>\n<p><strong><b>Detalles comunicaci\u00f3n de la r<\/b><\/strong><strong><b>serie de sellos de arco ound<\/b><\/strong><strong><b>\u00a0<\/b><\/strong><strong><b>El T<\/b><\/strong><strong><b>UB<\/b><\/strong><strong><b>e<\/b><\/strong><\/p>\n<p>\u2460 Capacidad del tubo: \u00bfCu\u00e1ntos mililitros necesita llenar?<\/p>\n<p>\u2461 Tama\u00f1o del tubo: Di\u00e1metro del tubo.<\/p>\n<p>\u2462 Longitud del tubo: la longitud de la manguera se determina seg\u00fan la capacidad y el di\u00e1metro del tubo.<\/p>\n<p>\u2463 Confirmaci\u00f3n de forma de cierre de cola.<\/p>\n<p>\u2464 Determinaci\u00f3n del contenido del producto: \u00bfPor ejemplo, si contiene componentes como aceites, \u00e1cidos o alcoholes?  \u00bfSon corrosivos o permeables? La determinaci\u00f3n del nivel de pH tambi\u00e9n juega un papel en la selecci\u00f3n de materiales de manguera. Estos factores determinan colectivamente si se requiere una capa de barrera durante la producci\u00f3n.<\/p>\n<p>\u2465 Mercado objetivo y confirmaci\u00f3n regulatoria:<\/p>\n<p>\u00bfD\u00f3nde se vende el producto?  \u00bfEst\u00e1 de acuerdo con las regulaciones locales?  \u00bfNecesita proporcionar prueba de cumplimiento con los materiales?<\/p>\n<p>\u2466 Confirme el color del cuerpo del tubo<\/p>\n<p>Por ejemplo, \u00bfnecesita personalizar tubos de colores o tubos transparentes o tubos blancos?  \u00bfNecesitas tener efectos perlosos y as\u00ed sucesivamente? Confirme el aceite ligero: aceite brillante, helado, suave.<\/p>\n<p>\u2467 Proceso de impresi\u00f3n determinado:<\/p>\n<p>Si se requiere la impresi\u00f3n offset, \u00bfcu\u00e1ntos colores se requieren y qu\u00e9 parte del texto y el patr\u00f3n se requieren?<\/p>\n<p>Si se necesita serigraf\u00eda, \u00bfqu\u00e9 parte del texto y el patr\u00f3n se requieren para la serigraf\u00eda?<\/p>\n<p>Si necesita estampado en caliente, \u00bfqu\u00e9 parte del texto y el patr\u00f3n se requiere para estampado en caliente?<\/p>\n<p>Si se requiere el etiquetado, \u00bfcu\u00e1les son los requisitos de calidad para el papel objetivo?  \u00bfCu\u00e1les son los mejores?  \u00bfCu\u00e1les son los generales?<\/p>\n<p>O los procesos anteriores se pueden combinar juntos, especificando qu\u00e9 parte es qu\u00e9 proceso.<\/p>\n<p>\u2468 M\u00e9todo de sellado<\/p>\n<p>Cola de sellado: Esta manguera se caracteriza por un dise\u00f1o de cola irregular. Generalmente, esta manguera se selecciona como el sello de cola predeterminado. La cola de sellado generalmente tiene textura recta, forma irregular, arco, textura diagonal, etc. Cola de apertura de tapa de bloqueo: Confirme si la boca de la botella necesita ser fijada con foie de aluminio.<\/p>\n<p>l\u2469 Determinaci\u00f3n de la manguera con tapa: \u00bfNecesita una tapa de tornillo o una tapa giratoria?  \u00bfEs necesario el posicionamiento? Determine el tama\u00f1o, tipo, color y proceso de fabricaci\u00f3n de la tapa. Tap\u00f3n para boca de botella de manguera: Este dise\u00f1o no requiere un tap\u00f3n para la boca de botella de manguera.<\/p>\n<p>\u246a Determinar el m\u00e9todo de envasado<\/p>\n<p>\u246b Determinar el canal de entrega: mar, aire u otro?<\/p>\n<ol>\n<li>Comunicarse para determinar si se necesita el desarrollo del moho.<\/li>\n<\/ol>\n<p>2.Dependiendo de si el perfil de diente de manguera confirmado y el dise\u00f1o de sello de cola requieren el desarrollo adicional de moldes personalizados, la serie de dise\u00f1o de sello de cola en forma de dibujos animados en esta cadena es para el desarrollo de nuevos moldes.<\/p>\n<p>3.De acuerdo con el plan anterior, se proporcionar\u00e1 una cotizaci\u00f3n detallada que incluye: cuota de apertura del molde, cuota de muestra, precio unitario del producto y cuota de transporte.<\/p>\n<p><strong><b>Fase 2: Dise\u00f1o y producci\u00f3n de muestras<\/b><\/strong><\/p>\n<p>Despu\u00e9s de que el seguimiento comercial confirme la intenci\u00f3n de cooperaci\u00f3n, entra en la etapa de convertir los requisitos en objetos f\u00edsicos.<\/p>\n<p>La marca paga el costo del molde que dise\u00f1amos y desarrollamos el molde de acuerdo con el tama\u00f1o confirmado del dise\u00f1o de la tuber\u00eda y la cola este paso generalmente toma 20-30 d\u00edas.<\/p>\n<p>1 Confirmaci\u00f3n del manuscrito del dise\u00f1o<\/p>\n<ol>\n<li>La marca proporciona el manuscrito de dise\u00f1o en AI o PDF, etc. Nuestros ingenieros comprobar\u00e1n si se cumplen el tama\u00f1o, el color, el tama\u00f1o, el proceso, la l\u00ednea de sangrado y otros requisitos del manuscrito de dise\u00f1o, y proporcionar\u00e1n sugerencias y ajustes para la modificaci\u00f3n.<\/li>\n<li>Si no, se proporcionar\u00e1 un conjunto de tubo de muestra y cubierta de muestra para que nuestro dise\u00f1ador haga referencia al dise\u00f1o.<\/li>\n<li>Despu\u00e9s del desarrollo del molde de producci\u00f3n de muestras, organizaremos la producci\u00f3n y haremos muestras lo m\u00e1s cerca posible de la producci\u00f3n de lotes grandes de acuerdo con el manuscrito de dise\u00f1o confirmado para que la marca finalmente confirme todos los detalles.<\/li>\n<\/ol>\n<p>La marca necesita revisar estrictamente la muestra y volver a firmar el libro de muestras despu\u00e9s de la confirmaci\u00f3n. Utilizaremos este documento como est\u00e1ndar de aceptaci\u00f3n para la posterior producci\u00f3n de grandes mercanc\u00edas.<\/p>\n<p><strong><b>Fase 3: Producci\u00f3n en masa (producci\u00f3n y control de calidad)<\/b><\/strong>\u00a0<strong><b>Producci\u00f3n<\/b><\/strong>: Al recibir la orden oficial y el dep\u00f3sito de la marca, adquirimos materias primas e iniciamos la producci\u00f3n en masa. Durante la fabricaci\u00f3n, los inspectores de calidad realizan muestreos aleatorios para garantizar est\u00e1ndares de calidad consistentes en todos los procesos. Inspecci\u00f3n completa: Despu\u00e9s de la finalizaci\u00f3n de la producci\u00f3n, los inspectores realizan controles de calidad completos en los productos terminados y emiten un informe de inspecci\u00f3n de calidad.<\/p>\n<p><strong><b>\u00a0Fase 4: Env\u00edo y Embalaje de entrega:<\/b><\/strong>\u00a0Los productos est\u00e1n envasados seg\u00fan las especificaciones y etiquetados con marcas de env\u00edo. Pago de marca: Al recibir el pago final, organizamos el transporte log\u00edstico de acuerdo con el cronograma de entrega del contrato. Fase 5: Servicio posventa Abordamos los comentarios de los clientes y resolvemos posibles problemas relacionados con el servicio.<\/p>\n<p>&nbsp;<\/p>","protected":false},"excerpt":{"rendered":"<p>Sellos de arco redondo de pl\u00e1stico Hongyi serie Tubo 10-15ml \/ 0.34-0.51f1.0z, la cola se forma mediante prensado en caliente o soldadura por ultrasonidos para formar una superficie de arco de sellado lisa, redondeada, sin arrugas y sin salida.<\/p>\n<p>Aplicaciones recomendadas: Botellas flexibles con tapa redonda para cosm\u00e9ticos, ideales para emulsiones, cremas, limpiadores faciales, cremas para ojos, cremas para manos y cremas para pies. Tubos de silicona de gran capacidad con sellado flexible.<\/p>","protected":false},"featured_media":1942,"comment_status":"closed","ping_status":"closed","template":"","meta":[],"product_brand":[],"product_cat":[30,15],"product_tag":[],"class_list":{"0":"post-1200","1":"product","2":"type-product","3":"status-publish","4":"has-post-thumbnail","6":"product_cat-arc-series","7":"product_cat-artistic-design-plastic-tube","9":"first","10":"instock","11":"shipping-taxable","12":"product-type-simple"},"_links":{"self":[{"href":"https:\/\/www.hongyitube.com\/es\/wp-json\/wp\/v2\/product\/1200","targetHints":{"allow":["GET"]}}],"collection":[{"href":"https:\/\/www.hongyitube.com\/es\/wp-json\/wp\/v2\/product"}],"about":[{"href":"https:\/\/www.hongyitube.com\/es\/wp-json\/wp\/v2\/types\/product"}],"replies":[{"embeddable":true,"href":"https:\/\/www.hongyitube.com\/es\/wp-json\/wp\/v2\/comments?post=1200"}],"wp:featuredmedia":[{"embeddable":true,"href":"https:\/\/www.hongyitube.com\/es\/wp-json\/wp\/v2\/media\/1942"}],"wp:attachment":[{"href":"https:\/\/www.hongyitube.com\/es\/wp-json\/wp\/v2\/media?parent=1200"}],"wp:term":[{"taxonomy":"product_brand","embeddable":true,"href":"https:\/\/www.hongyitube.com\/es\/wp-json\/wp\/v2\/product_brand?post=1200"},{"taxonomy":"product_cat","embeddable":true,"href":"https:\/\/www.hongyitube.com\/es\/wp-json\/wp\/v2\/product_cat?post=1200"},{"taxonomy":"product_tag","embeddable":true,"href":"https:\/\/www.hongyitube.com\/es\/wp-json\/wp\/v2\/product_tag?post=1200"}],"curies":[{"name":"WP","href":"https:\/\/api.w.org\/{rel}","templated":true}]}}