{"id":1199,"date":"2025-07-11T18:21:21","date_gmt":"2025-07-11T10:21:21","guid":{"rendered":"https:\/\/www.hongyitube.com\/?post_type=product&#038;p=1199"},"modified":"2025-09-17T10:39:18","modified_gmt":"2025-09-17T02:39:18","slug":"19mm-pe-pointed-small-mouth-tube-hongyi-plastic","status":"publish","type":"product","link":"https:\/\/www.hongyitube.com\/es\/product\/19mm-pe-pointed-small-mouth-tube-hongyi-plastic\/","title":{"rendered":"19mm PE punteado tubo de boca peque\u00f1a &#8211; pl\u00e1stico Hongyi"},"content":{"rendered":"<h2><strong>Caracter\u00edsticas<\/strong><\/h2>\n<ul>\n<li><b><\/b><strong><b>Dise\u00f1o del cuerpo del tubo<\/b><\/strong>.<\/li>\n<\/ul>\n<p>En esta serie de tubos, hemos impreso un efecto de color gradiente que es tan so\u00f1ador y natural como una aurora boreal. Esto, en s\u00ed mismo, es una obra de arte. Luego, con precisi\u00f3n hasta el mil\u00edmetro, hemos estampado con precisi\u00f3n la l\u00e1mina met\u00e1lica de colores brillantes en el gradiente. La textura de fondo fluida y radiante apoya el logotipo brillante, combinando la suavidad del color con el lujo del metal. Tenerlo en la mano se siente como sostener una pieza de joyer\u00eda exquisita, mejorando perfectamente el estatus noble de su producto. Es particularmente adecuado para su edici\u00f3n limitada anual o producto estrella insignia y es definitivamente un cambio de juego para el mercado.<\/p>\n<p>&nbsp;<\/p>\n<h2><strong>Ventajas del producto<\/strong><\/h2>\n<ol>\n<li><strong><b>Control extremadamente preciso sobre la cantidad utilizada<\/b><\/strong><\/li>\n<\/ol>\n<p>La salida de la boquilla interna de punta puntiaguda es extremadamente peque\u00f1a, lo que permite a los usuarios exprimir el producto en un &#8220; punto&#8221; o &#8220; l\u00ednea&#8221; manera, con precisi\u00f3n hasta el mil\u00edmetro. Esto evita eficazmente el desperdicio, lo que es crucial para productos de esencia caros y de alta concentraci\u00f3n.<\/p>\n<ol start=\"2\">\n<li><strong><b> Altos est\u00e1ndares de saneamiento para prevenir la contaminaci\u00f3n secundaria.<\/b><\/strong><\/li>\n<\/ol>\n<p>El producto fluye a trav\u00e9s de una abertura estrecha y puntiaguda, asegurando que el contenido dentro del tubo no entre en contacto con el aire o el usuario. las manos. Esto reduce significativamente el riesgo de oxidaci\u00f3n, contaminaci\u00f3n y crecimiento bacteriano.<\/p>\n<ol start=\"3\">\n<li><strong><b> Adecuado para materiales altamente fluidos.<\/b><\/strong><\/li>\n<\/ol>\n<p>Dise\u00f1ado espec\u00edficamente para productos con alta fluidez, como esencias, aceites esenciales y soluciones a base de agua, para prevenir eficazmente el desbordamiento accidental o las fugas de la abertura del tubo.<\/p>\n<ol start=\"4\">\n<li><strong><b> Experiencia de usuario de nivel profesional<\/b><\/strong><\/li>\n<\/ol>\n<p>Este dise\u00f1o da un sentido de profesionalismo y tecnolog\u00eda similar a la de un &#8220; farmac\u00e9utico&#8221; o &#8220; laboratorio,&#8221; que implica que el producto&#8217; Los ingredientes son altamente activos y requieren un uso preciso.<\/p>\n<ol start=\"5\">\n<li><strong><b> Aplicaci\u00f3n flexible<\/b><\/strong><\/li>\n<\/ol>\n<p>La boquilla interna de punta puntiaguda puede dise\u00f1arse con diferentes longitudes y di\u00e1metros de punta seg\u00fan sea necesario para acomodar productos de viscosidades variables.<\/p>\n<p>&nbsp;<\/p>\n<h2><strong>Escenarios de aplicaci\u00f3n del producto<\/strong><\/h2>\n<ol>\n<li><b><\/b><strong><b>Esencia local &amp; ampollas de alta concentraci\u00f3n <\/b><\/strong><\/li>\n<\/ol>\n<p>Esencia contra el acn\u00e9, esencia de puntos de acn\u00e9 localizados, esencia de poros nasales, gel de reparaci\u00f3n de cicatrices, ampollas de alta concentraci\u00f3n de vitamina C, aceites esenciales. Estos productos generalmente requieren una aplicaci\u00f3n precisa en el \u00e1rea afectada, y la cantidad utilizada debe controlarse estrictamente. El dise\u00f1o de punta puntiaguda permite dirigirse directamente al \u00e1rea de preocupaci\u00f3n, minimizando el desperdicio de ingredientes caros.<\/p>\n<ol start=\"2\">\n<li><strong><b> Productos para el cuidado de los ojos<\/b><\/strong><\/li>\n<\/ol>\n<p>Producto: Esencia Ocular y Crema Ocular (modelos con buena fluidez). El \u00e1rea de los ojos es delicada y debe tomarse cuidado al aplicar el producto (solo se necesita una cantidad del tama\u00f1o de un grano de arroz por aplicaci\u00f3n). La punta puntiaguda permite una aplicaci\u00f3n directa f\u00e1cil sobre la estructura \u00f3sea alrededor de los ojos, reduciendo el riesgo de contaminaci\u00f3n y tirar causado por el uso de uno&#8217; los dedos.<\/p>\n<ol start=\"2\">\n<li><b><\/b><strong><b>pomada de alta eficacia &amp; productos de cuidado de la piel <\/b><\/strong><\/li>\n<\/ol>\n<p>Productos exfoliantes que contienen tipos de \u00e1cidos (\u00e1cido salic\u00edlico, \u00e1cidos frutales), crema de hidroquinona, ung\u00fcentos de prescripci\u00f3n. Estos productos tienen efectos poderosos y deben ser estrictamente controlados a las \u00e1reas que requieren tratamiento; Nunca debe usarse en la piel sana. El dise\u00f1o de punta puntiaguda garantiza una extremadamente alta precisi\u00f3n y seguridad durante el uso.<\/p>\n<ol start=\"3\">\n<li><b><\/b><strong><b>Pegas y adhesivos \u00a0\u00a0<\/b><\/strong><\/li>\n<\/ol>\n<p>Aunque no se trata de un producto cosm\u00e9tico, el mismo principio se aplica a campos industriales como el pegamento modelo que requiere un control preciso de la cantidad utilizada, y los adhesivos utilizados en electr\u00f3nica.<\/p>","protected":false},"excerpt":{"rendered":"<p>Hongyi pl\u00e1stico punteado boca peque\u00f1a serie tubo 10-15ml \/ 0.34-0.51f1.0z, nuestro tubo suave utiliza una combinaci\u00f3n de envasado muy cl\u00e1sica y orientada a la funci\u00f3n: el &#8220; peque\u00f1o diente tubo suave&#8221; emparejado con el &#8220; tapa interna de punta afilada&#8221; dise\u00f1o. La apariencia general es peque\u00f1a y exquisita, con una peque\u00f1a cantidad de producto exprimida a la vez, lo que lo hace f\u00e1cil de controlar. Luego, emparejado con un componente de pl\u00e1stico insertado en el tubo blando&#8217; s apertura, que llamamos la tapa interna, la parte superior de la cual presenta una punta c\u00f3nica delgada. Cuando se usa, el usuario simplemente abre la tapa del tubo, aprete el cuerpo del tubo y el producto se extruye desde la punta. La punta es como un cepillo preciso, lo que permite al usuario aplicar el producto directamente a \u00e1reas espec\u00edficas que necesitan cuidado, como un pimiento, una mancha o alrededor de los ojos. La cantidad utilizada est\u00e1 perfectamente controlada, asegurando que no se produzcan residuos.<\/p>\n<p><strong><b>Aplicaciones recomendadas:<\/b><\/strong>Esencia de punto de aclaramiento localizada, suero de esencia ocular, ung\u00fcento de resistencia a la receta, pegamento modelo con control preciso sobre la cantidad utilizada.<\/p>","protected":false},"featured_media":2513,"comment_status":"closed","ping_status":"closed","template":"","meta":[],"product_brand":[],"product_cat":[15,32],"product_tag":[],"class_list":{"0":"post-1199","1":"product","2":"type-product","3":"status-publish","4":"has-post-thumbnail","6":"product_cat-artistic-design-plastic-tube","7":"product_cat-pointed-mouth-series","9":"first","10":"instock","11":"shipping-taxable","12":"product-type-simple"},"_links":{"self":[{"href":"https:\/\/www.hongyitube.com\/es\/wp-json\/wp\/v2\/product\/1199","targetHints":{"allow":["GET"]}}],"collection":[{"href":"https:\/\/www.hongyitube.com\/es\/wp-json\/wp\/v2\/product"}],"about":[{"href":"https:\/\/www.hongyitube.com\/es\/wp-json\/wp\/v2\/types\/product"}],"replies":[{"embeddable":true,"href":"https:\/\/www.hongyitube.com\/es\/wp-json\/wp\/v2\/comments?post=1199"}],"wp:featuredmedia":[{"embeddable":true,"href":"https:\/\/www.hongyitube.com\/es\/wp-json\/wp\/v2\/media\/2513"}],"wp:attachment":[{"href":"https:\/\/www.hongyitube.com\/es\/wp-json\/wp\/v2\/media?parent=1199"}],"wp:term":[{"taxonomy":"product_brand","embeddable":true,"href":"https:\/\/www.hongyitube.com\/es\/wp-json\/wp\/v2\/product_brand?post=1199"},{"taxonomy":"product_cat","embeddable":true,"href":"https:\/\/www.hongyitube.com\/es\/wp-json\/wp\/v2\/product_cat?post=1199"},{"taxonomy":"product_tag","embeddable":true,"href":"https:\/\/www.hongyitube.com\/es\/wp-json\/wp\/v2\/product_tag?post=1199"}],"curies":[{"name":"WP","href":"https:\/\/api.w.org\/{rel}","templated":true}]}}