{"id":1194,"date":"2025-07-11T18:20:45","date_gmt":"2025-07-11T10:20:45","guid":{"rendered":"https:\/\/www.hongyitube.com\/?post_type=product&#038;p=1194"},"modified":"2026-01-13T13:42:49","modified_gmt":"2026-01-13T05:42:49","slug":"19-water-drop-head-design-plastic-tube-pe-plastic-tube-bottle-packaging-material-sub-bottle","status":"publish","type":"product","link":"https:\/\/www.hongyitube.com\/es\/product\/19-water-drop-head-design-plastic-tube-pe-plastic-tube-bottle-packaging-material-sub-bottle\/","title":{"rendered":"19 tubo de pl\u00e1stico de dise\u00f1o de cabeza de gota de agua, botella de pl\u00e1stico de tubo de PE material de envasado sub-botella"},"content":{"rendered":"<p>Pl\u00e1stico Hongyi de 16 calibres, boquilla interna de estilo punta todo en uno \/ cuerpo separado, material PE, tubo-2, capacidad de llenado 3g \/ 3ml -15g \/ 15ml 0.10 -0.51fl.oz<\/p>\n<p>Utilizando polipropileno (PP) o pl\u00e1stico PETG de alta transparencia, el material es cristalino, inodoro, qu\u00edmicamente estable y tiene buena compatibilidad con el contenido, lo que hace que sea f\u00e1cil ver el producto. textura y cantidad restante de un vistazo.<\/p>\n<ul>\n<li>Nesai: Capucha interna de la cabeza de gota de silicona de grado alimenticio \/ m\u00e9dico, suave y el\u00e1stico, excelente rendimiento de sellado.<\/li>\n<li>Cap: Cap de acr\u00edlico hecho a medida, con una sensaci\u00f3n sustancial, color rico, excelente transmisi\u00f3n de luz y una apariencia de gama alta.<\/li>\n<\/ul>\n<p><strong><b>Aplicaciones recomendadas<\/b><\/strong><strong><b>\u00a0: <\/b><\/strong><\/p>\n<p><strong><b>\u00a0<\/b><\/strong>Este tubo blando transparente, que combina atractivo est\u00e9tico y practicidad, es una excelente opci\u00f3n para las siguientes aplicaciones:<\/p>\n<p>&nbsp;<\/p>\n<ul>\n<li><strong><b> Cuidado de la piel de alta gama<\/b><\/strong>Aceite esencial, aceite de belleza, gel esencial, crema para ojos, imprimante de maquillaje.<\/li>\n<li>Fragrancias personales: bastones perfumados s\u00f3lidos, b\u00e1lsamos de aceites esenciales y cremas de fragancia corporal.<\/li>\n<li><strong><b> Aromaterapia con aceites esenciales: <\/b><\/strong>Aceite de masaje compuesto, pasta de infusi\u00f3n arom\u00e1tica, crema calmante.<\/li>\n<li><strong><b> Maquillaje de gama alta:<\/b><\/strong>Crema Destacador, Crema Gloss labial, Crema base de pre-maquillaje.<\/li>\n<\/ul>\n<h3>1. <strong><b>Atributos del producto\u00a0<\/b><\/strong><\/h3>\n<p><strong><b>\u00a0Transparente y claro, con contenido visible<\/b><\/strong><\/p>\n<ul>\n<li><strong><b> Cuerpo de tubo altamente transparente<\/b><\/strong><b><\/b><\/li>\n<\/ul>\n<p>muestra perfectamente el verdadero color, textura y volumen de los contenidos, proporcionando a los consumidores la seguridad y frescura de &#8220; Lo que ven es lo que consiguen, &#8221; estimulando as\u00ed su deseo de comprar.<\/p>\n<ul>\n<li>Sellado seguro: El extremo de la cola est\u00e1 sellado por presi\u00f3n t\u00e9rmica para garantizar una estanqueidad absoluta durante el transporte y el almacenamiento, proporcionando tranquilidad con respecto a la seguridad.<\/li>\n<\/ul>\n<p>Est\u00e9tica elegante y lujosa, deslumbrante y radiante:<\/p>\n<ul>\n<li><strong><b> Lujosa combinaci\u00f3n de colores<\/b><\/strong><b><\/b><\/li>\n<\/ul>\n<p>El dise\u00f1o del cuerpo del tubo presenta el cl\u00e1sico y lujoso esquema de colores de rojo y oro o p\u00farpura y oro, que llama la atenci\u00f3n significativa y exuda un sentido de nobleza y misterio.<\/p>\n<ul>\n<li>Proceso de estampado tridimensional en oro: Los patrones y elementos de la marca est\u00e1n estampados en oro, creando un efecto sorprendente y texturizado en el tubo transparente, con una apariencia radiante y llamativa que exuda tanto impacto visual como una sensaci\u00f3n de lujo.<\/li>\n<li>Texto de serigraf\u00eda: La informaci\u00f3n del producto se imprime utilizando tecnolog\u00eda de serigraf\u00eda, lo que garantiza claridad y durabilidad. Complementa armoniosamente el dise\u00f1o en relieve de oro, garantizando una comunicaci\u00f3n efectiva de la marca&#8217; s informaci\u00f3n.<\/li>\n<li><b> <\/b><strong><b>Artesan\u00eda de precisi\u00f3n, experiencia mejorada<\/b><\/strong><\/li>\n<li>Dise\u00f1o de dientes de gran tama\u00f1o: Los dientes roscados en la abertura del tubo son m\u00e1s grandes, lo que permite una rotaci\u00f3n r\u00e1pida, suave y sin esfuerzo de la tapa, mejorando tanto la comodidad como la satisfacci\u00f3n del usuario.<\/li>\n<li>Tap\u00f3n interior de la punta de las gotas de agua: El tap\u00f3n interior tiene un dise\u00f1o \u00fanico de la punta de las gotas de agua. No solo garantiza un excelente rendimiento de sellado, sino que tambi\u00e9n permite un control preciso y una experiencia de aplicaci\u00f3n suave, lo que lo hace especialmente adecuado para productos a base de aceite o crema.<\/li>\n<li>Tapa con textura de acr\u00edlico: Viene con una tapa de acr\u00edlico del mismo color. El material es sustancial y se siente caliente al tacto. El color es transparente y el dise\u00f1o se integra perfectamente con el cuerpo del tubo, mejorando significativamente la apariencia general y el peso del envase.<\/li>\n<\/ul>","protected":false},"excerpt":{"rendered":"<p><b><\/b><strong><b>Dise\u00f1o del cuerpo del tubo<\/b><\/strong>.<\/p>\n<ul>\n<li>Enfoque visual: El cuerpo del tubo transparente sirve como un &#8220; lienzo,&#8221; con estampado de hoja de oro que sirve como el punto focal del dise\u00f1o absoluto. A trav\u00e9s de un dise\u00f1o de patr\u00f3n exquisito, se crea un arte visual magn\u00edfico y exquisito sobre un fondo transparente.<\/li>\n<li>Psicolog\u00eda del color:<\/li>\n<li>Oro Rojo: Esta combinaci\u00f3n transmite entusiasmo, confianza, energ\u00eda, lujo y clasicismo, lo que lo hace perfecto para productos de premaquillaje y esencia de alta gama.<\/li>\n<li>Oro p\u00farpura: Transmite misterio, nobleza, sabidur\u00eda, elegancia y espiritualidad, lo que lo hace perfecto para aceites esenciales, b\u00e1lsamos perfumados y productos de reparaci\u00f3n antienvejecimiento.<\/li>\n<li>Dise\u00f1o estructural: El di\u00e1metro del tubo de 19 mm es el tama\u00f1o ideal para mostrar contenidos transparentes, logrando un equilibrio entre no ser demasiado peque\u00f1o y poder mostrar claramente la textura. La gran abertura y la gruesa cubierta acr\u00edlica garantizan tanto la funcionalidad como el atractivo est\u00e9tico.<\/li>\n<li><strong>Ventajas del producto:<\/strong><\/li>\n<li><strong><b> Fuerte atractivo de estante<\/b><\/strong><b><\/b><\/li>\n<\/ul>\n<p>La combinaci\u00f3n de im\u00e1genes transparentes e impresi\u00f3n en color dorado es altamente eficaz en el estante, capaz de capturar a los consumidores&#8217; atenci\u00f3n instant\u00e1nea y fomentar las compras impulsivas.<\/p>\n<ul>\n<li><strong><b> Establecer una imagen de marca de gama alta<\/b><\/strong><b><\/b><\/li>\n<\/ul>\n<p>Las cubiertas de acr\u00edlico y las t\u00e9cnicas de estampado en oro son ampliamente reconocidas por mejorar la sofisticaci\u00f3n del envasado, transmitiendo efectivamente el alto valor y la calidad superior del producto, apoyando as\u00ed su precio premium.<\/p>\n<ul>\n<li><strong><b>&#8220; Visualizaci\u00f3n de contenido&#8221; Marketing basado en la confianza<\/b><\/strong><b><\/b><\/li>\n<\/ul>\n<p>La voluntad de mostrar los contenidos es una demostraci\u00f3n de confianza en el producto&#8217; calidad. Este enfoque puede establecer r\u00e1pidamente la confianza con los consumidores y reducir la duda en la toma de decisiones.<\/p>\n<ul>\n<li><strong><b> Experiencia de usuario optimizada hasta el extremo<\/b><\/strong><b><\/b><\/li>\n<\/ul>\n<p>Los dientes grandes y f\u00e1ciles de usar para atornillar y desenroscar, la cabeza precisa en forma de gota para la aplicaci\u00f3n, la sensaci\u00f3n suave de terciopelo de la cubierta de acr\u00edlico, todos los detalles han sido cuidadosamente elaborados para garantizar una experiencia de usuario deliciosa.<\/p>\n<ul>\n<li><strong><b> Aplicaci\u00f3n vers\u00e1til<\/b><\/strong><b><\/b><\/li>\n<\/ul>\n<p>Este envase es perfecto para una amplia gama de usos, desde productos para el cuidado de la piel hasta fragancias, tanto para uso diario como como regalo, mostrando as\u00ed al donante&#8217; El sabor refinado.<\/p>\n<p><b><\/b><strong>Escenarios de aplicaci\u00f3n para el producto:<\/strong><\/p>\n<ul>\n<li><strong><b> Producto estrella de marca: <\/b><\/strong><b><\/b><\/li>\n<\/ul>\n<p>El embalaje de un &#8220; art\u00edculo estrella&#8221;  or &#8220; Ace esencia&#8221; que se destaca como el producto principal puede servir como emblema de marca debido a su apariencia atractiva.<\/p>\n<ul>\n<li><strong><b> Cajas de regalo de edici\u00f3n limitada de vacaciones (Navidad, A\u00f1o Nuevo, D\u00eda de San Valent\u00edn):<\/b><\/strong>La combinaci\u00f3n de colores rojo y oro \/ p\u00farpura es inherentemente festiva y regalo, lo que lo convierte en una herramienta eficaz para crear cajas de regalo populares.<\/li>\n<li>Marca de sal\u00f3n y teatro: Una marca de cuidado de la piel y aceites esenciales de gama alta dirigida a canales profesionales debe transmitir profesionalismo y eficacia a trav\u00e9s de su embalaje.<\/li>\n<li><strong><b> Dise\u00f1adores y marcas de nicho: <\/b><\/strong><b><\/b><\/li>\n<\/ul>\n<p>Dise\u00f1adores que se esfuerzan por una est\u00e9tica \u00fanica y esperan transmitir su historia de marca a trav\u00e9s del embalaje.<\/p>\n<ul>\n<li><strong><b> Cuidado personal de alta gama y fragancias:<\/b><\/strong><b><\/b><\/li>\n<\/ul>\n<p><strong><b>\u00a0<\/b><\/strong>Se utiliza para empaquetar perfumes s\u00f3lidos, potpourri, pasta de dientes de alta gama y otros art\u00edculos para mejorar el sentido de ceremonia en las rutinas de cuidado diario.<\/p>","protected":false},"featured_media":1961,"comment_status":"closed","ping_status":"closed","template":"","meta":[],"product_brand":[],"product_cat":[41,28],"product_tag":[],"class_list":{"0":"post-1194","1":"product","2":"type-product","3":"status-publish","4":"has-post-thumbnail","6":"product_cat-acrylic-water-drop-cover","7":"product_cat-functional-plastic-tube","9":"first","10":"instock","11":"shipping-taxable","12":"purchasable","13":"product-type-simple"},"_links":{"self":[{"href":"https:\/\/www.hongyitube.com\/es\/wp-json\/wp\/v2\/product\/1194","targetHints":{"allow":["GET"]}}],"collection":[{"href":"https:\/\/www.hongyitube.com\/es\/wp-json\/wp\/v2\/product"}],"about":[{"href":"https:\/\/www.hongyitube.com\/es\/wp-json\/wp\/v2\/types\/product"}],"replies":[{"embeddable":true,"href":"https:\/\/www.hongyitube.com\/es\/wp-json\/wp\/v2\/comments?post=1194"}],"wp:featuredmedia":[{"embeddable":true,"href":"https:\/\/www.hongyitube.com\/es\/wp-json\/wp\/v2\/media\/1961"}],"wp:attachment":[{"href":"https:\/\/www.hongyitube.com\/es\/wp-json\/wp\/v2\/media?parent=1194"}],"wp:term":[{"taxonomy":"product_brand","embeddable":true,"href":"https:\/\/www.hongyitube.com\/es\/wp-json\/wp\/v2\/product_brand?post=1194"},{"taxonomy":"product_cat","embeddable":true,"href":"https:\/\/www.hongyitube.com\/es\/wp-json\/wp\/v2\/product_cat?post=1194"},{"taxonomy":"product_tag","embeddable":true,"href":"https:\/\/www.hongyitube.com\/es\/wp-json\/wp\/v2\/product_tag?post=1194"}],"curies":[{"name":"WP","href":"https:\/\/api.w.org\/{rel}","templated":true}]}}